{"id":10414,"date":"2020-02-21T14:45:16","date_gmt":"2020-02-21T19:45:16","guid":{"rendered":"http:\/\/zurapps.com\/all\/?page_id=10414"},"modified":"2021-03-11T15:16:34","modified_gmt":"2021-03-11T20:16:34","slug":"conditions-dutilisation-mathpad","status":"publish","type":"page","link":"https:\/\/zurapps.com\/all\/?page_id=10414","title":{"rendered":"MathPad Souscription PREMIUM"},"content":{"rendered":"<div  class='flex_column av-av_one_full-2a9015ff38129c418a3f2eafba3e9512 av_one_full  avia-builder-el-0  avia-builder-el-no-sibling  first flex_column_div  '     ><section  class='av_textblock_section av-av_textblock-0366cc7376be6c9e82a3e9cc8987b64f '   itemscope=\"itemscope\" itemtype=\"https:\/\/schema.org\/CreativeWork\" ><div class='avia_textblock'  itemprop=\"text\" ><p><b>MathPad Souscription PREMIUM<br \/>\n<\/b><span style=\"color: #000000;\"><strong>CONDITIONS D\u2019UTILISATION<br \/>\n<\/strong><\/span>\u2022 Rendez la collaboration et l&#8217;utilisation multiplateforme faciles et polyvalentes<br \/>\n\u2022 Activez l&#8217;impression et le partage de documents MathPad en plusieurs formats de fichiers<br \/>\n\u2022 D\u00e9verrouille les droits d\u2019archivage \u00e0 la <span style=\"color: #000000;\"><strong>Vo\u00fbte ZurApps <\/strong>a<\/span>fin d\u2019exporter et d\u2019importer des documents en utilisant une cl\u00e9 priv\u00e9e<\/p>\n<p>Trois options d\u2019abonnement sont disponibles:<br \/>\n\u2022 1 mois au prix de $4.99(USD) \/ 4,99\u20ac (EUR)<br \/>\n\u2022 3 mois au prix de $9.99(USD) \/ 9,99\u20ac (EUR) (\u00e9conomiser 33%)<br \/>\n\u2022 1 an au prix de $29.99(USD) \/ 29,99\u20ac (EUR) (\u00e9conomiser 50%)<\/p>\n<p>L\u2019abonnement sera automatiquement d\u00e9bit\u00e9 \u00e0 la fin de la p\u00e9riode d\u2019essai, et par la suite \u00e0 la fin de chaque p\u00e9riode, sauf si que le renouvellement automatique est d\u00e9sactiv\u00e9 plus de 24 heures avant la fin de la p\u00e9riode active.<\/p>\n<p>Ce n\u2019est pas possible d\u2019annuler une souscription en cours. Vous pouvez g\u00e9rer votre souscription dans les Param\u00e8tres de votre compte iTunes apr\u00e8s l\u2019achat.<\/p>\n<p>Consultation, modification ou annulation de vos abonnements:\u00a0<a href=\"https:\/\/support.apple.com\/fr-fr\/ht202039\">https:\/\/support.apple.com\/fr-fr\/ht202039<\/a><\/p>\n<p><strong>La Vo\u00fbte ZurApps<\/strong><br \/>\n\u2022 Fournit l\u2019archivage priv\u00e9<br \/>\n\u2022 Exporter des documents en utilisant une cl\u00e9 priv\u00e9e<br \/>\n\u2022 Est h\u00e9berg\u00e9 par ZurApps Research<\/p>\n<p><strong>La Biblioth\u00e8que ZurApps<\/strong><br \/>\n\u2022 Contient des documents cr\u00e9\u00e9s par ZurApps Research ainsi que des documents soumis par les utilisateurs, contr\u00f4l\u00e9s et approuv\u00e9s par ZurApps Research<br \/>\n\u2022 Est continuellement mis \u00e0 jour avec de nouveaux documents et est h\u00e9berg\u00e9 par ZurApps Research<\/p>\n<p><strong>ESSAYER AVANT D\u2019ACHETER!<\/strong><\/p>\n<p>La <strong>VERSION GRATUITE<\/strong>\u00a0permet aux utilisateurs de:<br \/>\n\u2022 Modifier un document d&#8217;une pageCr\u00e9er des documents d\u2019une page<br \/>\n\u2022 Ouvrir et modifier documents partag\u00e9s par un autre utilisateur<br \/>\n\u2022 Ouvrir et modifier documents cr\u00e9\u00e9s au cours d\u2019une p\u00e9riode de souscription actifs<br \/>\n\u2022 Importer depuis iCloud<br \/>\n\u2022 Importer des documents depuis la Vo\u00fbte ZurApps en utilisant une cl\u00e9 priv\u00e9e<br \/>\n\u2022 Utilisez toutes les fonctionnalit\u00e9s de l\u2019application, \u00e0 l\u2019exception des fonctions dans le menu <span style=\"color: #000000;\"><strong>Partager<\/strong><\/span><\/p>\n<p><span style=\"color: #000000;\"><strong>En utilisant cette application, vous acceptez ces conditions d\u2019utilisation.<\/strong><\/span><\/p>\n<p><strong>Politique de confidentialit\u00e9<\/strong><br \/>\n\u2022 ZurApps Research pourrait utiliser les donn\u00e9es recueillies aupr\u00e8s des utilisateurs qui choisissent de partager leurs renseignements personnels comme leur nom, e-mail, et \/ ou le code postal pour la communication au sujet des annonces de produits ou des offres sp\u00e9ciales. Vous puvez refuser des communications futher de ce genre en cliquant sur un lien fourni dans toues ces communications.<br \/>\n\u2022 Les donn\u00e9es utilisateur ne seront jamais partag\u00e9es avec des tiers pour des fins de commercialisation.<\/p>\n<\/div><\/section><\/div>\n","protected":false},"excerpt":{"rendered":"","protected":false},"author":4,"featured_media":0,"parent":7856,"menu_order":0,"comment_status":"closed","ping_status":"closed","template":"","meta":{"_monsterinsights_skip_tracking":false,"_monsterinsights_sitenote_active":false,"_monsterinsights_sitenote_note":"","_monsterinsights_sitenote_category":0,"footnotes":""},"_links":{"self":[{"href":"https:\/\/zurapps.com\/all\/index.php?rest_route=\/wp\/v2\/pages\/10414"}],"collection":[{"href":"https:\/\/zurapps.com\/all\/index.php?rest_route=\/wp\/v2\/pages"}],"about":[{"href":"https:\/\/zurapps.com\/all\/index.php?rest_route=\/wp\/v2\/types\/page"}],"author":[{"embeddable":true,"href":"https:\/\/zurapps.com\/all\/index.php?rest_route=\/wp\/v2\/users\/4"}],"replies":[{"embeddable":true,"href":"https:\/\/zurapps.com\/all\/index.php?rest_route=%2Fwp%2Fv2%2Fcomments&post=10414"}],"version-history":[{"count":6,"href":"https:\/\/zurapps.com\/all\/index.php?rest_route=\/wp\/v2\/pages\/10414\/revisions"}],"predecessor-version":[{"id":10557,"href":"https:\/\/zurapps.com\/all\/index.php?rest_route=\/wp\/v2\/pages\/10414\/revisions\/10557"}],"up":[{"embeddable":true,"href":"https:\/\/zurapps.com\/all\/index.php?rest_route=\/wp\/v2\/pages\/7856"}],"wp:attachment":[{"href":"https:\/\/zurapps.com\/all\/index.php?rest_route=%2Fwp%2Fv2%2Fmedia&parent=10414"}],"curies":[{"name":"wp","href":"https:\/\/api.w.org\/{rel}","templated":true}]}}