{"id":10546,"date":"2021-03-10T16:17:00","date_gmt":"2021-03-10T21:17:00","guid":{"rendered":"http:\/\/zurapps.com\/all\/?page_id=10546"},"modified":"2021-03-11T15:13:05","modified_gmt":"2021-03-11T20:13:05","slug":"terminos-de-uso-bubble-danger","status":"publish","type":"page","link":"https:\/\/zurapps.com\/all\/?page_id=10546","title":{"rendered":"T\u00e9rminos de uso &#8211; Bubble Danger"},"content":{"rendered":"<p><strong>BUBBLE DANGER<br \/>\nT\u00c9RMINOS DE USO<\/strong><\/p>\n<p>A\u00fan m\u00e1s el entusiasmo se puede a\u00f1adir con el complemento opcional <strong>Suscripci\u00f3n PREMIUM<\/strong> que:<br \/>\n\u2022\u00a0Desbloquea nuevos modos de juego &#8211; el Modo Defensivo en el que necesitas proteger el Orbe LiFE y el Modo Rel\u00e1mpagos donde debes evitar los rayos r\u00e1pidos<br \/>\n\u2022\u00a0Permite mayores niveles de dificultad que incluyen nuevas burbujas, diferentes Power-Ups y m\u00e1s burbujas de recompensa<br \/>\n\u2022\u00a0Activa la posibilidad de compartir un juego, lo que le permite desafiar a sus amigos a jugar el mismo<\/p>\n<p>La suscripci\u00f3n mensual, a un precio de $1.99(USD) \/ 1,99\u20ac (EUR), se cargar\u00e1 autom\u00e1ticamente al final del per\u00edodo de prueba, y despu\u00e9s, al final de cada per\u00edodo, a menos que la renovaci\u00f3n autom\u00e1tica estar\u00e1 desactivada a las menos 24 horas antes del final del activo per\u00edodo.<\/p>\n<p>No es posible detener un periodo activo para la suscripci\u00f3n. Puede gestionar su suscripci\u00f3n en la configuraci\u00f3n de su cuenta de iTunes despu\u00e9s de la compra. Ver, cambiar o cancelar sus suscripciones: <a href=\"https:\/\/support.apple.com\">https:\/\/support.apple.com<\/a><\/p>\n<p><strong>Al utilizar esta aplicaci\u00f3n, acepta estos t\u00e9rminos de uso.<\/strong><\/p>\n<p><strong>POLITICA DE PRIVACIDAD<\/strong><br \/>\n\u2022 ZurApps Research podria usar los datos recogidos de los usuarios que optan por compartir su informaci\u00f3n personal como su nombre, correo electr\u00f3nico y\/ o el c\u00f3gido postal de comunicai\u00f3n con respecto a los anuncios de productos y ofertas especiales. Usted puede optar por no futher comunicaciones de ese tipo haciendo clic en un enlace que aparece en todas las comunicaciones.<br \/>\n\u2022 Los datos del usuario ne ser\u00e1n compartidos con terceros para sus con fines de comercializaci\u00f3n.<\/p>\n","protected":false},"excerpt":{"rendered":"<p>BUBBLE DANGER T\u00c9RMINOS DE USO A\u00fan m\u00e1s el entusiasmo se puede a\u00f1adir con el complemento opcional Suscripci\u00f3n PREMIUM que: \u2022\u00a0Desbloquea nuevos modos de juego &#8211; el Modo Defensivo en el que necesitas proteger el Orbe LiFE y el Modo Rel\u00e1mpagos donde debes evitar los rayos r\u00e1pidos \u2022\u00a0Permite mayores niveles de dificultad que incluyen nuevas burbujas, [&hellip;]<\/p>\n","protected":false},"author":4,"featured_media":0,"parent":2199,"menu_order":0,"comment_status":"closed","ping_status":"closed","template":"","meta":{"_monsterinsights_skip_tracking":false,"_monsterinsights_sitenote_active":false,"_monsterinsights_sitenote_note":"","_monsterinsights_sitenote_category":0,"footnotes":""},"_links":{"self":[{"href":"https:\/\/zurapps.com\/all\/index.php?rest_route=\/wp\/v2\/pages\/10546"}],"collection":[{"href":"https:\/\/zurapps.com\/all\/index.php?rest_route=\/wp\/v2\/pages"}],"about":[{"href":"https:\/\/zurapps.com\/all\/index.php?rest_route=\/wp\/v2\/types\/page"}],"author":[{"embeddable":true,"href":"https:\/\/zurapps.com\/all\/index.php?rest_route=\/wp\/v2\/users\/4"}],"replies":[{"embeddable":true,"href":"https:\/\/zurapps.com\/all\/index.php?rest_route=%2Fwp%2Fv2%2Fcomments&post=10546"}],"version-history":[{"count":4,"href":"https:\/\/zurapps.com\/all\/index.php?rest_route=\/wp\/v2\/pages\/10546\/revisions"}],"predecessor-version":[{"id":10555,"href":"https:\/\/zurapps.com\/all\/index.php?rest_route=\/wp\/v2\/pages\/10546\/revisions\/10555"}],"up":[{"embeddable":true,"href":"https:\/\/zurapps.com\/all\/index.php?rest_route=\/wp\/v2\/pages\/2199"}],"wp:attachment":[{"href":"https:\/\/zurapps.com\/all\/index.php?rest_route=%2Fwp%2Fv2%2Fmedia&parent=10546"}],"curies":[{"name":"wp","href":"https:\/\/api.w.org\/{rel}","templated":true}]}}