{"id":2182,"date":"2013-06-18T20:23:30","date_gmt":"2013-06-07T16:36:17","guid":{"rendered":"http:\/\/zurapps.com\/all\/?page_id=2182"},"modified":"2021-06-07T12:03:39","modified_gmt":"2021-06-07T16:03:39","slug":"educativo","status":"publish","type":"page","link":"https:\/\/zurapps.com\/all\/?page_id=2182","title":{"rendered":"Aplicaciones Educativas"},"content":{"rendered":"<div id='layer_slider_1'  class='avia-layerslider main_color avia-shadow  avia-builder-el-0  el_before_av_one_third  avia-builder-el-first  container_wrap sidebar_right'  style='height: 251px;'  ><\/div><div id='after_layer_slider_1'  class='main_color av_default_container_wrap container_wrap sidebar_right'  ><div class='container av-section-cont-open' ><div class='template-page content  av-content-small alpha units'><div class='post-entry post-entry-type-page post-entry-2182'><div class='entry-content-wrapper clearfix'>\n<div  class='flex_column av-av_one_third-2a9015ff38129c418a3f2eafba3e9512 av_one_third  avia-builder-el-1  el_after_av_layerslider  el_before_av_two_third  avia-builder-el-first  first flex_column_div  '     ><style type=\"text\/css\" data-created_by=\"avia_inline_auto\" id=\"style-css-av-av_image-56a1889fbd97eadea7ad31b1a088b4a8\">\n.avia-image-container.av-av_image-56a1889fbd97eadea7ad31b1a088b4a8 img.avia_image{\nbox-shadow:none;\n}\n.avia-image-container.av-av_image-56a1889fbd97eadea7ad31b1a088b4a8 .av-image-caption-overlay-center{\ncolor:#ffffff;\n}\n<\/style>\n<div  class='avia-image-container av-av_image-56a1889fbd97eadea7ad31b1a088b4a8 av-styling- av-img-linked avia-align-center  avia-builder-el-2  avia-builder-el-no-sibling '   itemprop=\"image\" itemscope=\"itemscope\" itemtype=\"https:\/\/schema.org\/ImageObject\" ><div class=\"avia-image-container-inner\"><div class=\"avia-image-overlay-wrap\"><a href=\"https:\/\/apps.apple.com\/es\/app\/fizz\/id445681535\" class='avia_image '  aria-label='Fizz'><img decoding=\"async\" fetchpriority=\"high\" class='wp-image-5466 avia-img-lazy-loading-not-5466 avia_image ' src=\"https:\/\/zurapps.com\/all\/wp-content\/uploads\/2013\/06\/Fizz-300x300.png\" alt='' title='Fizz'  height=\"300\" width=\"300\"  itemprop=\"thumbnailUrl\" srcset=\"https:\/\/zurapps.com\/all\/wp-content\/uploads\/2013\/06\/Fizz-300x300.png 300w, https:\/\/zurapps.com\/all\/wp-content\/uploads\/2013\/06\/Fizz-80x80.png 80w, https:\/\/zurapps.com\/all\/wp-content\/uploads\/2013\/06\/Fizz-36x36.png 36w, https:\/\/zurapps.com\/all\/wp-content\/uploads\/2013\/06\/Fizz-180x180.png 180w, https:\/\/zurapps.com\/all\/wp-content\/uploads\/2013\/06\/Fizz-120x120.png 120w, https:\/\/zurapps.com\/all\/wp-content\/uploads\/2013\/06\/Fizz-450x450.png 450w, https:\/\/zurapps.com\/all\/wp-content\/uploads\/2013\/06\/Fizz.png 1024w\" sizes=\"(max-width: 300px) 100vw, 300px\" \/><\/a><\/div><\/div><\/div><\/div><div  class='flex_column av-av_two_third-52c89597409f646e66e7cc675a5d9b4a av_two_third  avia-builder-el-3  el_after_av_one_third  el_before_av_hr  flex_column_div  '     ><section  class='av_textblock_section av-av_textblock-0366cc7376be6c9e82a3e9cc8987b64f '   itemscope=\"itemscope\" itemtype=\"https:\/\/schema.org\/CreativeWork\" ><div class='avia_textblock'  itemprop=\"text\" ><h3 style=\"text-align: center;\">Educational App Spotlight:<b>\u00a0<span style=\"color: #ff6600;\">Fizz<\/span><\/b><\/h3>\n<p style=\"font-family: Arial, Helvetica, sans-serif; font-size: 17px; text-align: center;\">Fizz es un divertido juego de hacer estallar burbujas que ayuda a los ni\u00f1os a desarrollar su destreza y ampliar su comprensi\u00f3n del concepto de causa y efecto.<\/p>\n<p style=\"font-family: Arial, Helvetica, sans-serif; font-size: 21px; text-align: center;\">\u00a1Desc\u00e1rgalo desde la <a href=\"https:\/\/apps.apple.com\/es\/app\/match-read\/id1121341300\">App Store<\/a>!<\/p>\n<p style=\"font-family: Arial, Helvetica, sans-serif; font-size: 16px; text-align: center;\"><strong>#FreeAppFriday<\/strong> &#8211; Descarga GRATUITA el <strong>2 de julio de 2021<\/strong>.<\/p>\n<\/div><\/section><\/div><div  class='hr av-av_hr-45f931f05f5898fdc250bd31b51b694c hr-default  avia-builder-el-5  el_after_av_two_third  el_before_av_one_half '><span class='hr-inner '><span class=\"hr-inner-style\"><\/span><\/span><\/div><\/p>\n<div  class='flex_column av-av_one_half-2a9015ff38129c418a3f2eafba3e9512 av_one_half  avia-builder-el-6  el_after_av_hr  el_before_av_one_half  first flex_column_div  '     ><p>\n<style type=\"text\/css\" data-created_by=\"avia_inline_auto\" id=\"style-css-av-av_image-e9d5153676c57d4db9fa7af3e341989f\">\n.avia-image-container.av-av_image-e9d5153676c57d4db9fa7af3e341989f img.avia_image{\nbox-shadow:none;\n}\n.avia-image-container.av-av_image-e9d5153676c57d4db9fa7af3e341989f .av-image-caption-overlay-center{\ncolor:#ffffff;\n}\n<\/style>\n<div  class='avia-image-container av-av_image-e9d5153676c57d4db9fa7af3e341989f av-styling- av-img-linked avia-align-center  avia-builder-el-7  el_before_av_textblock  avia-builder-el-first '   itemprop=\"image\" itemscope=\"itemscope\" itemtype=\"https:\/\/schema.org\/ImageObject\" ><div class=\"avia-image-container-inner\"><div class=\"avia-image-overlay-wrap\"><a href=\"https:\/\/zurapps.com\/all\/index.php\/educativo\/emparejar-leer\/\" class='avia_image '  aria-label='Match + Read icon'><img decoding=\"async\" fetchpriority=\"high\" class='wp-image-10639 avia-img-lazy-loading-not-10639 avia_image ' src=\"https:\/\/zurapps.com\/all\/wp-content\/uploads\/2021\/05\/Untitled-design-4-2-300x300.png\" alt='Match + Read' title='Match + Read icon'  height=\"300\" width=\"300\"  itemprop=\"thumbnailUrl\" srcset=\"https:\/\/zurapps.com\/all\/wp-content\/uploads\/2021\/05\/Untitled-design-4-2-300x300.png 300w, https:\/\/zurapps.com\/all\/wp-content\/uploads\/2021\/05\/Untitled-design-4-2-80x80.png 80w, https:\/\/zurapps.com\/all\/wp-content\/uploads\/2021\/05\/Untitled-design-4-2-768x768.png 768w, https:\/\/zurapps.com\/all\/wp-content\/uploads\/2021\/05\/Untitled-design-4-2-1030x1030.png 1030w, https:\/\/zurapps.com\/all\/wp-content\/uploads\/2021\/05\/Untitled-design-4-2-36x36.png 36w, https:\/\/zurapps.com\/all\/wp-content\/uploads\/2021\/05\/Untitled-design-4-2-180x180.png 180w, https:\/\/zurapps.com\/all\/wp-content\/uploads\/2021\/05\/Untitled-design-4-2-1500x1500.png 1500w, https:\/\/zurapps.com\/all\/wp-content\/uploads\/2021\/05\/Untitled-design-4-2-705x705.png 705w, https:\/\/zurapps.com\/all\/wp-content\/uploads\/2021\/05\/Untitled-design-4-2-120x120.png 120w, https:\/\/zurapps.com\/all\/wp-content\/uploads\/2021\/05\/Untitled-design-4-2-450x450.png 450w, https:\/\/zurapps.com\/all\/wp-content\/uploads\/2021\/05\/Untitled-design-4-2.png 2048w\" sizes=\"(max-width: 300px) 100vw, 300px\" \/><\/a><\/div><\/div><\/div><br \/>\n<section  class='av_textblock_section av-av_textblock-0366cc7376be6c9e82a3e9cc8987b64f '   itemscope=\"itemscope\" itemtype=\"https:\/\/schema.org\/CreativeWork\" ><div class='avia_textblock'  itemprop=\"text\" ><p style=\"font-family: Arial, Helvetica, sans-serif; font-size: 17px; text-align: center;\">Emparejar + Leer para ayudar a ense\u00f1ar a sus ni\u00f1os en edad preescolar a leer mediante la asociaci\u00f3n de palabras con la imagen correspondiente.<\/p>\n<\/div><\/section><\/p><\/div><div  class='flex_column av-av_one_half-52c89597409f646e66e7cc675a5d9b4a av_one_half  avia-builder-el-9  el_after_av_one_half  el_before_av_hr  flex_column_div  '     ><p>\n<style type=\"text\/css\" data-created_by=\"avia_inline_auto\" id=\"style-css-av-av_image-a0913a1d9150fc7c0c7435fcafb7cd70\">\n.avia-image-container.av-av_image-a0913a1d9150fc7c0c7435fcafb7cd70 img.avia_image{\nbox-shadow:none;\n}\n.avia-image-container.av-av_image-a0913a1d9150fc7c0c7435fcafb7cd70 .av-image-caption-overlay-center{\ncolor:#ffffff;\n}\n<\/style>\n<div  class='avia-image-container av-av_image-a0913a1d9150fc7c0c7435fcafb7cd70 av-styling- av-img-linked avia-align-center  avia-builder-el-10  el_before_av_textblock  avia-builder-el-first '   itemprop=\"image\" itemscope=\"itemscope\" itemtype=\"https:\/\/schema.org\/ImageObject\" ><div class=\"avia-image-container-inner\"><div class=\"avia-image-overlay-wrap\"><a href=\"https:\/\/zurapps.com\/all\/index.php\/educativo\/dime-la-hora\/\" class='avia_image '  aria-label='Kids Tell Time icon'><img decoding=\"async\" fetchpriority=\"high\" class='wp-image-10643 avia-img-lazy-loading-not-10643 avia_image ' src=\"https:\/\/zurapps.com\/all\/wp-content\/uploads\/2021\/05\/Untitled-design-5-2-300x300.png\" alt='Kids Tell Time' title='Kids Tell Time icon'  height=\"300\" width=\"300\"  itemprop=\"thumbnailUrl\" srcset=\"https:\/\/zurapps.com\/all\/wp-content\/uploads\/2021\/05\/Untitled-design-5-2-300x300.png 300w, https:\/\/zurapps.com\/all\/wp-content\/uploads\/2021\/05\/Untitled-design-5-2-80x80.png 80w, https:\/\/zurapps.com\/all\/wp-content\/uploads\/2021\/05\/Untitled-design-5-2-768x768.png 768w, https:\/\/zurapps.com\/all\/wp-content\/uploads\/2021\/05\/Untitled-design-5-2-1030x1030.png 1030w, https:\/\/zurapps.com\/all\/wp-content\/uploads\/2021\/05\/Untitled-design-5-2-36x36.png 36w, https:\/\/zurapps.com\/all\/wp-content\/uploads\/2021\/05\/Untitled-design-5-2-180x180.png 180w, https:\/\/zurapps.com\/all\/wp-content\/uploads\/2021\/05\/Untitled-design-5-2-1500x1500.png 1500w, https:\/\/zurapps.com\/all\/wp-content\/uploads\/2021\/05\/Untitled-design-5-2-705x705.png 705w, https:\/\/zurapps.com\/all\/wp-content\/uploads\/2021\/05\/Untitled-design-5-2-120x120.png 120w, https:\/\/zurapps.com\/all\/wp-content\/uploads\/2021\/05\/Untitled-design-5-2-450x450.png 450w, https:\/\/zurapps.com\/all\/wp-content\/uploads\/2021\/05\/Untitled-design-5-2.png 2048w\" sizes=\"(max-width: 300px) 100vw, 300px\" \/><\/a><\/div><\/div><\/div><br \/>\n<section  class='av_textblock_section av-av_textblock-0366cc7376be6c9e82a3e9cc8987b64f '   itemscope=\"itemscope\" itemtype=\"https:\/\/schema.org\/CreativeWork\" ><div class='avia_textblock'  itemprop=\"text\" ><p style=\"font-family: Arial, Helvetica, sans-serif; font-size: 17px; text-align: center;\">Dime la Hora es una aplicaci\u00f3n hablada educativa que ayudan a los ni\u00f1os a aprender a decir la hora con las caras del reloj digital y anal\u00f3gico.<\/p>\n<\/div><\/section><\/p><\/div><\/p>\n<div  class='hr av-av_hr-45f931f05f5898fdc250bd31b51b694c hr-default  avia-builder-el-12  el_after_av_one_half  el_before_av_one_half '><span class='hr-inner '><span class=\"hr-inner-style\"><\/span><\/span><\/div>\n<div  class='flex_column av-av_one_half-2a9015ff38129c418a3f2eafba3e9512 av_one_half  avia-builder-el-13  el_after_av_hr  el_before_av_one_half  first flex_column_div  '     ><p>\n<style type=\"text\/css\" data-created_by=\"avia_inline_auto\" id=\"style-css-av-av_image-5bc36a73b59292bbe64df6f719698cd7\">\n.avia-image-container.av-av_image-5bc36a73b59292bbe64df6f719698cd7 img.avia_image{\nbox-shadow:none;\n}\n.avia-image-container.av-av_image-5bc36a73b59292bbe64df6f719698cd7 .av-image-caption-overlay-center{\ncolor:#ffffff;\n}\n<\/style>\n<div  class='avia-image-container av-av_image-5bc36a73b59292bbe64df6f719698cd7 av-styling- av-img-linked avia-align-center  avia-builder-el-14  el_before_av_textblock  avia-builder-el-first '   itemprop=\"image\" itemscope=\"itemscope\" itemtype=\"https:\/\/schema.org\/ImageObject\" ><div class=\"avia-image-container-inner\"><div class=\"avia-image-overlay-wrap\"><a href=\"https:\/\/zurapps.com\/all\/index.php\/educativo\/123s-abcs\/\" class='avia_image '  aria-label='123s &amp; ABCs icon'><img decoding=\"async\" fetchpriority=\"high\" class='wp-image-10640 avia-img-lazy-loading-not-10640 avia_image ' src=\"https:\/\/zurapps.com\/all\/wp-content\/uploads\/2021\/05\/Untitled-design-8-2-300x300.png\" alt='123s &amp; ABCs' title='123s &amp; ABCs icon'  height=\"300\" width=\"300\"  itemprop=\"thumbnailUrl\" srcset=\"https:\/\/zurapps.com\/all\/wp-content\/uploads\/2021\/05\/Untitled-design-8-2-300x300.png 300w, https:\/\/zurapps.com\/all\/wp-content\/uploads\/2021\/05\/Untitled-design-8-2-80x80.png 80w, https:\/\/zurapps.com\/all\/wp-content\/uploads\/2021\/05\/Untitled-design-8-2-768x768.png 768w, https:\/\/zurapps.com\/all\/wp-content\/uploads\/2021\/05\/Untitled-design-8-2-1030x1030.png 1030w, https:\/\/zurapps.com\/all\/wp-content\/uploads\/2021\/05\/Untitled-design-8-2-36x36.png 36w, https:\/\/zurapps.com\/all\/wp-content\/uploads\/2021\/05\/Untitled-design-8-2-180x180.png 180w, https:\/\/zurapps.com\/all\/wp-content\/uploads\/2021\/05\/Untitled-design-8-2-1500x1500.png 1500w, https:\/\/zurapps.com\/all\/wp-content\/uploads\/2021\/05\/Untitled-design-8-2-705x705.png 705w, https:\/\/zurapps.com\/all\/wp-content\/uploads\/2021\/05\/Untitled-design-8-2-120x120.png 120w, https:\/\/zurapps.com\/all\/wp-content\/uploads\/2021\/05\/Untitled-design-8-2-450x450.png 450w, https:\/\/zurapps.com\/all\/wp-content\/uploads\/2021\/05\/Untitled-design-8-2.png 2048w\" sizes=\"(max-width: 300px) 100vw, 300px\" \/><\/a><\/div><\/div><\/div><br \/>\n<section  class='av_textblock_section av-av_textblock-0366cc7376be6c9e82a3e9cc8987b64f '   itemscope=\"itemscope\" itemtype=\"https:\/\/schema.org\/CreativeWork\" ><div class='avia_textblock'  itemprop=\"text\" ><p style=\"font-family: Arial, Helvetica, sans-serif; font-size: 17px; text-align: center;\">123s &amp; ABCs es una manera divertida, f\u00e1cil e interactiva de introducir los n\u00fameros del 1 al 20 y las letras del alfabeto a los ni\u00f1os a una edad temprana.<\/p>\n<\/div><\/section><\/p><\/div>\n<div  class='flex_column av-av_one_half-52c89597409f646e66e7cc675a5d9b4a av_one_half  avia-builder-el-16  el_after_av_one_half  el_before_av_hr  flex_column_div  '     ><p>\n<style type=\"text\/css\" data-created_by=\"avia_inline_auto\" id=\"style-css-av-av_image-a716415078ab11c65d227f51edf31e60\">\n.avia-image-container.av-av_image-a716415078ab11c65d227f51edf31e60 img.avia_image{\nbox-shadow:none;\n}\n.avia-image-container.av-av_image-a716415078ab11c65d227f51edf31e60 .av-image-caption-overlay-center{\ncolor:#ffffff;\n}\n<\/style>\n<div  class='avia-image-container av-av_image-a716415078ab11c65d227f51edf31e60 av-styling- av-img-linked avia-align-center  avia-builder-el-17  el_before_av_textblock  avia-builder-el-first '   itemprop=\"image\" itemscope=\"itemscope\" itemtype=\"https:\/\/schema.org\/ImageObject\" ><div class=\"avia-image-container-inner\"><div class=\"avia-image-overlay-wrap\"><a href=\"https:\/\/zurapps.com\/all\/index.php\/educativo\/encuentra-aprende\/\" class='avia_image '  aria-label='Find + Learn icon'><img decoding=\"async\" fetchpriority=\"high\" class='wp-image-10641 avia-img-lazy-loading-not-10641 avia_image ' src=\"https:\/\/zurapps.com\/all\/wp-content\/uploads\/2021\/05\/Untitled-design-7-2-300x300.png\" alt='Find + Learn' title='Find + Learn icon'  height=\"300\" width=\"300\"  itemprop=\"thumbnailUrl\" srcset=\"https:\/\/zurapps.com\/all\/wp-content\/uploads\/2021\/05\/Untitled-design-7-2-300x300.png 300w, https:\/\/zurapps.com\/all\/wp-content\/uploads\/2021\/05\/Untitled-design-7-2-80x80.png 80w, https:\/\/zurapps.com\/all\/wp-content\/uploads\/2021\/05\/Untitled-design-7-2-768x768.png 768w, https:\/\/zurapps.com\/all\/wp-content\/uploads\/2021\/05\/Untitled-design-7-2-1030x1030.png 1030w, https:\/\/zurapps.com\/all\/wp-content\/uploads\/2021\/05\/Untitled-design-7-2-36x36.png 36w, https:\/\/zurapps.com\/all\/wp-content\/uploads\/2021\/05\/Untitled-design-7-2-180x180.png 180w, https:\/\/zurapps.com\/all\/wp-content\/uploads\/2021\/05\/Untitled-design-7-2-1500x1500.png 1500w, https:\/\/zurapps.com\/all\/wp-content\/uploads\/2021\/05\/Untitled-design-7-2-705x705.png 705w, https:\/\/zurapps.com\/all\/wp-content\/uploads\/2021\/05\/Untitled-design-7-2-120x120.png 120w, https:\/\/zurapps.com\/all\/wp-content\/uploads\/2021\/05\/Untitled-design-7-2-450x450.png 450w, https:\/\/zurapps.com\/all\/wp-content\/uploads\/2021\/05\/Untitled-design-7-2.png 2048w\" sizes=\"(max-width: 300px) 100vw, 300px\" \/><\/a><\/div><\/div><\/div><br \/>\n<section  class='av_textblock_section av-av_textblock-0366cc7376be6c9e82a3e9cc8987b64f '   itemscope=\"itemscope\" itemtype=\"https:\/\/schema.org\/CreativeWork\" ><div class='avia_textblock'  itemprop=\"text\" ><p style=\"font-family: Arial, Helvetica, sans-serif; font-size: 17px; text-align: center;\">Encuentra + Aprende es una app de aprendizaje interactivo y entretenido, con bellas im\u00e1genes y narraci\u00f3n de calidad, cuenta con varios elementos interactivos que refuerzan el aprendizaje y mantiene el inter\u00e9s de su hijo.<\/p>\n<\/div><\/section><\/p><\/div>\n<div  class='hr av-av_hr-45f931f05f5898fdc250bd31b51b694c hr-default  avia-builder-el-19  el_after_av_one_half  el_before_av_one_half '><span class='hr-inner '><span class=\"hr-inner-style\"><\/span><\/span><\/div>\n<div  class='flex_column av-av_one_half-2a9015ff38129c418a3f2eafba3e9512 av_one_half  avia-builder-el-20  el_after_av_hr  el_before_av_one_half  first flex_column_div  '     ><p>\n<style type=\"text\/css\" data-created_by=\"avia_inline_auto\" id=\"style-css-av-av_image-33c33152f02216e66c5dc49d1bfedb66\">\n.avia-image-container.av-av_image-33c33152f02216e66c5dc49d1bfedb66 img.avia_image{\nbox-shadow:none;\n}\n.avia-image-container.av-av_image-33c33152f02216e66c5dc49d1bfedb66 .av-image-caption-overlay-center{\ncolor:#ffffff;\n}\n<\/style>\n<div  class='avia-image-container av-av_image-33c33152f02216e66c5dc49d1bfedb66 av-styling- av-img-linked avia-align-center  avia-builder-el-21  el_before_av_textblock  avia-builder-el-first '   itemprop=\"image\" itemscope=\"itemscope\" itemtype=\"https:\/\/schema.org\/ImageObject\" ><div class=\"avia-image-container-inner\"><div class=\"avia-image-overlay-wrap\"><a href=\"https:\/\/zurapps.com\/all\/index.php\/educativo\/10-cachorros\/\" class='avia_image '  aria-label='10 Puppies'><img decoding=\"async\" fetchpriority=\"high\" class='wp-image-10180 avia-img-lazy-loading-not-10180 avia_image ' src=\"https:\/\/zurapps.com\/all\/wp-content\/uploads\/2019\/09\/10-Puppies-1-300x300.png\" alt='10 Puppies Educational App Icon' title='10 Puppies'  height=\"300\" width=\"300\"  itemprop=\"thumbnailUrl\" srcset=\"https:\/\/zurapps.com\/all\/wp-content\/uploads\/2019\/09\/10-Puppies-1-300x300.png 300w, https:\/\/zurapps.com\/all\/wp-content\/uploads\/2019\/09\/10-Puppies-1-80x80.png 80w, https:\/\/zurapps.com\/all\/wp-content\/uploads\/2019\/09\/10-Puppies-1-768x768.png 768w, https:\/\/zurapps.com\/all\/wp-content\/uploads\/2019\/09\/10-Puppies-1-36x36.png 36w, https:\/\/zurapps.com\/all\/wp-content\/uploads\/2019\/09\/10-Puppies-1-180x180.png 180w, https:\/\/zurapps.com\/all\/wp-content\/uploads\/2019\/09\/10-Puppies-1-705x705.png 705w, https:\/\/zurapps.com\/all\/wp-content\/uploads\/2019\/09\/10-Puppies-1-120x120.png 120w, https:\/\/zurapps.com\/all\/wp-content\/uploads\/2019\/09\/10-Puppies-1-450x450.png 450w, https:\/\/zurapps.com\/all\/wp-content\/uploads\/2019\/09\/10-Puppies-1.png 1024w\" sizes=\"(max-width: 300px) 100vw, 300px\" \/><\/a><\/div><\/div><\/div><br \/>\n<section  class='av_textblock_section av-av_textblock-0366cc7376be6c9e82a3e9cc8987b64f '   itemscope=\"itemscope\" itemtype=\"https:\/\/schema.org\/CreativeWork\" ><div class='avia_textblock'  itemprop=\"text\" ><p style=\"font-family: Arial, Helvetica, sans-serif; font-size: 17px; text-align: center;\">10 Cachorros es una adorable aplicaci\u00f3n hablada con bellas im\u00e1genes que ayuda a los ni\u00f1os en edad preescolar ha aprender a contar en secuencia hasta 10.<\/p>\n<\/div><\/section><\/p><\/div>\n<div  class='flex_column av-av_one_half-52c89597409f646e66e7cc675a5d9b4a av_one_half  avia-builder-el-23  el_after_av_one_half  avia-builder-el-last  flex_column_div  '     ><p>\n<style type=\"text\/css\" data-created_by=\"avia_inline_auto\" id=\"style-css-av-av_image-006da1a047df1e3b2a9f6c4481f40cc8\">\n.avia-image-container.av-av_image-006da1a047df1e3b2a9f6c4481f40cc8 img.avia_image{\nbox-shadow:none;\n}\n.avia-image-container.av-av_image-006da1a047df1e3b2a9f6c4481f40cc8 .av-image-caption-overlay-center{\ncolor:#ffffff;\n}\n<\/style>\n<div  class='avia-image-container av-av_image-006da1a047df1e3b2a9f6c4481f40cc8 av-styling- av-img-linked avia-align-center  avia-builder-el-24  el_before_av_textblock  avia-builder-el-first '   itemprop=\"image\" itemscope=\"itemscope\" itemtype=\"https:\/\/schema.org\/ImageObject\" ><div class=\"avia-image-container-inner\"><div class=\"avia-image-overlay-wrap\"><a href=\"https:\/\/zurapps.com\/all\/index.php\/educativo\/encuentra-leer\/\" class='avia_image '  aria-label='Find + Read icon'><img decoding=\"async\" fetchpriority=\"high\" class='wp-image-10642 avia-img-lazy-loading-not-10642 avia_image ' src=\"https:\/\/zurapps.com\/all\/wp-content\/uploads\/2021\/05\/Untitled-design-6-2-300x300.png\" alt='Find + Read' title='Find + Read icon'  height=\"300\" width=\"300\"  itemprop=\"thumbnailUrl\" srcset=\"https:\/\/zurapps.com\/all\/wp-content\/uploads\/2021\/05\/Untitled-design-6-2-300x300.png 300w, https:\/\/zurapps.com\/all\/wp-content\/uploads\/2021\/05\/Untitled-design-6-2-80x80.png 80w, https:\/\/zurapps.com\/all\/wp-content\/uploads\/2021\/05\/Untitled-design-6-2-768x768.png 768w, https:\/\/zurapps.com\/all\/wp-content\/uploads\/2021\/05\/Untitled-design-6-2-1030x1030.png 1030w, https:\/\/zurapps.com\/all\/wp-content\/uploads\/2021\/05\/Untitled-design-6-2-36x36.png 36w, https:\/\/zurapps.com\/all\/wp-content\/uploads\/2021\/05\/Untitled-design-6-2-180x180.png 180w, https:\/\/zurapps.com\/all\/wp-content\/uploads\/2021\/05\/Untitled-design-6-2-1500x1500.png 1500w, https:\/\/zurapps.com\/all\/wp-content\/uploads\/2021\/05\/Untitled-design-6-2-705x705.png 705w, https:\/\/zurapps.com\/all\/wp-content\/uploads\/2021\/05\/Untitled-design-6-2-120x120.png 120w, https:\/\/zurapps.com\/all\/wp-content\/uploads\/2021\/05\/Untitled-design-6-2-450x450.png 450w, https:\/\/zurapps.com\/all\/wp-content\/uploads\/2021\/05\/Untitled-design-6-2.png 2048w\" sizes=\"(max-width: 300px) 100vw, 300px\" \/><\/a><\/div><\/div><\/div><br \/>\n<section  class='av_textblock_section av-av_textblock-0366cc7376be6c9e82a3e9cc8987b64f '   itemscope=\"itemscope\" itemtype=\"https:\/\/schema.org\/CreativeWork\" ><div class='avia_textblock'  itemprop=\"text\" ><p style=\"font-family: Arial, Helvetica, sans-serif; font-size: 17px; text-align: center;\">Encuentra + Leer es una app de aprendizaje interactivo y entretenido, con bellas im\u00e1genes y narraci\u00f3n de calidad, cuenta con varios elementos interactivos que refuerzan el aprendizaje y mantiene el inter\u00e9s de su hijo.<\/p>\n<\/div><\/section><\/p><\/div>\n","protected":false},"excerpt":{"rendered":"","protected":false},"author":4,"featured_media":0,"parent":0,"menu_order":0,"comment_status":"open","ping_status":"open","template":"","meta":{"_monsterinsights_skip_tracking":false,"_monsterinsights_sitenote_active":false,"_monsterinsights_sitenote_note":"","_monsterinsights_sitenote_category":0,"footnotes":""},"_links":{"self":[{"href":"https:\/\/zurapps.com\/all\/index.php?rest_route=\/wp\/v2\/pages\/2182"}],"collection":[{"href":"https:\/\/zurapps.com\/all\/index.php?rest_route=\/wp\/v2\/pages"}],"about":[{"href":"https:\/\/zurapps.com\/all\/index.php?rest_route=\/wp\/v2\/types\/page"}],"author":[{"embeddable":true,"href":"https:\/\/zurapps.com\/all\/index.php?rest_route=\/wp\/v2\/users\/4"}],"replies":[{"embeddable":true,"href":"https:\/\/zurapps.com\/all\/index.php?rest_route=%2Fwp%2Fv2%2Fcomments&post=2182"}],"version-history":[{"count":22,"href":"https:\/\/zurapps.com\/all\/index.php?rest_route=\/wp\/v2\/pages\/2182\/revisions"}],"predecessor-version":[{"id":10674,"href":"https:\/\/zurapps.com\/all\/index.php?rest_route=\/wp\/v2\/pages\/2182\/revisions\/10674"}],"wp:attachment":[{"href":"https:\/\/zurapps.com\/all\/index.php?rest_route=%2Fwp%2Fv2%2Fmedia&parent=2182"}],"curies":[{"name":"wp","href":"https:\/\/api.w.org\/{rel}","templated":true}]}}