{"id":2185,"date":"2013-06-18T20:25:42","date_gmt":"2013-06-07T15:00:48","guid":{"rendered":"http:\/\/zurapps.com\/all\/?page_id=2185"},"modified":"2019-09-17T12:26:44","modified_gmt":"2019-09-17T16:26:44","slug":"10-cachorros","status":"publish","type":"page","link":"https:\/\/zurapps.com\/all\/?page_id=2185","title":{"rendered":"10 Cachorros"},"content":{"rendered":"<div id='layer_slider_1'  class='avia-layerslider main_color avia-shadow  avia-builder-el-0  el_before_av_section  avia-builder-el-first  container_wrap sidebar_right'  style='height: 251px;'  ><\/div>\n\n<style type=\"text\/css\" data-created_by=\"avia_inline_auto\" id=\"style-css-av-av_section-6fb3c5cb687e78ce999e890aceb775a3\">\n.avia-section.av-av_section-6fb3c5cb687e78ce999e890aceb775a3{\nbackground-color:#dddddd;\nbackground-image:unset;\n}\n<\/style>\n<div id='av_section_1'  class='avia-section av-av_section-6fb3c5cb687e78ce999e890aceb775a3 main_color avia-section-default avia-no-shadow  avia-builder-el-1  el_after_av_layerslider  el_before_av_two_third  avia-bg-style-scroll container_wrap sidebar_right'  ><div class='container av-section-cont-open' ><div class='template-page content  av-content-small alpha units'><div class='post-entry post-entry-type-page post-entry-2185'><div class='entry-content-wrapper clearfix'>\n<div  class='flex_column av-av_one_full-2a9015ff38129c418a3f2eafba3e9512 av_one_full  avia-builder-el-2  avia-builder-el-no-sibling  first flex_column_div  '     ><style type=\"text\/css\" data-created_by=\"avia_inline_auto\" id=\"style-css-av-av_heading-ba0d26661b4cadea52ce7207fb440aff\">\n#top .av-special-heading.av-av_heading-ba0d26661b4cadea52ce7207fb440aff{\npadding-bottom:10px;\n}\nbody .av-special-heading.av-av_heading-ba0d26661b4cadea52ce7207fb440aff .av-special-heading-tag .heading-char{\nfont-size:25px;\n}\n.av-special-heading.av-av_heading-ba0d26661b4cadea52ce7207fb440aff .av-subheading{\nfont-size:15px;\n}\n<\/style>\n<div  class='av-special-heading av-av_heading-ba0d26661b4cadea52ce7207fb440aff av-special-heading-h3  avia-builder-el-3  avia-builder-el-no-sibling '><h3 class='av-special-heading-tag'  itemprop=\"headline\"  > 10 Cachorros &#8211; \u00a1Una aplicaci\u00f3n adorable que es educativa y divertida!<\/h3><div class=\"special-heading-border\"><div class=\"special-heading-inner-border\"><\/div><\/div><\/div><\/div>\n<\/div><\/div><\/div><!-- close content main div --><\/div><\/div><div id='after_section_1'  class='main_color av_default_container_wrap container_wrap sidebar_right'  ><div class='container av-section-cont-open' ><div class='template-page content  av-content-small alpha units'><div class='post-entry post-entry-type-page post-entry-2185'><div class='entry-content-wrapper clearfix'>\n<div  class='flex_column av-av_two_third-2a9015ff38129c418a3f2eafba3e9512 av_two_third  avia-builder-el-4  el_after_av_section  el_before_av_one_third  avia-builder-el-first  first flex_column_div  '     ><style type=\"text\/css\" data-created_by=\"avia_inline_auto\" id=\"style-css-av-av_image-8585b13cf7cc2556e9fe3b49efa46e1f\">\n.avia-image-container.av-av_image-8585b13cf7cc2556e9fe3b49efa46e1f img.avia_image{\nbox-shadow:none;\n}\n.avia-image-container.av-av_image-8585b13cf7cc2556e9fe3b49efa46e1f .av-image-caption-overlay-center{\ncolor:#ffffff;\n}\n<\/style>\n<div  class='avia-image-container av-av_image-8585b13cf7cc2556e9fe3b49efa46e1f av-styling- avia-align-center  avia-builder-el-5  avia-builder-el-no-sibling '   itemprop=\"image\" itemscope=\"itemscope\" itemtype=\"https:\/\/schema.org\/ImageObject\" ><div class=\"avia-image-container-inner\"><div class=\"avia-image-overlay-wrap\"><img decoding=\"async\" fetchpriority=\"high\" class='wp-image-10180 avia-img-lazy-loading-not-10180 avia_image ' src=\"https:\/\/zurapps.com\/all\/wp-content\/uploads\/2019\/09\/10-Puppies-1-300x300.png\" alt='10 Puppies Educational App Icon' title='10 Puppies'  height=\"300\" width=\"300\"  itemprop=\"thumbnailUrl\" srcset=\"https:\/\/zurapps.com\/all\/wp-content\/uploads\/2019\/09\/10-Puppies-1-300x300.png 300w, https:\/\/zurapps.com\/all\/wp-content\/uploads\/2019\/09\/10-Puppies-1-80x80.png 80w, https:\/\/zurapps.com\/all\/wp-content\/uploads\/2019\/09\/10-Puppies-1-768x768.png 768w, https:\/\/zurapps.com\/all\/wp-content\/uploads\/2019\/09\/10-Puppies-1-36x36.png 36w, https:\/\/zurapps.com\/all\/wp-content\/uploads\/2019\/09\/10-Puppies-1-180x180.png 180w, https:\/\/zurapps.com\/all\/wp-content\/uploads\/2019\/09\/10-Puppies-1-705x705.png 705w, https:\/\/zurapps.com\/all\/wp-content\/uploads\/2019\/09\/10-Puppies-1-120x120.png 120w, https:\/\/zurapps.com\/all\/wp-content\/uploads\/2019\/09\/10-Puppies-1-450x450.png 450w, https:\/\/zurapps.com\/all\/wp-content\/uploads\/2019\/09\/10-Puppies-1.png 1024w\" sizes=\"(max-width: 300px) 100vw, 300px\" \/><\/div><\/div><\/div><\/div>\n<div  class='flex_column av-av_one_third-52c89597409f646e66e7cc675a5d9b4a av_one_third  avia-builder-el-6  el_after_av_two_third  el_before_av_one_full  flex_column_div  '     ><p><div  class='avia-button-wrap av-av_button-8c0c227fd5abf47b66195aec7e728520-wrap avia-button-center  avia-builder-el-7  el_before_av_textblock  avia-builder-el-first '><a href='https:\/\/itunes.apple.com\/us\/app\/10-puppies\/id369179439?ls=1&amp;mt=8' class='avia-button av-av_button-8c0c227fd5abf47b66195aec7e728520 av-link-btn avia-icon_select-no avia-size-large avia-position-center avia-color-silver' target=\"_blank\" rel=\"noopener noreferrer\"><span class='avia_iconbox_title' >10 Cachorros para iPad<\/span><\/a><\/div><br \/>\n<section  class='av_textblock_section av-av_textblock-0366cc7376be6c9e82a3e9cc8987b64f '   itemscope=\"itemscope\" itemtype=\"https:\/\/schema.org\/CreativeWork\" ><div class='avia_textblock'  itemprop=\"text\" ><p style=\"text-align: center;\"><a href=\"https:\/\/itunes.apple.com\/us\/app\/10-puppies\/id369179439?ls=1&amp;mt=8\"><img loading=\"lazy\" decoding=\"async\" class=\"aligncenter size-full wp-image-2835\" src=\"https:\/\/zurapps.com\/all\/wp-content\/uploads\/2013\/06\/App_Store_Badge_SP.png\" alt=\"App_Store_Badge_SP\" width=\"155\" height=\"60\" \/><\/a><\/p>\n<\/div><\/section><br \/>\n<div  class='avia-button-wrap av-av_button-0d134cd51dd7517a4acddb0c7463ad28-wrap avia-button-center  avia-builder-el-9  el_after_av_textblock  el_before_av_textblock '><a href='https:\/\/itunes.apple.com\/us\/app\/10-puppies\/id379303514?ls=1&amp;mt=8' class='avia-button av-av_button-0d134cd51dd7517a4acddb0c7463ad28 av-link-btn avia-icon_select-no avia-size-large avia-position-center avia-color-silver' target=\"_blank\" rel=\"noopener noreferrer\"><span class='avia_iconbox_title' >10 Cachorros para iPhone<\/span><\/a><\/div><br \/>\n<section  class='av_textblock_section av-av_textblock-0366cc7376be6c9e82a3e9cc8987b64f '   itemscope=\"itemscope\" itemtype=\"https:\/\/schema.org\/CreativeWork\" ><div class='avia_textblock'  itemprop=\"text\" ><p style=\"text-align: center;\"><a href=\"https:\/\/itunes.apple.com\/us\/app\/10-puppies\/id379303514?ls=1&amp;mt=8\"><img loading=\"lazy\" decoding=\"async\" class=\"aligncenter size-full wp-image-2835\" src=\"https:\/\/zurapps.com\/all\/wp-content\/uploads\/2013\/06\/App_Store_Badge_SP.png\" alt=\"App_Store_Badge_SP\" width=\"155\" height=\"60\" \/><\/a><\/p>\n<\/div><\/section><\/p><\/div>\n<div  class='flex_column av-av_one_full-2a9015ff38129c418a3f2eafba3e9512 av_one_full  avia-builder-el-11  el_after_av_one_third  el_before_av_one_half  first flex_column_div  column-top-margin'     ><section  class='av_textblock_section av-av_textblock-0366cc7376be6c9e82a3e9cc8987b64f '   itemscope=\"itemscope\" itemtype=\"https:\/\/schema.org\/CreativeWork\" ><div class='avia_textblock'  itemprop=\"text\" ><p style=\"font-family: Arial, Helvetica, sans-serif; font-size: 17px; text-align: center;\"><strong>10 Puppies<\/strong> es una aplicaci\u00f3n que habla en ingl\u00e9s, franc\u00e9s y espa\u00f1ol con hermosas im\u00e1genes de cachorros que facilita el aprendizaje de la secuencia de contar hasta diez.<\/p>\n<p style=\"font-family: Arial, Helvetica, sans-serif; font-size: 17px; text-align: center;\"><strong>10 Puppies<\/strong> ayuda a los ni\u00f1os a reconocer, distinguir e identificar los n\u00fameros correspondientes.<\/p>\n<p style=\"font-family: Arial, Helvetica, sans-serif; font-size: 17px; text-align: center;\"><strong>10 Puppies<\/strong> tiene varios elementos interactivos que refuerzan el aprendizaje y mantienen el inter\u00e9s de su hijo.<\/p>\n<\/div><\/section><\/div>\n<div  class='flex_column av-av_one_half-2a9015ff38129c418a3f2eafba3e9512 av_one_half  avia-builder-el-13  el_after_av_one_full  el_before_av_one_half  first flex_column_div  column-top-margin'     ><style type=\"text\/css\" data-created_by=\"avia_inline_auto\" id=\"style-css-av-av_image-20fcf7814727cf8afe9d56621d828ebc\">\n.avia-image-container.av-av_image-20fcf7814727cf8afe9d56621d828ebc img.avia_image{\nbox-shadow:none;\n}\n.avia-image-container.av-av_image-20fcf7814727cf8afe9d56621d828ebc .av-image-caption-overlay-center{\ncolor:#ffffff;\n}\n<\/style>\n<div  class='avia-image-container av-av_image-20fcf7814727cf8afe9d56621d828ebc av-styling- avia-align-center  avia-builder-el-14  avia-builder-el-no-sibling '   itemprop=\"image\" itemscope=\"itemscope\" itemtype=\"https:\/\/schema.org\/ImageObject\" ><div class=\"avia-image-container-inner\"><div class=\"avia-image-overlay-wrap\"><img decoding=\"async\" fetchpriority=\"high\" class='wp-image-9648 avia-img-lazy-loading-not-9648 avia_image ' src=\"https:\/\/zurapps.com\/all\/wp-content\/uploads\/2013\/06\/iPadH10Puppies.png\" alt='' title='iPadH10Puppies'  height=\"503\" width=\"650\"  itemprop=\"thumbnailUrl\" srcset=\"https:\/\/zurapps.com\/all\/wp-content\/uploads\/2013\/06\/iPadH10Puppies.png 650w, https:\/\/zurapps.com\/all\/wp-content\/uploads\/2013\/06\/iPadH10Puppies-300x232.png 300w, https:\/\/zurapps.com\/all\/wp-content\/uploads\/2013\/06\/iPadH10Puppies-450x348.png 450w\" sizes=\"(max-width: 650px) 100vw, 650px\" \/><\/div><\/div><\/div><\/div>\n<div  class='flex_column av-av_one_half-52c89597409f646e66e7cc675a5d9b4a av_one_half  avia-builder-el-15  el_after_av_one_half  el_before_av_hr  flex_column_div  column-top-margin'     ><p>\n<style type=\"text\/css\" data-created_by=\"avia_inline_auto\" id=\"style-css-av-av_heading-a3869ab5fa50dac80aff8226809f9f6b\">\n#top .av-special-heading.av-av_heading-a3869ab5fa50dac80aff8226809f9f6b{\npadding-bottom:10px;\n}\nbody .av-special-heading.av-av_heading-a3869ab5fa50dac80aff8226809f9f6b .av-special-heading-tag .heading-char{\nfont-size:25px;\n}\n.av-special-heading.av-av_heading-a3869ab5fa50dac80aff8226809f9f6b .av-subheading{\nfont-size:15px;\n}\n<\/style>\n<div  class='av-special-heading av-av_heading-a3869ab5fa50dac80aff8226809f9f6b av-special-heading-h3  avia-builder-el-16  el_before_av_textblock  avia-builder-el-first '><h3 class='av-special-heading-tag'  itemprop=\"headline\"  >Hecho para menores de 5 a\u00f1os<\/h3><div class=\"special-heading-border\"><div class=\"special-heading-inner-border\"><\/div><\/div><\/div><br \/>\n<section  class='av_textblock_section av-av_textblock-0366cc7376be6c9e82a3e9cc8987b64f '   itemscope=\"itemscope\" itemtype=\"https:\/\/schema.org\/CreativeWork\" ><div class='avia_textblock'  itemprop=\"text\" ><p style=\"font-family: Arial, Helvetica, sans-serif; font-size: 14px; text-align: center;\"><span style=\"font-size: 14px;\"><strong>10 <strong>Cachorros<\/strong>\u00a0<\/strong>es una adorable aplicaci\u00f3n hablada con bellas im\u00e1genes que ayudan a los ni\u00f1os en edad preescolar a aprender a contar en secuencia hasta 10.<\/span><\/p>\n<p style=\"font-family: Arial, Helvetica, sans-serif; font-size: 14px; text-align: center;\"><span style=\"font-size: 14px;\">Dentro de <strong>10 Cachorros<\/strong> hay varios grados de reacciones positivas y negativas. Estas reacciones animan a m\u00faltiples intentos y reforzar el aprendizaje.<\/span><\/p>\n<\/div><\/section><br \/>\n<div  class='hr av-av_hr-dcd2069817a0e3d34ae04cad8f3443c7 hr-default  avia-builder-el-18  el_after_av_textblock  el_before_av_textblock '><span class='hr-inner '><span class=\"hr-inner-style\"><\/span><\/span><\/div><br \/>\n<section  class='av_textblock_section av-av_textblock-0366cc7376be6c9e82a3e9cc8987b64f '   itemscope=\"itemscope\" itemtype=\"https:\/\/schema.org\/CreativeWork\" ><div class='avia_textblock'  itemprop=\"text\" ><p style=\"font-family: Arial, Helvetica, sans-serif; font-size: 14px; text-align: left;\">\u2022 Ofrece cientos de respuestas para evitar la previsibilidad<\/p>\n<p style=\"font-family: Arial, Helvetica, sans-serif; font-size: 14px; text-align: left;\">\u2022 M\u00faltiples modos de reproducci\u00f3n<\/p>\n<p style=\"font-family: Arial, Helvetica, sans-serif; font-size: 14px; text-align: left;\">\u2022 Varios grados de reacciones positivas y negativas<\/p>\n<p style=\"font-family: Arial, Helvetica, sans-serif; font-size: 14px; text-align: left;\">\u2022 Adorable im\u00e1genes de cachorro mantendr\u00e1 a sus hijos queriendo volver y aprender<\/p>\n<p style=\"font-family: Arial, Helvetica, sans-serif; font-size: 14px; text-align: left;\">\u2022 Gran herramienta para ayudar a ni\u00f1os preescolares y ni\u00f1os peque\u00f1os a aprender a contar y aprender n\u00fameros<\/p>\n<\/div><\/section><\/p><\/div>\n<div  class='hr av-av_hr-dcd2069817a0e3d34ae04cad8f3443c7 hr-default  avia-builder-el-20  el_after_av_one_half  el_before_av_one_full '><span class='hr-inner '><span class=\"hr-inner-style\"><\/span><\/span><\/div>\n<div  class='flex_column av-av_one_full-2a9015ff38129c418a3f2eafba3e9512 av_one_full  avia-builder-el-21  el_after_av_hr  el_before_av_one_third  first flex_column_div  '     ><style type=\"text\/css\" data-created_by=\"avia_inline_auto\" id=\"style-css-av-av_heading-13ad63102cc2efac4c40c19a7839cf0a\">\n#top .av-special-heading.av-av_heading-13ad63102cc2efac4c40c19a7839cf0a{\npadding-bottom:10px;\n}\nbody .av-special-heading.av-av_heading-13ad63102cc2efac4c40c19a7839cf0a .av-special-heading-tag .heading-char{\nfont-size:25px;\n}\n.av-special-heading.av-av_heading-13ad63102cc2efac4c40c19a7839cf0a .av-subheading{\nfont-size:15px;\n}\n<\/style>\n<div  class='av-special-heading av-av_heading-13ad63102cc2efac4c40c19a7839cf0a av-special-heading-h3  avia-builder-el-22  avia-builder-el-no-sibling '><h3 class='av-special-heading-tag'  itemprop=\"headline\"  >Tres maneras distintas de jugar permiten aprender con entusiasmo y divirti\u00e9ndose:<\/h3><div class=\"special-heading-border\"><div class=\"special-heading-inner-border\"><\/div><\/div><\/div><\/div>\n<div  class='flex_column av-av_one_third-2a9015ff38129c418a3f2eafba3e9512 av_one_third  avia-builder-el-23  el_after_av_one_full  el_before_av_one_third  first flex_column_div  column-top-margin'     ><section  class='av_textblock_section av-av_textblock-0366cc7376be6c9e82a3e9cc8987b64f '   itemscope=\"itemscope\" itemtype=\"https:\/\/schema.org\/CreativeWork\" ><div class='avia_textblock'  itemprop=\"text\" ><p style=\"font-family: Arial, Helvetica, sans-serif; font-size: 14px; text-align: left;\"><strong>1. Aprende a Contar<\/strong><\/p>\n<p style=\"font-family: Arial, Helvetica, sans-serif; font-size: 14px; text-align: left;\">\u2022 Los n\u00fameros se leen en alta voz y aparecen fotos muy lindas de los cachorros<\/p>\n<p style=\"font-family: Arial, Helvetica, sans-serif; font-size: 14px; text-align: left;\">\u2022 Desliza el n\u00famero har\u00e1 que se repita<\/p>\n<p style=\"font-family: Arial, Helvetica, sans-serif; font-size: 14px; text-align: left;\">\u2022 Toca el n\u00famero trae una nueva imagen para el mismo n\u00famero<\/p>\n<p style=\"font-family: Arial, Helvetica, sans-serif; font-size: 14px; text-align: left;\">\u2022 Toca los cachorros para hacerlos ladrar<\/p>\n<p style=\"font-family: Arial, Helvetica, sans-serif; font-size: 14px; text-align: left;\">\u2022 Da vuelta la p\u00e1gina para obtener el n\u00famero siguiente<\/p>\n<\/div><\/section><\/div>\n<div  class='flex_column av-av_one_third-52c89597409f646e66e7cc675a5d9b4a av_one_third  avia-builder-el-25  el_after_av_one_third  el_before_av_one_third  flex_column_div  column-top-margin'     ><section  class='av_textblock_section av-av_textblock-0366cc7376be6c9e82a3e9cc8987b64f '   itemscope=\"itemscope\" itemtype=\"https:\/\/schema.org\/CreativeWork\" ><div class='avia_textblock'  itemprop=\"text\" ><p style=\"font-family: Arial, Helvetica, sans-serif; font-size: 14px; text-align: left;\"><strong>2. Elije el N\u00famero<\/strong><\/p>\n<p style=\"font-family: Arial, Helvetica, sans-serif; font-size: 14px; text-align: left;\">\u2022 Los cachorros y tres n\u00fameros aparecen mientras se pregunta &#8220;\u00bfCu\u00e1l es el n\u00famero de cachorros?&#8221;<\/p>\n<p style=\"font-family: Arial, Helvetica, sans-serif; font-size: 14px; text-align: left;\">\u2022 Las manos peque\u00f1as pueden tocar uno de los tres n\u00fameros obteniendo una reacci\u00f3n verbal inmediata a su elecci\u00f3n<\/p>\n<p style=\"font-family: Arial, Helvetica, sans-serif; font-size: 14px; text-align: left;\">\u2022 Ganas una estrella cuando das la respuesta correcta a la primera vez<\/p>\n<p style=\"font-family: Arial, Helvetica, sans-serif; font-size: 14px; text-align: left;\">\u2022 Toca los cachorros para hacerlos ladrar<\/p>\n<p style=\"font-family: Arial, Helvetica, sans-serif; font-size: 14px; text-align: left;\">\u2022 Da vuelta la p\u00e1gina para obtener un nuevo juego<\/p>\n<\/div><\/section><\/div>\n<div  class='flex_column av-av_one_third-52c89597409f646e66e7cc675a5d9b4a av_one_third  avia-builder-el-27  el_after_av_one_third  el_before_av_one_half  flex_column_div  column-top-margin'     ><section  class='av_textblock_section av-av_textblock-0366cc7376be6c9e82a3e9cc8987b64f '   itemscope=\"itemscope\" itemtype=\"https:\/\/schema.org\/CreativeWork\" ><div class='avia_textblock'  itemprop=\"text\" ><p style=\"font-family: Arial, Helvetica, sans-serif; font-size: 14px; text-align: left;\"><strong>3. Elije el Cachorros<\/strong><\/p>\n<p style=\"font-family: Arial, Helvetica, sans-serif; font-size: 14px; text-align: left;\">\u2022 Un n\u00famero y cuatro grupos de cachorros aparecen y se le pide que toque el grupo de cachorros que coinciden<\/p>\n<p style=\"font-family: Arial, Helvetica, sans-serif; font-size: 14px; text-align: left;\">\u2022 Las manos peque\u00f1as pueden tocar uno de los cuatro grupos de cachorros obteniendo una reacci\u00f3n verbal inmediata en su elecci\u00f3n<\/p>\n<p style=\"font-family: Arial, Helvetica, sans-serif; font-size: 14px; text-align: left;\">\u2022 Ganas una estrella cuando das la respuesta correcta a la primera vez<\/p>\n<p style=\"font-family: Arial, Helvetica, sans-serif; font-size: 14px; text-align: left;\">\u2022 Da vuelta la p\u00e1gina para obtener un nuevo juego<\/p>\n<\/div><\/section><\/div>\n<div  class='flex_column av-av_one_half-2a9015ff38129c418a3f2eafba3e9512 av_one_half  avia-builder-el-29  el_after_av_one_third  el_before_av_one_half  first flex_column_div  column-top-margin'     ><section  class='av_textblock_section av-av_textblock-0366cc7376be6c9e82a3e9cc8987b64f '   itemscope=\"itemscope\" itemtype=\"https:\/\/schema.org\/CreativeWork\" ><div class='avia_textblock'  itemprop=\"text\" ><p style=\"text-align: center;\"><video controls=\"controls\" width=\"640\" height=\"360\"><source src=\"http:\/\/www.adstradb.com\/webvideo\/Z10P1.MOV\" type=\"video\/mp4\" \/>Your browser does not support the video tag.<\/video><\/p>\n<\/div><\/section><\/div>\n<div  class='flex_column av-av_one_half-52c89597409f646e66e7cc675a5d9b4a av_one_half  avia-builder-el-31  el_after_av_one_half  avia-builder-el-last  flex_column_div  column-top-margin'     ><p><div  class='avia-icon-list-container av-av_iconlist-c9265973fe37925e1675fd541a8fb5d9  avia-builder-el-32  el_before_av_hr  avia-builder-el-first '><ul class='avia-icon-list avia_animate_when_almost_visible avia-icon-list-left av-iconlist-big av-av_iconlist-c9265973fe37925e1675fd541a8fb5d9 avia-iconlist-animate'>\n<li><a href='https:\/\/twitter.com\/zurapps' title='Follow us on Twitter!' target=\"_blank\" rel=\"noopener noreferrer\" class='iconlist_icon av-av_iconlist_item-2a28934330efd694e6f9bf3998b4277e avia-font-entypo-fontello'><span class='iconlist-char' aria-hidden='true' data-av_icon='\ue8f1' data-av_iconfont='entypo-fontello'><\/span><\/a><article class=\"article-icon-entry av-iconlist-empty\"  itemscope=\"itemscope\" itemtype=\"https:\/\/schema.org\/CreativeWork\" ><div class=\"iconlist_content_wrap\"><header class=\"entry-content-header\"><h4 class='av_iconlist_title iconlist_title  '  itemprop=\"headline\" ><a href='https:\/\/twitter.com\/zurapps' title='Follow us on Twitter!' target=\"_blank\" rel=\"noopener noreferrer\">Follow us on Twitter!<\/a><\/h4><\/header><div class='iconlist_content '  itemprop=\"text\" ><\/div><\/div><footer class=\"entry-footer\"><\/footer><\/article><div class=\"iconlist-timeline\"><\/div><\/li>\n<li><a href='https:\/\/www.facebook.com\/ZurApps\/' title='Like us on Facebook!' target=\"_blank\" rel=\"noopener noreferrer\" class='iconlist_icon av-av_iconlist_item-5fb13ce5733a91333ce6713fd347b32c avia-font-entypo-fontello'><span class='iconlist-char' aria-hidden='true' data-av_icon='\ue8f5' data-av_iconfont='entypo-fontello'><\/span><\/a><article class=\"article-icon-entry av-iconlist-empty\"  itemscope=\"itemscope\" itemtype=\"https:\/\/schema.org\/CreativeWork\" ><div class=\"iconlist_content_wrap\"><header class=\"entry-content-header\"><h4 class='av_iconlist_title iconlist_title  '  itemprop=\"headline\" ><a href='https:\/\/www.facebook.com\/ZurApps\/' title='Like us on Facebook!' target=\"_blank\" rel=\"noopener noreferrer\">Like us on Facebook!<\/a><\/h4><\/header><div class='iconlist_content '  itemprop=\"text\" ><\/div><\/div><footer class=\"entry-footer\"><\/footer><\/article><div class=\"iconlist-timeline\"><\/div><\/li>\n<li><a href='https:\/\/www.youtube.com\/channel\/UCTVm_g5ww1kfeo9AFDkNdJw\/campaign' title='Subscribe on YouTube!' target=\"_blank\" rel=\"noopener noreferrer\" class='iconlist_icon av-av_iconlist_item-5e30e06c894c1bc3f140707d553bd045 avia-font-entypo-fontello'><span class='iconlist-char' aria-hidden='true' data-av_icon='\ue921' data-av_iconfont='entypo-fontello'><\/span><\/a><article class=\"article-icon-entry av-iconlist-empty\"  itemscope=\"itemscope\" itemtype=\"https:\/\/schema.org\/CreativeWork\" ><div class=\"iconlist_content_wrap\"><header class=\"entry-content-header\"><h4 class='av_iconlist_title iconlist_title  '  itemprop=\"headline\" ><a href='https:\/\/www.youtube.com\/channel\/UCTVm_g5ww1kfeo9AFDkNdJw\/campaign' title='Subscribe on YouTube!' target=\"_blank\" rel=\"noopener noreferrer\">Subscribe on YouTube!<\/a><\/h4><\/header><div class='iconlist_content '  itemprop=\"text\" ><\/div><\/div><footer class=\"entry-footer\"><\/footer><\/article><div class=\"iconlist-timeline\"><\/div><\/li>\n<\/ul><\/div><br \/>\n\n<style type=\"text\/css\" data-created_by=\"avia_inline_auto\" id=\"style-css-av-av_hr-0688d0b0b6ed2f8b057db7a8270206df\">\n#top .hr.hr-invisible.av-av_hr-0688d0b0b6ed2f8b057db7a8270206df{\nheight:50px;\n}\n<\/style>\n<div  class='hr av-av_hr-0688d0b0b6ed2f8b057db7a8270206df hr-invisible  avia-builder-el-33  el_after_av_iconlist  el_before_av_image '><span class='hr-inner '><span class=\"hr-inner-style\"><\/span><\/span><\/div><br \/>\n\n<style type=\"text\/css\" data-created_by=\"avia_inline_auto\" id=\"style-css-av-av_image-6050e5fbc631ec4c8501aa8d7cf42974\">\n.avia-image-container.av-av_image-6050e5fbc631ec4c8501aa8d7cf42974 img.avia_image{\nbox-shadow:none;\n}\n.avia-image-container.av-av_image-6050e5fbc631ec4c8501aa8d7cf42974 .av-image-caption-overlay-center{\ncolor:#ffffff;\n}\n<\/style>\n<div  class='avia-image-container av-av_image-6050e5fbc631ec4c8501aa8d7cf42974 av-styling- avia-align-center  avia-builder-el-34  el_after_av_hr  avia-builder-el-last '   itemprop=\"image\" itemscope=\"itemscope\" itemtype=\"https:\/\/schema.org\/ImageObject\" ><div class=\"avia-image-container-inner\"><div class=\"avia-image-overlay-wrap\"><img decoding=\"async\" fetchpriority=\"high\" class='wp-image-8708 avia-img-lazy-loading-not-8708 avia_image ' src=\"https:\/\/zurapps.com\/all\/wp-content\/uploads\/2013\/06\/10-Puppies11.png\" alt='' title='10 Puppies(1)'  height=\"768\" width=\"768\"  itemprop=\"thumbnailUrl\" srcset=\"https:\/\/zurapps.com\/all\/wp-content\/uploads\/2013\/06\/10-Puppies11.png 768w, https:\/\/zurapps.com\/all\/wp-content\/uploads\/2013\/06\/10-Puppies11-80x80.png 80w, https:\/\/zurapps.com\/all\/wp-content\/uploads\/2013\/06\/10-Puppies11-300x300.png 300w, https:\/\/zurapps.com\/all\/wp-content\/uploads\/2013\/06\/10-Puppies11-36x36.png 36w, https:\/\/zurapps.com\/all\/wp-content\/uploads\/2013\/06\/10-Puppies11-180x180.png 180w, https:\/\/zurapps.com\/all\/wp-content\/uploads\/2013\/06\/10-Puppies11-705x705.png 705w, https:\/\/zurapps.com\/all\/wp-content\/uploads\/2013\/06\/10-Puppies11-120x120.png 120w, https:\/\/zurapps.com\/all\/wp-content\/uploads\/2013\/06\/10-Puppies11-450x450.png 450w\" sizes=\"(max-width: 768px) 100vw, 768px\" \/><\/div><\/div><\/div><\/p><\/div>\n","protected":false},"excerpt":{"rendered":"","protected":false},"author":4,"featured_media":0,"parent":2182,"menu_order":0,"comment_status":"open","ping_status":"open","template":"","meta":{"_monsterinsights_skip_tracking":false,"_monsterinsights_sitenote_active":false,"_monsterinsights_sitenote_note":"","_monsterinsights_sitenote_category":0,"footnotes":""},"_links":{"self":[{"href":"https:\/\/zurapps.com\/all\/index.php?rest_route=\/wp\/v2\/pages\/2185"}],"collection":[{"href":"https:\/\/zurapps.com\/all\/index.php?rest_route=\/wp\/v2\/pages"}],"about":[{"href":"https:\/\/zurapps.com\/all\/index.php?rest_route=\/wp\/v2\/types\/page"}],"author":[{"embeddable":true,"href":"https:\/\/zurapps.com\/all\/index.php?rest_route=\/wp\/v2\/users\/4"}],"replies":[{"embeddable":true,"href":"https:\/\/zurapps.com\/all\/index.php?rest_route=%2Fwp%2Fv2%2Fcomments&post=2185"}],"version-history":[{"count":33,"href":"https:\/\/zurapps.com\/all\/index.php?rest_route=\/wp\/v2\/pages\/2185\/revisions"}],"predecessor-version":[{"id":10212,"href":"https:\/\/zurapps.com\/all\/index.php?rest_route=\/wp\/v2\/pages\/2185\/revisions\/10212"}],"up":[{"embeddable":true,"href":"https:\/\/zurapps.com\/all\/index.php?rest_route=\/wp\/v2\/pages\/2182"}],"wp:attachment":[{"href":"https:\/\/zurapps.com\/all\/index.php?rest_route=%2Fwp%2Fv2%2Fmedia&parent=2185"}],"curies":[{"name":"wp","href":"https:\/\/api.w.org\/{rel}","templated":true}]}}