{"id":2188,"date":"2013-06-18T20:26:49","date_gmt":"2013-06-07T14:59:18","guid":{"rendered":"http:\/\/zurapps.com\/all\/?page_id=2188"},"modified":"2021-05-18T15:07:39","modified_gmt":"2021-05-18T19:07:39","slug":"encuentra-aprende","status":"publish","type":"page","link":"https:\/\/zurapps.com\/all\/?page_id=2188","title":{"rendered":"Encuentra + Aprende"},"content":{"rendered":"<div id='layer_slider_1'  class='avia-layerslider main_color avia-shadow  avia-builder-el-0  el_before_av_section  avia-builder-el-first  container_wrap sidebar_right'  style='height: 251px;'  ><\/div>\n\n<style type=\"text\/css\" data-created_by=\"avia_inline_auto\" id=\"style-css-av-av_section-6fb3c5cb687e78ce999e890aceb775a3\">\n.avia-section.av-av_section-6fb3c5cb687e78ce999e890aceb775a3{\nbackground-color:#dddddd;\nbackground-image:unset;\n}\n<\/style>\n<div id='av_section_1'  class='avia-section av-av_section-6fb3c5cb687e78ce999e890aceb775a3 main_color avia-section-default avia-no-shadow  avia-builder-el-1  el_after_av_layerslider  el_before_av_two_third  avia-bg-style-scroll container_wrap sidebar_right'  ><div class='container av-section-cont-open' ><div class='template-page content  av-content-small alpha units'><div class='post-entry post-entry-type-page post-entry-2188'><div class='entry-content-wrapper clearfix'>\n<div  class='flex_column av-av_one_full-2a9015ff38129c418a3f2eafba3e9512 av_one_full  avia-builder-el-2  avia-builder-el-no-sibling  first flex_column_div  '     ><style type=\"text\/css\" data-created_by=\"avia_inline_auto\" id=\"style-css-av-av_heading-fdb754838e22dcf7280f355bf098d532\">\n#top .av-special-heading.av-av_heading-fdb754838e22dcf7280f355bf098d532{\npadding-bottom:10px;\n}\nbody .av-special-heading.av-av_heading-fdb754838e22dcf7280f355bf098d532 .av-special-heading-tag .heading-char{\nfont-size:25px;\n}\n.av-special-heading.av-av_heading-fdb754838e22dcf7280f355bf098d532 .av-subheading{\nfont-size:15px;\n}\n<\/style>\n<div  class='av-special-heading av-av_heading-fdb754838e22dcf7280f355bf098d532 av-special-heading-h3  avia-builder-el-3  avia-builder-el-no-sibling '><h3 class='av-special-heading-tag'  itemprop=\"headline\"  >Descargue nuestros juegos preescolares libres y dar a sus hijos las maneras m\u00e1s frescas para aprender idiomas con Encuentra + Aprende.<\/h3><div class=\"special-heading-border\"><div class=\"special-heading-inner-border\"><\/div><\/div><\/div><\/div>\n<\/div><\/div><\/div><!-- close content main div --><\/div><\/div><div id='after_section_1'  class='main_color av_default_container_wrap container_wrap sidebar_right'  ><div class='container av-section-cont-open' ><div class='template-page content  av-content-small alpha units'><div class='post-entry post-entry-type-page post-entry-2188'><div class='entry-content-wrapper clearfix'>\n<div  class='flex_column av-av_two_third-2a9015ff38129c418a3f2eafba3e9512 av_two_third  avia-builder-el-4  el_after_av_section  el_before_av_one_third  avia-builder-el-first  first flex_column_div  '     ><style type=\"text\/css\" data-created_by=\"avia_inline_auto\" id=\"style-css-av-av_image-d8100c3d6b043cabbbfc71853f0e95a3\">\n.avia-image-container.av-av_image-d8100c3d6b043cabbbfc71853f0e95a3 img.avia_image{\nbox-shadow:none;\n}\n.avia-image-container.av-av_image-d8100c3d6b043cabbbfc71853f0e95a3 .av-image-caption-overlay-center{\ncolor:#ffffff;\n}\n<\/style>\n<div  class='avia-image-container av-av_image-d8100c3d6b043cabbbfc71853f0e95a3 av-styling- avia-align-center  avia-builder-el-5  avia-builder-el-no-sibling '   itemprop=\"image\" itemscope=\"itemscope\" itemtype=\"https:\/\/schema.org\/ImageObject\" ><div class=\"avia-image-container-inner\"><div class=\"avia-image-overlay-wrap\"><img decoding=\"async\" fetchpriority=\"high\" class='wp-image-10641 avia-img-lazy-loading-not-10641 avia_image ' src=\"https:\/\/zurapps.com\/all\/wp-content\/uploads\/2021\/05\/Untitled-design-7-2-300x300.png\" alt='Find + Learn' title='Find + Learn icon'  height=\"300\" width=\"300\"  itemprop=\"thumbnailUrl\" srcset=\"https:\/\/zurapps.com\/all\/wp-content\/uploads\/2021\/05\/Untitled-design-7-2-300x300.png 300w, https:\/\/zurapps.com\/all\/wp-content\/uploads\/2021\/05\/Untitled-design-7-2-80x80.png 80w, https:\/\/zurapps.com\/all\/wp-content\/uploads\/2021\/05\/Untitled-design-7-2-768x768.png 768w, https:\/\/zurapps.com\/all\/wp-content\/uploads\/2021\/05\/Untitled-design-7-2-1030x1030.png 1030w, https:\/\/zurapps.com\/all\/wp-content\/uploads\/2021\/05\/Untitled-design-7-2-36x36.png 36w, https:\/\/zurapps.com\/all\/wp-content\/uploads\/2021\/05\/Untitled-design-7-2-180x180.png 180w, https:\/\/zurapps.com\/all\/wp-content\/uploads\/2021\/05\/Untitled-design-7-2-1500x1500.png 1500w, https:\/\/zurapps.com\/all\/wp-content\/uploads\/2021\/05\/Untitled-design-7-2-705x705.png 705w, https:\/\/zurapps.com\/all\/wp-content\/uploads\/2021\/05\/Untitled-design-7-2-120x120.png 120w, https:\/\/zurapps.com\/all\/wp-content\/uploads\/2021\/05\/Untitled-design-7-2-450x450.png 450w, https:\/\/zurapps.com\/all\/wp-content\/uploads\/2021\/05\/Untitled-design-7-2.png 2048w\" sizes=\"(max-width: 300px) 100vw, 300px\" \/><\/div><\/div><\/div><\/div><div  class='flex_column av-av_one_third-52c89597409f646e66e7cc675a5d9b4a av_one_third  avia-builder-el-6  el_after_av_two_third  el_before_av_one_half  flex_column_div  '     ><p><div  class='avia-button-wrap av-av_button-9ede67e8dd4e54ec143c7e7235509a5b-wrap avia-button-center  avia-builder-el-7  el_before_av_textblock  avia-builder-el-first '><a href='https:\/\/itunes.apple.com\/us\/app\/find-learn\/id384944659?ls=1&amp;mt=8' class='avia-button av-av_button-9ede67e8dd4e54ec143c7e7235509a5b av-link-btn avia-icon_select-no avia-size-large avia-position-center avia-color-silver' target=\"_blank\" rel=\"noopener noreferrer\"><span class='avia_iconbox_title' >Encuentra + Aprende<\/span><\/a><\/div><br \/>\n<section  class='av_textblock_section av-av_textblock-0366cc7376be6c9e82a3e9cc8987b64f '   itemscope=\"itemscope\" itemtype=\"https:\/\/schema.org\/CreativeWork\" ><div class='avia_textblock'  itemprop=\"text\" ><p style=\"text-align: center;\"><a href=\"https:\/\/itunes.apple.com\/us\/app\/find-learn\/id384944659?ls=1&amp;mt=8\"><img loading=\"lazy\" decoding=\"async\" class=\"aligncenter size-full wp-image-2835\" src=\"https:\/\/zurapps.com\/all\/wp-content\/uploads\/2013\/06\/App_Store_Badge_SP.png\" alt=\"App_Store_Badge_SP\" width=\"155\" height=\"60\" \/><\/a><\/p>\n<\/div><\/section><br \/>\n<div  class='avia-button-wrap av-av_button-84f67bbeab6b5c1273f359b9f1b34568-wrap avia-button-center  avia-builder-el-9  el_after_av_textblock  el_before_av_textblock '><a href='https:\/\/itunes.apple.com\/us\/app\/find-learn-edu\/id578349427?ls=1&amp;mt=8' class='avia-button av-av_button-84f67bbeab6b5c1273f359b9f1b34568 av-link-btn avia-icon_select-no avia-size-large avia-position-center avia-color-silver' target=\"_blank\" rel=\"noopener noreferrer\"><span class='avia_iconbox_title' >Encuentra + Aprende EDU<\/span><\/a><\/div><br \/>\n<section  class='av_textblock_section av-av_textblock-0366cc7376be6c9e82a3e9cc8987b64f '   itemscope=\"itemscope\" itemtype=\"https:\/\/schema.org\/CreativeWork\" ><div class='avia_textblock'  itemprop=\"text\" ><p style=\"text-align: center;\"><a href=\"https:\/\/itunes.apple.com\/us\/app\/find-learn-edu\/id578349427?ls=1&amp;mt=8\"><img loading=\"lazy\" decoding=\"async\" class=\"aligncenter size-full wp-image-2835\" src=\"https:\/\/zurapps.com\/all\/wp-content\/uploads\/2013\/06\/App_Store_Badge_SP.png\" alt=\"App_Store_Badge_SP\" width=\"155\" height=\"60\" \/><\/a><\/p>\n<\/div><\/section><\/p><\/div><\/p>\n<div  class='flex_column av-av_one_half-2a9015ff38129c418a3f2eafba3e9512 av_one_half  avia-builder-el-11  el_after_av_one_third  el_before_av_one_half  first flex_column_div  column-top-margin'     ><section  class='av_textblock_section av-av_textblock-0366cc7376be6c9e82a3e9cc8987b64f '   itemscope=\"itemscope\" itemtype=\"https:\/\/schema.org\/CreativeWork\" ><div class='avia_textblock'  itemprop=\"text\" ><p style=\"font-family: Arial, Helvetica, sans-serif; font-size: 20px; text-align: center;\"><strong>Encuentra + Aprende<\/strong> es un app que habla con un dise\u00f1o delicioso y colecciones tem\u00e1ticas que contienen palabras con sus im\u00e1genes y sus narraciones.<\/p>\n<p style=\"font-family: Arial, Helvetica, sans-serif; font-size: 20px; text-align: center;\">Una manera divertida y cool de aprender palabras en <strong>ingl\u00e9s, franc\u00e9s, y espa\u00f1ol<\/strong> con esta herramienta interactiva para los ni\u00f1os, as\u00ed como cualquiera que desee aprender un nuevo idioma.<\/p>\n<\/div><\/section><\/div>\n<div  class='flex_column av-av_one_half-52c89597409f646e66e7cc675a5d9b4a av_one_half  avia-builder-el-13  el_after_av_one_half  el_before_av_one_half  flex_column_div  column-top-margin'     ><style type=\"text\/css\" data-created_by=\"avia_inline_auto\" id=\"style-css-av-av_image-8fa5571f324de150fabdae9dfba6f3a3\">\n.avia-image-container.av-av_image-8fa5571f324de150fabdae9dfba6f3a3 img.avia_image{\nbox-shadow:none;\n}\n.avia-image-container.av-av_image-8fa5571f324de150fabdae9dfba6f3a3 .av-image-caption-overlay-center{\ncolor:#ffffff;\n}\n<\/style>\n<div  class='avia-image-container av-av_image-8fa5571f324de150fabdae9dfba6f3a3 av-styling- avia-align-center  avia-builder-el-14  avia-builder-el-no-sibling '   itemprop=\"image\" itemscope=\"itemscope\" itemtype=\"https:\/\/schema.org\/ImageObject\" ><div class=\"avia-image-container-inner\"><div class=\"avia-image-overlay-wrap\"><img decoding=\"async\" fetchpriority=\"high\" class='wp-image-8715 avia-img-lazy-loading-not-8715 avia_image ' src=\"https:\/\/zurapps.com\/all\/wp-content\/uploads\/2013\/06\/FL0ES-215x300.png\" alt='' title='FL0ES'  height=\"300\" width=\"215\"  itemprop=\"thumbnailUrl\" srcset=\"https:\/\/zurapps.com\/all\/wp-content\/uploads\/2013\/06\/FL0ES-215x300.png 215w, https:\/\/zurapps.com\/all\/wp-content\/uploads\/2013\/06\/FL0ES.png 345w\" sizes=\"(max-width: 215px) 100vw, 215px\" \/><\/div><\/div><\/div><\/div>\n<div  class='flex_column av-av_one_half-2a9015ff38129c418a3f2eafba3e9512 av_one_half  avia-builder-el-15  el_after_av_one_half  el_before_av_one_half  first flex_column_div  column-top-margin'     ><section  class='av_textblock_section av-av_textblock-0366cc7376be6c9e82a3e9cc8987b64f '   itemscope=\"itemscope\" itemtype=\"https:\/\/schema.org\/CreativeWork\" ><div class='avia_textblock'  itemprop=\"text\" ><p style=\"font-family: Arial, Helvetica, sans-serif; font-size: 16px; text-align: center;\"><strong>Dos modos de jugar<\/strong> con elementos interactivos refuerzan el aprendizaje y mantendr\u00e1n el inter\u00e9s:<\/p>\n<p style=\"font-family: Arial, Helvetica, sans-serif; font-size: 16px; text-align: center;\">\u201c<strong>Aprende<\/strong>\u201d es un audio libro.<\/p>\n<p style=\"font-family: Arial, Helvetica, sans-serif; font-size: 16px; text-align: center;\">\u201c<strong>Encuentra<\/strong>\u201d te pide encontrar la imagen que corresponde a una palabra en particular.<\/p>\n<\/div><\/section><\/div>\n<div  class='flex_column av-av_one_half-52c89597409f646e66e7cc675a5d9b4a av_one_half  avia-builder-el-17  el_after_av_one_half  el_before_av_one_half  flex_column_div  column-top-margin'     ><section  class='av_textblock_section av-av_textblock-0366cc7376be6c9e82a3e9cc8987b64f '   itemscope=\"itemscope\" itemtype=\"https:\/\/schema.org\/CreativeWork\" ><div class='avia_textblock'  itemprop=\"text\" ><p style=\"font-family: Arial, Helvetica, sans-serif; font-size: 16px; text-align: center;\">Grupos se pueden definir con hasta <strong>cuatro colecciones<\/strong> cada uno par el modo \u201cEncuentra\u201d.<\/p>\n<p style=\"font-family: Arial, Helvetica, sans-serif; font-size: 16px; text-align: center;\">Un idioma y las colecciones <strong>Animales y N\u00fameros<\/strong> est\u00e1n incluidos en la aplicaci\u00f3n gratuita. Los otros idiomas y colecciones se pueden agregar a trav\u00e9s de opciones de <strong>compra In App<\/strong>.<\/p>\n<\/div><\/section><\/div>\n<div  class='flex_column av-av_one_half-2a9015ff38129c418a3f2eafba3e9512 av_one_half  avia-builder-el-19  el_after_av_one_half  el_before_av_one_half  first flex_column_div  column-top-margin'     ><style type=\"text\/css\" data-created_by=\"avia_inline_auto\" id=\"style-css-av-av_image-6d6bb14c8e4194b938d84c02331ee810\">\n.avia-image-container.av-av_image-6d6bb14c8e4194b938d84c02331ee810 img.avia_image{\nbox-shadow:none;\n}\n.avia-image-container.av-av_image-6d6bb14c8e4194b938d84c02331ee810 .av-image-caption-overlay-center{\ncolor:#ffffff;\n}\n<\/style>\n<div  class='avia-image-container av-av_image-6d6bb14c8e4194b938d84c02331ee810 av-styling- avia-align-center  avia-builder-el-20  avia-builder-el-no-sibling '   itemprop=\"image\" itemscope=\"itemscope\" itemtype=\"https:\/\/schema.org\/ImageObject\" ><div class=\"avia-image-container-inner\"><div class=\"avia-image-overlay-wrap\"><img decoding=\"async\" fetchpriority=\"high\" class='wp-image-8714 avia-img-lazy-loading-not-8714 avia_image ' src=\"https:\/\/zurapps.com\/all\/wp-content\/uploads\/2013\/06\/FindLearn4-300x300.png\" alt='' title='FindLearn'  height=\"300\" width=\"300\"  itemprop=\"thumbnailUrl\" srcset=\"https:\/\/zurapps.com\/all\/wp-content\/uploads\/2013\/06\/FindLearn4-300x300.png 300w, https:\/\/zurapps.com\/all\/wp-content\/uploads\/2013\/06\/FindLearn4-80x80.png 80w, https:\/\/zurapps.com\/all\/wp-content\/uploads\/2013\/06\/FindLearn4-36x36.png 36w, https:\/\/zurapps.com\/all\/wp-content\/uploads\/2013\/06\/FindLearn4-180x180.png 180w, https:\/\/zurapps.com\/all\/wp-content\/uploads\/2013\/06\/FindLearn4-705x705.png 705w, https:\/\/zurapps.com\/all\/wp-content\/uploads\/2013\/06\/FindLearn4-120x120.png 120w, https:\/\/zurapps.com\/all\/wp-content\/uploads\/2013\/06\/FindLearn4-450x450.png 450w, https:\/\/zurapps.com\/all\/wp-content\/uploads\/2013\/06\/FindLearn4.png 768w\" sizes=\"(max-width: 300px) 100vw, 300px\" \/><\/div><\/div><\/div><\/div>\n<div  class='flex_column av-av_one_half-52c89597409f646e66e7cc675a5d9b4a av_one_half  avia-builder-el-21  el_after_av_one_half  el_before_av_one_full  flex_column_div  column-top-margin'     ><p>\n<style type=\"text\/css\" data-created_by=\"avia_inline_auto\" id=\"style-css-av-av_heading-f29991655d36787f6229bf10ff0a9341\">\n#top .av-special-heading.av-av_heading-f29991655d36787f6229bf10ff0a9341{\npadding-bottom:10px;\n}\nbody .av-special-heading.av-av_heading-f29991655d36787f6229bf10ff0a9341 .av-special-heading-tag .heading-char{\nfont-size:25px;\n}\n.av-special-heading.av-av_heading-f29991655d36787f6229bf10ff0a9341 .av-subheading{\nfont-size:15px;\n}\n<\/style>\n<div  class='av-special-heading av-av_heading-f29991655d36787f6229bf10ff0a9341 av-special-heading-h3  avia-builder-el-22  el_before_av_textblock  avia-builder-el-first '><h3 class='av-special-heading-tag'  itemprop=\"headline\"  >Hecho para mayores de 4 a\u00f1os<\/h3><div class=\"special-heading-border\"><div class=\"special-heading-inner-border\"><\/div><\/div><\/div><br \/>\n<section  class='av_textblock_section av-av_textblock-0366cc7376be6c9e82a3e9cc8987b64f '   itemscope=\"itemscope\" itemtype=\"https:\/\/schema.org\/CreativeWork\" ><div class='avia_textblock'  itemprop=\"text\" ><p style=\"font-family: Arial, Helvetica, sans-serif; font-size: 16px; text-align: center;\"><span style=\"font-size: 16px;\"><strong>Encuentra + Aprende<\/strong>\u00a0es ideal para los ni\u00f1os.<br \/>\n<\/span><\/p>\n<p style=\"font-family: Arial, Helvetica, sans-serif; font-size: 16px; text-align: center;\"><span style=\"font-size: 16px;\">Utilice <strong>Encuentra + Aprende<\/strong>\u00a0para ayudar a ense\u00f1ar a los ni\u00f1os en edad preescolar mediante la asociaci\u00f3n de diferentes art\u00edculos con la imagen correspondiente.<br \/>\n<\/span><\/p>\n<p style=\"font-family: Arial, Helvetica, sans-serif; font-size: 16px; text-align: center;\"><span style=\"font-size: 16px;\">Con dos niveles de dificultad, <strong>Encuentra + Aprende<\/strong>\u00a0pondr\u00e1 a prueba a su ni\u00f1o o a su propio conocimiento.<\/span><\/p>\n<\/div><\/section><\/p><\/div>\n<div  class='flex_column av-av_one_full-2a9015ff38129c418a3f2eafba3e9512 av_one_full  avia-builder-el-24  el_after_av_one_half  el_before_av_hr  first flex_column_div  column-top-margin'     ><section  class='av_textblock_section av-av_textblock-0366cc7376be6c9e82a3e9cc8987b64f '   itemscope=\"itemscope\" itemtype=\"https:\/\/schema.org\/CreativeWork\" ><div class='avia_textblock'  itemprop=\"text\" ><p style=\"font-family: Arial, Helvetica, sans-serif; font-size: 16px; text-align: center;\"><span style=\"font-size: 16px;\">\u00bfEres un maestro en busca de una forma divertida e interactiva para ense\u00f1ar a los ni\u00f1os en su clase?<\/span><\/p>\n<p style=\"font-family: Arial, Helvetica, sans-serif; font-size: 16px; text-align: center;\"><span style=\"font-size: 16px;\"><strong>Encuentra + Aprende<\/strong>\u00a0est\u00e1 aqu\u00ed para ayudar! Compra\u00a0<strong>Encuentra + Aprende<\/strong> <strong>EDU<\/strong> y recibir todas las colecciones.<\/span><\/p>\n<\/div><\/section><\/div>\n<div  class='hr av-av_hr-dcd2069817a0e3d34ae04cad8f3443c7 hr-default  avia-builder-el-26  el_after_av_one_full  el_before_av_hr '><span class='hr-inner '><span class=\"hr-inner-style\"><\/span><\/span><\/div>\n\n<style type=\"text\/css\" data-created_by=\"avia_inline_auto\" id=\"style-css-av-av_hr-a6de236e6c183bbbd700292deacd2b52\">\n#top .hr.hr-invisible.av-av_hr-a6de236e6c183bbbd700292deacd2b52{\nheight:20px;\n}\n<\/style>\n<div  class='hr av-av_hr-a6de236e6c183bbbd700292deacd2b52 hr-invisible  avia-builder-el-27  el_after_av_hr  el_before_av_one_full '><span class='hr-inner '><span class=\"hr-inner-style\"><\/span><\/span><\/div>\n<div  class='flex_column av-av_one_full-2a9015ff38129c418a3f2eafba3e9512 av_one_full  avia-builder-el-28  el_after_av_hr  avia-builder-el-last  first flex_column_div  '     ><div  class='avia-video av-av_video-63cdbb8f19431ff8af1466c7fd1f15c0 avia-video-16-9 av-no-preview-image avia-video-load-always av-lazyload-immediate av-lazyload-video-embed'  itemprop=\"video\" itemtype=\"https:\/\/schema.org\/VideoObject\"  data-original_url='https:\/\/www.youtube.com\/watch?v=n-aU54lmY4k'><script type='text\/html' class='av-video-tmpl'><div class='avia-iframe-wrap'><iframe loading=\"lazy\" width=\"1333\" height=\"1000\" src=\"https:\/\/www.youtube.com\/embed\/n-aU54lmY4k?feature=oembed&autoplay=0&loop=0&controls=1&mute=0\" frameborder=\"0\" allowfullscreen><\/iframe><\/div><\/script><div class='av-click-to-play-overlay'><div class=\"avia_playpause_icon\"><\/div><\/div><\/div><\/div>\n","protected":false},"excerpt":{"rendered":"","protected":false},"author":4,"featured_media":0,"parent":2182,"menu_order":0,"comment_status":"open","ping_status":"open","template":"","meta":{"_monsterinsights_skip_tracking":false,"_monsterinsights_sitenote_active":false,"_monsterinsights_sitenote_note":"","_monsterinsights_sitenote_category":0,"footnotes":""},"_links":{"self":[{"href":"https:\/\/zurapps.com\/all\/index.php?rest_route=\/wp\/v2\/pages\/2188"}],"collection":[{"href":"https:\/\/zurapps.com\/all\/index.php?rest_route=\/wp\/v2\/pages"}],"about":[{"href":"https:\/\/zurapps.com\/all\/index.php?rest_route=\/wp\/v2\/types\/page"}],"author":[{"embeddable":true,"href":"https:\/\/zurapps.com\/all\/index.php?rest_route=\/wp\/v2\/users\/4"}],"replies":[{"embeddable":true,"href":"https:\/\/zurapps.com\/all\/index.php?rest_route=%2Fwp%2Fv2%2Fcomments&post=2188"}],"version-history":[{"count":25,"href":"https:\/\/zurapps.com\/all\/index.php?rest_route=\/wp\/v2\/pages\/2188\/revisions"}],"predecessor-version":[{"id":10648,"href":"https:\/\/zurapps.com\/all\/index.php?rest_route=\/wp\/v2\/pages\/2188\/revisions\/10648"}],"up":[{"embeddable":true,"href":"https:\/\/zurapps.com\/all\/index.php?rest_route=\/wp\/v2\/pages\/2182"}],"wp:attachment":[{"href":"https:\/\/zurapps.com\/all\/index.php?rest_route=%2Fwp%2Fv2%2Fmedia&parent=2188"}],"curies":[{"name":"wp","href":"https:\/\/api.w.org\/{rel}","templated":true}]}}