{"id":2193,"date":"2013-06-18T20:44:41","date_gmt":"2013-06-07T15:00:26","guid":{"rendered":"http:\/\/zurapps.com\/all\/?page_id=2193"},"modified":"2021-05-18T15:06:08","modified_gmt":"2021-05-18T19:06:08","slug":"dime-la-hora","status":"publish","type":"page","link":"https:\/\/zurapps.com\/all\/?page_id=2193","title":{"rendered":"Dime la Hora"},"content":{"rendered":"<div id='layer_slider_1'  class='avia-layerslider main_color avia-shadow  avia-builder-el-0  el_before_av_section  avia-builder-el-first  container_wrap sidebar_right'  style='height: 251px;'  ><\/div>\n\n<style type=\"text\/css\" data-created_by=\"avia_inline_auto\" id=\"style-css-av-av_section-6fb3c5cb687e78ce999e890aceb775a3\">\n.avia-section.av-av_section-6fb3c5cb687e78ce999e890aceb775a3{\nbackground-color:#dddddd;\nbackground-image:unset;\n}\n<\/style>\n<div id='av_section_1'  class='avia-section av-av_section-6fb3c5cb687e78ce999e890aceb775a3 main_color avia-section-default avia-no-shadow  avia-builder-el-1  el_after_av_layerslider  el_before_av_three_fifth  avia-bg-style-scroll container_wrap sidebar_right'  ><div class='container av-section-cont-open' ><div class='template-page content  av-content-small alpha units'><div class='post-entry post-entry-type-page post-entry-2193'><div class='entry-content-wrapper clearfix'>\n<div  class='flex_column av-av_one_full-2a9015ff38129c418a3f2eafba3e9512 av_one_full  avia-builder-el-2  avia-builder-el-no-sibling  first flex_column_div  '     ><style type=\"text\/css\" data-created_by=\"avia_inline_auto\" id=\"style-css-av-av_heading-fa543b7c0a43b3159ed9c8d30ff4f45a\">\n#top .av-special-heading.av-av_heading-fa543b7c0a43b3159ed9c8d30ff4f45a{\npadding-bottom:10px;\n}\nbody .av-special-heading.av-av_heading-fa543b7c0a43b3159ed9c8d30ff4f45a .av-special-heading-tag .heading-char{\nfont-size:25px;\n}\n.av-special-heading.av-av_heading-fa543b7c0a43b3159ed9c8d30ff4f45a .av-subheading{\nfont-size:15px;\n}\n<\/style>\n<div  class='av-special-heading av-av_heading-fa543b7c0a43b3159ed9c8d30ff4f45a av-special-heading-h3  avia-builder-el-3  avia-builder-el-no-sibling '><h3 class='av-special-heading-tag'  itemprop=\"headline\"  >Reforzar el aprendizaje y mantener el inter\u00e9s de su hijo con los mejores juegos de reloj para ni\u00f1os &#8211; Dime la Hora.<\/h3><div class=\"special-heading-border\"><div class=\"special-heading-inner-border\"><\/div><\/div><\/div><\/div>\n<\/div><\/div><\/div><!-- close content main div --><\/div><\/div><div id='after_section_1'  class='main_color av_default_container_wrap container_wrap sidebar_right'  ><div class='container av-section-cont-open' ><div class='template-page content  av-content-small alpha units'><div class='post-entry post-entry-type-page post-entry-2193'><div class='entry-content-wrapper clearfix'>\n<div  class='flex_column av-av_three_fifth-2a9015ff38129c418a3f2eafba3e9512 av_three_fifth  avia-builder-el-4  el_after_av_section  el_before_av_two_fifth  avia-builder-el-first  first flex_column_div  '     ><style type=\"text\/css\" data-created_by=\"avia_inline_auto\" id=\"style-css-av-av_image-eca7414622841dad15cca2b3c0c043c0\">\n.avia-image-container.av-av_image-eca7414622841dad15cca2b3c0c043c0 img.avia_image{\nbox-shadow:none;\n}\n.avia-image-container.av-av_image-eca7414622841dad15cca2b3c0c043c0 .av-image-caption-overlay-center{\ncolor:#ffffff;\n}\n<\/style>\n<div  class='avia-image-container av-av_image-eca7414622841dad15cca2b3c0c043c0 av-styling- avia-align-center  avia-builder-el-5  avia-builder-el-no-sibling '   itemprop=\"image\" itemscope=\"itemscope\" itemtype=\"https:\/\/schema.org\/ImageObject\" ><div class=\"avia-image-container-inner\"><div class=\"avia-image-overlay-wrap\"><img decoding=\"async\" fetchpriority=\"high\" class='wp-image-10643 avia-img-lazy-loading-not-10643 avia_image ' src=\"https:\/\/zurapps.com\/all\/wp-content\/uploads\/2021\/05\/Untitled-design-5-2-300x300.png\" alt='Kids Tell Time' title='Kids Tell Time icon'  height=\"300\" width=\"300\"  itemprop=\"thumbnailUrl\" srcset=\"https:\/\/zurapps.com\/all\/wp-content\/uploads\/2021\/05\/Untitled-design-5-2-300x300.png 300w, https:\/\/zurapps.com\/all\/wp-content\/uploads\/2021\/05\/Untitled-design-5-2-80x80.png 80w, https:\/\/zurapps.com\/all\/wp-content\/uploads\/2021\/05\/Untitled-design-5-2-768x768.png 768w, https:\/\/zurapps.com\/all\/wp-content\/uploads\/2021\/05\/Untitled-design-5-2-1030x1030.png 1030w, https:\/\/zurapps.com\/all\/wp-content\/uploads\/2021\/05\/Untitled-design-5-2-36x36.png 36w, https:\/\/zurapps.com\/all\/wp-content\/uploads\/2021\/05\/Untitled-design-5-2-180x180.png 180w, https:\/\/zurapps.com\/all\/wp-content\/uploads\/2021\/05\/Untitled-design-5-2-1500x1500.png 1500w, https:\/\/zurapps.com\/all\/wp-content\/uploads\/2021\/05\/Untitled-design-5-2-705x705.png 705w, https:\/\/zurapps.com\/all\/wp-content\/uploads\/2021\/05\/Untitled-design-5-2-120x120.png 120w, https:\/\/zurapps.com\/all\/wp-content\/uploads\/2021\/05\/Untitled-design-5-2-450x450.png 450w, https:\/\/zurapps.com\/all\/wp-content\/uploads\/2021\/05\/Untitled-design-5-2.png 2048w\" sizes=\"(max-width: 300px) 100vw, 300px\" \/><\/div><\/div><\/div><\/div><div  class='flex_column av-av_two_fifth-52c89597409f646e66e7cc675a5d9b4a av_two_fifth  avia-builder-el-6  el_after_av_three_fifth  el_before_av_hr  flex_column_div  '     ><p><div  class='avia-button-wrap av-av_button-8246bb2edd7b7b09500dedc4e1c3b39a-wrap avia-button-center  avia-builder-el-7  el_before_av_textblock  avia-builder-el-first '><a href='https:\/\/itunes.apple.com\/us\/app\/kids-tell-time\/id370845110?ls=1&amp;mt=8' class='avia-button av-av_button-8246bb2edd7b7b09500dedc4e1c3b39a av-link-btn avia-icon_select-no avia-size-large avia-position-center avia-color-silver' target=\"_blank\" rel=\"noopener noreferrer\"><span class='avia_iconbox_title' >Dime la Hora - iPad<\/span><\/a><\/div><br \/>\n<section  class='av_textblock_section av-av_textblock-0366cc7376be6c9e82a3e9cc8987b64f '   itemscope=\"itemscope\" itemtype=\"https:\/\/schema.org\/CreativeWork\" ><div class='avia_textblock'  itemprop=\"text\" ><p style=\"text-align: center;\"><a href=\"https:\/\/itunes.apple.com\/us\/app\/kids-tell-time\/id370845110?ls=1&amp;mt=8\"><img loading=\"lazy\" decoding=\"async\" class=\"aligncenter size-full wp-image-2835\" src=\"https:\/\/zurapps.com\/all\/wp-content\/uploads\/2013\/06\/App_Store_Badge_SP.png\" alt=\"App_Store_Badge_SP\" width=\"155\" height=\"60\" \/><\/a><\/p>\n<\/div><\/section><br \/>\n<div  class='avia-button-wrap av-av_button-ca1e61959b75792634c126db69eaed3b-wrap avia-button-center  avia-builder-el-9  el_after_av_textblock  el_before_av_textblock '><a href='https:\/\/itunes.apple.com\/us\/app\/kids-tell-time\/id370837124?ls=1&amp;mt=8' class='avia-button av-av_button-ca1e61959b75792634c126db69eaed3b av-link-btn avia-icon_select-no avia-size-large avia-position-center avia-color-silver' target=\"_blank\" rel=\"noopener noreferrer\"><span class='avia_iconbox_title' >Dime la Hora - iPhone<\/span><\/a><\/div><br \/>\n<section  class='av_textblock_section av-av_textblock-0366cc7376be6c9e82a3e9cc8987b64f '   itemscope=\"itemscope\" itemtype=\"https:\/\/schema.org\/CreativeWork\" ><div class='avia_textblock'  itemprop=\"text\" ><p style=\"text-align: center;\"><a href=\"https:\/\/itunes.apple.com\/us\/app\/kids-tell-time\/id370837124?ls=1&amp;mt=8\"><img loading=\"lazy\" decoding=\"async\" class=\"aligncenter size-full wp-image-2835\" src=\"https:\/\/zurapps.com\/all\/wp-content\/uploads\/2013\/06\/App_Store_Badge_SP.png\" alt=\"App_Store_Badge_SP\" width=\"155\" height=\"60\" \/><\/a><\/p>\n<\/div><\/section><\/p><\/div><\/p>\n<div  class='hr av-av_hr-dcd2069817a0e3d34ae04cad8f3443c7 hr-default  avia-builder-el-11  el_after_av_two_fifth  el_before_av_one_full '><span class='hr-inner '><span class=\"hr-inner-style\"><\/span><\/span><\/div>\n<div  class='flex_column av-av_one_full-2a9015ff38129c418a3f2eafba3e9512 av_one_full  avia-builder-el-12  el_after_av_hr  el_before_av_one_full  first flex_column_div  '     ><section  class='av_textblock_section av-av_textblock-0366cc7376be6c9e82a3e9cc8987b64f '   itemscope=\"itemscope\" itemtype=\"https:\/\/schema.org\/CreativeWork\" ><div class='avia_textblock'  itemprop=\"text\" ><p style=\"font-family: Arial, Helvetica, sans-serif; font-size: 16px; text-align: center;\">Esta <strong>aplicaci\u00f3n interactiva<\/strong> ayuda a los ni\u00f1os a aprender a leer la hora mediante el uso de ambos relojes digitales y anal\u00f3gicos.<\/p>\n<p style=\"font-family: Arial, Helvetica, sans-serif; font-size: 16px; text-align: center;\">La hora que se muestra tambi\u00e9n se habla en el idioma seleccionado para la narraci\u00f3n: <strong>ingl\u00e9s, franc\u00e9s o espa\u00f1ol<\/strong>.<\/p>\n<p style=\"font-family: Arial, Helvetica, sans-serif; font-size: 16px; text-align: center;\"><strong>Dime la Hora<\/strong> reforzar\u00e1 el aprendizaje y mantendr\u00e1 el inter\u00e9s de su hijo.<\/p>\n<\/div><\/section><\/div>\n<div  class='flex_column av-av_one_full-2a9015ff38129c418a3f2eafba3e9512 av_one_full  avia-builder-el-14  el_after_av_one_full  el_before_av_two_fifth  first flex_column_div  column-top-margin'     ><style type=\"text\/css\" data-created_by=\"avia_inline_auto\" id=\"style-css-av-av_heading-94f3dead9c0ec0c47a1291b7082bfdfb\">\n#top .av-special-heading.av-av_heading-94f3dead9c0ec0c47a1291b7082bfdfb{\npadding-bottom:10px;\n}\nbody .av-special-heading.av-av_heading-94f3dead9c0ec0c47a1291b7082bfdfb .av-special-heading-tag .heading-char{\nfont-size:25px;\n}\n.av-special-heading.av-av_heading-94f3dead9c0ec0c47a1291b7082bfdfb .av-subheading{\nfont-size:15px;\n}\n<\/style>\n<div  class='av-special-heading av-av_heading-94f3dead9c0ec0c47a1291b7082bfdfb av-special-heading-h3  avia-builder-el-15  avia-builder-el-no-sibling '><h3 class='av-special-heading-tag'  itemprop=\"headline\"  >\u00a1Los ni\u00f1os quieren recomenzar muchas veces a poner los relojes en hora!<\/h3><div class=\"special-heading-border\"><div class=\"special-heading-inner-border\"><\/div><\/div><\/div><\/div>\n<div  class='flex_column av-av_two_fifth-2a9015ff38129c418a3f2eafba3e9512 av_two_fifth  avia-builder-el-16  el_after_av_one_full  el_before_av_three_fifth  first flex_column_div  column-top-margin'     ><section  class='av_textblock_section av-av_textblock-0366cc7376be6c9e82a3e9cc8987b64f '   itemscope=\"itemscope\" itemtype=\"https:\/\/schema.org\/CreativeWork\" ><div class='avia_textblock'  itemprop=\"text\" ><p style=\"font-family: Arial, Helvetica, sans-serif; font-size: 14px; text-align: left;\"><strong>Tres temas<\/strong> est\u00e1n disponibles para las caras del reloj:<\/p>\n<p style=\"font-family: Arial, Helvetica, sans-serif; font-size: 14px; text-align: left;\">\u2022 Colores cool<\/p>\n<p style=\"font-family: Arial, Helvetica, sans-serif; font-size: 14px; text-align: left;\">\u2022 Frutas deliciosas<\/p>\n<p style=\"font-family: Arial, Helvetica, sans-serif; font-size: 14px; text-align: left;\">\u2022 Animales bonitos<\/p>\n<\/div><\/section><br \/>\n<section  class='av_textblock_section av-av_textblock-0366cc7376be6c9e82a3e9cc8987b64f '   itemscope=\"itemscope\" itemtype=\"https:\/\/schema.org\/CreativeWork\" ><div class='avia_textblock'  itemprop=\"text\" ><p style=\"font-family: Arial, Helvetica, sans-serif; font-size: 14px; text-align: left;\"><strong>Seis modos de juego<\/strong> permiten configurar los relojes para dar la hora o emparejar los relojes que muestran la misma hora.<\/p>\n<p style=\"font-family: Arial, Helvetica, sans-serif; font-size: 14px; text-align: left;\">1. Aprende a Leer la Hora<\/p>\n<p style=\"font-family: Arial, Helvetica, sans-serif; font-size: 14px; text-align: left;\">2. Ajuste el Reloj Anal\u00f3gico<\/p>\n<p style=\"font-family: Arial, Helvetica, sans-serif; font-size: 14px; text-align: left;\">3. Ajuste el Reloj Digital<\/p>\n<p style=\"font-family: Arial, Helvetica, sans-serif; font-size: 14px; text-align: left;\">4. Empareja los Relojes<\/p>\n<p style=\"font-family: Arial, Helvetica, sans-serif; font-size: 14px; text-align: left;\">5. Elije el Reloj Anal\u00f3gico<\/p>\n<p style=\"font-family: Arial, Helvetica, sans-serif; font-size: 14px; text-align: left;\">6. Elije el Reloj Digital<\/p>\n<\/div><\/section><\/p><\/div>\n<div  class='flex_column av-av_three_fifth-52c89597409f646e66e7cc675a5d9b4a av_three_fifth  avia-builder-el-19  el_after_av_two_fifth  el_before_av_hr  flex_column_div  column-top-margin'     ><style type=\"text\/css\" data-created_by=\"avia_inline_auto\" id=\"style-css-av-av_image-6a382bbf91e3fd1c89122cffd3062f71\">\n.avia-image-container.av-av_image-6a382bbf91e3fd1c89122cffd3062f71 img.avia_image{\nbox-shadow:none;\n}\n.avia-image-container.av-av_image-6a382bbf91e3fd1c89122cffd3062f71 .av-image-caption-overlay-center{\ncolor:#ffffff;\n}\n<\/style>\n<div  class='avia-image-container av-av_image-6a382bbf91e3fd1c89122cffd3062f71 av-styling- avia-align-center  avia-builder-el-20  avia-builder-el-no-sibling '   itemprop=\"image\" itemscope=\"itemscope\" itemtype=\"https:\/\/schema.org\/ImageObject\" ><div class=\"avia-image-container-inner\"><div class=\"avia-image-overlay-wrap\"><img decoding=\"async\" fetchpriority=\"high\" class='wp-image-9089 avia-img-lazy-loading-not-9089 avia_image ' src=\"https:\/\/zurapps.com\/all\/wp-content\/uploads\/2013\/06\/KTTiPadES.png\" alt='Dime la Hora' title='Dime la Hora'  height=\"480\" width=\"345\"  itemprop=\"thumbnailUrl\" srcset=\"https:\/\/zurapps.com\/all\/wp-content\/uploads\/2013\/06\/KTTiPadES.png 345w, https:\/\/zurapps.com\/all\/wp-content\/uploads\/2013\/06\/KTTiPadES-216x300.png 216w\" sizes=\"(max-width: 345px) 100vw, 345px\" \/><\/div><\/div><\/div><\/div>\n\n<style type=\"text\/css\" data-created_by=\"avia_inline_auto\" id=\"style-css-av-av_hr-0688d0b0b6ed2f8b057db7a8270206df\">\n#top .hr.hr-invisible.av-av_hr-0688d0b0b6ed2f8b057db7a8270206df{\nheight:50px;\n}\n<\/style>\n<div  class='hr av-av_hr-0688d0b0b6ed2f8b057db7a8270206df hr-invisible  avia-builder-el-21  el_after_av_three_fifth  el_before_av_one_half '><span class='hr-inner '><span class=\"hr-inner-style\"><\/span><\/span><\/div>\n<div  class='flex_column av-av_one_half-2a9015ff38129c418a3f2eafba3e9512 av_one_half  avia-builder-el-22  el_after_av_hr  el_before_av_one_half  first flex_column_div  '     ><style type=\"text\/css\" data-created_by=\"avia_inline_auto\" id=\"style-css-av-av_image-eacd1d8e1c45c54de86dbff22c43956f\">\n.avia-image-container.av-av_image-eacd1d8e1c45c54de86dbff22c43956f img.avia_image{\nbox-shadow:none;\n}\n.avia-image-container.av-av_image-eacd1d8e1c45c54de86dbff22c43956f .av-image-caption-overlay-center{\ncolor:#ffffff;\n}\n<\/style>\n<div  class='avia-image-container av-av_image-eacd1d8e1c45c54de86dbff22c43956f av-styling- avia-align-center  avia-builder-el-23  avia-builder-el-no-sibling '   itemprop=\"image\" itemscope=\"itemscope\" itemtype=\"https:\/\/schema.org\/ImageObject\" ><div class=\"avia-image-container-inner\"><div class=\"avia-image-overlay-wrap\"><img decoding=\"async\" fetchpriority=\"high\" class='wp-image-8542 avia-img-lazy-loading-not-8542 avia_image ' src=\"https:\/\/zurapps.com\/all\/wp-content\/uploads\/2013\/06\/KTTmadeforkids2821.png\" alt='' title='KTTmadeforkids282'  height=\"282\" width=\"282\"  itemprop=\"thumbnailUrl\" srcset=\"https:\/\/zurapps.com\/all\/wp-content\/uploads\/2013\/06\/KTTmadeforkids2821.png 282w, https:\/\/zurapps.com\/all\/wp-content\/uploads\/2013\/06\/KTTmadeforkids2821-80x80.png 80w, https:\/\/zurapps.com\/all\/wp-content\/uploads\/2013\/06\/KTTmadeforkids2821-36x36.png 36w, https:\/\/zurapps.com\/all\/wp-content\/uploads\/2013\/06\/KTTmadeforkids2821-180x180.png 180w, https:\/\/zurapps.com\/all\/wp-content\/uploads\/2013\/06\/KTTmadeforkids2821-120x120.png 120w\" sizes=\"(max-width: 282px) 100vw, 282px\" \/><\/div><\/div><\/div><\/div>\n<div  class='flex_column av-av_one_half-52c89597409f646e66e7cc675a5d9b4a av_one_half  avia-builder-el-24  el_after_av_one_half  el_before_av_hr  flex_column_div  '     ><p>\n<style type=\"text\/css\" data-created_by=\"avia_inline_auto\" id=\"style-css-av-av_heading-bbf954197f43cfa0e451572c91008cc2\">\n#top .av-special-heading.av-av_heading-bbf954197f43cfa0e451572c91008cc2{\npadding-bottom:10px;\n}\nbody .av-special-heading.av-av_heading-bbf954197f43cfa0e451572c91008cc2 .av-special-heading-tag .heading-char{\nfont-size:25px;\n}\n.av-special-heading.av-av_heading-bbf954197f43cfa0e451572c91008cc2 .av-subheading{\nfont-size:15px;\n}\n<\/style>\n<div  class='av-special-heading av-av_heading-bbf954197f43cfa0e451572c91008cc2 av-special-heading-h3  avia-builder-el-25  el_before_av_textblock  avia-builder-el-first '><h3 class='av-special-heading-tag'  itemprop=\"headline\"  >Hecho para ni\u00f1os de 6 a\u00f1os y mayores<\/h3><div class=\"special-heading-border\"><div class=\"special-heading-inner-border\"><\/div><\/div><\/div><br \/>\n<section  class='av_textblock_section av-av_textblock-0366cc7376be6c9e82a3e9cc8987b64f '   itemscope=\"itemscope\" itemtype=\"https:\/\/schema.org\/CreativeWork\" ><div class='avia_textblock'  itemprop=\"text\" ><p style=\"font-family: Arial, Helvetica, sans-serif; font-size: 14px; text-align: center;\"><strong>Dime la Hora<\/strong>\u00a0es un juego de reloj para los ni\u00f1os, una aplicaci\u00f3n educativa que ayuda a los ni\u00f1os a aprender a decir la hora usando tanto un reloj digital y anal\u00f3gico enfrenta .<\/p>\n<p style=\"font-family: Arial, Helvetica, sans-serif; font-size: 14px; text-align: center;\">\u00bfEs usted un maestro en busca de una forma divertida e interactiva para contratar los ni\u00f1os de tu clase ? <strong>Dime la Hora<\/strong>\u00a0es la mejor aplicaci\u00f3n de reloj juegos para los ni\u00f1os y es utilizado por muchas escuelas en el aula.<\/p>\n<p style=\"font-family: Arial, Helvetica, sans-serif; font-size: 14px; text-align: center;\"><strong>Dime la Hora<\/strong>\u00a0ofrece la posibilidad de conectar el dispositivo a un televisor en su aula para actividades.<\/p>\n<\/div><\/section><\/p><\/div>\n<div  class='hr av-av_hr-dcd2069817a0e3d34ae04cad8f3443c7 hr-default  avia-builder-el-27  el_after_av_one_half  el_before_av_hr '><span class='hr-inner '><span class=\"hr-inner-style\"><\/span><\/span><\/div>\n\n<style type=\"text\/css\" data-created_by=\"avia_inline_auto\" id=\"style-css-av-av_hr-a6de236e6c183bbbd700292deacd2b52\">\n#top .hr.hr-invisible.av-av_hr-a6de236e6c183bbbd700292deacd2b52{\nheight:20px;\n}\n<\/style>\n<div  class='hr av-av_hr-a6de236e6c183bbbd700292deacd2b52 hr-invisible  avia-builder-el-28  el_after_av_hr  el_before_av_one_full '><span class='hr-inner '><span class=\"hr-inner-style\"><\/span><\/span><\/div>\n<div  class='flex_column av-av_one_full-2a9015ff38129c418a3f2eafba3e9512 av_one_full  avia-builder-el-29  el_after_av_hr  avia-builder-el-last  first flex_column_div  '     ><div  class='avia-video av-av_video-6724251bceec0df092c49e73a8785734 avia-video-16-9 av-no-preview-image avia-video-load-always av-lazyload-immediate av-lazyload-video-embed'  itemprop=\"video\" itemtype=\"https:\/\/schema.org\/VideoObject\"  data-original_url='https:\/\/www.youtube.com\/watch?v=gQvela_0fcU'><script type='text\/html' class='av-video-tmpl'><div class='avia-iframe-wrap'><iframe loading=\"lazy\" width=\"1333\" height=\"1000\" src=\"https:\/\/www.youtube.com\/embed\/gQvela_0fcU?feature=oembed&autoplay=0&loop=0&controls=1&mute=0\" frameborder=\"0\" allowfullscreen><\/iframe><\/div><\/script><div class='av-click-to-play-overlay'><div class=\"avia_playpause_icon\"><\/div><\/div><\/div><\/div>\n","protected":false},"excerpt":{"rendered":"","protected":false},"author":4,"featured_media":0,"parent":2182,"menu_order":0,"comment_status":"open","ping_status":"open","template":"","meta":{"_monsterinsights_skip_tracking":false,"_monsterinsights_sitenote_active":false,"_monsterinsights_sitenote_note":"","_monsterinsights_sitenote_category":0,"footnotes":""},"_links":{"self":[{"href":"https:\/\/zurapps.com\/all\/index.php?rest_route=\/wp\/v2\/pages\/2193"}],"collection":[{"href":"https:\/\/zurapps.com\/all\/index.php?rest_route=\/wp\/v2\/pages"}],"about":[{"href":"https:\/\/zurapps.com\/all\/index.php?rest_route=\/wp\/v2\/types\/page"}],"author":[{"embeddable":true,"href":"https:\/\/zurapps.com\/all\/index.php?rest_route=\/wp\/v2\/users\/4"}],"replies":[{"embeddable":true,"href":"https:\/\/zurapps.com\/all\/index.php?rest_route=%2Fwp%2Fv2%2Fcomments&post=2193"}],"version-history":[{"count":34,"href":"https:\/\/zurapps.com\/all\/index.php?rest_route=\/wp\/v2\/pages\/2193\/revisions"}],"predecessor-version":[{"id":10646,"href":"https:\/\/zurapps.com\/all\/index.php?rest_route=\/wp\/v2\/pages\/2193\/revisions\/10646"}],"up":[{"embeddable":true,"href":"https:\/\/zurapps.com\/all\/index.php?rest_route=\/wp\/v2\/pages\/2182"}],"wp:attachment":[{"href":"https:\/\/zurapps.com\/all\/index.php?rest_route=%2Fwp%2Fv2%2Fmedia&parent=2193"}],"curies":[{"name":"wp","href":"https:\/\/api.w.org\/{rel}","templated":true}]}}