{"id":2198,"date":"2013-06-18T20:51:03","date_gmt":"2013-06-07T16:35:10","guid":{"rendered":"http:\/\/zurapps.com\/all\/?page_id=2198"},"modified":"2016-12-29T16:19:58","modified_gmt":"2016-12-29T21:19:58","slug":"jeux","status":"publish","type":"page","link":"https:\/\/zurapps.com\/all\/?page_id=2198","title":{"rendered":"Jeux"},"content":{"rendered":"<div id='layer_slider_1'  class='avia-layerslider main_color avia-shadow  avia-builder-el-0  el_before_av_one_third  avia-builder-el-first  container_wrap sidebar_right'  style='height: 251px;'  ><\/div><div id='after_layer_slider_1'  class='main_color av_default_container_wrap container_wrap sidebar_right'  ><div class='container av-section-cont-open' ><div class='template-page content  av-content-small alpha units'><div class='post-entry post-entry-type-page post-entry-2198'><div class='entry-content-wrapper clearfix'>\n<div  class='flex_column av-av_one_third-2a9015ff38129c418a3f2eafba3e9512 av_one_third  avia-builder-el-1  el_after_av_layerslider  el_before_av_two_third  avia-builder-el-first  first flex_column_div  '     ><style type=\"text\/css\" data-created_by=\"avia_inline_auto\" id=\"style-css-av-av_image-51afab8b4df34d89277527dc254654e6\">\n.avia-image-container.av-av_image-51afab8b4df34d89277527dc254654e6 img.avia_image{\nbox-shadow:none;\n}\n.avia-image-container.av-av_image-51afab8b4df34d89277527dc254654e6 .av-image-caption-overlay-center{\ncolor:#ffffff;\n}\n<\/style>\n<div  class='avia-image-container av-av_image-51afab8b4df34d89277527dc254654e6 av-styling- av-img-linked avia-align-center  avia-builder-el-2  avia-builder-el-no-sibling '   itemprop=\"image\" itemscope=\"itemscope\" itemtype=\"https:\/\/schema.org\/ImageObject\" ><div class=\"avia-image-container-inner\"><div class=\"avia-image-overlay-wrap\"><a href=\"https:\/\/zurapps.com\/all\/?page_id=9389\" class='avia_image '  aria-label='brain-practice'><img decoding=\"async\" fetchpriority=\"high\" class='wp-image-9417 avia-img-lazy-loading-not-9417 avia_image ' src=\"https:\/\/zurapps.com\/all\/wp-content\/uploads\/2013\/06\/Brain-Practice1-300x300.png\" alt='' title='brain-practice'  height=\"300\" width=\"300\"  itemprop=\"thumbnailUrl\" srcset=\"https:\/\/zurapps.com\/all\/wp-content\/uploads\/2013\/06\/Brain-Practice1-300x300.png 300w, https:\/\/zurapps.com\/all\/wp-content\/uploads\/2013\/06\/Brain-Practice1-80x80.png 80w, https:\/\/zurapps.com\/all\/wp-content\/uploads\/2013\/06\/Brain-Practice1-36x36.png 36w, https:\/\/zurapps.com\/all\/wp-content\/uploads\/2013\/06\/Brain-Practice1-180x180.png 180w, https:\/\/zurapps.com\/all\/wp-content\/uploads\/2013\/06\/Brain-Practice1-120x120.png 120w, https:\/\/zurapps.com\/all\/wp-content\/uploads\/2013\/06\/Brain-Practice1.png 340w\" sizes=\"(max-width: 300px) 100vw, 300px\" \/><\/a><\/div><\/div><\/div><\/div><div  class='flex_column av-av_two_third-52c89597409f646e66e7cc675a5d9b4a av_two_third  avia-builder-el-3  el_after_av_one_third  el_before_av_one_third  flex_column_div  '     ><section  class='av_textblock_section av-av_textblock-0366cc7376be6c9e82a3e9cc8987b64f '   itemscope=\"itemscope\" itemtype=\"https:\/\/schema.org\/CreativeWork\" ><div class='avia_textblock'  itemprop=\"text\" ><p style=\"font-family: Arial, Helvetica, sans-serif; font-size: 24px; text-align: center;\">Brain Practice est un jeu de m\u00e9moire amusant qui vous aidera \u00e0 am\u00e9liorer votre m\u00e9moire \u00e0 court terme.<\/p>\n<\/div><\/section><\/div><div  class='flex_column av-av_one_third-2a9015ff38129c418a3f2eafba3e9512 av_one_third  avia-builder-el-5  el_after_av_two_third  el_before_av_two_third  first flex_column_div  column-top-margin'     ><style type=\"text\/css\" data-created_by=\"avia_inline_auto\" id=\"style-css-av-av_image-7552bbde46426119290446642e83029f\">\n.avia-image-container.av-av_image-7552bbde46426119290446642e83029f img.avia_image{\nbox-shadow:none;\n}\n.avia-image-container.av-av_image-7552bbde46426119290446642e83029f .av-image-caption-overlay-center{\ncolor:#ffffff;\n}\n<\/style>\n<div  class='avia-image-container av-av_image-7552bbde46426119290446642e83029f av-styling- av-img-linked avia-align-center  avia-builder-el-6  avia-builder-el-no-sibling '   itemprop=\"image\" itemscope=\"itemscope\" itemtype=\"https:\/\/schema.org\/ImageObject\" ><div class=\"avia-image-container-inner\"><div class=\"avia-image-overlay-wrap\"><a href=\"https:\/\/zurapps.com\/all\/?page_id=2758\" class='avia_image '  aria-label='BubbleDangerIcon'><img decoding=\"async\" width=\"300\" height=\"300\" fetchpriority=\"high\" class='wp-image-6209 avia-img-lazy-loading-not-6209 avia_image ' src=\"https:\/\/zurapps.com\/all\/wp-content\/uploads\/2013\/06\/BubbleDangerIcon-300x300.png\" alt='' title='BubbleDangerIcon'   itemprop=\"thumbnailUrl\" srcset=\"https:\/\/zurapps.com\/all\/wp-content\/uploads\/2013\/06\/BubbleDangerIcon-300x300.png 300w, https:\/\/zurapps.com\/all\/wp-content\/uploads\/2013\/06\/BubbleDangerIcon-80x80.png 80w, https:\/\/zurapps.com\/all\/wp-content\/uploads\/2013\/06\/BubbleDangerIcon-36x36.png 36w, https:\/\/zurapps.com\/all\/wp-content\/uploads\/2013\/06\/BubbleDangerIcon-180x180.png 180w, https:\/\/zurapps.com\/all\/wp-content\/uploads\/2013\/06\/BubbleDangerIcon-120x120.png 120w, https:\/\/zurapps.com\/all\/wp-content\/uploads\/2013\/06\/BubbleDangerIcon-450x450.png 450w, https:\/\/zurapps.com\/all\/wp-content\/uploads\/2013\/06\/BubbleDangerIcon.png 1024w\" sizes=\"(max-width: 300px) 100vw, 300px\" \/><\/a><\/div><\/div><\/div><\/div><\/p>\n<div  class='flex_column av-av_two_third-52c89597409f646e66e7cc675a5d9b4a av_two_third  avia-builder-el-7  el_after_av_one_third  el_before_av_one_third  flex_column_div  column-top-margin'     ><section  class='av_textblock_section av-av_textblock-0366cc7376be6c9e82a3e9cc8987b64f '   itemscope=\"itemscope\" itemtype=\"https:\/\/schema.org\/CreativeWork\" ><div class='avia_textblock'  itemprop=\"text\" ><p style=\"font-family: Arial, Helvetica, sans-serif; font-size: 24px; text-align: center;\">Bubble Danger est un jeu bourr\u00e9 d&#8217;action pleine de surprises.<\/p>\n<p style=\"font-family: Arial, Helvetica, sans-serif; font-size: 24px; text-align: center;\">Bubble Danger est un jeu passionnant qui plaira aux joueurs de toutes \u00e2ges.<\/p>\n<\/div><\/section><\/div>\n<div  class='flex_column av-av_one_third-2a9015ff38129c418a3f2eafba3e9512 av_one_third  avia-builder-el-9  el_after_av_two_third  avia-builder-el-last  first flex_column_div  column-top-margin'     ><style type=\"text\/css\" data-created_by=\"avia_inline_auto\" id=\"style-css-av-av_image-ea91566cc98b69203456c771ef68d08a\">\n.avia-image-container.av-av_image-ea91566cc98b69203456c771ef68d08a img.avia_image{\nbox-shadow:none;\n}\n.avia-image-container.av-av_image-ea91566cc98b69203456c771ef68d08a .av-image-caption-overlay-center{\ncolor:#ffffff;\n}\n<\/style>\n<div  class='avia-image-container av-av_image-ea91566cc98b69203456c771ef68d08a av-styling- av-img-linked avia-align-center  avia-builder-el-10  el_before_av_two_third  avia-builder-el-first '   itemprop=\"image\" itemscope=\"itemscope\" itemtype=\"https:\/\/schema.org\/ImageObject\" ><div class=\"avia-image-container-inner\"><div class=\"avia-image-overlay-wrap\"><a href=\"https:\/\/zurapps.com\/all\/index.php\/jeux\/fizz-fr\/\" class='avia_image '  ><img decoding=\"async\" fetchpriority=\"high\" class='wp-image- avia-img-lazy-loading-not- avia_image ' src=\"https:\/\/zurapps.com\/all\/wp-content\/uploads\/2013\/06\/Fizz-300x300.png\" alt='' title=''   itemprop=\"thumbnailUrl\"  \/><\/a><\/div><\/div><\/div><\/div>\n<div  class='flex_column av-av_two_third-52c89597409f646e66e7cc675a5d9b4a av_two_third  avia-builder-el-11  el_after_av_image  avia-builder-el-last  flex_column_div  column-top-margin'     ><section  class='av_textblock_section av-av_textblock-0366cc7376be6c9e82a3e9cc8987b64f '   itemscope=\"itemscope\" itemtype=\"https:\/\/schema.org\/CreativeWork\" ><div class='avia_textblock'  itemprop=\"text\" ><p style=\"font-family: Arial, Helvetica, sans-serif; font-size: 24px; text-align: center;\">Fizz est un jeu de r\u00e9action chimique et \u00a0en m\u00eame un jeu de strat\u00e9gie disponible pour l\u2019iPhone \/ iPod Touch et iPad \/ iPad Mini.<\/p>\n<\/div><\/section><\/div>\n","protected":false},"excerpt":{"rendered":"","protected":false},"author":4,"featured_media":0,"parent":0,"menu_order":0,"comment_status":"open","ping_status":"open","template":"","meta":{"_monsterinsights_skip_tracking":false,"_monsterinsights_sitenote_active":false,"_monsterinsights_sitenote_note":"","_monsterinsights_sitenote_category":0,"footnotes":""},"_links":{"self":[{"href":"https:\/\/zurapps.com\/all\/index.php?rest_route=\/wp\/v2\/pages\/2198"}],"collection":[{"href":"https:\/\/zurapps.com\/all\/index.php?rest_route=\/wp\/v2\/pages"}],"about":[{"href":"https:\/\/zurapps.com\/all\/index.php?rest_route=\/wp\/v2\/types\/page"}],"author":[{"embeddable":true,"href":"https:\/\/zurapps.com\/all\/index.php?rest_route=\/wp\/v2\/users\/4"}],"replies":[{"embeddable":true,"href":"https:\/\/zurapps.com\/all\/index.php?rest_route=%2Fwp%2Fv2%2Fcomments&post=2198"}],"version-history":[{"count":16,"href":"https:\/\/zurapps.com\/all\/index.php?rest_route=\/wp\/v2\/pages\/2198\/revisions"}],"predecessor-version":[{"id":9428,"href":"https:\/\/zurapps.com\/all\/index.php?rest_route=\/wp\/v2\/pages\/2198\/revisions\/9428"}],"wp:attachment":[{"href":"https:\/\/zurapps.com\/all\/index.php?rest_route=%2Fwp%2Fv2%2Fmedia&parent=2198"}],"curies":[{"name":"wp","href":"https:\/\/api.w.org\/{rel}","templated":true}]}}