{"id":2758,"date":"2013-06-26T16:17:01","date_gmt":"2013-04-06T17:44:04","guid":{"rendered":"http:\/\/zurapps.com\/all\/?page_id=2758"},"modified":"2018-05-11T11:12:56","modified_gmt":"2018-05-11T15:12:56","slug":"bubble-danger","status":"publish","type":"page","link":"https:\/\/zurapps.com\/all\/?page_id=2758","title":{"rendered":"Bubble Danger"},"content":{"rendered":"<div id='layer_slider_1'  class='avia-layerslider main_color avia-shadow  avia-builder-el-0  el_before_av_heading  avia-builder-el-first  container_wrap sidebar_right'  style='height: 251px;'  ><\/div><div id='after_layer_slider_1'  class='main_color av_default_container_wrap container_wrap sidebar_right'  ><div class='container av-section-cont-open' ><div class='template-page content  av-content-small alpha units'><div class='post-entry post-entry-type-page post-entry-2758'><div class='entry-content-wrapper clearfix'>\n\n<style type=\"text\/css\" data-created_by=\"avia_inline_auto\" id=\"style-css-av-av_heading-c56dedaa256e9efb550a3fa09c8c2149\">\n#top .av-special-heading.av-av_heading-c56dedaa256e9efb550a3fa09c8c2149{\npadding-bottom:10px;\n}\nbody .av-special-heading.av-av_heading-c56dedaa256e9efb550a3fa09c8c2149 .av-special-heading-tag .heading-char{\nfont-size:25px;\n}\n.av-special-heading.av-av_heading-c56dedaa256e9efb550a3fa09c8c2149 .av-subheading{\nfont-size:15px;\n}\n<\/style>\n<div  class='av-special-heading av-av_heading-c56dedaa256e9efb550a3fa09c8c2149 av-special-heading-h3  avia-builder-el-1  el_after_av_layerslider  el_before_av_one_half  avia-builder-el-first '><h3 class='av-special-heading-tag'  itemprop=\"headline\"  >Bubble Danger &#8211; votre jeu d\u2018\u00e9clat des bulles pas si typique, bourr\u00e9 d\u2019action et rempli de surprises!<\/h3><div class=\"special-heading-border\"><div class=\"special-heading-inner-border\"><\/div><\/div><\/div>\n<div  class='flex_column av-av_one_half-2a9015ff38129c418a3f2eafba3e9512 av_one_half  avia-builder-el-2  el_after_av_heading  avia-builder-el-last  first flex_column_div  '     ><style type=\"text\/css\" data-created_by=\"avia_inline_auto\" id=\"style-css-av-av_image-0edffc890a8acbe1fb5310fe8c6e765a\">\n.avia-image-container.av-av_image-0edffc890a8acbe1fb5310fe8c6e765a img.avia_image{\nbox-shadow:none;\n}\n.avia-image-container.av-av_image-0edffc890a8acbe1fb5310fe8c6e765a .av-image-caption-overlay-center{\ncolor:#ffffff;\n}\n<\/style>\n<div  class='avia-image-container av-av_image-0edffc890a8acbe1fb5310fe8c6e765a av-styling- avia-align-center  avia-builder-el-3  el_before_av_one_half  avia-builder-el-first '   itemprop=\"image\" itemscope=\"itemscope\" itemtype=\"https:\/\/schema.org\/ImageObject\" ><div class=\"avia-image-container-inner\"><div class=\"avia-image-overlay-wrap\"><img decoding=\"async\" fetchpriority=\"high\" class='wp-image- avia-img-lazy-loading-not- avia_image ' src=\"https:\/\/zurapps.com\/all\/wp-content\/uploads\/2013\/06\/BubbleDangerIcon-300x300.png\" alt='' title=''   itemprop=\"thumbnailUrl\"  \/><\/div><\/div><\/div><\/div>\n<div  class='flex_column av-av_one_half-52c89597409f646e66e7cc675a5d9b4a av_one_half  avia-builder-el-4  el_after_av_image  el_before_av_hr  flex_column_div  '     ><section  class='av_textblock_section av-av_textblock-0366cc7376be6c9e82a3e9cc8987b64f '   itemscope=\"itemscope\" itemtype=\"https:\/\/schema.org\/CreativeWork\" ><div class='avia_textblock'  itemprop=\"text\" ><h4 style=\"font-family: Arial, Helvetica, sans-serif; font-size: 24px; text-align: center;\">Bubble Danger<\/h4>\n<p><strong>ESSAYER AVANT D&#8217;ACHETER!<\/strong> &#8211; Appli GRATUITE qui comprend Achats In-App pour <strong>Souscription PREMIUM<\/strong> avec une p\u00e9riode d&#8217;essai gratuite d&#8217;un mois.<\/p>\n<\/div><\/section><br \/>\n<div  class='hr av-av_hr-dcd2069817a0e3d34ae04cad8f3443c7 hr-default  avia-builder-el-6  el_after_av_textblock  el_before_av_button '><span class='hr-inner '><span class=\"hr-inner-style\"><\/span><\/span><\/div><br \/>\n<div  class='avia-button-wrap av-av_button-e2ee21a99d231fd65f2441e6b5527f99-wrap avia-button-center  avia-builder-el-7  el_after_av_hr  el_before_av_image '><a href='https:\/\/itunes.apple.com\/us\/app\/bubble-danger\/id663396701?ls=1&amp;mt=8' class='avia-button av-av_button-e2ee21a99d231fd65f2441e6b5527f99 av-link-btn avia-icon_select-no avia-size-large avia-position-center avia-color-silver' target=\"_blank\" rel=\"noopener noreferrer\"><span class='avia_iconbox_title' >Bubble Danger<\/span><\/a><\/div><br \/>\n\n<style type=\"text\/css\" data-created_by=\"avia_inline_auto\" id=\"style-css-av-av_image-b8f909ddf42047ad57ac54db5fc489e4\">\n.avia-image-container.av-av_image-b8f909ddf42047ad57ac54db5fc489e4 img.avia_image{\nbox-shadow:none;\n}\n.avia-image-container.av-av_image-b8f909ddf42047ad57ac54db5fc489e4 .av-image-caption-overlay-center{\ncolor:#ffffff;\n}\n<\/style>\n<div  class='avia-image-container av-av_image-b8f909ddf42047ad57ac54db5fc489e4 av-styling- av-img-linked avia-align-center  avia-builder-el-8  el_after_av_button  avia-builder-el-last '   itemprop=\"image\" itemscope=\"itemscope\" itemtype=\"https:\/\/schema.org\/ImageObject\" ><div class=\"avia-image-container-inner\"><div class=\"avia-image-overlay-wrap\"><a href=\"https:\/\/itunes.apple.com\/us\/app\/bubble-danger\/id663396701?ls=1&amp;mt=8\" class='avia_image '  ><img decoding=\"async\" fetchpriority=\"high\" class='wp-image- avia-img-lazy-loading-not- avia_image ' src=\"https:\/\/zurapps.com\/all\/wp-content\/uploads\/2013\/06\/App_Store_Badge_Fr.png\" alt='' title=''   itemprop=\"thumbnailUrl\"  \/><\/a><\/div><\/div><\/div><\/p><\/div>\n<style type=\"text\/css\" data-created_by=\"avia_inline_auto\" id=\"style-css-av-av_hr-c9ba6ccf0e28539cef079a4b419f7f68\">\n#top .hr.hr-invisible.av-av_hr-c9ba6ccf0e28539cef079a4b419f7f68{\nheight:25px;\n}\n<\/style>\n<div  class='hr av-av_hr-c9ba6ccf0e28539cef079a4b419f7f68 hr-invisible  avia-builder-el-9  el_after_av_one_half  el_before_av_one_full '><span class='hr-inner '><span class=\"hr-inner-style\"><\/span><\/span><\/div><\/p>\n<div  class='flex_column av-av_one_full-2a9015ff38129c418a3f2eafba3e9512 av_one_full  avia-builder-el-10  el_after_av_hr  el_before_av_one_half  first flex_column_div  '     ><section  class='av_textblock_section av-av_textblock-0366cc7376be6c9e82a3e9cc8987b64f '   itemscope=\"itemscope\" itemtype=\"https:\/\/schema.org\/CreativeWork\" ><div class='avia_textblock'  itemprop=\"text\" ><p style=\"font-family: Arial, Helvetica, sans-serif; font-size: 18px; text-align: center;\"><strong>Bubble Danger<\/strong> est un jeu passionnant et moderne avec de multiples types de bulles qui rendent le jeu <strong>stimulant et enrichissant<\/strong> tout en vous permettant de gagner ou de perdre des points, d&#8217;\u00e9viter les d\u00e9sastres, d\u2019obtenir du temps et de gagner de la monnaie dans le jeu.<\/p>\n<p style=\"font-family: Arial, Helvetica, sans-serif; font-size: 18px; text-align: center;\">Utilisez strat\u00e9giquement diff\u00e9rentes bulles \u00e0 <strong>votre avantage<\/strong> &#8211; comme la combinaison des bulles blanches avec les bulles vertes pour augmenter la <strong>quantit\u00e9 de points<\/strong>, ou en tapotant sur les bulles orange pour <strong>ajouter du temps<\/strong> \u00e0 votre jeu.<\/p>\n<\/div><\/section><\/div>\n<div  class='flex_column av-av_one_half-2a9015ff38129c418a3f2eafba3e9512 av_one_half  avia-builder-el-12  el_after_av_one_full  el_before_av_one_half  first flex_column_div  column-top-margin'     ><section  class='av_textblock_section av-av_textblock-0366cc7376be6c9e82a3e9cc8987b64f '   itemscope=\"itemscope\" itemtype=\"https:\/\/schema.org\/CreativeWork\" ><div class='avia_textblock'  itemprop=\"text\" ><p style=\"font-family: Arial, Helvetica, sans-serif; font-size: 14px; text-align: left;\">Plusieurs <strong>pouvoirs interactifs<\/strong> peuvent vous aider \u00e0 \u00e9viter des situations dangereuses.<\/p>\n<p style=\"font-family: Arial, Helvetica, sans-serif; font-size: 14px; text-align: left;\">Par exemple, le <strong>Choc \u00e9lectrique Power-Up<\/strong> \u00e9limine les bulles dans une <strong>zone sp\u00e9cifique<\/strong> sur l&#8217;\u00e9cran de jeu; le <strong>Rocket Power-Up<\/strong> effacera <strong>TOUTES<\/strong> les bulles sur l&#8217;\u00e9cran; et la <strong>Glace Power-Up<\/strong> g\u00e8lera l&#8217;horloge afin que <strong>vous<\/strong> <strong>puissiez<\/strong> effacer les bulles que <strong>vous choisissez<\/strong>.<\/p>\n<\/div><\/section><\/div>\n<div  class='flex_column av-av_one_half-52c89597409f646e66e7cc675a5d9b4a av_one_half  avia-builder-el-14  el_after_av_one_half  el_before_av_one_half  flex_column_div  column-top-margin'     ><section  class='av_textblock_section av-av_textblock-0366cc7376be6c9e82a3e9cc8987b64f '   itemscope=\"itemscope\" itemtype=\"https:\/\/schema.org\/CreativeWork\" ><div class='avia_textblock'  itemprop=\"text\" ><p style=\"font-family: Arial, Helvetica, sans-serif; font-size: 14px; text-align: left;\">Accumulez vos <strong>Power-Ups<\/strong> et vies en faisant \u00e9clater des bulles roses et \/ ou des bulles de myst\u00e8re pendant le jeu ou encore utilisez la monnaie gagn\u00e9e dans l&#8217;application dans la <strong>Zone des Pouvoirs<\/strong>.<\/p>\n<p style=\"font-family: Arial, Helvetica, sans-serif; font-size: 14px; text-align: left;\">Avec un syst\u00e8me complexe de r\u00e9compenses avec des <strong>vies<\/strong>, des <strong>bulles d\u2019\u00e9toiles et des pouvoirs<\/strong>, la version <strong>GRATUITE<\/strong> de <strong>Bubble Danger<\/strong> comprend 25 niveaux passionnants de jeu en <strong>mode chronom\u00e9tr\u00e9<\/strong> qui s\u00e9duira les joueurs de tous \u00e2ges.<\/p>\n<\/div><\/section><\/div>\n<div  class='flex_column av-av_one_half-2a9015ff38129c418a3f2eafba3e9512 av_one_half  avia-builder-el-16  el_after_av_one_half  el_before_av_one_half  first flex_column_div  column-top-margin'     ><style type=\"text\/css\" data-created_by=\"avia_inline_auto\" id=\"style-css-av-av_image-2629521946ae00bb97473d09cdbb850f\">\n.avia-image-container.av-av_image-2629521946ae00bb97473d09cdbb850f img.avia_image{\nbox-shadow:none;\n}\n.avia-image-container.av-av_image-2629521946ae00bb97473d09cdbb850f .av-image-caption-overlay-center{\ncolor:#ffffff;\n}\n<\/style>\n<div  class='avia-image-container av-av_image-2629521946ae00bb97473d09cdbb850f av-styling- avia-align-center  avia-builder-el-17  avia-builder-el-no-sibling '   itemprop=\"image\" itemscope=\"itemscope\" itemtype=\"https:\/\/schema.org\/ImageObject\" ><div class=\"avia-image-container-inner\"><div class=\"avia-image-overlay-wrap\"><img decoding=\"async\" fetchpriority=\"high\" class='wp-image-8833 avia-img-lazy-loading-not-8833 avia_image ' src=\"https:\/\/zurapps.com\/all\/wp-content\/uploads\/2013\/06\/iPhoneBubbleDanger2.png\" alt='' title='iPhoneBubbleDanger'  height=\"500\" width=\"244\"  itemprop=\"thumbnailUrl\" srcset=\"https:\/\/zurapps.com\/all\/wp-content\/uploads\/2013\/06\/iPhoneBubbleDanger2.png 244w, https:\/\/zurapps.com\/all\/wp-content\/uploads\/2013\/06\/iPhoneBubbleDanger2-146x300.png 146w\" sizes=\"(max-width: 244px) 100vw, 244px\" \/><\/div><\/div><\/div><\/div>\n<div  class='flex_column av-av_one_half-52c89597409f646e66e7cc675a5d9b4a av_one_half  avia-builder-el-18  el_after_av_one_half  el_before_av_one_full  flex_column_div  column-top-margin'     ><p>\n<style type=\"text\/css\" data-created_by=\"avia_inline_auto\" id=\"style-css-av-av_hr-a6de236e6c183bbbd700292deacd2b52\">\n#top .hr.hr-invisible.av-av_hr-a6de236e6c183bbbd700292deacd2b52{\nheight:20px;\n}\n<\/style>\n<div  class='hr av-av_hr-a6de236e6c183bbbd700292deacd2b52 hr-invisible  avia-builder-el-19  el_before_av_image  avia-builder-el-first '><span class='hr-inner '><span class=\"hr-inner-style\"><\/span><\/span><\/div><br \/>\n\n<style type=\"text\/css\" data-created_by=\"avia_inline_auto\" id=\"style-css-av-av_image-0d932bd4e64feda8fd5fcc866e2c8846\">\n.avia-image-container.av-av_image-0d932bd4e64feda8fd5fcc866e2c8846 img.avia_image{\nbox-shadow:none;\n}\n.avia-image-container.av-av_image-0d932bd4e64feda8fd5fcc866e2c8846 .av-image-caption-overlay-center{\ncolor:#ffffff;\n}\n<\/style>\n<div  class='avia-image-container av-av_image-0d932bd4e64feda8fd5fcc866e2c8846 av-styling- avia-align-center  avia-builder-el-20  el_after_av_hr  avia-builder-el-last '   itemprop=\"image\" itemscope=\"itemscope\" itemtype=\"https:\/\/schema.org\/ImageObject\" ><div class=\"avia-image-container-inner\"><div class=\"avia-image-overlay-wrap\"><img decoding=\"async\" fetchpriority=\"high\" class='wp-image-9858 avia-img-lazy-loading-not-9858 avia_image ' src=\"https:\/\/zurapps.com\/all\/wp-content\/uploads\/2013\/06\/iPadBubbleDangerGame5.jpg\" alt='' title='iPadBubbleDangerGame'  height=\"480\" width=\"345\"  itemprop=\"thumbnailUrl\" srcset=\"https:\/\/zurapps.com\/all\/wp-content\/uploads\/2013\/06\/iPadBubbleDangerGame5.jpg 345w, https:\/\/zurapps.com\/all\/wp-content\/uploads\/2013\/06\/iPadBubbleDangerGame5-216x300.jpg 216w\" sizes=\"(max-width: 345px) 100vw, 345px\" \/><\/div><\/div><\/div><\/p><\/div>\n<div  class='flex_column av-av_one_full-2a9015ff38129c418a3f2eafba3e9512 av_one_full  avia-builder-el-21  el_after_av_one_half  el_before_av_one_full  first flex_column_div  column-top-margin'     ><p>\n<style type=\"text\/css\" data-created_by=\"avia_inline_auto\" id=\"style-css-av-av_heading-39c243ddecdd6a1d8fc2a4f5a5c68b9b\">\n#top .av-special-heading.av-av_heading-39c243ddecdd6a1d8fc2a4f5a5c68b9b{\npadding-bottom:10px;\n}\nbody .av-special-heading.av-av_heading-39c243ddecdd6a1d8fc2a4f5a5c68b9b .av-special-heading-tag .heading-char{\nfont-size:25px;\n}\n.av-special-heading.av-av_heading-39c243ddecdd6a1d8fc2a4f5a5c68b9b .av-subheading{\nfont-size:15px;\n}\n<\/style>\n<div  class='av-special-heading av-av_heading-39c243ddecdd6a1d8fc2a4f5a5c68b9b av-special-heading-h5  avia-builder-el-22  el_before_av_textblock  avia-builder-el-first '><h5 class='av-special-heading-tag'  itemprop=\"headline\"  >Plus d\u2019excitation peut \u00eatre ajout\u00e9 avec le compl\u00e9ment facultatif Souscription PREMIUM tel que:<\/h5><div class=\"special-heading-border\"><div class=\"special-heading-inner-border\"><\/div><\/div><\/div><br \/>\n<section  class='av_textblock_section av-av_textblock-0366cc7376be6c9e82a3e9cc8987b64f '   itemscope=\"itemscope\" itemtype=\"https:\/\/schema.org\/CreativeWork\" ><div class='avia_textblock'  itemprop=\"text\" ><p style=\"font-family: Arial, Helvetica, sans-serif; font-size: 14px; text-align: center;\">\u2022 D\u00e9verrouille de nouveaux modes de jeu \u2013 le mode <strong>D\u00e9fensif<\/strong> o\u00f9 vous devez prot\u00e9ger <strong>la sph\u00e8re LiFE<\/strong> et le mode <strong>Foudroyant<\/strong> o\u00f9 vous devez \u00e9viter les \u00e9clairs rapides<\/p>\n<p style=\"font-family: Arial, Helvetica, sans-serif; font-size: 14px; text-align: center;\">\u2022 Permet des <strong>niveaux de difficult\u00e9<\/strong> plus \u00e9lev\u00e9s incluant de nouvelles bulles, diff\u00e9rents <strong>Power-Ups<\/strong> et plus de bulles de r\u00e9compense<\/p>\n<p style=\"font-family: Arial, Helvetica, sans-serif; font-size: 14px; text-align: center;\">\u2022 Active la <strong>possibilit\u00e9 de partager<\/strong> un jeu, vous permettant de <strong>d\u00e9fier vos amis<\/strong> de jouer le m\u00eame<\/p>\n<\/div><\/section><\/p><\/div>\n<div  class='flex_column av-av_one_full-2a9015ff38129c418a3f2eafba3e9512 av_one_full  avia-builder-el-24  el_after_av_one_full  avia-builder-el-last  first flex_column_div  column-top-margin'     ><div  class='avia-video av-av_video-7abd4f0152dda080a659a80a0e1bd42d avia-video-16-9 av-no-preview-image avia-video-load-always av-lazyload-immediate av-lazyload-video-embed'  itemprop=\"video\" itemtype=\"https:\/\/schema.org\/VideoObject\"  data-original_url='https:\/\/www.youtube.com\/watch?v=RE8_wkVeV78'><script type='text\/html' class='av-video-tmpl'><div class='avia-iframe-wrap'><iframe loading=\"lazy\" width=\"1333\" height=\"1000\" src=\"http:\/\/www.youtube.com\/embed\/RE8_wkVeV78?feature=oembed&autoplay=0&loop=0&controls=1&mute=0\" frameborder=\"0\" allowfullscreen><\/iframe><\/div><\/script><div class='av-click-to-play-overlay'><div class=\"avia_playpause_icon\"><\/div><\/div><\/div><\/div>\n","protected":false},"excerpt":{"rendered":"","protected":false},"author":4,"featured_media":0,"parent":2198,"menu_order":0,"comment_status":"open","ping_status":"open","template":"","meta":{"_monsterinsights_skip_tracking":false,"_monsterinsights_sitenote_active":false,"_monsterinsights_sitenote_note":"","_monsterinsights_sitenote_category":0,"footnotes":""},"_links":{"self":[{"href":"https:\/\/zurapps.com\/all\/index.php?rest_route=\/wp\/v2\/pages\/2758"}],"collection":[{"href":"https:\/\/zurapps.com\/all\/index.php?rest_route=\/wp\/v2\/pages"}],"about":[{"href":"https:\/\/zurapps.com\/all\/index.php?rest_route=\/wp\/v2\/types\/page"}],"author":[{"embeddable":true,"href":"https:\/\/zurapps.com\/all\/index.php?rest_route=\/wp\/v2\/users\/4"}],"replies":[{"embeddable":true,"href":"https:\/\/zurapps.com\/all\/index.php?rest_route=%2Fwp%2Fv2%2Fcomments&post=2758"}],"version-history":[{"count":37,"href":"https:\/\/zurapps.com\/all\/index.php?rest_route=\/wp\/v2\/pages\/2758\/revisions"}],"predecessor-version":[{"id":5384,"href":"https:\/\/zurapps.com\/all\/index.php?rest_route=\/wp\/v2\/pages\/2758\/revisions\/5384"}],"up":[{"embeddable":true,"href":"https:\/\/zurapps.com\/all\/index.php?rest_route=\/wp\/v2\/pages\/2198"}],"wp:attachment":[{"href":"https:\/\/zurapps.com\/all\/index.php?rest_route=%2Fwp%2Fv2%2Fmedia&parent=2758"}],"curies":[{"name":"wp","href":"https:\/\/api.w.org\/{rel}","templated":true}]}}