{"id":2995,"date":"2013-07-16T10:28:25","date_gmt":"2013-06-07T15:01:09","guid":{"rendered":"http:\/\/zurapps.com\/all\/?page_id=2995"},"modified":"2019-10-16T16:23:19","modified_gmt":"2019-10-16T20:23:19","slug":"mathpad","status":"publish","type":"page","link":"https:\/\/zurapps.com\/all\/?page_id=2995","title":{"rendered":"MathPad para iOS"},"content":{"rendered":"<div id='layer_slider_1'  class='avia-layerslider main_color avia-shadow  avia-builder-el-0  el_before_av_section  avia-builder-el-first  container_wrap sidebar_right'  style='height: 251px; max-width: 940px; margin: 0 auto;'  ><\/div>\n\n<style type=\"text\/css\" data-created_by=\"avia_inline_auto\" id=\"style-css-av-av_section-6fb3c5cb687e78ce999e890aceb775a3\">\n.avia-section.av-av_section-6fb3c5cb687e78ce999e890aceb775a3{\nbackground-color:#dddddd;\nbackground-image:unset;\n}\n<\/style>\n<div id='av_section_1'  class='avia-section av-av_section-6fb3c5cb687e78ce999e890aceb775a3 main_color avia-section-default avia-no-shadow  avia-builder-el-1  el_after_av_layerslider  el_before_av_one_half  avia-bg-style-scroll container_wrap sidebar_right'  ><div class='container av-section-cont-open' ><div class='template-page content  av-content-small alpha units'><div class='post-entry post-entry-type-page post-entry-2995'><div class='entry-content-wrapper clearfix'>\n<div  class='flex_column av-av_one_full-2a9015ff38129c418a3f2eafba3e9512 av_one_full  avia-builder-el-2  avia-builder-el-no-sibling  first flex_column_div  '     ><style type=\"text\/css\" data-created_by=\"avia_inline_auto\" id=\"style-css-av-av_heading-0ac29047e335c6ab9b70a679eed47675\">\n#top .av-special-heading.av-av_heading-0ac29047e335c6ab9b70a679eed47675{\npadding-bottom:10px;\n}\nbody .av-special-heading.av-av_heading-0ac29047e335c6ab9b70a679eed47675 .av-special-heading-tag .heading-char{\nfont-size:25px;\n}\n.av-special-heading.av-av_heading-0ac29047e335c6ab9b70a679eed47675 .av-subheading{\nfont-size:15px;\n}\n<\/style>\n<div  class='av-special-heading av-av_heading-0ac29047e335c6ab9b70a679eed47675 av-special-heading-h3  avia-builder-el-3  avia-builder-el-no-sibling '><h3 class='av-special-heading-tag'  itemprop=\"headline\"  >MathPad es un editor de s\u00edmbolos matem\u00e1ticos que utiliza un teclado matem\u00e1tico para crear expresiones matem\u00e1ticas.<\/h3><div class=\"special-heading-border\"><div class=\"special-heading-inner-border\"><\/div><\/div><\/div><\/div>\n<\/div><\/div><\/div><!-- close content main div --><\/div><\/div><div id='after_section_1'  class='main_color av_default_container_wrap container_wrap sidebar_right'  ><div class='container av-section-cont-open' ><div class='template-page content  av-content-small alpha units'><div class='post-entry post-entry-type-page post-entry-2995'><div class='entry-content-wrapper clearfix'>\n<div  class='flex_column av-av_one_half-2a9015ff38129c418a3f2eafba3e9512 av_one_half  avia-builder-el-4  el_after_av_section  el_before_av_one_half  avia-builder-el-first  first flex_column_div  '     ><style type=\"text\/css\" data-created_by=\"avia_inline_auto\" id=\"style-css-av-av_image-2f3e85bf7e700cb7e53b6421d863e0c5\">\n.avia-image-container.av-av_image-2f3e85bf7e700cb7e53b6421d863e0c5 img.avia_image{\nbox-shadow:none;\n}\n.avia-image-container.av-av_image-2f3e85bf7e700cb7e53b6421d863e0c5 .av-image-caption-overlay-center{\ncolor:#ffffff;\n}\n<\/style>\n<div  class='avia-image-container av-av_image-2f3e85bf7e700cb7e53b6421d863e0c5 av-styling- avia-align-center  avia-builder-el-5  avia-builder-el-no-sibling '   itemprop=\"image\" itemscope=\"itemscope\" itemtype=\"https:\/\/schema.org\/ImageObject\" ><div class=\"avia-image-container-inner\"><div class=\"avia-image-overlay-wrap\"><img decoding=\"async\" fetchpriority=\"high\" class='wp-image-10299 avia-img-lazy-loading-not-10299 avia_image ' src=\"https:\/\/zurapps.com\/all\/wp-content\/uploads\/2019\/10\/MathPadWebIcon-1-300x300.png\" alt='MathPad iOS App icon' title='MathPad iOS App icon 2019'  height=\"300\" width=\"300\"  itemprop=\"thumbnailUrl\" srcset=\"https:\/\/zurapps.com\/all\/wp-content\/uploads\/2019\/10\/MathPadWebIcon-1-300x300.png 300w, https:\/\/zurapps.com\/all\/wp-content\/uploads\/2019\/10\/MathPadWebIcon-1-80x80.png 80w, https:\/\/zurapps.com\/all\/wp-content\/uploads\/2019\/10\/MathPadWebIcon-1-768x768.png 768w, https:\/\/zurapps.com\/all\/wp-content\/uploads\/2019\/10\/MathPadWebIcon-1-36x36.png 36w, https:\/\/zurapps.com\/all\/wp-content\/uploads\/2019\/10\/MathPadWebIcon-1-180x180.png 180w, https:\/\/zurapps.com\/all\/wp-content\/uploads\/2019\/10\/MathPadWebIcon-1-705x705.png 705w, https:\/\/zurapps.com\/all\/wp-content\/uploads\/2019\/10\/MathPadWebIcon-1-120x120.png 120w, https:\/\/zurapps.com\/all\/wp-content\/uploads\/2019\/10\/MathPadWebIcon-1-450x450.png 450w, https:\/\/zurapps.com\/all\/wp-content\/uploads\/2019\/10\/MathPadWebIcon-1.png 1024w\" sizes=\"(max-width: 300px) 100vw, 300px\" \/><\/div><\/div><\/div><\/div>\n<div  class='flex_column av-av_one_half-52c89597409f646e66e7cc675a5d9b4a av_one_half  avia-builder-el-6  el_after_av_one_half  el_before_av_one_full  flex_column_div  '     ><section  class='av_textblock_section av-av_textblock-0366cc7376be6c9e82a3e9cc8987b64f '   itemscope=\"itemscope\" itemtype=\"https:\/\/schema.org\/CreativeWork\" ><div class='avia_textblock'  itemprop=\"text\" ><h5 style=\"font-family: Arial, Helvetica, sans-serif; font-size: 20px; text-align: left;\">MathPad<\/h5>\n<p><strong>\u00a1PROBAR ANTES DE COMPRAR!<\/strong> &#8211; Aplicaci\u00f3n gratuita que incluye Compras In-App para <strong>Suscripci\u00f3n PREMIUM<\/strong> con un per\u00edodo de prueba gratuito de un mes.<\/p>\n<\/div><\/section><br \/>\n<div  class='hr av-av_hr-dcd2069817a0e3d34ae04cad8f3443c7 hr-default  avia-builder-el-8  el_after_av_textblock  el_before_av_button '><span class='hr-inner '><span class=\"hr-inner-style\"><\/span><\/span><\/div><br \/>\n<div  class='avia-button-wrap av-av_button-1a52fa1cf6c7373b5fd5a0a4d0fb17fd-wrap avia-button-center  avia-builder-el-9  el_after_av_hr  el_before_av_image '><a href='https:\/\/itunes.apple.com\/us\/app\/mathpad\/id435087400?ls=1&amp;mt=8' class='avia-button av-av_button-1a52fa1cf6c7373b5fd5a0a4d0fb17fd av-link-btn avia-icon_select-no avia-size-large avia-position-center avia-color-silver' target=\"_blank\" rel=\"noopener noreferrer\"><span class='avia_iconbox_title' >MathPad<\/span><\/a><\/div><br \/>\n\n<style type=\"text\/css\" data-created_by=\"avia_inline_auto\" id=\"style-css-av-av_image-455ee2f6a0790b6768a3e07faa923191\">\n.avia-image-container.av-av_image-455ee2f6a0790b6768a3e07faa923191 img.avia_image{\nbox-shadow:none;\n}\n.avia-image-container.av-av_image-455ee2f6a0790b6768a3e07faa923191 .av-image-caption-overlay-center{\ncolor:#ffffff;\n}\n<\/style>\n<div  class='avia-image-container av-av_image-455ee2f6a0790b6768a3e07faa923191 av-styling- av-img-linked avia-align-center  avia-builder-el-10  el_after_av_button  avia-builder-el-last '   itemprop=\"image\" itemscope=\"itemscope\" itemtype=\"https:\/\/schema.org\/ImageObject\" ><div class=\"avia-image-container-inner\"><div class=\"avia-image-overlay-wrap\"><a href=\"https:\/\/itunes.apple.com\/us\/app\/mathpad\/id435087400?ls=1&amp;mt=8\" class='avia_image '  ><img decoding=\"async\" fetchpriority=\"high\" class='wp-image-5439 avia-img-lazy-loading-not-5439 avia_image ' src=\"https:\/\/zurapps.com\/all\/wp-content\/uploads\/2013\/06\/App_Store_Badge_SP.png\" alt='' title=''  height=\"60\" width=\"155\"  itemprop=\"thumbnailUrl\"  \/><\/a><\/div><\/div><\/div><\/p><\/div>\n<div  class='flex_column av-av_one_full-2a9015ff38129c418a3f2eafba3e9512 av_one_full  avia-builder-el-11  el_after_av_one_half  el_before_av_one_half  first flex_column_div  column-top-margin'     ><p>\n<style type=\"text\/css\" data-created_by=\"avia_inline_auto\" id=\"style-css-av-av_heading-dd33ddc8db401cfb6ec97c14d9f2e856\">\n#top .av-special-heading.av-av_heading-dd33ddc8db401cfb6ec97c14d9f2e856{\npadding-bottom:10px;\ncolor:#f05a1a;\n}\nbody .av-special-heading.av-av_heading-dd33ddc8db401cfb6ec97c14d9f2e856 .av-special-heading-tag .heading-char{\nfont-size:25px;\n}\n.av-special-heading.av-av_heading-dd33ddc8db401cfb6ec97c14d9f2e856 .special-heading-inner-border{\nborder-color:#f05a1a;\n}\n.av-special-heading.av-av_heading-dd33ddc8db401cfb6ec97c14d9f2e856 .av-subheading{\nfont-size:15px;\n}\n<\/style>\n<div  class='av-special-heading av-av_heading-dd33ddc8db401cfb6ec97c14d9f2e856 av-special-heading-h3 custom-color-heading  avia-builder-el-12  el_before_av_textblock  avia-builder-el-first '><h3 class='av-special-heading-tag'  itemprop=\"headline\"  >Lo nuevo en la versi\u00f3n 26.0<\/h3><div class=\"special-heading-border\"><div class=\"special-heading-inner-border\"><\/div><\/div><\/div><br \/>\n<section  class='av_textblock_section av-av_textblock-0366cc7376be6c9e82a3e9cc8987b64f '   itemscope=\"itemscope\" itemtype=\"https:\/\/schema.org\/CreativeWork\" ><div class='avia_textblock'  itemprop=\"text\" ><p style=\"font-family: Arial, Helvetica, sans-serif; font-size: 16px; text-align: left;\">\u2022 Componentes de software redise\u00f1adose<\/p>\n<p style=\"font-family: Arial, Helvetica, sans-serif; font-size: 16px; text-align: left;\">\u2022 Experiencia de usuario mejorada<\/p>\n<p style=\"font-family: Arial, Helvetica, sans-serif; font-size: 16px; text-align: left;\">\u2022 Compatibilidad con iPhone<\/p>\n<p style=\"font-family: Arial, Helvetica, sans-serif; font-size: 16px; text-align: left;\">\u2022 Nuevo icono de la aplicaci\u00f3n<\/p>\n<p style=\"font-family: Arial, Helvetica, sans-serif; font-size: 16px; text-align: left;\">\u2022 Teclado MathPad con desplazamiento continuo<\/p>\n<p style=\"font-family: Arial, Helvetica, sans-serif; font-size: 16px; text-align: left;\">\u2022 Botones agrupados por tipo<\/p>\n<p style=\"font-family: Arial, Helvetica, sans-serif; font-size: 16px; text-align: left;\">\u2022 Botones redondos para ir directamente a un grupo<\/p>\n<p style=\"font-family: Arial, Helvetica, sans-serif; font-size: 16px; text-align: left;\">\u2022 Botones de flecha izquierda y derecha para mover el cursor dentro de la expresi\u00f3n<\/p>\n<\/div><\/section><\/p><\/div><div  class='flex_column av-av_one_half-2a9015ff38129c418a3f2eafba3e9512 av_one_half  avia-builder-el-14  el_after_av_one_full  el_before_av_one_half  first flex_column_div  column-top-margin'     ><section  class='av_textblock_section av-av_textblock-0366cc7376be6c9e82a3e9cc8987b64f '   itemscope=\"itemscope\" itemtype=\"https:\/\/schema.org\/CreativeWork\" ><div class='avia_textblock'  itemprop=\"text\" ><p style=\"font-family: Arial, Helvetica, sans-serif; font-size: 16px; text-align: left;\"><strong>MathPad permite crear documentos que incluyen:<\/strong><\/p>\n<p style=\"font-family: Arial, Helvetica, sans-serif; font-size: 16px; text-align: left;\">\u2022 Expresiones matem\u00e1ticas que se dibujar, redimensionar y alinean autom\u00e1ticamente de acuerdo con su contenido<\/p>\n<p style=\"font-family: Arial, Helvetica, sans-serif; font-size: 16px; text-align: left;\">\u2022 Formas geom\u00e9tricas: c\u00edrculo, tri\u00e1ngulo equil\u00e1tero, tri\u00e1ngulo is\u00f3sceles, tri\u00e1ngulo rect\u00e1ngulo, tri\u00e1ngulo obtuso, tri\u00e1ngulo agudo, cuadrado, rect\u00e1ngulo<\/p>\n<p style=\"font-family: Arial, Helvetica, sans-serif; font-size: 16px; text-align: left;\">\u2022 Gr\u00e1ficos dibujados con color o espesor del l\u00ednea personalizado y opciones para colocar el eje en el centro o en cualquiera de las esquinas y para mostrar u ocultar garrapatas, flechas o extensiones<\/p>\n<p style=\"font-family: Arial, Helvetica, sans-serif; font-size: 16px; text-align: left;\">\u2022 Otros elementos: matrices, figuras con anotaciones editadles, im\u00e1genes, cuadros de texto y de texto<\/p>\n<\/div><\/section><\/div><\/p>\n<div  class='flex_column av-av_one_half-52c89597409f646e66e7cc675a5d9b4a av_one_half  avia-builder-el-16  el_after_av_one_half  el_before_av_three_fifth  flex_column_div  column-top-margin'     ><section  class='av_textblock_section av-av_textblock-0366cc7376be6c9e82a3e9cc8987b64f '   itemscope=\"itemscope\" itemtype=\"https:\/\/schema.org\/CreativeWork\" ><div class='avia_textblock'  itemprop=\"text\" ><p style=\"font-family: Arial, Helvetica, sans-serif; font-size: 16px; text-align: left;\"><strong>Acciones Compartir para sus documentos:<\/strong><\/p>\n<p style=\"font-family: Arial, Helvetica, sans-serif; font-size: 16px; text-align: left;\">\u2022 Imprimir\/Enviar PDF con dise\u00f1o de p\u00e1gina para Tama\u00f1o Carta o Tama\u00f1o A4, modo Retrato o Paisaje y con las opciones Ajustar a la P\u00e1gina o Ajuste Autom\u00e1tico<\/p>\n<p style=\"font-family: Arial, Helvetica, sans-serif; font-size: 16px; text-align: left;\">\u2022 Compartir para enviar documento a otros usuarios MathPad o para usted mismo, para crear copias de seguridad<\/p>\n<p style=\"font-family: Arial, Helvetica, sans-serif; font-size: 16px; text-align: left;\">\u2022 Duplicar documento<\/p>\n<p style=\"font-family: Arial, Helvetica, sans-serif; font-size: 16px; text-align: left;\">\u2022 Enviar JPGs de todas expresiones del documento<\/p>\n<p style=\"font-family: Arial, Helvetica, sans-serif; font-size: 16px; text-align: left;\">\u2022 Copiar Imagen de expresi\u00f3n seleccionada o del documento completo al portapapeles iOS<\/p>\n<p style=\"font-family: Arial, Helvetica, sans-serif; font-size: 16px; text-align: left;\">\u2022 Guardar JPG de expresi\u00f3n seleccionada o del documento completo al Fototeca<\/p>\n<p style=\"font-family: Arial, Helvetica, sans-serif; font-size: 16px; text-align: left;\">\u2022 Exportar a iCloud<\/p>\n<\/div><\/section><\/div>\n<div  class='flex_column av-av_three_fifth-2a9015ff38129c418a3f2eafba3e9512 av_three_fifth  avia-builder-el-18  el_after_av_one_half  el_before_av_two_fifth  first flex_column_div  column-top-margin'     ><style type=\"text\/css\" data-created_by=\"avia_inline_auto\" id=\"style-css-av-av_image-2d16a2d044b4c744e22fb7438708ade9\">\n.avia-image-container.av-av_image-2d16a2d044b4c744e22fb7438708ade9 img.avia_image{\nbox-shadow:none;\n}\n.avia-image-container.av-av_image-2d16a2d044b4c744e22fb7438708ade9 .av-image-caption-overlay-center{\ncolor:#ffffff;\n}\n<\/style>\n<div  class='avia-image-container av-av_image-2d16a2d044b4c744e22fb7438708ade9 av-styling- avia-align-center  avia-builder-el-19  avia-builder-el-no-sibling '   itemprop=\"image\" itemscope=\"itemscope\" itemtype=\"https:\/\/schema.org\/ImageObject\" ><div class=\"avia-image-container-inner\"><div class=\"avia-image-overlay-wrap\"><img decoding=\"async\" fetchpriority=\"high\" class='wp-image-6937 avia-img-lazy-loading-not-6937 avia_image ' src=\"https:\/\/zurapps.com\/all\/wp-content\/uploads\/2013\/07\/Info-Screen1.jpg\" alt='' title='MathPad Info Screen'  height=\"359\" width=\"466\"  itemprop=\"thumbnailUrl\" srcset=\"https:\/\/zurapps.com\/all\/wp-content\/uploads\/2013\/07\/Info-Screen1.jpg 466w, https:\/\/zurapps.com\/all\/wp-content\/uploads\/2013\/07\/Info-Screen1-300x231.jpg 300w, https:\/\/zurapps.com\/all\/wp-content\/uploads\/2013\/07\/Info-Screen1-450x346.jpg 450w\" sizes=\"(max-width: 466px) 100vw, 466px\" \/><\/div><\/div><\/div><\/div>\n<div  class='flex_column av-av_two_fifth-52c89597409f646e66e7cc675a5d9b4a av_two_fifth  avia-builder-el-20  el_after_av_three_fifth  el_before_av_hr  flex_column_div  column-top-margin'     ><section  class='av_textblock_section av-av_textblock-0366cc7376be6c9e82a3e9cc8987b64f '   itemscope=\"itemscope\" itemtype=\"https:\/\/schema.org\/CreativeWork\" ><div class='avia_textblock'  itemprop=\"text\" ><p style=\"font-family: Arial, Helvetica, sans-serif; font-size: 16px; text-align: center;\">El <strong>teclado matem\u00e1tica<\/strong> te permite editar ecuaciones como nunca antes.<\/p>\n<p style=\"font-family: Arial, Helvetica, sans-serif; font-size: 16px; text-align: center;\">Cambiar el tama\u00f1o de la <strong>fuente o el color<\/strong> de cada expresi\u00f3n seleccionado.<\/p>\n<p style=\"font-family: Arial, Helvetica, sans-serif; font-size: 16px; text-align: center;\"><strong>El uso de iCloud<\/strong> para guardar y abrir sus archivos en otros dispositivos.<\/p>\n<p style=\"font-family: Arial, Helvetica, sans-serif; font-size: 16px; text-align: center;\"><strong>Imprimir o compartir<\/strong> los documentos en varios formatos.<\/p>\n<\/div><\/section><\/div>\n\n<style type=\"text\/css\" data-created_by=\"avia_inline_auto\" id=\"style-css-av-av_hr-c9ba6ccf0e28539cef079a4b419f7f68\">\n#top .hr.hr-invisible.av-av_hr-c9ba6ccf0e28539cef079a4b419f7f68{\nheight:25px;\n}\n<\/style>\n<div  class='hr av-av_hr-c9ba6ccf0e28539cef079a4b419f7f68 hr-invisible  avia-builder-el-22  el_after_av_two_fifth  el_before_av_one_full '><span class='hr-inner '><span class=\"hr-inner-style\"><\/span><\/span><\/div>\n<div  class='flex_column av-av_one_full-2a9015ff38129c418a3f2eafba3e9512 av_one_full  avia-builder-el-23  el_after_av_hr  el_before_av_one_full  first flex_column_div  '     ><section  class='av_textblock_section av-av_textblock-0366cc7376be6c9e82a3e9cc8987b64f '   itemscope=\"itemscope\" itemtype=\"https:\/\/schema.org\/CreativeWork\" ><div class='avia_textblock'  itemprop=\"text\" ><p style=\"font-family: Arial, Helvetica, sans-serif; font-size: 16px; text-align: left;\"><strong>MathPad Suscripci\u00f3n PREMIUM incluye:<\/strong><\/p>\n<p style=\"font-family: Arial, Helvetica, sans-serif; font-size: 16px; text-align: left;\">\u2022 Desbloquea los derechos de archivos a la B\u00f3veda ZurApps para exportar e importar documentos utilizando una clave privada<\/p>\n<p style=\"font-family: Arial, Helvetica, sans-serif; font-size: 16px; text-align: left;\">\u2022 Atribuye el acceso ilimitado para importar y exportar de documentos dentro de la Biblioteca ZurApps<\/p>\n<p style=\"font-family: Arial, Helvetica, sans-serif; font-size: 16px; text-align: left;\">\u2022 Activa las caracter\u00edsticas adicionales, tales como la creaci\u00f3n de documentos m\u00faltiples y varios modos de compartir los documentos<\/p>\n<\/div><\/section><\/div>\n<div  class='flex_column av-av_one_full-2a9015ff38129c418a3f2eafba3e9512 av_one_full  avia-builder-el-25  el_after_av_one_full  avia-builder-el-last  first flex_column_div  column-top-margin'     ><div  class='avia-video av-av_video-f297008f719f25071d184119ebefa21b avia-video-16-9 av-no-preview-image avia-video-load-always av-lazyload-immediate av-lazyload-video-embed'  itemprop=\"video\" itemtype=\"https:\/\/schema.org\/VideoObject\"  data-original_url='https:\/\/www.youtube.com\/watch?v=SnJA9U_II6s'><script type='text\/html' class='av-video-tmpl'><div class='avia-iframe-wrap'><iframe loading=\"lazy\" width=\"1333\" height=\"1000\" src=\"https:\/\/www.youtube.com\/embed\/SnJA9U_II6s?feature=oembed&autoplay=0&loop=0&controls=1&mute=0\" frameborder=\"0\" allowfullscreen><\/iframe><\/div><\/script><div class='av-click-to-play-overlay'><div class=\"avia_playpause_icon\"><\/div><\/div><\/div><\/div>\n","protected":false},"excerpt":{"rendered":"","protected":false},"author":4,"featured_media":0,"parent":8201,"menu_order":0,"comment_status":"open","ping_status":"open","template":"","meta":{"_monsterinsights_skip_tracking":false,"_monsterinsights_sitenote_active":false,"_monsterinsights_sitenote_note":"","_monsterinsights_sitenote_category":0,"footnotes":""},"_links":{"self":[{"href":"https:\/\/zurapps.com\/all\/index.php?rest_route=\/wp\/v2\/pages\/2995"}],"collection":[{"href":"https:\/\/zurapps.com\/all\/index.php?rest_route=\/wp\/v2\/pages"}],"about":[{"href":"https:\/\/zurapps.com\/all\/index.php?rest_route=\/wp\/v2\/types\/page"}],"author":[{"embeddable":true,"href":"https:\/\/zurapps.com\/all\/index.php?rest_route=\/wp\/v2\/users\/4"}],"replies":[{"embeddable":true,"href":"https:\/\/zurapps.com\/all\/index.php?rest_route=%2Fwp%2Fv2%2Fcomments&post=2995"}],"version-history":[{"count":58,"href":"https:\/\/zurapps.com\/all\/index.php?rest_route=\/wp\/v2\/pages\/2995\/revisions"}],"predecessor-version":[{"id":10304,"href":"https:\/\/zurapps.com\/all\/index.php?rest_route=\/wp\/v2\/pages\/2995\/revisions\/10304"}],"up":[{"embeddable":true,"href":"https:\/\/zurapps.com\/all\/index.php?rest_route=\/wp\/v2\/pages\/8201"}],"wp:attachment":[{"href":"https:\/\/zurapps.com\/all\/index.php?rest_route=%2Fwp%2Fv2%2Fmedia&parent=2995"}],"curies":[{"name":"wp","href":"https:\/\/api.w.org\/{rel}","templated":true}]}}