{"id":2996,"date":"2013-07-16T10:28:25","date_gmt":"2013-06-07T15:01:09","guid":{"rendered":"http:\/\/zurapps.com\/all\/?page_id=2996"},"modified":"2019-10-16T16:23:56","modified_gmt":"2019-10-16T20:23:56","slug":"mathpad","status":"publish","type":"page","link":"https:\/\/zurapps.com\/all\/?page_id=2996","title":{"rendered":"MathPad pour iOS"},"content":{"rendered":"<div id='layer_slider_1'  class='avia-layerslider main_color avia-shadow  avia-builder-el-0  el_before_av_section  avia-builder-el-first  container_wrap sidebar_right'  style='height: 251px; max-width: 940px; margin: 0 auto;'  ><\/div>\n\n<style type=\"text\/css\" data-created_by=\"avia_inline_auto\" id=\"style-css-av-av_section-6fb3c5cb687e78ce999e890aceb775a3\">\n.avia-section.av-av_section-6fb3c5cb687e78ce999e890aceb775a3{\nbackground-color:#dddddd;\nbackground-image:unset;\n}\n<\/style>\n<div id='av_section_1'  class='avia-section av-av_section-6fb3c5cb687e78ce999e890aceb775a3 main_color avia-section-default avia-no-shadow  avia-builder-el-1  el_after_av_layerslider  el_before_av_one_half  avia-bg-style-scroll container_wrap sidebar_right'  ><div class='container av-section-cont-open' ><div class='template-page content  av-content-small alpha units'><div class='post-entry post-entry-type-page post-entry-2996'><div class='entry-content-wrapper clearfix'>\n<div  class='flex_column av-av_one_full-2a9015ff38129c418a3f2eafba3e9512 av_one_full  avia-builder-el-2  avia-builder-el-no-sibling  first flex_column_div  '     ><style type=\"text\/css\" data-created_by=\"avia_inline_auto\" id=\"style-css-av-av_heading-066af34297b9e9000cb0a77ca7756562\">\n#top .av-special-heading.av-av_heading-066af34297b9e9000cb0a77ca7756562{\npadding-bottom:10px;\n}\nbody .av-special-heading.av-av_heading-066af34297b9e9000cb0a77ca7756562 .av-special-heading-tag .heading-char{\nfont-size:25px;\n}\n.av-special-heading.av-av_heading-066af34297b9e9000cb0a77ca7756562 .av-subheading{\nfont-size:15px;\n}\n<\/style>\n<div  class='av-special-heading av-av_heading-066af34297b9e9000cb0a77ca7756562 av-special-heading-h3  avia-builder-el-3  avia-builder-el-no-sibling '><h3 class='av-special-heading-tag'  itemprop=\"headline\"  >L\u2018appli MathPad est un puissant \u00e9diteur d\u2019\u00e9quations alg\u00e9briques, g\u00e9om\u00e9triques et d\u00e9riv\u00e9es utilisant un clavier math\u00e9matique et produisant des fichiers PDF.<\/h3><div class=\"special-heading-border\"><div class=\"special-heading-inner-border\"><\/div><\/div><\/div><\/div>\n<\/div><\/div><\/div><!-- close content main div --><\/div><\/div><div id='after_section_1'  class='main_color av_default_container_wrap container_wrap sidebar_right'  ><div class='container av-section-cont-open' ><div class='template-page content  av-content-small alpha units'><div class='post-entry post-entry-type-page post-entry-2996'><div class='entry-content-wrapper clearfix'>\n<div  class='flex_column av-av_one_half-2a9015ff38129c418a3f2eafba3e9512 av_one_half  avia-builder-el-4  el_after_av_section  el_before_av_one_half  avia-builder-el-first  first flex_column_div  '     ><style type=\"text\/css\" data-created_by=\"avia_inline_auto\" id=\"style-css-av-av_image-c18139cedf3b64ccb53f5899d33093a1\">\n.avia-image-container.av-av_image-c18139cedf3b64ccb53f5899d33093a1 img.avia_image{\nbox-shadow:none;\n}\n.avia-image-container.av-av_image-c18139cedf3b64ccb53f5899d33093a1 .av-image-caption-overlay-center{\ncolor:#ffffff;\n}\n<\/style>\n<div  class='avia-image-container av-av_image-c18139cedf3b64ccb53f5899d33093a1 av-styling- avia-align-center  avia-builder-el-5  avia-builder-el-no-sibling '   itemprop=\"image\" itemscope=\"itemscope\" itemtype=\"https:\/\/schema.org\/ImageObject\" ><div class=\"avia-image-container-inner\"><div class=\"avia-image-overlay-wrap\"><img decoding=\"async\" fetchpriority=\"high\" class='wp-image-10301 avia-img-lazy-loading-not-10301 avia_image ' src=\"https:\/\/zurapps.com\/all\/wp-content\/uploads\/2019\/10\/MathPadWebIcon-2-300x300.png\" alt='MathPad iOS App icon' title='MathPad iOS App icon 2019'  height=\"300\" width=\"300\"  itemprop=\"thumbnailUrl\" srcset=\"https:\/\/zurapps.com\/all\/wp-content\/uploads\/2019\/10\/MathPadWebIcon-2-300x300.png 300w, https:\/\/zurapps.com\/all\/wp-content\/uploads\/2019\/10\/MathPadWebIcon-2-80x80.png 80w, https:\/\/zurapps.com\/all\/wp-content\/uploads\/2019\/10\/MathPadWebIcon-2-768x768.png 768w, https:\/\/zurapps.com\/all\/wp-content\/uploads\/2019\/10\/MathPadWebIcon-2-36x36.png 36w, https:\/\/zurapps.com\/all\/wp-content\/uploads\/2019\/10\/MathPadWebIcon-2-180x180.png 180w, https:\/\/zurapps.com\/all\/wp-content\/uploads\/2019\/10\/MathPadWebIcon-2-705x705.png 705w, https:\/\/zurapps.com\/all\/wp-content\/uploads\/2019\/10\/MathPadWebIcon-2-120x120.png 120w, https:\/\/zurapps.com\/all\/wp-content\/uploads\/2019\/10\/MathPadWebIcon-2-450x450.png 450w, https:\/\/zurapps.com\/all\/wp-content\/uploads\/2019\/10\/MathPadWebIcon-2.png 1024w\" sizes=\"(max-width: 300px) 100vw, 300px\" \/><\/div><\/div><\/div><\/div>\n<div  class='flex_column av-av_one_half-52c89597409f646e66e7cc675a5d9b4a av_one_half  avia-builder-el-6  el_after_av_one_half  el_before_av_one_full  flex_column_div  '     ><section  class='av_textblock_section av-av_textblock-0366cc7376be6c9e82a3e9cc8987b64f '   itemscope=\"itemscope\" itemtype=\"https:\/\/schema.org\/CreativeWork\" ><div class='avia_textblock'  itemprop=\"text\" ><h5 style=\"font-family: Arial, Helvetica, sans-serif; font-size: 20px; text-align: left;\">MathPad<\/h5>\n<p><strong>ESSAYER AVANT D&#8217;ACHETER!<\/strong> &#8211; Appli GRATUITE qui comprend Achats In-App pour <strong>Souscription PREMIUM<\/strong> avec une p\u00e9riode d&#8217;essai gratuite d&#8217;un mois.<\/p>\n<\/div><\/section><br \/>\n<div  class='hr av-av_hr-dcd2069817a0e3d34ae04cad8f3443c7 hr-default  avia-builder-el-8  el_after_av_textblock  el_before_av_button '><span class='hr-inner '><span class=\"hr-inner-style\"><\/span><\/span><\/div><br \/>\n<div  class='avia-button-wrap av-av_button-1a52fa1cf6c7373b5fd5a0a4d0fb17fd-wrap avia-button-center  avia-builder-el-9  el_after_av_hr  el_before_av_image '><a href='https:\/\/itunes.apple.com\/us\/app\/mathpad\/id435087400?ls=1&amp;mt=8' class='avia-button av-av_button-1a52fa1cf6c7373b5fd5a0a4d0fb17fd av-link-btn avia-icon_select-no avia-size-large avia-position-center avia-color-silver' target=\"_blank\" rel=\"noopener noreferrer\"><span class='avia_iconbox_title' >MathPad<\/span><\/a><\/div><br \/>\n\n<style type=\"text\/css\" data-created_by=\"avia_inline_auto\" id=\"style-css-av-av_image-02e97e8b41c4ad566ad2009e4e4b0622\">\n.avia-image-container.av-av_image-02e97e8b41c4ad566ad2009e4e4b0622 img.avia_image{\nbox-shadow:none;\n}\n.avia-image-container.av-av_image-02e97e8b41c4ad566ad2009e4e4b0622 .av-image-caption-overlay-center{\ncolor:#ffffff;\n}\n<\/style>\n<div  class='avia-image-container av-av_image-02e97e8b41c4ad566ad2009e4e4b0622 av-styling- av-img-linked avia-align-center  avia-builder-el-10  el_after_av_button  avia-builder-el-last '   itemprop=\"image\" itemscope=\"itemscope\" itemtype=\"https:\/\/schema.org\/ImageObject\" ><div class=\"avia-image-container-inner\"><div class=\"avia-image-overlay-wrap\"><a href=\"https:\/\/itunes.apple.com\/us\/app\/mathpad\/id435087400?ls=1&amp;mt=8\" class='avia_image '  aria-label='Download in the App store'><img decoding=\"async\" fetchpriority=\"high\" class='wp-image-5441 avia-img-lazy-loading-not-5441 avia_image ' src=\"https:\/\/zurapps.com\/all\/wp-content\/uploads\/2013\/06\/App_Store_Badge_Fr.png\" alt='' title='Download in the App store'  height=\"60\" width=\"155\"  itemprop=\"thumbnailUrl\"  \/><\/a><\/div><\/div><\/div><\/p><\/div>\n<div  class='flex_column av-av_one_full-2a9015ff38129c418a3f2eafba3e9512 av_one_full  avia-builder-el-11  el_after_av_one_half  el_before_av_one_half  first flex_column_div  column-top-margin'     ><p>\n<style type=\"text\/css\" data-created_by=\"avia_inline_auto\" id=\"style-css-av-av_heading-a1710c5a71659b0bdd7f3d936d8da73a\">\n#top .av-special-heading.av-av_heading-a1710c5a71659b0bdd7f3d936d8da73a{\npadding-bottom:10px;\ncolor:#f05a1a;\n}\nbody .av-special-heading.av-av_heading-a1710c5a71659b0bdd7f3d936d8da73a .av-special-heading-tag .heading-char{\nfont-size:25px;\n}\n.av-special-heading.av-av_heading-a1710c5a71659b0bdd7f3d936d8da73a .special-heading-inner-border{\nborder-color:#f05a1a;\n}\n.av-special-heading.av-av_heading-a1710c5a71659b0bdd7f3d936d8da73a .av-subheading{\nfont-size:15px;\n}\n<\/style>\n<div  class='av-special-heading av-av_heading-a1710c5a71659b0bdd7f3d936d8da73a av-special-heading-h3 custom-color-heading  avia-builder-el-12  el_before_av_textblock  avia-builder-el-first '><h3 class='av-special-heading-tag'  itemprop=\"headline\"  >Quoi de neuf dans la version 26.0<\/h3><div class=\"special-heading-border\"><div class=\"special-heading-inner-border\"><\/div><\/div><\/div><br \/>\n<section  class='av_textblock_section av-av_textblock-0366cc7376be6c9e82a3e9cc8987b64f '   itemscope=\"itemscope\" itemtype=\"https:\/\/schema.org\/CreativeWork\" ><div class='avia_textblock'  itemprop=\"text\" ><p style=\"font-family: Arial, Helvetica, sans-serif; font-size: 16px; text-align: left;\">\u2022 Nouvelle interface<\/p>\n<p style=\"font-family: Arial, Helvetica, sans-serif; font-size: 16px; text-align: left;\">\u2022 Exp\u00e9rience utilisateur am\u00e9lior\u00e9e<\/p>\n<p style=\"font-family: Arial, Helvetica, sans-serif; font-size: 16px; text-align: left;\">\u2022 Composants logiciels redessin\u00e9s<\/p>\n<p style=\"font-family: Arial, Helvetica, sans-serif; font-size: 16px; text-align: left;\">\u2022 Compatibilit\u00e9 avec l&#8217;iPhone<\/p>\n<p style=\"font-family: Arial, Helvetica, sans-serif; font-size: 16px; text-align: left;\">\u2022 Nouvelle ic\u00f4ne d&#8217;application<\/p>\n<p style=\"font-family: Arial, Helvetica, sans-serif; font-size: 16px; text-align: left;\">\u2022 Clavier MathPad avec d\u00e9filement continu<\/p>\n<p style=\"font-family: Arial, Helvetica, sans-serif; font-size: 16px; text-align: left;\">\u2022 Boutons regroup\u00e9s par type<\/p>\n<p style=\"font-family: Arial, Helvetica, sans-serif; font-size: 16px; text-align: left;\">\u2022 Boutons ronds pour aller directement \u00e0 un groupe<\/p>\n<p style=\"font-family: Arial, Helvetica, sans-serif; font-size: 16px; text-align: left;\">\u2022 Boutons fl\u00e9ch\u00e9es gauche et droite pour d\u00e9placer le curseur \u00e0 l&#8217;int\u00e9rieur de l&#8217;expression<\/p>\n<\/div><\/section><\/p><\/div><div  class='flex_column av-av_one_half-2a9015ff38129c418a3f2eafba3e9512 av_one_half  avia-builder-el-14  el_after_av_one_full  el_before_av_one_half  first flex_column_div  column-top-margin'     ><section  class='av_textblock_section av-av_textblock-0366cc7376be6c9e82a3e9cc8987b64f '   itemscope=\"itemscope\" itemtype=\"https:\/\/schema.org\/CreativeWork\" ><div class='avia_textblock'  itemprop=\"text\" ><p style=\"font-family: Arial, Helvetica, sans-serif; font-size: 16px; text-align: left;\"><strong>MathPad vous permet de cr\u00e9er des documents qui incluent:<\/strong><\/p>\n<p style=\"font-family: Arial, Helvetica, sans-serif; font-size: 16px; text-align: left;\">\u2022 Expressions math\u00e9matiques qui se dessinent, redimensionnent et rallient automatiquement selon leur contenu<\/p>\n<p style=\"font-family: Arial, Helvetica, sans-serif; font-size: 16px; text-align: left;\">\u2022 Formes g\u00e9om\u00e9triques: cercle, triangle \u00e9quilat\u00e9ral, triangle isoc\u00e8le, triangle, triangle obtus, triangle aigu, carr\u00e9, rectangle<\/p>\n<p style=\"font-family: Arial, Helvetica, sans-serif; font-size: 16px; text-align: left;\">\u2022 Graphiques dessin\u00e9s avec la couleur ou l&#8217;\u00e9paisseur de la ligne personnalis\u00e9e et des options pour placer l&#8217;axe dans le centre ou dans l&#8217;un des coins et pour afficher ou masquertiques, des fl\u00e8ches ou des extensions<\/p>\n<p style=\"font-family: Arial, Helvetica, sans-serif; font-size: 16px; text-align: left;\">\u2022 Autres \u00e9l\u00e9ments: matrices, des figures avec des notations, des images, du texte et des zones de texte modifiables<\/p>\n<\/div><\/section><\/div><\/p>\n<div  class='flex_column av-av_one_half-52c89597409f646e66e7cc675a5d9b4a av_one_half  avia-builder-el-16  el_after_av_one_half  el_before_av_three_fifth  flex_column_div  column-top-margin'     ><section  class='av_textblock_section av-av_textblock-0366cc7376be6c9e82a3e9cc8987b64f '   itemscope=\"itemscope\" itemtype=\"https:\/\/schema.org\/CreativeWork\" ><div class='avia_textblock'  itemprop=\"text\" ><p style=\"font-family: Arial, Helvetica, sans-serif; font-size: 16px; text-align: left;\"><strong>Actions Partager pour vos documents:<\/strong><\/p>\n<p style=\"font-family: Arial, Helvetica, sans-serif; font-size: 16px; text-align: left;\">\u2022 Imprimer\/Envoyer PDF avec la mise en page pour Format lettre ou Format A4, Mode portrait ou Mode paysage<\/p>\n<p style=\"font-family: Arial, Helvetica, sans-serif; font-size: 16px; text-align: left;\">\u2022 Partager pour envoyer le document \u00e0 d&#8217;autres utilisateurs MathPad ou \u00e0 vous-m\u00eame, pour la sauvegarde<\/p>\n<p style=\"font-family: Arial, Helvetica, sans-serif; font-size: 16px; text-align: left;\">\u2022 Dupliquer le document<\/p>\n<p style=\"font-family: Arial, Helvetica, sans-serif; font-size: 16px; text-align: left;\">\u2022 Envoyer JPGs de toutes les expressions du document<\/p>\n<p style=\"font-family: Arial, Helvetica, sans-serif; font-size: 16px; text-align: left;\">\u2022 Copier l\u2019image de l&#8217;expression s\u00e9lectionn\u00e9e ou du document entier dans le presse papier<\/p>\n<p style=\"font-family: Arial, Helvetica, sans-serif; font-size: 16px; text-align: left;\">\u2022 Coller image du le presse papier iOS dans le document MathPad. La taille de l&#8217;image coll\u00e9e est automatiquement optimis\u00e9e.<\/p>\n<p style=\"font-family: Arial, Helvetica, sans-serif; font-size: 16px; text-align: left;\">\u2022 Sauver JPG de l&#8217;expression s\u00e9lectionn\u00e9e ou du document entier dans la Pellicule<\/p>\n<p style=\"font-family: Arial, Helvetica, sans-serif; font-size: 16px; text-align: left;\">\u2022 Exporter vers iCloud<\/p>\n<\/div><\/section><\/div>\n<div  class='flex_column av-av_three_fifth-2a9015ff38129c418a3f2eafba3e9512 av_three_fifth  avia-builder-el-18  el_after_av_one_half  el_before_av_two_fifth  first flex_column_div  column-top-margin'     ><style type=\"text\/css\" data-created_by=\"avia_inline_auto\" id=\"style-css-av-av_image-2ee56783a4af7679ffd2c97ba3604cd8\">\n.avia-image-container.av-av_image-2ee56783a4af7679ffd2c97ba3604cd8 img.avia_image{\nbox-shadow:none;\n}\n.avia-image-container.av-av_image-2ee56783a4af7679ffd2c97ba3604cd8 .av-image-caption-overlay-center{\ncolor:#ffffff;\n}\n<\/style>\n<div  class='avia-image-container av-av_image-2ee56783a4af7679ffd2c97ba3604cd8 av-styling- avia-align-center  avia-builder-el-19  avia-builder-el-no-sibling '   itemprop=\"image\" itemscope=\"itemscope\" itemtype=\"https:\/\/schema.org\/ImageObject\" ><div class=\"avia-image-container-inner\"><div class=\"avia-image-overlay-wrap\"><img decoding=\"async\" fetchpriority=\"high\" class='wp-image-6940 avia-img-lazy-loading-not-6940 avia_image ' src=\"https:\/\/zurapps.com\/all\/wp-content\/uploads\/2013\/07\/Info-Screen2.jpg\" alt='' title='MathPad Info Screen'  height=\"359\" width=\"466\"  itemprop=\"thumbnailUrl\" srcset=\"https:\/\/zurapps.com\/all\/wp-content\/uploads\/2013\/07\/Info-Screen2.jpg 466w, https:\/\/zurapps.com\/all\/wp-content\/uploads\/2013\/07\/Info-Screen2-300x231.jpg 300w, https:\/\/zurapps.com\/all\/wp-content\/uploads\/2013\/07\/Info-Screen2-450x346.jpg 450w\" sizes=\"(max-width: 466px) 100vw, 466px\" \/><\/div><\/div><\/div><\/div>\n<div  class='flex_column av-av_two_fifth-52c89597409f646e66e7cc675a5d9b4a av_two_fifth  avia-builder-el-20  el_after_av_three_fifth  el_before_av_hr  flex_column_div  column-top-margin'     ><section  class='av_textblock_section av-av_textblock-0366cc7376be6c9e82a3e9cc8987b64f '   itemscope=\"itemscope\" itemtype=\"https:\/\/schema.org\/CreativeWork\" ><div class='avia_textblock'  itemprop=\"text\" ><p style=\"font-family: Arial, Helvetica, sans-serif; font-size: 16px; text-align: center;\">Le clavier math\u00e9matique vous permet d&#8217;\u00e9diter des \u00e9quations comme jamais auparavant.<\/p>\n<p style=\"font-family: Arial, Helvetica, sans-serif; font-size: 16px; text-align: center;\">Modifier la taille de la police ou la couleur de chaque expression s\u00e9lectionn\u00e9e.<\/p>\n<p style=\"font-family: Arial, Helvetica, sans-serif; font-size: 16px; text-align: center;\">Utiliser iCloud pour enregistrer et ouvrir vos fichiers sur d&#8217;autres appareils.<\/p>\n<p style=\"font-family: Arial, Helvetica, sans-serif; font-size: 16px; text-align: center;\">Imprimer ou partager des documents dans plusieurs formats.<\/p>\n<\/div><\/section><\/div>\n\n<style type=\"text\/css\" data-created_by=\"avia_inline_auto\" id=\"style-css-av-av_hr-a6de236e6c183bbbd700292deacd2b52\">\n#top .hr.hr-invisible.av-av_hr-a6de236e6c183bbbd700292deacd2b52{\nheight:20px;\n}\n<\/style>\n<div  class='hr av-av_hr-a6de236e6c183bbbd700292deacd2b52 hr-invisible  avia-builder-el-22  el_after_av_two_fifth  el_before_av_one_full '><span class='hr-inner '><span class=\"hr-inner-style\"><\/span><\/span><\/div>\n<div  class='flex_column av-av_one_full-2a9015ff38129c418a3f2eafba3e9512 av_one_full  avia-builder-el-23  el_after_av_hr  el_before_av_one_full  first flex_column_div  '     ><section  class='av_textblock_section av-av_textblock-0366cc7376be6c9e82a3e9cc8987b64f '   itemscope=\"itemscope\" itemtype=\"https:\/\/schema.org\/CreativeWork\" ><div class='avia_textblock'  itemprop=\"text\" ><p style=\"font-family: Arial, Helvetica, sans-serif; font-size: 16px; text-align: left;\"><strong>MathPad Souscription PREMIUM:<\/strong><\/p>\n<p style=\"font-family: Arial, Helvetica, sans-serif; font-size: 16px; text-align: left;\">\u2022 D\u00e9verrouille les droits d\u2019archivage \u00e0 la Vo\u00fbte ZurApps afin d&#8217;exporter et d&#8217;importer des documents en utilisant une cl\u00e9 priv\u00e9e<\/p>\n<p style=\"font-family: Arial, Helvetica, sans-serif; font-size: 16px; text-align: left;\">\u2022 Attribue l&#8217;acc\u00e8s illimit\u00e9 pour importer et exporter des documents dans la Biblioth\u00e8que ZurApps<\/p>\n<p style=\"font-family: Arial, Helvetica, sans-serif; font-size: 16px; text-align: left;\">\u2022 Active les fonctionnalit\u00e9s suppl\u00e9mentaires telles que la cr\u00e9ation de documents multiples et plusieurs fa\u00e7ons de partager les documents<\/p>\n<\/div><\/section><\/div>\n<div  class='flex_column av-av_one_full-2a9015ff38129c418a3f2eafba3e9512 av_one_full  avia-builder-el-25  el_after_av_one_full  avia-builder-el-last  first flex_column_div  column-top-margin'     ><div  class='avia-video av-av_video-f297008f719f25071d184119ebefa21b avia-video-16-9 av-no-preview-image avia-video-load-always av-lazyload-immediate av-lazyload-video-embed'  itemprop=\"video\" itemtype=\"https:\/\/schema.org\/VideoObject\"  data-original_url='https:\/\/www.youtube.com\/watch?v=SnJA9U_II6s'><script type='text\/html' class='av-video-tmpl'><div class='avia-iframe-wrap'><iframe loading=\"lazy\" width=\"1333\" height=\"1000\" src=\"https:\/\/www.youtube.com\/embed\/SnJA9U_II6s?feature=oembed&autoplay=0&loop=0&controls=1&mute=0\" frameborder=\"0\" allowfullscreen><\/iframe><\/div><\/script><div class='av-click-to-play-overlay'><div class=\"avia_playpause_icon\"><\/div><\/div><\/div><\/div>\n","protected":false},"excerpt":{"rendered":"","protected":false},"author":4,"featured_media":0,"parent":7856,"menu_order":0,"comment_status":"open","ping_status":"open","template":"","meta":{"_monsterinsights_skip_tracking":false,"_monsterinsights_sitenote_active":false,"_monsterinsights_sitenote_note":"","_monsterinsights_sitenote_category":0,"footnotes":""},"_links":{"self":[{"href":"https:\/\/zurapps.com\/all\/index.php?rest_route=\/wp\/v2\/pages\/2996"}],"collection":[{"href":"https:\/\/zurapps.com\/all\/index.php?rest_route=\/wp\/v2\/pages"}],"about":[{"href":"https:\/\/zurapps.com\/all\/index.php?rest_route=\/wp\/v2\/types\/page"}],"author":[{"embeddable":true,"href":"https:\/\/zurapps.com\/all\/index.php?rest_route=\/wp\/v2\/users\/4"}],"replies":[{"embeddable":true,"href":"https:\/\/zurapps.com\/all\/index.php?rest_route=%2Fwp%2Fv2%2Fcomments&post=2996"}],"version-history":[{"count":70,"href":"https:\/\/zurapps.com\/all\/index.php?rest_route=\/wp\/v2\/pages\/2996\/revisions"}],"predecessor-version":[{"id":10305,"href":"https:\/\/zurapps.com\/all\/index.php?rest_route=\/wp\/v2\/pages\/2996\/revisions\/10305"}],"up":[{"embeddable":true,"href":"https:\/\/zurapps.com\/all\/index.php?rest_route=\/wp\/v2\/pages\/7856"}],"wp:attachment":[{"href":"https:\/\/zurapps.com\/all\/index.php?rest_route=%2Fwp%2Fv2%2Fmedia&parent=2996"}],"curies":[{"name":"wp","href":"https:\/\/api.w.org\/{rel}","templated":true}]}}