{"id":3018,"date":"2013-07-16T10:47:25","date_gmt":"2013-06-07T16:39:27","guid":{"rendered":"http:\/\/zurapps.com\/all\/?page_id=3018"},"modified":"2018-05-11T11:15:32","modified_gmt":"2018-05-11T15:15:32","slug":"fizz-es","status":"publish","type":"page","link":"https:\/\/zurapps.com\/all\/?page_id=3018","title":{"rendered":"Fizz"},"content":{"rendered":"<div id='layer_slider_1'  class='avia-layerslider main_color avia-shadow  avia-builder-el-0  el_before_av_section  avia-builder-el-first  container_wrap sidebar_right'  style='height: 251px;'  ><\/div>\n\n<style type=\"text\/css\" data-created_by=\"avia_inline_auto\" id=\"style-css-av-av_section-6fb3c5cb687e78ce999e890aceb775a3\">\n.avia-section.av-av_section-6fb3c5cb687e78ce999e890aceb775a3{\nbackground-color:#dddddd;\nbackground-image:unset;\n}\n<\/style>\n<div id='av_section_1'  class='avia-section av-av_section-6fb3c5cb687e78ce999e890aceb775a3 main_color avia-section-default avia-no-shadow  avia-builder-el-1  el_after_av_layerslider  el_before_av_one_half  avia-bg-style-scroll container_wrap sidebar_right'  ><div class='container av-section-cont-open' ><div class='template-page content  av-content-small alpha units'><div class='post-entry post-entry-type-page post-entry-3018'><div class='entry-content-wrapper clearfix'>\n<div  class='flex_column av-av_one_full-2a9015ff38129c418a3f2eafba3e9512 av_one_full  avia-builder-el-2  avia-builder-el-no-sibling  first flex_column_div  '     ><style type=\"text\/css\" data-created_by=\"avia_inline_auto\" id=\"style-css-av-av_heading-04dd294f55c34b120c4ddc784d5cb720\">\n#top .av-special-heading.av-av_heading-04dd294f55c34b120c4ddc784d5cb720{\npadding-bottom:10px;\n}\nbody .av-special-heading.av-av_heading-04dd294f55c34b120c4ddc784d5cb720 .av-special-heading-tag .heading-char{\nfont-size:25px;\n}\n.av-special-heading.av-av_heading-04dd294f55c34b120c4ddc784d5cb720 .av-subheading{\nfont-size:15px;\n}\n<\/style>\n<div  class='av-special-heading av-av_heading-04dd294f55c34b120c4ddc784d5cb720 av-special-heading-h3  avia-builder-el-3  avia-builder-el-no-sibling '><h3 class='av-special-heading-tag'  itemprop=\"headline\"  >Fizz es un juego de burbujas estrat\u00e9gico para iPhone y iPad. \u00a1Divi\u00e9rtete en un caos gaseoso explotando burbujas!<\/h3><div class=\"special-heading-border\"><div class=\"special-heading-inner-border\"><\/div><\/div><\/div><\/div>\n<\/div><\/div><\/div><!-- close content main div --><\/div><\/div><div id='after_section_1'  class='main_color av_default_container_wrap container_wrap sidebar_right'  ><div class='container av-section-cont-open' ><div class='template-page content  av-content-small alpha units'><div class='post-entry post-entry-type-page post-entry-3018'><div class='entry-content-wrapper clearfix'>\n<div  class='flex_column av-av_one_half-2a9015ff38129c418a3f2eafba3e9512 av_one_half  avia-builder-el-4  el_after_av_section  avia-builder-el-no-sibling  first flex_column_div  '     ><style type=\"text\/css\" data-created_by=\"avia_inline_auto\" id=\"style-css-av-av_image-f0d9205bc3a08898f9aec71b359cd8f4\">\n.avia-image-container.av-av_image-f0d9205bc3a08898f9aec71b359cd8f4 img.avia_image{\nbox-shadow:none;\n}\n.avia-image-container.av-av_image-f0d9205bc3a08898f9aec71b359cd8f4 .av-image-caption-overlay-center{\ncolor:#ffffff;\n}\n<\/style>\n<div  class='avia-image-container av-av_image-f0d9205bc3a08898f9aec71b359cd8f4 av-styling- avia-align-center  avia-builder-el-5  el_before_av_one_half  avia-builder-el-first '   itemprop=\"image\" itemscope=\"itemscope\" itemtype=\"https:\/\/schema.org\/ImageObject\" ><div class=\"avia-image-container-inner\"><div class=\"avia-image-overlay-wrap\"><img decoding=\"async\" fetchpriority=\"high\" class='wp-image- avia-img-lazy-loading-not- avia_image ' src=\"https:\/\/zurapps.com\/all\/wp-content\/uploads\/2013\/06\/Fizz-300x300.png\" alt='' title=''   itemprop=\"thumbnailUrl\"  \/><\/div><\/div><\/div><\/div>\n<div  class='flex_column av-av_one_half-52c89597409f646e66e7cc675a5d9b4a av_one_half  avia-builder-el-6  el_after_av_image  el_before_av_one_half  flex_column_div  '     ><p>\n<style type=\"text\/css\" data-created_by=\"avia_inline_auto\" id=\"style-css-av-av_hr-0688d0b0b6ed2f8b057db7a8270206df\">\n#top .hr.hr-invisible.av-av_hr-0688d0b0b6ed2f8b057db7a8270206df{\nheight:50px;\n}\n<\/style>\n<div  class='hr av-av_hr-0688d0b0b6ed2f8b057db7a8270206df hr-invisible  avia-builder-el-7  el_before_av_button  avia-builder-el-first '><span class='hr-inner '><span class=\"hr-inner-style\"><\/span><\/span><\/div><br \/>\n<div  class='avia-button-wrap av-av_button-10e7198bbbabaf5cd75bb0676be6904d-wrap avia-button-center  avia-builder-el-8  el_after_av_hr  el_before_av_textblock '><a href='https:\/\/itunes.apple.com\/us\/app\/fizz\/id445681535?ls=1&amp;mt=8' class='avia-button av-av_button-10e7198bbbabaf5cd75bb0676be6904d av-link-btn avia-icon_select-no avia-size-large avia-position-center avia-color-silver' target=\"_blank\" rel=\"noopener noreferrer\"><span class='avia_iconbox_title' >Fizz<\/span><\/a><\/div><br \/>\n<section  class='av_textblock_section av-av_textblock-0366cc7376be6c9e82a3e9cc8987b64f '   itemscope=\"itemscope\" itemtype=\"https:\/\/schema.org\/CreativeWork\" ><div class='avia_textblock'  itemprop=\"text\" ><p><a href=\"https:\/\/itunes.apple.com\/us\/app\/fizz\/id445681535?ls=1&amp;mt=8\"><img loading=\"lazy\" decoding=\"async\" class=\"size-full wp-image-5439 aligncenter\" src=\"https:\/\/zurapps.com\/all\/wp-content\/uploads\/2013\/06\/App_Store_Badge_SP.png\" alt=\"App_Store_Badge_SP\" width=\"155\" height=\"60\" \/><\/a><\/p>\n<\/div><\/section><\/p><\/div><div  class='flex_column av-av_one_half-2a9015ff38129c418a3f2eafba3e9512 av_one_half  avia-builder-el-10  el_after_av_one_half  el_before_av_one_half  first flex_column_div  column-top-margin'     ><section  class='av_textblock_section av-av_textblock-0366cc7376be6c9e82a3e9cc8987b64f '   itemscope=\"itemscope\" itemtype=\"https:\/\/schema.org\/CreativeWork\" ><div class='avia_textblock'  itemprop=\"text\" ><ul>\n<li style=\"font-family: Arial, Helvetica, sans-serif; font-size: 14px; text-align: left;\">En <strong>Fizz<\/strong>, usted puede ganar puntos y tiempo o useted puede perder puntos en funci\u00f3n de las burbujas que exploten. \u00a1As\u00ed que ten cuidado!<\/li>\n<li style=\"font-family: Arial, Helvetica, sans-serif; font-size: 14px; text-align: left;\"><strong>Fizz<\/strong>, un juego de burbujas interactivo que reinvente los juegos de arcade. Inclina el tel\u00e9fono hacia abajo para frenar las burbujas hacia arriba para acelerarlas.<\/li>\n<li style=\"font-family: Arial, Helvetica, sans-serif; font-size: 14px; text-align: left;\">Inclina el tel\u00e9fono hacia abajo para frenar las burbujas hacia arriba para acelerarlas.<\/li>\n<li style=\"font-family: Arial, Helvetica, sans-serif; font-size: 14px; text-align: left;\">Ten cuidado, si la burbuja dura mucho tiempo en la pantalla, se har\u00e1n m\u00e1s grande y podr\u00e1n estallar.<\/li>\n<\/ul>\n<\/div><\/section><\/div><\/p>\n<div  class='flex_column av-av_one_half-52c89597409f646e66e7cc675a5d9b4a av_one_half  avia-builder-el-12  el_after_av_one_half  el_before_av_one_full  flex_column_div  column-top-margin'     ><style type=\"text\/css\" data-created_by=\"avia_inline_auto\" id=\"style-css-av-av_image-8d919819a24548b403f5a3246359884e\">\n.avia-image-container.av-av_image-8d919819a24548b403f5a3246359884e img.avia_image{\nbox-shadow:none;\n}\n.avia-image-container.av-av_image-8d919819a24548b403f5a3246359884e .av-image-caption-overlay-center{\ncolor:#ffffff;\n}\n<\/style>\n<div  class='avia-image-container av-av_image-8d919819a24548b403f5a3246359884e av-styling- avia-align-center  avia-builder-el-13  avia-builder-el-no-sibling '   itemprop=\"image\" itemscope=\"itemscope\" itemtype=\"https:\/\/schema.org\/ImageObject\" ><div class=\"avia-image-container-inner\"><div class=\"avia-image-overlay-wrap\"><img decoding=\"async\" fetchpriority=\"high\" class='wp-image-5429 avia-img-lazy-loading-not-5429 avia_image ' src=\"https:\/\/zurapps.com\/all\/wp-content\/uploads\/2013\/07\/FZmenuES-215x300.png\" alt='' title='FZmenuES'  height=\"300\" width=\"215\"  itemprop=\"thumbnailUrl\" srcset=\"https:\/\/zurapps.com\/all\/wp-content\/uploads\/2013\/07\/FZmenuES-215x300.png 215w, https:\/\/zurapps.com\/all\/wp-content\/uploads\/2013\/07\/FZmenuES.png 345w\" sizes=\"(max-width: 215px) 100vw, 215px\" \/><\/div><\/div><\/div><\/div>\n<div  class='flex_column av-av_one_full-2a9015ff38129c418a3f2eafba3e9512 av_one_full  avia-builder-el-14  el_after_av_one_half  el_before_av_one_full  first flex_column_div  column-top-margin'     ><section  class='av_textblock_section av-av_textblock-0366cc7376be6c9e82a3e9cc8987b64f '   itemscope=\"itemscope\" itemtype=\"https:\/\/schema.org\/CreativeWork\" ><div class='avia_textblock'  itemprop=\"text\" ><p style=\"font-family: Arial, Helvetica, sans-serif; font-size: 14px; text-align: center;\"><b>Fizz\u00a0<\/b>no tiene compras in-app, es sin publicidad tercera y recoge absolutamente ning\u00fan dato.<\/p>\n<p style=\"font-family: Arial, Helvetica, sans-serif; font-size: 14px; text-align: center;\"><strong>Fizz\u00a0<\/strong>es\u00a0<a href=\"https:\/\/zurapps.com\/all\/index.php\/hecho-para-los-ninos\/\">Hecho Para Los Ni\u00f1os<\/a>!<\/p>\n<p style=\"font-family: Arial, Helvetica, sans-serif; font-size: 14px; text-align: center;\"><strong>Fizz<\/strong> es un juego de burbujas estrat\u00e9gico para iPhone y iPad. \u00a1Divi\u00e9rtete en un caos gaseoso explotando de burbujas!<\/p>\n<p style=\"font-family: Arial, Helvetica, sans-serif; font-size: 14px; text-align: center;\"><strong>Fizz<\/strong> es disponible para el iPhone y el iPad.<\/p>\n<\/div><\/section><\/div>\n<div  class='flex_column av-av_one_full-2a9015ff38129c418a3f2eafba3e9512 av_one_full  avia-builder-el-16  el_after_av_one_full  avia-builder-el-last  first flex_column_div  column-top-margin'     ><div  class='avia-video av-av_video-35b751c8421a3a51002fb6e07bd428e5 avia-video-4-3 av-no-preview-image avia-video-load-always av-lazyload-immediate av-lazyload-video-embed'  itemprop=\"video\" itemtype=\"https:\/\/schema.org\/VideoObject\"  data-original_url='https:\/\/www.youtube.com\/watch?v=JLKrlUP2_XA'><script type='text\/html' class='av-video-tmpl'><div class='avia-iframe-wrap'><iframe loading=\"lazy\" width=\"1333\" height=\"1000\" src=\"https:\/\/www.youtube.com\/embed\/JLKrlUP2_XA?feature=oembed&autoplay=0&loop=0&controls=1&mute=0\" frameborder=\"0\" allowfullscreen><\/iframe><\/div><\/script><div class='av-click-to-play-overlay'><div class=\"avia_playpause_icon\"><\/div><\/div><\/div><\/div>\n","protected":false},"excerpt":{"rendered":"","protected":false},"author":4,"featured_media":0,"parent":2199,"menu_order":0,"comment_status":"open","ping_status":"open","template":"","meta":{"_monsterinsights_skip_tracking":false,"_monsterinsights_sitenote_active":false,"_monsterinsights_sitenote_note":"","_monsterinsights_sitenote_category":0,"footnotes":""},"_links":{"self":[{"href":"https:\/\/zurapps.com\/all\/index.php?rest_route=\/wp\/v2\/pages\/3018"}],"collection":[{"href":"https:\/\/zurapps.com\/all\/index.php?rest_route=\/wp\/v2\/pages"}],"about":[{"href":"https:\/\/zurapps.com\/all\/index.php?rest_route=\/wp\/v2\/types\/page"}],"author":[{"embeddable":true,"href":"https:\/\/zurapps.com\/all\/index.php?rest_route=\/wp\/v2\/users\/4"}],"replies":[{"embeddable":true,"href":"https:\/\/zurapps.com\/all\/index.php?rest_route=%2Fwp%2Fv2%2Fcomments&post=3018"}],"version-history":[{"count":21,"href":"https:\/\/zurapps.com\/all\/index.php?rest_route=\/wp\/v2\/pages\/3018\/revisions"}],"predecessor-version":[{"id":8365,"href":"https:\/\/zurapps.com\/all\/index.php?rest_route=\/wp\/v2\/pages\/3018\/revisions\/8365"}],"up":[{"embeddable":true,"href":"https:\/\/zurapps.com\/all\/index.php?rest_route=\/wp\/v2\/pages\/2199"}],"wp:attachment":[{"href":"https:\/\/zurapps.com\/all\/index.php?rest_route=%2Fwp%2Fv2%2Fmedia&parent=3018"}],"curies":[{"name":"wp","href":"https:\/\/api.w.org\/{rel}","templated":true}]}}