{"id":3020,"date":"2013-07-16T10:47:25","date_gmt":"2013-06-07T16:39:27","guid":{"rendered":"http:\/\/zurapps.com\/all\/?page_id=3020"},"modified":"2018-05-11T11:15:25","modified_gmt":"2018-05-11T15:15:25","slug":"fizz-fr","status":"publish","type":"page","link":"https:\/\/zurapps.com\/all\/?page_id=3020","title":{"rendered":"Fizz"},"content":{"rendered":"<div id='layer_slider_1'  class='avia-layerslider main_color avia-shadow  avia-builder-el-0  el_before_av_one_half  avia-builder-el-first  container_wrap sidebar_right'  style='height: 251px;'  ><\/div><div id='after_layer_slider_1'  class='main_color av_default_container_wrap container_wrap sidebar_right'  ><div class='container av-section-cont-open' ><div class='template-page content  av-content-small alpha units'><div class='post-entry post-entry-type-page post-entry-3020'><div class='entry-content-wrapper clearfix'>\n<div  class='flex_column av-av_one_half-2a9015ff38129c418a3f2eafba3e9512 av_one_half  avia-builder-el-1  el_after_av_layerslider  avia-builder-el-no-sibling  first flex_column_div  '     ><style type=\"text\/css\" data-created_by=\"avia_inline_auto\" id=\"style-css-av-av_image-f0d9205bc3a08898f9aec71b359cd8f4\">\n.avia-image-container.av-av_image-f0d9205bc3a08898f9aec71b359cd8f4 img.avia_image{\nbox-shadow:none;\n}\n.avia-image-container.av-av_image-f0d9205bc3a08898f9aec71b359cd8f4 .av-image-caption-overlay-center{\ncolor:#ffffff;\n}\n<\/style>\n<div  class='avia-image-container av-av_image-f0d9205bc3a08898f9aec71b359cd8f4 av-styling- avia-align-center  avia-builder-el-2  el_before_av_one_half  avia-builder-el-first '   itemprop=\"image\" itemscope=\"itemscope\" itemtype=\"https:\/\/schema.org\/ImageObject\" ><div class=\"avia-image-container-inner\"><div class=\"avia-image-overlay-wrap\"><img decoding=\"async\" fetchpriority=\"high\" class='wp-image- avia-img-lazy-loading-not- avia_image ' src=\"https:\/\/zurapps.com\/all\/wp-content\/uploads\/2013\/06\/Fizz-300x300.png\" alt='' title=''   itemprop=\"thumbnailUrl\"  \/><\/div><\/div><\/div><\/div>\n<div  class='flex_column av-av_one_half-52c89597409f646e66e7cc675a5d9b4a av_one_half  avia-builder-el-3  el_after_av_image  el_before_av_one_half  flex_column_div  '     ><p>\n<style type=\"text\/css\" data-created_by=\"avia_inline_auto\" id=\"style-css-av-av_hr-0688d0b0b6ed2f8b057db7a8270206df\">\n#top .hr.hr-invisible.av-av_hr-0688d0b0b6ed2f8b057db7a8270206df{\nheight:50px;\n}\n<\/style>\n<div  class='hr av-av_hr-0688d0b0b6ed2f8b057db7a8270206df hr-invisible  avia-builder-el-4  el_before_av_button  avia-builder-el-first '><span class='hr-inner '><span class=\"hr-inner-style\"><\/span><\/span><\/div><br \/>\n<div  class='avia-button-wrap av-av_button-10e7198bbbabaf5cd75bb0676be6904d-wrap avia-button-center  avia-builder-el-5  el_after_av_hr  el_before_av_textblock '><a href='https:\/\/itunes.apple.com\/us\/app\/fizz\/id445681535?ls=1&amp;mt=8' class='avia-button av-av_button-10e7198bbbabaf5cd75bb0676be6904d av-link-btn avia-icon_select-no avia-size-large avia-position-center avia-color-silver' target=\"_blank\" rel=\"noopener noreferrer\"><span class='avia_iconbox_title' >Fizz<\/span><\/a><\/div><br \/>\n<section  class='av_textblock_section av-av_textblock-0366cc7376be6c9e82a3e9cc8987b64f '   itemscope=\"itemscope\" itemtype=\"https:\/\/schema.org\/CreativeWork\" ><div class='avia_textblock'  itemprop=\"text\" ><p><a href=\"https:\/\/itunes.apple.com\/us\/app\/fizz\/id445681535?ls=1&amp;mt=8\"><img loading=\"lazy\" decoding=\"async\" class=\"size-full wp-image-5441 aligncenter\" src=\"https:\/\/zurapps.com\/all\/wp-content\/uploads\/2013\/06\/App_Store_Badge_Fr.png\" alt=\"App_Store_Badge_Fr\" width=\"155\" height=\"60\" \/><\/a><\/p>\n<\/div><\/section><\/p><\/div><div  class='flex_column av-av_one_half-2a9015ff38129c418a3f2eafba3e9512 av_one_half  avia-builder-el-7  el_after_av_one_half  el_before_av_one_half  first flex_column_div  column-top-margin'     ><section  class='av_textblock_section av-av_textblock-0366cc7376be6c9e82a3e9cc8987b64f '   itemscope=\"itemscope\" itemtype=\"https:\/\/schema.org\/CreativeWork\" ><div class='avia_textblock'  itemprop=\"text\" ><ul>\n<li style=\"font-family: Arial, Helvetica, sans-serif; font-size: 14px; text-align: left;\">Avec <strong>Fizz\u00a0<\/strong>vous pouvez gagner des points et \/ ou le temps, ainsi que perdre des points en fonction des bulles que vous \u00e9clatez. Donc, soyez prudents!<\/li>\n<li style=\"font-family: Arial, Helvetica, sans-serif; font-size: 14px; text-align: left;\">Le jeu de bulle\u00a0<strong>Fizz\u00a0<\/strong>est un jeu strat\u00e9gique.<\/li>\n<li style=\"font-family: Arial, Helvetica, sans-serif; font-size: 14px; text-align: left;\">Vous pouvez incliner votre t\u00e9l\u00e9phone pour ralentir les bulles ou les acc\u00e9l\u00e9rer.<\/li>\n<li style=\"font-family: Arial, Helvetica, sans-serif; font-size: 14px; text-align: left;\">M\u00e9fiez-vous, plus les bulles rester sur l\u2019\u00e9cran et si elles deviennent trop grandes, elles \u00e9clatent!<\/li>\n<\/ul>\n<\/div><\/section><\/div><\/p>\n<div  class='flex_column av-av_one_half-52c89597409f646e66e7cc675a5d9b4a av_one_half  avia-builder-el-9  el_after_av_one_half  el_before_av_one_full  flex_column_div  column-top-margin'     ><style type=\"text\/css\" data-created_by=\"avia_inline_auto\" id=\"style-css-av-av_image-7eb23efb391db2e9b33246511c95a498\">\n.avia-image-container.av-av_image-7eb23efb391db2e9b33246511c95a498 img.avia_image{\nbox-shadow:none;\n}\n.avia-image-container.av-av_image-7eb23efb391db2e9b33246511c95a498 .av-image-caption-overlay-center{\ncolor:#ffffff;\n}\n<\/style>\n<div  class='avia-image-container av-av_image-7eb23efb391db2e9b33246511c95a498 av-styling- avia-align-center  avia-builder-el-10  avia-builder-el-no-sibling '   itemprop=\"image\" itemscope=\"itemscope\" itemtype=\"https:\/\/schema.org\/ImageObject\" ><div class=\"avia-image-container-inner\"><div class=\"avia-image-overlay-wrap\"><img decoding=\"async\" fetchpriority=\"high\" class='wp-image-5431 avia-img-lazy-loading-not-5431 avia_image ' src=\"https:\/\/zurapps.com\/all\/wp-content\/uploads\/2013\/07\/FZmenuFR-215x300.png\" alt='' title='FZmenuFR'  height=\"300\" width=\"215\"  itemprop=\"thumbnailUrl\" srcset=\"https:\/\/zurapps.com\/all\/wp-content\/uploads\/2013\/07\/FZmenuFR-215x300.png 215w, https:\/\/zurapps.com\/all\/wp-content\/uploads\/2013\/07\/FZmenuFR.png 345w\" sizes=\"(max-width: 215px) 100vw, 215px\" \/><\/div><\/div><\/div><\/div>\n<div  class='flex_column av-av_one_full-2a9015ff38129c418a3f2eafba3e9512 av_one_full  avia-builder-el-11  el_after_av_one_half  el_before_av_one_full  first flex_column_div  column-top-margin'     ><section  class='av_textblock_section av-av_textblock-0366cc7376be6c9e82a3e9cc8987b64f '   itemscope=\"itemscope\" itemtype=\"https:\/\/schema.org\/CreativeWork\" ><div class='avia_textblock'  itemprop=\"text\" ><p style=\"font-family: Arial, Helvetica, sans-serif; font-size: 14px; text-align: center;\"><strong>Fizz\u00a0<\/strong>n\u2019a pas achats in-app, pas de publicit\u00e9 tiers, ne recueille absolument pas de donn\u00e9es, et est disponible en fran\u00e7ais, anglais et espagnol.<\/p>\n<p style=\"font-family: Arial, Helvetica, sans-serif; font-size: 14px; text-align: center;\"><strong>Fizz<\/strong>\u00a0est\u00a0<a href=\"https:\/\/zurapps.com\/all\/index.php\/fait-pour-les-enfants\/\">Fait Pour Les Enfants<\/a>!<\/p>\n<p style=\"font-family: Arial, Helvetica, sans-serif; font-size: 14px; text-align: center;\"><strong>Fizz<\/strong>&#8230;..une r\u00e9action chimique, une explosion de bulles qui dure 60 secondes. Profitez au maximum: \u00e9clatez les bulles vertes et gagnez des points!<\/p>\n<p style=\"font-family: Arial, Helvetica, sans-serif; font-size: 14px; text-align: center;\"><strong>Fizz\u00a0<\/strong>est un jeu de bulles disponible sur l\u2019iPhone et iPad, int\u00e9gr\u00e9 avec le Game Center!<\/p>\n<\/div><\/section><\/div>\n<div  class='flex_column av-av_one_full-2a9015ff38129c418a3f2eafba3e9512 av_one_full  avia-builder-el-13  el_after_av_one_full  avia-builder-el-last  first flex_column_div  column-top-margin'     ><div  class='avia-video av-av_video-87dc76bdd4f3d1eec0084409a2695732 avia-video-4-3 av-no-preview-image avia-video-load-always av-lazyload-immediate av-lazyload-video-embed'  itemprop=\"video\" itemtype=\"https:\/\/schema.org\/VideoObject\"  data-original_url='https:\/\/www.youtube.com\/watch?v=kKGPAfO8Dg8'><script type='text\/html' class='av-video-tmpl'><div class='avia-iframe-wrap'><iframe loading=\"lazy\" width=\"1333\" height=\"1000\" src=\"https:\/\/www.youtube.com\/embed\/kKGPAfO8Dg8?feature=oembed&autoplay=0&loop=0&controls=1&mute=0\" frameborder=\"0\" allowfullscreen><\/iframe><\/div><\/script><div class='av-click-to-play-overlay'><div class=\"avia_playpause_icon\"><\/div><\/div><\/div><\/div>\n","protected":false},"excerpt":{"rendered":"","protected":false},"author":4,"featured_media":0,"parent":2198,"menu_order":0,"comment_status":"open","ping_status":"open","template":"","meta":{"_monsterinsights_skip_tracking":false,"_monsterinsights_sitenote_active":false,"_monsterinsights_sitenote_note":"","_monsterinsights_sitenote_category":0,"footnotes":""},"_links":{"self":[{"href":"https:\/\/zurapps.com\/all\/index.php?rest_route=\/wp\/v2\/pages\/3020"}],"collection":[{"href":"https:\/\/zurapps.com\/all\/index.php?rest_route=\/wp\/v2\/pages"}],"about":[{"href":"https:\/\/zurapps.com\/all\/index.php?rest_route=\/wp\/v2\/types\/page"}],"author":[{"embeddable":true,"href":"https:\/\/zurapps.com\/all\/index.php?rest_route=\/wp\/v2\/users\/4"}],"replies":[{"embeddable":true,"href":"https:\/\/zurapps.com\/all\/index.php?rest_route=%2Fwp%2Fv2%2Fcomments&post=3020"}],"version-history":[{"count":19,"href":"https:\/\/zurapps.com\/all\/index.php?rest_route=\/wp\/v2\/pages\/3020\/revisions"}],"predecessor-version":[{"id":8362,"href":"https:\/\/zurapps.com\/all\/index.php?rest_route=\/wp\/v2\/pages\/3020\/revisions\/8362"}],"up":[{"embeddable":true,"href":"https:\/\/zurapps.com\/all\/index.php?rest_route=\/wp\/v2\/pages\/2198"}],"wp:attachment":[{"href":"https:\/\/zurapps.com\/all\/index.php?rest_route=%2Fwp%2Fv2%2Fmedia&parent=3020"}],"curies":[{"name":"wp","href":"https:\/\/api.w.org\/{rel}","templated":true}]}}