{"id":6376,"date":"2013-09-05T10:25:44","date_gmt":"2013-09-05T14:36:13","guid":{"rendered":"http:\/\/zurapps.com\/all\/?page_id=6376"},"modified":"2021-03-09T11:46:58","modified_gmt":"2021-03-09T16:46:58","slug":"fait-pour-les-enfants","status":"publish","type":"page","link":"https:\/\/zurapps.com\/all\/?page_id=6376","title":{"rendered":"Fait Pour Les Enfants"},"content":{"rendered":"<div id='layer_slider_1'  class='avia-layerslider main_color avia-shadow  avia-builder-el-0  el_before_av_section  avia-builder-el-first  container_wrap sidebar_right'  style='height: 151px;'  ><\/div>\n\n<style type=\"text\/css\" data-created_by=\"avia_inline_auto\" id=\"style-css-av-av_section-6fb3c5cb687e78ce999e890aceb775a3\">\n.avia-section.av-av_section-6fb3c5cb687e78ce999e890aceb775a3{\nbackground-color:#dddddd;\nbackground-image:unset;\n}\n<\/style>\n<div id='av_section_1'  class='avia-section av-av_section-6fb3c5cb687e78ce999e890aceb775a3 main_color avia-section-default avia-no-shadow  avia-builder-el-1  el_after_av_layerslider  el_before_av_one_full  avia-bg-style-scroll container_wrap sidebar_right'  ><div class='container av-section-cont-open' ><div class='template-page content  av-content-small alpha units'><div class='post-entry post-entry-type-page post-entry-6376'><div class='entry-content-wrapper clearfix'>\n<div  class='flex_column av-av_one_full-2a9015ff38129c418a3f2eafba3e9512 av_one_full  avia-builder-el-2  avia-builder-el-no-sibling  first flex_column_div  '     ><style type=\"text\/css\" data-created_by=\"avia_inline_auto\" id=\"style-css-av-av_heading-8aba711641c0e0f0ce6177df19e92de0\">\n#top .av-special-heading.av-av_heading-8aba711641c0e0f0ce6177df19e92de0{\npadding-bottom:10px;\n}\nbody .av-special-heading.av-av_heading-8aba711641c0e0f0ce6177df19e92de0 .av-special-heading-tag .heading-char{\nfont-size:25px;\n}\n.av-special-heading.av-av_heading-8aba711641c0e0f0ce6177df19e92de0 .av-subheading{\nfont-size:15px;\n}\n<\/style>\n<div  class='av-special-heading av-av_heading-8aba711641c0e0f0ce6177df19e92de0 av-special-heading-h3  avia-builder-el-3  avia-builder-el-no-sibling '><h3 class='av-special-heading-tag'  itemprop=\"headline\"  >Suite et d\u00e9passant \u00abMade for Kids<span class='special_amp'>&#8221;<\/span> les directives d\u2018Apple , beaucoup d\u2019applications ZurApps sont adapt\u00e9s pour les enfants \u00e0 jouer sans surveillance.<\/h3><div class=\"special-heading-border\"><div class=\"special-heading-inner-border\"><\/div><\/div><\/div><\/div>\n<\/div><\/div><\/div><!-- close content main div --><\/div><\/div><div id='after_section_1'  class='main_color av_default_container_wrap container_wrap sidebar_right'  ><div class='container av-section-cont-open' ><div class='template-page content  av-content-small alpha units'><div class='post-entry post-entry-type-page post-entry-6376'><div class='entry-content-wrapper clearfix'>\n<div  class='flex_column av-av_one_full-2a9015ff38129c418a3f2eafba3e9512 av_one_full  avia-builder-el-4  el_after_av_section  el_before_av_one_full  avia-builder-el-first  first flex_column_div  '     ><style type=\"text\/css\" data-created_by=\"avia_inline_auto\" id=\"style-css-av-av_heading-54fdad2916a21460dcc73d3914896c4c\">\n#top .av-special-heading.av-av_heading-54fdad2916a21460dcc73d3914896c4c{\npadding-bottom:10px;\n}\nbody .av-special-heading.av-av_heading-54fdad2916a21460dcc73d3914896c4c .av-special-heading-tag .heading-char{\nfont-size:25px;\n}\n.av-special-heading.av-av_heading-54fdad2916a21460dcc73d3914896c4c .av-subheading{\nfont-size:10px;\n}\n<\/style>\n<div  class='av-special-heading av-av_heading-54fdad2916a21460dcc73d3914896c4c av-special-heading-h1  avia-builder-el-5  avia-builder-el-no-sibling '><h1 class='av-special-heading-tag'  itemprop=\"headline\"  >FAIT POUR LES ENFANTS<\/h1><div class=\"special-heading-border\"><div class=\"special-heading-inner-border\"><\/div><\/div><\/div><\/div>\n<div  class='flex_column av-av_one_full-2a9015ff38129c418a3f2eafba3e9512 av_one_full  avia-builder-el-6  el_after_av_one_full  el_before_av_one_third  first flex_column_div  column-top-margin'     ><div  class='avia-icon-list-container av-av_iconlist-e4a0ebdf966f1bea8883e87bb95dffd6  avia-builder-el-7  avia-builder-el-no-sibling '><ul class='avia-icon-list avia_animate_when_almost_visible avia-icon-list-left av-iconlist-big av-av_iconlist-e4a0ebdf966f1bea8883e87bb95dffd6 avia-iconlist-animate'>\n<li><div class='iconlist_icon av-av_iconlist_item-dc6d88b7c4d7f7ca3024c459b63d1766 avia-font-entypo-fontello'><span class='iconlist-char' aria-hidden='true' data-av_icon='' data-av_iconfont='entypo-fontello'><\/span><\/div><article class=\"article-icon-entry \"  itemscope=\"itemscope\" itemtype=\"https:\/\/schema.org\/CreativeWork\" ><div class=\"iconlist_content_wrap\"><header class=\"entry-content-header\"><h4 class='av_iconlist_title iconlist_title  '  itemprop=\"headline\" >Sans Achats In-App<\/h4><\/header><div class='iconlist_content '  itemprop=\"text\" ><p><span style=\"font-family: Arial; font-size: small;\">\u00a0 <\/span><\/p>\n<\/div><\/div><footer class=\"entry-footer\"><\/footer><\/article><div class=\"iconlist-timeline\"><\/div><\/li>\n<li><div class='iconlist_icon av-av_iconlist_item-86f90c82131ebe6455d2d19e2925dd2a avia-font-entypo-fontello'><span class='iconlist-char' aria-hidden='true' data-av_icon='' data-av_iconfont='entypo-fontello'><\/span><\/div><article class=\"article-icon-entry \"  itemscope=\"itemscope\" itemtype=\"https:\/\/schema.org\/CreativeWork\" ><div class=\"iconlist_content_wrap\"><header class=\"entry-content-header\"><h4 class='av_iconlist_title iconlist_title  '  itemprop=\"headline\" >Sans Liens Vers d\u2019Autres Applications<\/h4><\/header><div class='iconlist_content '  itemprop=\"text\" ><p><span style=\"font-family: Arial; font-size: small;\">\u00a0 <\/span><\/p>\n<\/div><\/div><footer class=\"entry-footer\"><\/footer><\/article><div class=\"iconlist-timeline\"><\/div><\/li>\n<li><div class='iconlist_icon av-av_iconlist_item-4d3bc36a45b7a80920fd675e45e951c3 avia-font-entypo-fontello'><span class='iconlist-char' aria-hidden='true' data-av_icon='' data-av_iconfont='entypo-fontello'><\/span><\/div><article class=\"article-icon-entry \"  itemscope=\"itemscope\" itemtype=\"https:\/\/schema.org\/CreativeWork\" ><div class=\"iconlist_content_wrap\"><header class=\"entry-content-header\"><h4 class='av_iconlist_title iconlist_title  '  itemprop=\"headline\" >Sans Collection De Donn\u00e9es!<\/h4><\/header><div class='iconlist_content '  itemprop=\"text\" ><p><span style=\"font-family: Arial; font-size: small;\">\u00a0 <\/span><\/p>\n<\/div><\/div><footer class=\"entry-footer\"><\/footer><\/article><div class=\"iconlist-timeline\"><\/div><\/li>\n<li><div class='iconlist_icon av-av_iconlist_item-1823adaa4f7e7de1561bc0692bd3041f avia-font-entypo-fontello'><span class='iconlist-char' aria-hidden='true' data-av_icon='' data-av_iconfont='entypo-fontello'><\/span><\/div><article class=\"article-icon-entry \"  itemscope=\"itemscope\" itemtype=\"https:\/\/schema.org\/CreativeWork\" ><div class=\"iconlist_content_wrap\"><header class=\"entry-content-header\"><h4 class='av_iconlist_title iconlist_title  '  itemprop=\"headline\" > Sans Publicit\u00e9 De Tiers!<\/h4><\/header><div class='iconlist_content '  itemprop=\"text\" ><p><span style=\"font-family: Arial; font-size: small;\">\u00a0 <\/span><\/p>\n<\/div><\/div><footer class=\"entry-footer\"><\/footer><\/article><div class=\"iconlist-timeline\"><\/div><\/li>\n<li><div class='iconlist_icon av-av_iconlist_item-a4733937e73dd7aca6f9d6ab2cef69ab avia-font-entypo-fontello'><span class='iconlist-char' aria-hidden='true' data-av_icon='' data-av_iconfont='entypo-fontello'><\/span><\/div><article class=\"article-icon-entry \"  itemscope=\"itemscope\" itemtype=\"https:\/\/schema.org\/CreativeWork\" ><div class=\"iconlist_content_wrap\"><header class=\"entry-content-header\"><h4 class='av_iconlist_title iconlist_title  '  itemprop=\"headline\" >Appli Parlante En Anglais, Fran\u00e7ais et Espagnol!<\/h4><\/header><div class='iconlist_content '  itemprop=\"text\" ><p><span style=\"font-family: Arial; font-size: small;\">\u00a0 <\/span><\/p>\n<\/div><\/div><footer class=\"entry-footer\"><\/footer><\/article><div class=\"iconlist-timeline\"><\/div><\/li>\n<\/ul><\/div><\/div>\n<div  class='flex_column av-av_one_third-2a9015ff38129c418a3f2eafba3e9512 av_one_third  avia-builder-el-8  el_after_av_one_full  avia-builder-el-last  first flex_column_div  column-top-margin'     ><style type=\"text\/css\" data-created_by=\"avia_inline_auto\" id=\"style-css-av-av_image-ea91566cc98b69203456c771ef68d08a\">\n.avia-image-container.av-av_image-ea91566cc98b69203456c771ef68d08a img.avia_image{\nbox-shadow:none;\n}\n.avia-image-container.av-av_image-ea91566cc98b69203456c771ef68d08a .av-image-caption-overlay-center{\ncolor:#ffffff;\n}\n<\/style>\n<div  class='avia-image-container av-av_image-ea91566cc98b69203456c771ef68d08a av-styling- av-img-linked avia-align-center  avia-builder-el-9  el_before_av_one_third  avia-builder-el-first '   itemprop=\"image\" itemscope=\"itemscope\" itemtype=\"https:\/\/schema.org\/ImageObject\" ><div class=\"avia-image-container-inner\"><div class=\"avia-image-overlay-wrap\"><a href=\"https:\/\/zurapps.com\/all\/index.php\/jeux\/fizz-fr\/\" class='avia_image '  ><img decoding=\"async\" fetchpriority=\"high\" class='wp-image- avia-img-lazy-loading-not- avia_image ' src=\"https:\/\/zurapps.com\/all\/wp-content\/uploads\/2013\/06\/Fizz-300x300.png\" alt='' title=''   itemprop=\"thumbnailUrl\"  \/><\/a><\/div><\/div><\/div><\/div>\n<div  class='flex_column av-av_one_third-52c89597409f646e66e7cc675a5d9b4a av_one_third  avia-builder-el-10  el_after_av_image  avia-builder-el-last  flex_column_div  column-top-margin'     ><style type=\"text\/css\" data-created_by=\"avia_inline_auto\" id=\"style-css-av-av_image-35e46eec9ab4f89d1cf5cfa9566dbdac\">\n.avia-image-container.av-av_image-35e46eec9ab4f89d1cf5cfa9566dbdac img.avia_image{\nbox-shadow:none;\n}\n.avia-image-container.av-av_image-35e46eec9ab4f89d1cf5cfa9566dbdac .av-image-caption-overlay-center{\ncolor:#ffffff;\n}\n<\/style>\n<div  class='avia-image-container av-av_image-35e46eec9ab4f89d1cf5cfa9566dbdac av-styling- av-img-linked avia-align-center  avia-builder-el-11  el_before_av_one_third  avia-builder-el-first '   itemprop=\"image\" itemscope=\"itemscope\" itemtype=\"https:\/\/schema.org\/ImageObject\" ><div class=\"avia-image-container-inner\"><div class=\"avia-image-overlay-wrap\"><a href=\"https:\/\/zurapps.com\/all\/index.php\/educatif\/lire-lheure\/\" class='avia_image '  ><img decoding=\"async\" fetchpriority=\"high\" class='wp-image- avia-img-lazy-loading-not- avia_image ' src=\"https:\/\/zurapps.com\/all\/wp-content\/uploads\/2013\/06\/KidsTellTime-300x300.png\" alt='' title=''   itemprop=\"thumbnailUrl\"  \/><\/a><\/div><\/div><\/div><\/div>\n<div  class='flex_column av-av_one_third-52c89597409f646e66e7cc675a5d9b4a av_one_third  avia-builder-el-12  el_after_av_image  avia-builder-el-last  flex_column_div  column-top-margin'     ><style type=\"text\/css\" data-created_by=\"avia_inline_auto\" id=\"style-css-av-av_image-9ae524ca91bb390ea7fde593172ac85a\">\n.avia-image-container.av-av_image-9ae524ca91bb390ea7fde593172ac85a img.avia_image{\nbox-shadow:none;\n}\n.avia-image-container.av-av_image-9ae524ca91bb390ea7fde593172ac85a .av-image-caption-overlay-center{\ncolor:#ffffff;\n}\n<\/style>\n<div  class='avia-image-container av-av_image-9ae524ca91bb390ea7fde593172ac85a av-styling- av-img-linked avia-align-center  avia-builder-el-13  el_before_av_one_third  avia-builder-el-first '   itemprop=\"image\" itemscope=\"itemscope\" itemtype=\"https:\/\/schema.org\/ImageObject\" ><div class=\"avia-image-container-inner\"><div class=\"avia-image-overlay-wrap\"><a href=\"https:\/\/zurapps.com\/all\/index.php\/educatif\/10-chiots\/\" class='avia_image '  ><img decoding=\"async\" fetchpriority=\"high\" class='wp-image- avia-img-lazy-loading-not- avia_image ' src=\"https:\/\/zurapps.com\/all\/wp-content\/uploads\/2013\/06\/10Puppies2-300x300.png\" alt='' title=''   itemprop=\"thumbnailUrl\"  \/><\/a><\/div><\/div><\/div><\/div>\n<div  class='flex_column av-av_one_third-2a9015ff38129c418a3f2eafba3e9512 av_one_third  avia-builder-el-14  el_after_av_image  avia-builder-el-last  first flex_column_div  '     ><style type=\"text\/css\" data-created_by=\"avia_inline_auto\" id=\"style-css-av-av_image-d2a3816b26631966df7f035e0f0f71d3\">\n.avia-image-container.av-av_image-d2a3816b26631966df7f035e0f0f71d3 img.avia_image{\nbox-shadow:none;\n}\n.avia-image-container.av-av_image-d2a3816b26631966df7f035e0f0f71d3 .av-image-caption-overlay-center{\ncolor:#ffffff;\n}\n<\/style>\n<div  class='avia-image-container av-av_image-d2a3816b26631966df7f035e0f0f71d3 av-styling- av-img-linked avia-align-center  avia-builder-el-15  el_before_av_one_third  avia-builder-el-first '   itemprop=\"image\" itemscope=\"itemscope\" itemtype=\"https:\/\/schema.org\/ImageObject\" ><div class=\"avia-image-container-inner\"><div class=\"avia-image-overlay-wrap\"><a href=\"https:\/\/zurapps.com\/all\/index.php\/educatif\/trouver-lire\/\" class='avia_image '  ><img decoding=\"async\" fetchpriority=\"high\" class='wp-image- avia-img-lazy-loading-not- avia_image ' src=\"https:\/\/zurapps.com\/all\/wp-content\/uploads\/2013\/06\/FindReadEDU-300x300.png\" alt='' title=''   itemprop=\"thumbnailUrl\"  \/><\/a><\/div><\/div><\/div><\/div>\n<div  class='flex_column av-av_one_third-52c89597409f646e66e7cc675a5d9b4a av_one_third  avia-builder-el-16  el_after_av_image  el_before_av_one_third  flex_column_div  '     ><style type=\"text\/css\" data-created_by=\"avia_inline_auto\" id=\"style-css-av-av_image-0f12260a8841069a70708f8c6b242a17\">\n.avia-image-container.av-av_image-0f12260a8841069a70708f8c6b242a17 img.avia_image{\nbox-shadow:none;\n}\n.avia-image-container.av-av_image-0f12260a8841069a70708f8c6b242a17 .av-image-caption-overlay-center{\ncolor:#ffffff;\n}\n<\/style>\n<div  class='avia-image-container av-av_image-0f12260a8841069a70708f8c6b242a17 av-styling- av-img-linked avia-align-center  avia-builder-el-17  avia-builder-el-no-sibling '   itemprop=\"image\" itemscope=\"itemscope\" itemtype=\"https:\/\/schema.org\/ImageObject\" ><div class=\"avia-image-container-inner\"><div class=\"avia-image-overlay-wrap\"><a href=\"https:\/\/zurapps.com\/all\/?page_id=9123\" class='avia_image '  aria-label='Match Read Icon'><img decoding=\"async\" fetchpriority=\"high\" class='wp-image-9124 avia-img-lazy-loading-not-9124 avia_image ' src=\"https:\/\/zurapps.com\/all\/wp-content\/uploads\/2016\/07\/Match-Read-Icon-300x300.png\" alt='' title='Match Read Icon'  height=\"300\" width=\"300\"  itemprop=\"thumbnailUrl\" srcset=\"https:\/\/zurapps.com\/all\/wp-content\/uploads\/2016\/07\/Match-Read-Icon-300x300.png 300w, https:\/\/zurapps.com\/all\/wp-content\/uploads\/2016\/07\/Match-Read-Icon-80x80.png 80w, https:\/\/zurapps.com\/all\/wp-content\/uploads\/2016\/07\/Match-Read-Icon-36x36.png 36w, https:\/\/zurapps.com\/all\/wp-content\/uploads\/2016\/07\/Match-Read-Icon-180x180.png 180w, https:\/\/zurapps.com\/all\/wp-content\/uploads\/2016\/07\/Match-Read-Icon-120x120.png 120w, https:\/\/zurapps.com\/all\/wp-content\/uploads\/2016\/07\/Match-Read-Icon-450x450.png 450w, https:\/\/zurapps.com\/all\/wp-content\/uploads\/2016\/07\/Match-Read-Icon.png 512w\" sizes=\"(max-width: 300px) 100vw, 300px\" \/><\/a><\/div><\/div><\/div><\/div>\n<div  class='flex_column av-av_one_third-52c89597409f646e66e7cc675a5d9b4a av_one_third  avia-builder-el-18  el_after_av_one_third  avia-builder-el-last  flex_column_div  '     ><style type=\"text\/css\" data-created_by=\"avia_inline_auto\" id=\"style-css-av-av_image-9246b469b98937d4032d9a48ef414da3\">\n.avia-image-container.av-av_image-9246b469b98937d4032d9a48ef414da3 img.avia_image{\nbox-shadow:none;\n}\n.avia-image-container.av-av_image-9246b469b98937d4032d9a48ef414da3 .av-image-caption-overlay-center{\ncolor:#ffffff;\n}\n<\/style>\n<div  class='avia-image-container av-av_image-9246b469b98937d4032d9a48ef414da3 av-styling- av-img-linked avia-align-center  avia-builder-el-19  el_before_av_one_third  avia-builder-el-first '   itemprop=\"image\" itemscope=\"itemscope\" itemtype=\"https:\/\/schema.org\/ImageObject\" ><div class=\"avia-image-container-inner\"><div class=\"avia-image-overlay-wrap\"><a href=\"https:\/\/zurapps.com\/all\/index.php\/educatif\/trouver-apprendre\/\" class='avia_image '  ><img decoding=\"async\" fetchpriority=\"high\" class='wp-image- avia-img-lazy-loading-not- avia_image ' src=\"https:\/\/zurapps.com\/all\/wp-content\/uploads\/2013\/06\/FindLearnEDU-300x300.png\" alt='' title=''   itemprop=\"thumbnailUrl\"  \/><\/a><\/div><\/div><\/div><\/div>\n<div  class='flex_column av-av_one_third-2a9015ff38129c418a3f2eafba3e9512 av_one_third  avia-builder-el-20  el_after_av_image  el_before_av_one_third  first flex_column_div  '     ><style type=\"text\/css\" data-created_by=\"avia_inline_auto\" id=\"style-css-av-av_image-515a9f4eab17e65ceebbb97afc661faf\">\n.avia-image-container.av-av_image-515a9f4eab17e65ceebbb97afc661faf img.avia_image{\nbox-shadow:none;\n}\n.avia-image-container.av-av_image-515a9f4eab17e65ceebbb97afc661faf .av-image-caption-overlay-center{\ncolor:#ffffff;\n}\n<\/style>\n<div  class='avia-image-container av-av_image-515a9f4eab17e65ceebbb97afc661faf av-styling- av-img-linked avia-align-center  avia-builder-el-21  avia-builder-el-no-sibling '   itemprop=\"image\" itemscope=\"itemscope\" itemtype=\"https:\/\/schema.org\/ImageObject\" ><div class=\"avia-image-container-inner\"><div class=\"avia-image-overlay-wrap\"><a href=\"https:\/\/itunes.apple.com\/us\/app-bundle\/id938193421?mt=8\" class='avia_image '  aria-label='iPadMadeForKidsBundle'><img decoding=\"async\" fetchpriority=\"high\" class='wp-image-8283 avia-img-lazy-loading-not-8283 avia_image ' src=\"https:\/\/zurapps.com\/all\/wp-content\/uploads\/2013\/09\/iPadMadeForKidsBundle2-300x300.png\" alt='' title='iPadMadeForKidsBundle'  height=\"300\" width=\"300\"  itemprop=\"thumbnailUrl\" srcset=\"https:\/\/zurapps.com\/all\/wp-content\/uploads\/2013\/09\/iPadMadeForKidsBundle2-300x300.png 300w, https:\/\/zurapps.com\/all\/wp-content\/uploads\/2013\/09\/iPadMadeForKidsBundle2-80x80.png 80w, https:\/\/zurapps.com\/all\/wp-content\/uploads\/2013\/09\/iPadMadeForKidsBundle2-36x36.png 36w, https:\/\/zurapps.com\/all\/wp-content\/uploads\/2013\/09\/iPadMadeForKidsBundle2-180x180.png 180w, https:\/\/zurapps.com\/all\/wp-content\/uploads\/2013\/09\/iPadMadeForKidsBundle2-120x120.png 120w, https:\/\/zurapps.com\/all\/wp-content\/uploads\/2013\/09\/iPadMadeForKidsBundle2-450x450.png 450w, https:\/\/zurapps.com\/all\/wp-content\/uploads\/2013\/09\/iPadMadeForKidsBundle2.png 513w\" sizes=\"(max-width: 300px) 100vw, 300px\" \/><\/a><\/div><\/div><\/div><\/div>\n<div  class='flex_column av-av_one_third-52c89597409f646e66e7cc675a5d9b4a av_one_third  avia-builder-el-22  el_after_av_one_third  el_before_av_one_third  flex_column_div  '     ><\/div>\n<div  class='flex_column av-av_one_third-52c89597409f646e66e7cc675a5d9b4a av_one_third  avia-builder-el-23  el_after_av_one_third  el_before_av_hr  flex_column_div  '     ><style type=\"text\/css\" data-created_by=\"avia_inline_auto\" id=\"style-css-av-av_image-bf8cd9b5c189c12eb748ec9122efd702\">\n.avia-image-container.av-av_image-bf8cd9b5c189c12eb748ec9122efd702 img.avia_image{\nbox-shadow:none;\n}\n.avia-image-container.av-av_image-bf8cd9b5c189c12eb748ec9122efd702 .av-image-caption-overlay-center{\ncolor:#ffffff;\n}\n<\/style>\n<div  class='avia-image-container av-av_image-bf8cd9b5c189c12eb748ec9122efd702 av-styling- av-img-linked avia-align-center  avia-builder-el-24  avia-builder-el-no-sibling '   itemprop=\"image\" itemscope=\"itemscope\" itemtype=\"https:\/\/schema.org\/ImageObject\" ><div class=\"avia-image-container-inner\"><div class=\"avia-image-overlay-wrap\"><a href=\"https:\/\/itunes.apple.com\/us\/app-bundle\/id938331728?mt=8\" class='avia_image '  aria-label='iPhoneMadeForKidsBundle'><img decoding=\"async\" fetchpriority=\"high\" class='wp-image-8284 avia-img-lazy-loading-not-8284 avia_image ' src=\"https:\/\/zurapps.com\/all\/wp-content\/uploads\/2013\/09\/iPhoneMadeForKidsBundle2-300x300.png\" alt='' title='iPhoneMadeForKidsBundle'  height=\"300\" width=\"300\"  itemprop=\"thumbnailUrl\" srcset=\"https:\/\/zurapps.com\/all\/wp-content\/uploads\/2013\/09\/iPhoneMadeForKidsBundle2-300x300.png 300w, https:\/\/zurapps.com\/all\/wp-content\/uploads\/2013\/09\/iPhoneMadeForKidsBundle2-80x80.png 80w, https:\/\/zurapps.com\/all\/wp-content\/uploads\/2013\/09\/iPhoneMadeForKidsBundle2-36x36.png 36w, https:\/\/zurapps.com\/all\/wp-content\/uploads\/2013\/09\/iPhoneMadeForKidsBundle2-180x180.png 180w, https:\/\/zurapps.com\/all\/wp-content\/uploads\/2013\/09\/iPhoneMadeForKidsBundle2-120x120.png 120w, https:\/\/zurapps.com\/all\/wp-content\/uploads\/2013\/09\/iPhoneMadeForKidsBundle2-450x450.png 450w, https:\/\/zurapps.com\/all\/wp-content\/uploads\/2013\/09\/iPhoneMadeForKidsBundle2.png 513w\" sizes=\"(max-width: 300px) 100vw, 300px\" \/><\/a><\/div><\/div><\/div><\/div>\n<div  class='hr av-av_hr-dcd2069817a0e3d34ae04cad8f3443c7 hr-default  avia-builder-el-25  el_after_av_one_third  el_before_av_icon_box '><span class='hr-inner '><span class=\"hr-inner-style\"><\/span><\/span><\/div>\n<article  class='iconbox iconbox_left av-av_icon_box-5ed283079b51b96cbd4d6140c0bf8e17  avia-builder-el-26  el_after_av_hr  avia-builder-el-last '  itemscope=\"itemscope\" itemtype=\"https:\/\/schema.org\/CreativeWork\" ><div class=\"iconbox_content\"><header class=\"entry-content-header\"><div class=\"iconbox_icon heading-color\" aria-hidden='true' data-av_icon='\ue80b' data-av_iconfont='entypo-fontello'><\/div><h3 class='iconbox_content_title '  itemprop=\"headline\" >Politique de confidentialit\u00e9 - Applis faites pour les enfants<\/h3><\/header><div class='iconbox_content_container '  itemprop=\"text\" ><p>\u2022\u00a0Pas de donn\u00e9es de l&#8217;utilisateur sont collect\u00e9es, utilis\u00e9es, stock\u00e9es, ni transf\u00e9r\u00e9 par\u00a0<b>ZurApps Research<\/b>\u00a0de toute autre mani\u00e8re.<\/p>\n<p>\u2022\u00a0<b>Applis faites pour les enfants<\/b>\u00a0par\u00a0<b>ZurApps Research<\/b>\u00a0sont sans achats In-App, sans liens vers d&#8217;autres applications, sans publicit\u00e9 de tiers.<\/p>\n<\/div><\/div><footer class=\"entry-footer\"><\/footer><\/article>\n","protected":false},"excerpt":{"rendered":"","protected":false},"author":4,"featured_media":0,"parent":0,"menu_order":0,"comment_status":"open","ping_status":"open","template":"","meta":{"_monsterinsights_skip_tracking":false,"_monsterinsights_sitenote_active":false,"_monsterinsights_sitenote_note":"","_monsterinsights_sitenote_category":0,"footnotes":""},"_links":{"self":[{"href":"https:\/\/zurapps.com\/all\/index.php?rest_route=\/wp\/v2\/pages\/6376"}],"collection":[{"href":"https:\/\/zurapps.com\/all\/index.php?rest_route=\/wp\/v2\/pages"}],"about":[{"href":"https:\/\/zurapps.com\/all\/index.php?rest_route=\/wp\/v2\/types\/page"}],"author":[{"embeddable":true,"href":"https:\/\/zurapps.com\/all\/index.php?rest_route=\/wp\/v2\/users\/4"}],"replies":[{"embeddable":true,"href":"https:\/\/zurapps.com\/all\/index.php?rest_route=%2Fwp%2Fv2%2Fcomments&post=6376"}],"version-history":[{"count":12,"href":"https:\/\/zurapps.com\/all\/index.php?rest_route=\/wp\/v2\/pages\/6376\/revisions"}],"predecessor-version":[{"id":10534,"href":"https:\/\/zurapps.com\/all\/index.php?rest_route=\/wp\/v2\/pages\/6376\/revisions\/10534"}],"wp:attachment":[{"href":"https:\/\/zurapps.com\/all\/index.php?rest_route=%2Fwp%2Fv2%2Fmedia&parent=6376"}],"curies":[{"name":"wp","href":"https:\/\/api.w.org\/{rel}","templated":true}]}}