{"id":6380,"date":"2013-09-05T10:25:44","date_gmt":"2013-09-05T14:36:13","guid":{"rendered":"http:\/\/zurapps.com\/all\/?page_id=6380"},"modified":"2021-03-09T11:50:27","modified_gmt":"2021-03-09T16:50:27","slug":"hecho-para-los-ninos","status":"publish","type":"page","link":"https:\/\/zurapps.com\/all\/?page_id=6380","title":{"rendered":"Hecho Para Los Ni\u00f1os"},"content":{"rendered":"<div id='layer_slider_1'  class='avia-layerslider main_color avia-shadow  avia-builder-el-0  el_before_av_section  avia-builder-el-first  container_wrap sidebar_right'  style='height: 151px;'  ><\/div>\n\n<style type=\"text\/css\" data-created_by=\"avia_inline_auto\" id=\"style-css-av-av_section-6fb3c5cb687e78ce999e890aceb775a3\">\n.avia-section.av-av_section-6fb3c5cb687e78ce999e890aceb775a3{\nbackground-color:#dddddd;\nbackground-image:unset;\n}\n<\/style>\n<div id='av_section_1'  class='avia-section av-av_section-6fb3c5cb687e78ce999e890aceb775a3 main_color avia-section-default avia-no-shadow  avia-builder-el-1  el_after_av_layerslider  el_before_av_one_full  avia-bg-style-scroll container_wrap sidebar_right'  ><div class='container av-section-cont-open' ><div class='template-page content  av-content-small alpha units'><div class='post-entry post-entry-type-page post-entry-6380'><div class='entry-content-wrapper clearfix'>\n<div  class='flex_column av-av_one_full-2a9015ff38129c418a3f2eafba3e9512 av_one_full  avia-builder-el-2  avia-builder-el-no-sibling  first flex_column_div  '     ><style type=\"text\/css\" data-created_by=\"avia_inline_auto\" id=\"style-css-av-av_heading-9f57fca686ca1ffed03f3281d8c778cc\">\n#top .av-special-heading.av-av_heading-9f57fca686ca1ffed03f3281d8c778cc{\npadding-bottom:10px;\n}\nbody .av-special-heading.av-av_heading-9f57fca686ca1ffed03f3281d8c778cc .av-special-heading-tag .heading-char{\nfont-size:25px;\n}\n.av-special-heading.av-av_heading-9f57fca686ca1ffed03f3281d8c778cc .av-subheading{\nfont-size:15px;\n}\n<\/style>\n<div  class='av-special-heading av-av_heading-9f57fca686ca1ffed03f3281d8c778cc av-special-heading-h3  avia-builder-el-3  avia-builder-el-no-sibling '><h3 class='av-special-heading-tag'  itemprop=\"headline\"  >Siguiendo y superan las directrices en <span class='special_amp'>&#8220;<\/span>Made for Kids <span class='special_amp'>&#8221;<\/span> de Apple, muchos de aplicaciones ZurApps son adecuados para los ni\u00f1os jugar sin supervisi\u00f3n.<\/h3><div class=\"special-heading-border\"><div class=\"special-heading-inner-border\"><\/div><\/div><\/div><\/div>\n<\/div><\/div><\/div><!-- close content main div --><\/div><\/div><div id='after_section_1'  class='main_color av_default_container_wrap container_wrap sidebar_right'  ><div class='container av-section-cont-open' ><div class='template-page content  av-content-small alpha units'><div class='post-entry post-entry-type-page post-entry-6380'><div class='entry-content-wrapper clearfix'>\n<div  class='flex_column av-av_one_full-2a9015ff38129c418a3f2eafba3e9512 av_one_full  avia-builder-el-4  el_after_av_section  el_before_av_one_full  avia-builder-el-first  first flex_column_div  '     ><style type=\"text\/css\" data-created_by=\"avia_inline_auto\" id=\"style-css-av-av_heading-f11325c29330004d4bcd987f5dd6ae50\">\n#top .av-special-heading.av-av_heading-f11325c29330004d4bcd987f5dd6ae50{\npadding-bottom:10px;\n}\nbody .av-special-heading.av-av_heading-f11325c29330004d4bcd987f5dd6ae50 .av-special-heading-tag .heading-char{\nfont-size:25px;\n}\n.av-special-heading.av-av_heading-f11325c29330004d4bcd987f5dd6ae50 .av-subheading{\nfont-size:10px;\n}\n<\/style>\n<div  class='av-special-heading av-av_heading-f11325c29330004d4bcd987f5dd6ae50 av-special-heading-h1  avia-builder-el-5  avia-builder-el-no-sibling '><h1 class='av-special-heading-tag'  itemprop=\"headline\"  >Hecho para los ni\u00f1os<\/h1><div class=\"special-heading-border\"><div class=\"special-heading-inner-border\"><\/div><\/div><\/div><\/div>\n<div  class='flex_column av-av_one_full-2a9015ff38129c418a3f2eafba3e9512 av_one_full  avia-builder-el-6  el_after_av_one_full  el_before_av_one_third  first flex_column_div  column-top-margin'     ><div  class='avia-icon-list-container av-av_iconlist-e4a0ebdf966f1bea8883e87bb95dffd6  avia-builder-el-7  avia-builder-el-no-sibling '><ul class='avia-icon-list avia_animate_when_almost_visible avia-icon-list-left av-iconlist-big av-av_iconlist-e4a0ebdf966f1bea8883e87bb95dffd6 avia-iconlist-animate'>\n<li><div class='iconlist_icon av-av_iconlist_item-848be407cf34fa4a6f4bc1c83211e8bc avia-font-entypo-fontello'><span class='iconlist-char' aria-hidden='true' data-av_icon='' data-av_iconfont='entypo-fontello'><\/span><\/div><article class=\"article-icon-entry \"  itemscope=\"itemscope\" itemtype=\"https:\/\/schema.org\/CreativeWork\" ><div class=\"iconlist_content_wrap\"><header class=\"entry-content-header\"><h4 class='av_iconlist_title iconlist_title  '  itemprop=\"headline\" >Sin Compras In-App! <\/h4><\/header><div class='iconlist_content '  itemprop=\"text\" ><p><span style=\"font-family: Arial; font-size: small;\">\u00a0 <\/span><\/p>\n<\/div><\/div><footer class=\"entry-footer\"><\/footer><\/article><div class=\"iconlist-timeline\"><\/div><\/li>\n<li><div class='iconlist_icon av-av_iconlist_item-11564a32955c251374c75146e88d1749 avia-font-entypo-fontello'><span class='iconlist-char' aria-hidden='true' data-av_icon='' data-av_iconfont='entypo-fontello'><\/span><\/div><article class=\"article-icon-entry \"  itemscope=\"itemscope\" itemtype=\"https:\/\/schema.org\/CreativeWork\" ><div class=\"iconlist_content_wrap\"><header class=\"entry-content-header\"><h4 class='av_iconlist_title iconlist_title  '  itemprop=\"headline\" >Sin Enlaces A Otras Aplicaciones! <\/h4><\/header><div class='iconlist_content '  itemprop=\"text\" ><p><span style=\"font-family: Arial; font-size: small;\">\u00a0 <\/span><\/p>\n<\/div><\/div><footer class=\"entry-footer\"><\/footer><\/article><div class=\"iconlist-timeline\"><\/div><\/li>\n<li><div class='iconlist_icon av-av_iconlist_item-7f93b2a7d0f253dd96e02bc1d6ae3e35 avia-font-entypo-fontello'><span class='iconlist-char' aria-hidden='true' data-av_icon='' data-av_iconfont='entypo-fontello'><\/span><\/div><article class=\"article-icon-entry \"  itemscope=\"itemscope\" itemtype=\"https:\/\/schema.org\/CreativeWork\" ><div class=\"iconlist_content_wrap\"><header class=\"entry-content-header\"><h4 class='av_iconlist_title iconlist_title  '  itemprop=\"headline\" >Sin Recopilaci\u00f3n De Datos!<\/h4><\/header><div class='iconlist_content '  itemprop=\"text\" ><p><span style=\"font-family: Arial; font-size: small;\">\u00a0 <\/span><\/p>\n<\/div><\/div><footer class=\"entry-footer\"><\/footer><\/article><div class=\"iconlist-timeline\"><\/div><\/li>\n<li><div class='iconlist_icon av-av_iconlist_item-4fc302b2da765d90efe606bfb730e59b avia-font-entypo-fontello'><span class='iconlist-char' aria-hidden='true' data-av_icon='' data-av_iconfont='entypo-fontello'><\/span><\/div><article class=\"article-icon-entry \"  itemscope=\"itemscope\" itemtype=\"https:\/\/schema.org\/CreativeWork\" ><div class=\"iconlist_content_wrap\"><header class=\"entry-content-header\"><h4 class='av_iconlist_title iconlist_title  '  itemprop=\"headline\" >Sin Publicidad De Terceros!<\/h4><\/header><div class='iconlist_content '  itemprop=\"text\" ><p><span style=\"font-family: Arial; font-size: small;\">\u00a0 <\/span><\/p>\n<\/div><\/div><footer class=\"entry-footer\"><\/footer><\/article><div class=\"iconlist-timeline\"><\/div><\/li>\n<li><div class='iconlist_icon av-av_iconlist_item-96be4b3123291ea537a3a92b1b3396ae avia-font-entypo-fontello'><span class='iconlist-char' aria-hidden='true' data-av_icon='' data-av_iconfont='entypo-fontello'><\/span><\/div><article class=\"article-icon-entry \"  itemscope=\"itemscope\" itemtype=\"https:\/\/schema.org\/CreativeWork\" ><div class=\"iconlist_content_wrap\"><header class=\"entry-content-header\"><h4 class='av_iconlist_title iconlist_title  '  itemprop=\"headline\" >App Que Habla En Ingl\u00e9s, Franc\u00e9s y Espa\u00f1ol!<\/h4><\/header><div class='iconlist_content '  itemprop=\"text\" ><p><span style=\"font-family: Arial; font-size: small;\">\u00a0 <\/span><\/p>\n<\/div><\/div><footer class=\"entry-footer\"><\/footer><\/article><div class=\"iconlist-timeline\"><\/div><\/li>\n<\/ul><\/div><\/div>\n<div  class='flex_column av-av_one_third-2a9015ff38129c418a3f2eafba3e9512 av_one_third  avia-builder-el-8  el_after_av_one_full  avia-builder-el-last  first flex_column_div  column-top-margin'     ><style type=\"text\/css\" data-created_by=\"avia_inline_auto\" id=\"style-css-av-av_image-f24424b2ae8027f765781c62aaec9521\">\n.avia-image-container.av-av_image-f24424b2ae8027f765781c62aaec9521 img.avia_image{\nbox-shadow:none;\n}\n.avia-image-container.av-av_image-f24424b2ae8027f765781c62aaec9521 .av-image-caption-overlay-center{\ncolor:#ffffff;\n}\n<\/style>\n<div  class='avia-image-container av-av_image-f24424b2ae8027f765781c62aaec9521 av-styling- av-img-linked avia-align-center  avia-builder-el-9  el_before_av_one_third  avia-builder-el-first '   itemprop=\"image\" itemscope=\"itemscope\" itemtype=\"https:\/\/schema.org\/ImageObject\" ><div class=\"avia-image-container-inner\"><div class=\"avia-image-overlay-wrap\"><a href=\"https:\/\/zurapps.com\/all\/index.php\/juegos\/fizz-es\/\" class='avia_image '  ><img decoding=\"async\" fetchpriority=\"high\" class='wp-image- avia-img-lazy-loading-not- avia_image ' src=\"https:\/\/zurapps.com\/all\/wp-content\/uploads\/2013\/06\/Fizz-300x300.png\" alt='' title=''   itemprop=\"thumbnailUrl\"  \/><\/a><\/div><\/div><\/div><\/div>\n<div  class='flex_column av-av_one_third-52c89597409f646e66e7cc675a5d9b4a av_one_third  avia-builder-el-10  el_after_av_image  avia-builder-el-last  flex_column_div  column-top-margin'     ><style type=\"text\/css\" data-created_by=\"avia_inline_auto\" id=\"style-css-av-av_image-551edef5607d2ee515b243e119579f1e\">\n.avia-image-container.av-av_image-551edef5607d2ee515b243e119579f1e img.avia_image{\nbox-shadow:none;\n}\n.avia-image-container.av-av_image-551edef5607d2ee515b243e119579f1e .av-image-caption-overlay-center{\ncolor:#ffffff;\n}\n<\/style>\n<div  class='avia-image-container av-av_image-551edef5607d2ee515b243e119579f1e av-styling- av-img-linked avia-align-center  avia-builder-el-11  el_before_av_one_third  avia-builder-el-first '   itemprop=\"image\" itemscope=\"itemscope\" itemtype=\"https:\/\/schema.org\/ImageObject\" ><div class=\"avia-image-container-inner\"><div class=\"avia-image-overlay-wrap\"><a href=\"https:\/\/zurapps.com\/all\/index.php\/educativo\/dime-la-hora\/\" class='avia_image '  ><img decoding=\"async\" fetchpriority=\"high\" class='wp-image- avia-img-lazy-loading-not- avia_image ' src=\"https:\/\/zurapps.com\/all\/wp-content\/uploads\/2013\/06\/KidsTellTime-300x300.png\" alt='' title=''   itemprop=\"thumbnailUrl\"  \/><\/a><\/div><\/div><\/div><\/div>\n<div  class='flex_column av-av_one_third-52c89597409f646e66e7cc675a5d9b4a av_one_third  avia-builder-el-12  el_after_av_image  avia-builder-el-last  flex_column_div  column-top-margin'     ><style type=\"text\/css\" data-created_by=\"avia_inline_auto\" id=\"style-css-av-av_image-795f56e14979b22d3da83545cb8249a6\">\n.avia-image-container.av-av_image-795f56e14979b22d3da83545cb8249a6 img.avia_image{\nbox-shadow:none;\n}\n.avia-image-container.av-av_image-795f56e14979b22d3da83545cb8249a6 .av-image-caption-overlay-center{\ncolor:#ffffff;\n}\n<\/style>\n<div  class='avia-image-container av-av_image-795f56e14979b22d3da83545cb8249a6 av-styling- av-img-linked avia-align-center  avia-builder-el-13  el_before_av_one_third  avia-builder-el-first '   itemprop=\"image\" itemscope=\"itemscope\" itemtype=\"https:\/\/schema.org\/ImageObject\" ><div class=\"avia-image-container-inner\"><div class=\"avia-image-overlay-wrap\"><a href=\"https:\/\/zurapps.com\/all\/index.php\/educativo\/10-cachorros\/\" class='avia_image '  ><img decoding=\"async\" fetchpriority=\"high\" class='wp-image- avia-img-lazy-loading-not- avia_image ' src=\"https:\/\/zurapps.com\/all\/wp-content\/uploads\/2013\/06\/10Puppies2-300x300.png\" alt='' title=''   itemprop=\"thumbnailUrl\"  \/><\/a><\/div><\/div><\/div><\/div>\n<div  class='flex_column av-av_one_third-2a9015ff38129c418a3f2eafba3e9512 av_one_third  avia-builder-el-14  el_after_av_image  avia-builder-el-last  first flex_column_div  '     ><style type=\"text\/css\" data-created_by=\"avia_inline_auto\" id=\"style-css-av-av_image-f1429354736b3d3503fcb9d9b29ce660\">\n.avia-image-container.av-av_image-f1429354736b3d3503fcb9d9b29ce660 img.avia_image{\nbox-shadow:none;\n}\n.avia-image-container.av-av_image-f1429354736b3d3503fcb9d9b29ce660 .av-image-caption-overlay-center{\ncolor:#ffffff;\n}\n<\/style>\n<div  class='avia-image-container av-av_image-f1429354736b3d3503fcb9d9b29ce660 av-styling- av-img-linked avia-align-center  avia-builder-el-15  el_before_av_one_third  avia-builder-el-first '   itemprop=\"image\" itemscope=\"itemscope\" itemtype=\"https:\/\/schema.org\/ImageObject\" ><div class=\"avia-image-container-inner\"><div class=\"avia-image-overlay-wrap\"><a href=\"https:\/\/zurapps.com\/all\/index.php\/educativo\/encuentra-leer\/\" class='avia_image '  ><img decoding=\"async\" fetchpriority=\"high\" class='wp-image- avia-img-lazy-loading-not- avia_image ' src=\"https:\/\/zurapps.com\/all\/wp-content\/uploads\/2013\/06\/FindReadEDU-300x300.png\" alt='' title=''   itemprop=\"thumbnailUrl\"  \/><\/a><\/div><\/div><\/div><\/div>\n<div  class='flex_column av-av_one_third-52c89597409f646e66e7cc675a5d9b4a av_one_third  avia-builder-el-16  el_after_av_image  el_before_av_one_third  flex_column_div  '     ><style type=\"text\/css\" data-created_by=\"avia_inline_auto\" id=\"style-css-av-av_image-870b40f8d9e67f332cbf996d816e855f\">\n.avia-image-container.av-av_image-870b40f8d9e67f332cbf996d816e855f img.avia_image{\nbox-shadow:none;\n}\n.avia-image-container.av-av_image-870b40f8d9e67f332cbf996d816e855f .av-image-caption-overlay-center{\ncolor:#ffffff;\n}\n<\/style>\n<div  class='avia-image-container av-av_image-870b40f8d9e67f332cbf996d816e855f av-styling- av-img-linked avia-align-center  avia-builder-el-17  avia-builder-el-no-sibling '   itemprop=\"image\" itemscope=\"itemscope\" itemtype=\"https:\/\/schema.org\/ImageObject\" ><div class=\"avia-image-container-inner\"><div class=\"avia-image-overlay-wrap\"><a href=\"https:\/\/zurapps.com\/all\/?page_id=9134\" class='avia_image '  aria-label='Match Read Icon'><img decoding=\"async\" fetchpriority=\"high\" class='wp-image-9135 avia-img-lazy-loading-not-9135 avia_image ' src=\"https:\/\/zurapps.com\/all\/wp-content\/uploads\/2016\/07\/Match-Read-Icon1-300x300.png\" alt='' title='Match Read Icon'  height=\"300\" width=\"300\"  itemprop=\"thumbnailUrl\" srcset=\"https:\/\/zurapps.com\/all\/wp-content\/uploads\/2016\/07\/Match-Read-Icon1-300x300.png 300w, https:\/\/zurapps.com\/all\/wp-content\/uploads\/2016\/07\/Match-Read-Icon1-80x80.png 80w, https:\/\/zurapps.com\/all\/wp-content\/uploads\/2016\/07\/Match-Read-Icon1-36x36.png 36w, https:\/\/zurapps.com\/all\/wp-content\/uploads\/2016\/07\/Match-Read-Icon1-180x180.png 180w, https:\/\/zurapps.com\/all\/wp-content\/uploads\/2016\/07\/Match-Read-Icon1-120x120.png 120w, https:\/\/zurapps.com\/all\/wp-content\/uploads\/2016\/07\/Match-Read-Icon1-450x450.png 450w, https:\/\/zurapps.com\/all\/wp-content\/uploads\/2016\/07\/Match-Read-Icon1.png 512w\" sizes=\"(max-width: 300px) 100vw, 300px\" \/><\/a><\/div><\/div><\/div><\/div>\n<div  class='flex_column av-av_one_third-52c89597409f646e66e7cc675a5d9b4a av_one_third  avia-builder-el-18  el_after_av_one_third  avia-builder-el-last  flex_column_div  '     ><style type=\"text\/css\" data-created_by=\"avia_inline_auto\" id=\"style-css-av-av_image-8ac7484f86cfadf475766b53bfe61def\">\n.avia-image-container.av-av_image-8ac7484f86cfadf475766b53bfe61def img.avia_image{\nbox-shadow:none;\n}\n.avia-image-container.av-av_image-8ac7484f86cfadf475766b53bfe61def .av-image-caption-overlay-center{\ncolor:#ffffff;\n}\n<\/style>\n<div  class='avia-image-container av-av_image-8ac7484f86cfadf475766b53bfe61def av-styling- av-img-linked avia-align-center  avia-builder-el-19  el_before_av_one_third  avia-builder-el-first '   itemprop=\"image\" itemscope=\"itemscope\" itemtype=\"https:\/\/schema.org\/ImageObject\" ><div class=\"avia-image-container-inner\"><div class=\"avia-image-overlay-wrap\"><a href=\"https:\/\/zurapps.com\/all\/index.php\/educativo\/encuentra-aprende\/\" class='avia_image '  ><img decoding=\"async\" fetchpriority=\"high\" class='wp-image- avia-img-lazy-loading-not- avia_image ' src=\"https:\/\/zurapps.com\/all\/wp-content\/uploads\/2013\/06\/FindLearnEDU-300x300.png\" alt='' title=''   itemprop=\"thumbnailUrl\"  \/><\/a><\/div><\/div><\/div><\/div>\n<div  class='flex_column av-av_one_third-2a9015ff38129c418a3f2eafba3e9512 av_one_third  avia-builder-el-20  el_after_av_image  el_before_av_one_third  first flex_column_div  '     ><style type=\"text\/css\" data-created_by=\"avia_inline_auto\" id=\"style-css-av-av_image-39ef32c01c3a4c78abff0b0d69aabec8\">\n.avia-image-container.av-av_image-39ef32c01c3a4c78abff0b0d69aabec8 img.avia_image{\nbox-shadow:none;\n}\n.avia-image-container.av-av_image-39ef32c01c3a4c78abff0b0d69aabec8 .av-image-caption-overlay-center{\ncolor:#ffffff;\n}\n<\/style>\n<div  class='avia-image-container av-av_image-39ef32c01c3a4c78abff0b0d69aabec8 av-styling- av-img-linked avia-align-center  avia-builder-el-21  avia-builder-el-no-sibling '   itemprop=\"image\" itemscope=\"itemscope\" itemtype=\"https:\/\/schema.org\/ImageObject\" ><div class=\"avia-image-container-inner\"><div class=\"avia-image-overlay-wrap\"><a href=\"https:\/\/itunes.apple.com\/us\/app-bundle\/id938193421?mt=8\" class='avia_image '  aria-label='iPadMadeForKidsBundle'><img decoding=\"async\" fetchpriority=\"high\" class='wp-image-8280 avia-img-lazy-loading-not-8280 avia_image ' src=\"https:\/\/zurapps.com\/all\/wp-content\/uploads\/2013\/09\/iPadMadeForKidsBundle1-300x300.png\" alt='' title='iPadMadeForKidsBundle'  height=\"300\" width=\"300\"  itemprop=\"thumbnailUrl\" srcset=\"https:\/\/zurapps.com\/all\/wp-content\/uploads\/2013\/09\/iPadMadeForKidsBundle1-300x300.png 300w, https:\/\/zurapps.com\/all\/wp-content\/uploads\/2013\/09\/iPadMadeForKidsBundle1-80x80.png 80w, https:\/\/zurapps.com\/all\/wp-content\/uploads\/2013\/09\/iPadMadeForKidsBundle1-36x36.png 36w, https:\/\/zurapps.com\/all\/wp-content\/uploads\/2013\/09\/iPadMadeForKidsBundle1-180x180.png 180w, https:\/\/zurapps.com\/all\/wp-content\/uploads\/2013\/09\/iPadMadeForKidsBundle1-120x120.png 120w, https:\/\/zurapps.com\/all\/wp-content\/uploads\/2013\/09\/iPadMadeForKidsBundle1-450x450.png 450w, https:\/\/zurapps.com\/all\/wp-content\/uploads\/2013\/09\/iPadMadeForKidsBundle1.png 513w\" sizes=\"(max-width: 300px) 100vw, 300px\" \/><\/a><\/div><\/div><\/div><\/div>\n<div  class='flex_column av-av_one_third-52c89597409f646e66e7cc675a5d9b4a av_one_third  avia-builder-el-22  el_after_av_one_third  el_before_av_one_third  flex_column_div  '     ><\/div>\n<div  class='flex_column av-av_one_third-52c89597409f646e66e7cc675a5d9b4a av_one_third  avia-builder-el-23  el_after_av_one_third  el_before_av_hr  flex_column_div  '     ><style type=\"text\/css\" data-created_by=\"avia_inline_auto\" id=\"style-css-av-av_image-c6641be05887cdc676c930257d383bed\">\n.avia-image-container.av-av_image-c6641be05887cdc676c930257d383bed img.avia_image{\nbox-shadow:none;\n}\n.avia-image-container.av-av_image-c6641be05887cdc676c930257d383bed .av-image-caption-overlay-center{\ncolor:#ffffff;\n}\n<\/style>\n<div  class='avia-image-container av-av_image-c6641be05887cdc676c930257d383bed av-styling- av-img-linked avia-align-center  avia-builder-el-24  avia-builder-el-no-sibling '   itemprop=\"image\" itemscope=\"itemscope\" itemtype=\"https:\/\/schema.org\/ImageObject\" ><div class=\"avia-image-container-inner\"><div class=\"avia-image-overlay-wrap\"><a href=\"https:\/\/itunes.apple.com\/us\/app-bundle\/id938331728?mt=8\" class='avia_image '  aria-label='iPhoneMadeForKidsBundle'><img decoding=\"async\" fetchpriority=\"high\" class='wp-image-8281 avia-img-lazy-loading-not-8281 avia_image ' src=\"https:\/\/zurapps.com\/all\/wp-content\/uploads\/2013\/09\/iPhoneMadeForKidsBundle1-300x300.png\" alt='' title='iPhoneMadeForKidsBundle'  height=\"300\" width=\"300\"  itemprop=\"thumbnailUrl\" srcset=\"https:\/\/zurapps.com\/all\/wp-content\/uploads\/2013\/09\/iPhoneMadeForKidsBundle1-300x300.png 300w, https:\/\/zurapps.com\/all\/wp-content\/uploads\/2013\/09\/iPhoneMadeForKidsBundle1-80x80.png 80w, https:\/\/zurapps.com\/all\/wp-content\/uploads\/2013\/09\/iPhoneMadeForKidsBundle1-36x36.png 36w, https:\/\/zurapps.com\/all\/wp-content\/uploads\/2013\/09\/iPhoneMadeForKidsBundle1-180x180.png 180w, https:\/\/zurapps.com\/all\/wp-content\/uploads\/2013\/09\/iPhoneMadeForKidsBundle1-120x120.png 120w, https:\/\/zurapps.com\/all\/wp-content\/uploads\/2013\/09\/iPhoneMadeForKidsBundle1-450x450.png 450w, https:\/\/zurapps.com\/all\/wp-content\/uploads\/2013\/09\/iPhoneMadeForKidsBundle1.png 513w\" sizes=\"(max-width: 300px) 100vw, 300px\" \/><\/a><\/div><\/div><\/div><\/div>\n<div  class='hr av-av_hr-dcd2069817a0e3d34ae04cad8f3443c7 hr-default  avia-builder-el-25  el_after_av_one_third  el_before_av_icon_box '><span class='hr-inner '><span class=\"hr-inner-style\"><\/span><\/span><\/div>\n<article  class='iconbox iconbox_left av-av_icon_box-b0aa7666c84d94b3b6e3d6454cd3c195  avia-builder-el-26  el_after_av_hr  avia-builder-el-last '  itemscope=\"itemscope\" itemtype=\"https:\/\/schema.org\/CreativeWork\" ><div class=\"iconbox_content\"><header class=\"entry-content-header\"><div class=\"iconbox_icon heading-color\" aria-hidden='true' data-av_icon='\ue80b' data-av_iconfont='entypo-fontello'><\/div><h3 class='iconbox_content_title '  itemprop=\"headline\" >Pol\u00edtica de privacidad - Aplicaciones hechas para los ni\u0144os<\/h3><\/header><div class='iconbox_content_container '  itemprop=\"text\" ><p>\u2022 Ningun dato de usuario se recopila, utiliza, almacena o son transferidos por\u00a0<b>ZurApps Research<\/b>\u00a0de cualquier otra manera.<\/p>\n<p>\u2022\u00a0<b>Aplicaciones hechas para los ni\u0144os<\/b>\u00a0de\u00a0<b>ZurApps Research<\/b>\u00a0son sin compras In-App, sin enlaces a otras aplicaciones, sin publicidad de terceros.<\/p>\n<\/div><\/div><footer class=\"entry-footer\"><\/footer><\/article>\n","protected":false},"excerpt":{"rendered":"","protected":false},"author":4,"featured_media":0,"parent":0,"menu_order":0,"comment_status":"open","ping_status":"open","template":"","meta":{"_monsterinsights_skip_tracking":false,"_monsterinsights_sitenote_active":false,"_monsterinsights_sitenote_note":"","_monsterinsights_sitenote_category":0,"footnotes":""},"_links":{"self":[{"href":"https:\/\/zurapps.com\/all\/index.php?rest_route=\/wp\/v2\/pages\/6380"}],"collection":[{"href":"https:\/\/zurapps.com\/all\/index.php?rest_route=\/wp\/v2\/pages"}],"about":[{"href":"https:\/\/zurapps.com\/all\/index.php?rest_route=\/wp\/v2\/types\/page"}],"author":[{"embeddable":true,"href":"https:\/\/zurapps.com\/all\/index.php?rest_route=\/wp\/v2\/users\/4"}],"replies":[{"embeddable":true,"href":"https:\/\/zurapps.com\/all\/index.php?rest_route=%2Fwp%2Fv2%2Fcomments&post=6380"}],"version-history":[{"count":10,"href":"https:\/\/zurapps.com\/all\/index.php?rest_route=\/wp\/v2\/pages\/6380\/revisions"}],"predecessor-version":[{"id":10535,"href":"https:\/\/zurapps.com\/all\/index.php?rest_route=\/wp\/v2\/pages\/6380\/revisions\/10535"}],"wp:attachment":[{"href":"https:\/\/zurapps.com\/all\/index.php?rest_route=%2Fwp%2Fv2%2Fmedia&parent=6380"}],"curies":[{"name":"wp","href":"https:\/\/api.w.org\/{rel}","templated":true}]}}