{"id":6894,"date":"2013-12-19T11:11:24","date_gmt":"2013-12-19T14:26:56","guid":{"rendered":"http:\/\/zurapps.com\/all\/?page_id=6894"},"modified":"2017-04-24T10:08:56","modified_gmt":"2017-04-24T15:08:56","slug":"exemples-plan-route","status":"publish","type":"page","link":"https:\/\/zurapps.com\/all\/?page_id=6894","title":{"rendered":"Exemples Plan Route"},"content":{"rendered":"<div id='layer_slider_1'  class='avia-layerslider main_color avia-shadow  avia-builder-el-0  el_before_av_two_third  avia-builder-el-first  container_wrap sidebar_right'  style='height: 151px;'  ><\/div><div id='after_layer_slider_1'  class='main_color av_default_container_wrap container_wrap sidebar_right'  ><div class='container av-section-cont-open' ><div class='template-page content  av-content-small alpha units'><div class='post-entry post-entry-type-page post-entry-6894'><div class='entry-content-wrapper clearfix'>\n<div  class='flex_column av-av_two_third-2a9015ff38129c418a3f2eafba3e9512 av_two_third  avia-builder-el-1  el_after_av_layerslider  el_before_av_one_third  avia-builder-el-first  first flex_column_div  '     ><section  class='av_textblock_section av-av_textblock-0366cc7376be6c9e82a3e9cc8987b64f '   itemscope=\"itemscope\" itemtype=\"https:\/\/schema.org\/CreativeWork\" ><div class='avia_textblock'  itemprop=\"text\" ><p style=\"font-family: Arial, Helvetica, sans-serif; text-align: center;\"><span style=\"font-size: 28px;\"><strong>Plan Route<\/strong> avec un <strong>abonnement premium<\/strong>, offre un acc\u00e8s illimit\u00e9 pour t\u00e9l\u00e9charger et t\u00e9l\u00e9charger des documents dans la <strong>Biblioth\u00e8que ZurApps<\/strong>.<\/span><\/p>\n<\/div><\/section><br \/>\n<section  class='av_textblock_section av-av_textblock-0366cc7376be6c9e82a3e9cc8987b64f '   itemscope=\"itemscope\" itemtype=\"https:\/\/schema.org\/CreativeWork\" ><div class='avia_textblock'  itemprop=\"text\" ><p style=\"font-family: Arial, Helvetica, sans-serif; text-align: center;\"><span style=\"font-size: 24px;\">La <strong>Biblioth\u00e8que ZurApps<\/strong> est h\u00e9berg\u00e9e par <strong>ZurApps Research<\/strong> et est <strong>continuellement mis \u00e0 jour<\/strong> avec de nouveaux documents cr\u00e9\u00e9s par <strong>ZurApps Research<\/strong> ainsi que des documents <strong>soumis par les utilisateurs<\/strong>, contr\u00f4l\u00e9s et approuv\u00e9s par <strong>ZurApps Research<\/strong>. <\/span><\/p>\n<\/div><\/section><br \/>\n\n<style type=\"text\/css\" data-created_by=\"avia_inline_auto\" id=\"style-css-av-av_hr-0688d0b0b6ed2f8b057db7a8270206df\">\n#top .hr.hr-invisible.av-av_hr-0688d0b0b6ed2f8b057db7a8270206df{\nheight:50px;\n}\n<\/style>\n<div  class='hr av-av_hr-0688d0b0b6ed2f8b057db7a8270206df hr-invisible  avia-builder-el-4  el_after_av_textblock  el_before_av_textblock '><span class='hr-inner '><span class=\"hr-inner-style\"><\/span><\/span><\/div><br \/>\n<section  class='av_textblock_section av-av_textblock-0366cc7376be6c9e82a3e9cc8987b64f '   itemscope=\"itemscope\" itemtype=\"https:\/\/schema.org\/CreativeWork\" ><div class='avia_textblock'  itemprop=\"text\" ><p style=\"font-family: Arial, Helvetica, sans-serif; text-align: center;\"><span style=\"font-size: 28px;\"><strong>Plan Route<\/strong> offre la possibilit\u00e9 de partager vos voyages avec d&#8217;autres utilisateurs de\u00a0<strong>Plan Route<\/strong>.<\/span><\/p>\n<p style=\"font-family: Arial, Helvetica, sans-serif; text-align: center;\"><span style=\"font-size: 28px;\">T\u00e9l\u00e9chargez des examples de voyages ci-dessous!<\/span><\/p>\n<\/div><\/section><br \/>\n<section  class='av_textblock_section av-av_textblock-0366cc7376be6c9e82a3e9cc8987b64f '   itemscope=\"itemscope\" itemtype=\"https:\/\/schema.org\/CreativeWork\" ><div class='avia_textblock'  itemprop=\"text\" ><ul>\n<li style=\"font-family: Arial, Helvetica, sans-serif; font-size: 18px; text-align: left;\"><a href=\"http:\/\/www.zurapps.com\/rtpublic\/nyc.rtm\"><strong>New York City<\/strong>\u00a0carte, y compris: Mus\u00e9e Guggenheim, Mus\u00e9e d&#8217;histoire Naturelle, Rue 57 Restaurant, Times Square et plus!<\/a><\/li>\n<\/ul>\n<\/div><\/section><\/p><\/div><div  class='flex_column av-av_one_third-52c89597409f646e66e7cc675a5d9b4a av_one_third  avia-builder-el-7  el_after_av_two_third  el_before_av_one_third  flex_column_div  '     ><style type=\"text\/css\" data-created_by=\"avia_inline_auto\" id=\"style-css-av-av_image-532a6eb0cf6960e8ec4c8b190084d0b9\">\n.avia-image-container.av-av_image-532a6eb0cf6960e8ec4c8b190084d0b9 img.avia_image{\nbox-shadow:none;\n}\n.avia-image-container.av-av_image-532a6eb0cf6960e8ec4c8b190084d0b9 .av-image-caption-overlay-center{\ncolor:#ffffff;\n}\n<\/style>\n<div  class='avia-image-container av-av_image-532a6eb0cf6960e8ec4c8b190084d0b9 av-styling- av-img-linked avia-align-center  avia-builder-el-8  avia-builder-el-no-sibling '   itemprop=\"image\" itemscope=\"itemscope\" itemtype=\"https:\/\/schema.org\/ImageObject\" ><div class=\"avia-image-container-inner\"><div class=\"avia-image-overlay-wrap\"><a href=\"http:\/\/www.zurapps.com\/rtpublic\/nyc.rtm\" class='avia_image '  aria-label='roadtripperipadapplemaps'><img decoding=\"async\" fetchpriority=\"high\" class='wp-image-9224 avia-img-lazy-loading-not-9224 avia_image ' src=\"https:\/\/zurapps.com\/all\/wp-content\/uploads\/2013\/12\/RoadTripperiPadAppleMaps2-300x225.png\" alt='' title='roadtripperipadapplemaps'  height=\"225\" width=\"300\"  itemprop=\"thumbnailUrl\" srcset=\"https:\/\/zurapps.com\/all\/wp-content\/uploads\/2013\/12\/RoadTripperiPadAppleMaps2-300x225.png 300w, https:\/\/zurapps.com\/all\/wp-content\/uploads\/2013\/12\/RoadTripperiPadAppleMaps2-450x338.png 450w, https:\/\/zurapps.com\/all\/wp-content\/uploads\/2013\/12\/RoadTripperiPadAppleMaps2.png 600w\" sizes=\"(max-width: 300px) 100vw, 300px\" \/><\/a><\/div><\/div><\/div><\/div><\/p>\n<div  class='flex_column av-av_one_third-2a9015ff38129c418a3f2eafba3e9512 av_one_third  avia-builder-el-9  el_after_av_one_third  avia-builder-el-last  first flex_column_div  column-top-margin'     ><section  class='av_textblock_section av-av_textblock-0366cc7376be6c9e82a3e9cc8987b64f '   itemscope=\"itemscope\" itemtype=\"https:\/\/schema.org\/CreativeWork\" ><div class='avia_textblock'  itemprop=\"text\" ><p style=\"font-family: Arial, Helvetica, sans-serif; font-size: 24px; text-align: center;\"><a href=\"https:\/\/zurapps.com\/all\/index.php\/voyages\/plan-route\/\"><strong>PLAN ROUTE<\/strong><\/a><br \/>\n<a href=\"https:\/\/zurapps.com\/all\/index.php\/voyages\/plan-route\/\"> avec Google Maps<\/a><\/p>\n<\/div><\/section><br \/>\n\n<style type=\"text\/css\" data-created_by=\"avia_inline_auto\" id=\"style-css-av-av_image-f6b7cff3ffdac390649cfa2b0d721ee8\">\n.avia-image-container.av-av_image-f6b7cff3ffdac390649cfa2b0d721ee8 img.avia_image{\nbox-shadow:none;\n}\n.avia-image-container.av-av_image-f6b7cff3ffdac390649cfa2b0d721ee8 .av-image-caption-overlay-center{\ncolor:#ffffff;\n}\n<\/style>\n<div  class='avia-image-container av-av_image-f6b7cff3ffdac390649cfa2b0d721ee8 av-styling- avia-align-center  avia-builder-el-11  el_after_av_textblock  avia-builder-el-last '   itemprop=\"image\" itemscope=\"itemscope\" itemtype=\"https:\/\/schema.org\/ImageObject\" ><div class=\"avia-image-container-inner\"><div class=\"avia-image-overlay-wrap\"><img decoding=\"async\" width=\"150\" height=\"150\" fetchpriority=\"high\" class='wp-image-7615 avia-img-lazy-loading-not-7615 avia_image ' src=\"https:\/\/zurapps.com\/all\/wp-content\/uploads\/2013\/12\/RTGM150x1501.png\" alt='' title='RTGM150x150'   itemprop=\"thumbnailUrl\" srcset=\"https:\/\/zurapps.com\/all\/wp-content\/uploads\/2013\/12\/RTGM150x1501.png 150w, https:\/\/zurapps.com\/all\/wp-content\/uploads\/2013\/12\/RTGM150x1501-80x80.png 80w, https:\/\/zurapps.com\/all\/wp-content\/uploads\/2013\/12\/RTGM150x1501-36x36.png 36w, https:\/\/zurapps.com\/all\/wp-content\/uploads\/2013\/12\/RTGM150x1501-120x120.png 120w\" sizes=\"(max-width: 150px) 100vw, 150px\" \/><\/div><\/div><\/div><br \/>\n\n<style type=\"text\/css\" data-created_by=\"avia_inline_auto\" id=\"style-css-av-av_image-3586f697324aafe227203455f3f4f0af\">\n.avia-image-container.av-av_image-3586f697324aafe227203455f3f4f0af img.avia_image{\nbox-shadow:none;\n}\n.avia-image-container.av-av_image-3586f697324aafe227203455f3f4f0af .av-image-caption-overlay-center{\ncolor:#ffffff;\n}\n<\/style>\n<div  class='avia-image-container av-av_image-3586f697324aafe227203455f3f4f0af av-styling- av-img-linked avia-align-center  avia-builder-el-12  el_before_av_one_third  avia-builder-el-first '   itemprop=\"image\" itemscope=\"itemscope\" itemtype=\"https:\/\/schema.org\/ImageObject\" ><div class=\"avia-image-container-inner\"><div class=\"avia-image-overlay-wrap\"><a href=\"https:\/\/itunes.apple.com\/En\/app\/id398967661?mt=8\" class='avia_image '  aria-label='Download in the App store'><img decoding=\"async\" width=\"155\" height=\"60\" fetchpriority=\"high\" class='wp-image-5441 avia-img-lazy-loading-not-5441 avia_image ' src=\"https:\/\/zurapps.com\/all\/wp-content\/uploads\/2013\/06\/App_Store_Badge_Fr.png\" alt='' title='Download in the App store'   itemprop=\"thumbnailUrl\"  \/><\/a><\/div><\/div><\/div><\/p><\/div>\n<div  class='flex_column av-av_one_third-52c89597409f646e66e7cc675a5d9b4a av_one_third  avia-builder-el-13  el_after_av_image  el_before_av_one_third  flex_column_div  column-top-margin'     ><section  class='av_textblock_section av-av_textblock-0366cc7376be6c9e82a3e9cc8987b64f '   itemscope=\"itemscope\" itemtype=\"https:\/\/schema.org\/CreativeWork\" ><div class='avia_textblock'  itemprop=\"text\" ><p style=\"font-family: Arial, Helvetica, sans-serif; font-size: 24px; text-align: center;\"><strong><a href=\"https:\/\/zurapps.com\/all\/index.php\/voyages\/plan-route-pour-mac\/\">PLAN ROUTE PRO<\/a><\/strong><\/p>\n<\/div><\/section><br \/>\n\n<style type=\"text\/css\" data-created_by=\"avia_inline_auto\" id=\"style-css-av-av_image-6430f5e7988854afcef7525e56b0fd83\">\n.avia-image-container.av-av_image-6430f5e7988854afcef7525e56b0fd83 img.avia_image{\nbox-shadow:none;\n}\n.avia-image-container.av-av_image-6430f5e7988854afcef7525e56b0fd83 .av-image-caption-overlay-center{\ncolor:#ffffff;\n}\n<\/style>\n<div  class='avia-image-container av-av_image-6430f5e7988854afcef7525e56b0fd83 av-styling- avia-align-center  avia-builder-el-15  el_after_av_textblock  el_before_av_image '   itemprop=\"image\" itemscope=\"itemscope\" itemtype=\"https:\/\/schema.org\/ImageObject\" ><div class=\"avia-image-container-inner\"><div class=\"avia-image-overlay-wrap\"><img decoding=\"async\" fetchpriority=\"high\" class='wp-image-9191 avia-img-lazy-loading-not-9191 avia_image ' src=\"https:\/\/zurapps.com\/all\/wp-content\/uploads\/2013\/06\/road_tripper_pro_icon_256x2562-180x180.png\" alt='road_tripper_pro_icon_256x256' title='road_tripper_pro_icon_256x256'  height=\"180\" width=\"180\"  itemprop=\"thumbnailUrl\" srcset=\"https:\/\/zurapps.com\/all\/wp-content\/uploads\/2013\/06\/road_tripper_pro_icon_256x2562-180x180.png 180w, https:\/\/zurapps.com\/all\/wp-content\/uploads\/2013\/06\/road_tripper_pro_icon_256x2562-80x80.png 80w, https:\/\/zurapps.com\/all\/wp-content\/uploads\/2013\/06\/road_tripper_pro_icon_256x2562-36x36.png 36w, https:\/\/zurapps.com\/all\/wp-content\/uploads\/2013\/06\/road_tripper_pro_icon_256x2562-120x120.png 120w, https:\/\/zurapps.com\/all\/wp-content\/uploads\/2013\/06\/road_tripper_pro_icon_256x2562.png 256w\" sizes=\"(max-width: 180px) 100vw, 180px\" \/><\/div><\/div><\/div><br \/>\n\n<style type=\"text\/css\" data-created_by=\"avia_inline_auto\" id=\"style-css-av-av_image-5b5896a6bda1e2a90e639ecb0697207f\">\n.avia-image-container.av-av_image-5b5896a6bda1e2a90e639ecb0697207f img.avia_image{\nbox-shadow:none;\n}\n.avia-image-container.av-av_image-5b5896a6bda1e2a90e639ecb0697207f .av-image-caption-overlay-center{\ncolor:#ffffff;\n}\n<\/style>\n<div  class='avia-image-container av-av_image-5b5896a6bda1e2a90e639ecb0697207f av-styling- av-img-linked avia-align-center  avia-builder-el-16  el_after_av_image  avia-builder-el-last '   itemprop=\"image\" itemscope=\"itemscope\" itemtype=\"https:\/\/schema.org\/ImageObject\" ><div class=\"avia-image-container-inner\"><div class=\"avia-image-overlay-wrap\"><a href=\"https:\/\/itunes.apple.com\/us\/artist\/zurapps-research-inc.\/id369179442\" class='avia_image '  aria-label='Download in the App store'><img decoding=\"async\" width=\"155\" height=\"60\" fetchpriority=\"high\" class='wp-image-5441 avia-img-lazy-loading-not-5441 avia_image ' src=\"https:\/\/zurapps.com\/all\/wp-content\/uploads\/2013\/06\/App_Store_Badge_Fr.png\" alt='' title='Download in the App store'   itemprop=\"thumbnailUrl\"  \/><\/a><\/div><\/div><\/div><\/p><\/div>\n<div  class='flex_column av-av_one_third-52c89597409f646e66e7cc675a5d9b4a av_one_third  avia-builder-el-17  el_after_av_one_third  avia-builder-el-last  flex_column_div  column-top-margin'     ><section  class='av_textblock_section av-av_textblock-0366cc7376be6c9e82a3e9cc8987b64f '   itemscope=\"itemscope\" itemtype=\"https:\/\/schema.org\/CreativeWork\" ><div class='avia_textblock'  itemprop=\"text\" ><p style=\"font-family: Arial, Helvetica, sans-serif; font-size: 24px; text-align: center;\"><a href=\"https:\/\/zurapps.com\/all\/index.php\/voyages\/plan-route-ios-apple-maps\/\"><strong>PLAN ROUTE<\/strong><\/a><br \/>\n<a href=\"https:\/\/zurapps.com\/all\/index.php\/voyages\/plan-route-ios-apple-maps\/\"> avec Apple Maps<\/a><\/p>\n<\/div><\/section><br \/>\n\n<style type=\"text\/css\" data-created_by=\"avia_inline_auto\" id=\"style-css-av-av_image-8c15e6e7c7709e1f97b3c068ef5df83a\">\n.avia-image-container.av-av_image-8c15e6e7c7709e1f97b3c068ef5df83a img.avia_image{\nbox-shadow:none;\n}\n.avia-image-container.av-av_image-8c15e6e7c7709e1f97b3c068ef5df83a .av-image-caption-overlay-center{\ncolor:#ffffff;\n}\n<\/style>\n<div  class='avia-image-container av-av_image-8c15e6e7c7709e1f97b3c068ef5df83a av-styling- avia-align-center  avia-builder-el-19  el_after_av_textblock  avia-builder-el-last '   itemprop=\"image\" itemscope=\"itemscope\" itemtype=\"https:\/\/schema.org\/ImageObject\" ><div class=\"avia-image-container-inner\"><div class=\"avia-image-overlay-wrap\"><img decoding=\"async\" width=\"150\" height=\"150\" fetchpriority=\"high\" class='wp-image-7678 avia-img-lazy-loading-not-7678 avia_image ' src=\"https:\/\/zurapps.com\/all\/wp-content\/uploads\/2013\/06\/RoadTripperAM150x1502.png\" alt='' title='RoadTripperAM150x150'   itemprop=\"thumbnailUrl\" srcset=\"https:\/\/zurapps.com\/all\/wp-content\/uploads\/2013\/06\/RoadTripperAM150x1502.png 150w, https:\/\/zurapps.com\/all\/wp-content\/uploads\/2013\/06\/RoadTripperAM150x1502-80x80.png 80w, https:\/\/zurapps.com\/all\/wp-content\/uploads\/2013\/06\/RoadTripperAM150x1502-36x36.png 36w, https:\/\/zurapps.com\/all\/wp-content\/uploads\/2013\/06\/RoadTripperAM150x1502-120x120.png 120w\" sizes=\"(max-width: 150px) 100vw, 150px\" \/><\/div><\/div><\/div><br \/>\n\n<style type=\"text\/css\" data-created_by=\"avia_inline_auto\" id=\"style-css-av-av_image-74daa500510ee1283e1fd4e0612bbaa4\">\n.avia-image-container.av-av_image-74daa500510ee1283e1fd4e0612bbaa4 img.avia_image{\nbox-shadow:none;\n}\n.avia-image-container.av-av_image-74daa500510ee1283e1fd4e0612bbaa4 .av-image-caption-overlay-center{\ncolor:#ffffff;\n}\n<\/style>\n<div  class='avia-image-container av-av_image-74daa500510ee1283e1fd4e0612bbaa4 av-styling- av-img-linked avia-align-center  avia-builder-el-20  avia-builder-el-no-sibling '   itemprop=\"image\" itemscope=\"itemscope\" itemtype=\"https:\/\/schema.org\/ImageObject\" ><div class=\"avia-image-container-inner\"><div class=\"avia-image-overlay-wrap\"><a href=\"https:\/\/itunes.apple.com\/En\/app\/id844091760?mt=8\" class='avia_image '  aria-label='Download in the App store'><img decoding=\"async\" width=\"155\" height=\"60\" fetchpriority=\"high\" class='wp-image-5441 avia-img-lazy-loading-not-5441 avia_image ' src=\"https:\/\/zurapps.com\/all\/wp-content\/uploads\/2013\/06\/App_Store_Badge_Fr.png\" alt='' title='Download in the App store'   itemprop=\"thumbnailUrl\"  \/><\/a><\/div><\/div><\/div><\/p><\/div>\n","protected":false},"excerpt":{"rendered":"","protected":false},"author":4,"featured_media":0,"parent":2205,"menu_order":0,"comment_status":"open","ping_status":"open","template":"","meta":{"_monsterinsights_skip_tracking":false,"_monsterinsights_sitenote_active":false,"_monsterinsights_sitenote_note":"","_monsterinsights_sitenote_category":0,"footnotes":""},"_links":{"self":[{"href":"https:\/\/zurapps.com\/all\/index.php?rest_route=\/wp\/v2\/pages\/6894"}],"collection":[{"href":"https:\/\/zurapps.com\/all\/index.php?rest_route=\/wp\/v2\/pages"}],"about":[{"href":"https:\/\/zurapps.com\/all\/index.php?rest_route=\/wp\/v2\/types\/page"}],"author":[{"embeddable":true,"href":"https:\/\/zurapps.com\/all\/index.php?rest_route=\/wp\/v2\/users\/4"}],"replies":[{"embeddable":true,"href":"https:\/\/zurapps.com\/all\/index.php?rest_route=%2Fwp%2Fv2%2Fcomments&post=6894"}],"version-history":[{"count":46,"href":"https:\/\/zurapps.com\/all\/index.php?rest_route=\/wp\/v2\/pages\/6894\/revisions"}],"predecessor-version":[{"id":9634,"href":"https:\/\/zurapps.com\/all\/index.php?rest_route=\/wp\/v2\/pages\/6894\/revisions\/9634"}],"up":[{"embeddable":true,"href":"https:\/\/zurapps.com\/all\/index.php?rest_route=\/wp\/v2\/pages\/2205"}],"wp:attachment":[{"href":"https:\/\/zurapps.com\/all\/index.php?rest_route=%2Fwp%2Fv2%2Fmedia&parent=6894"}],"curies":[{"name":"wp","href":"https:\/\/api.w.org\/{rel}","templated":true}]}}