{"id":7856,"date":"2014-10-29T13:42:38","date_gmt":"2014-07-21T16:52:08","guid":{"rendered":"http:\/\/zurapps.com\/all\/?page_id=7856"},"modified":"2017-03-21T11:11:12","modified_gmt":"2017-03-21T16:11:12","slug":"mathpad-fr","status":"publish","type":"page","link":"https:\/\/zurapps.com\/all\/?page_id=7856","title":{"rendered":"MathPad pour Mac et iOS"},"content":{"rendered":"<div id='layer_slider_1'  class='avia-layerslider main_color avia-shadow  avia-builder-el-0  el_before_av_section  avia-builder-el-first  container_wrap sidebar_right'  style='height: 251px; max-width: 940px; margin: 0 auto;'  ><\/div>\n\n<style type=\"text\/css\" data-created_by=\"avia_inline_auto\" id=\"style-css-av-av_section-6fb3c5cb687e78ce999e890aceb775a3\">\n.avia-section.av-av_section-6fb3c5cb687e78ce999e890aceb775a3{\nbackground-color:#dddddd;\nbackground-image:unset;\n}\n<\/style>\n<div id='av_section_1'  class='avia-section av-av_section-6fb3c5cb687e78ce999e890aceb775a3 main_color avia-section-default avia-no-shadow  avia-builder-el-1  el_after_av_layerslider  el_before_av_one_full  avia-bg-style-scroll container_wrap sidebar_right'  ><div class='container av-section-cont-open' ><div class='template-page content  av-content-small alpha units'><div class='post-entry post-entry-type-page post-entry-7856'><div class='entry-content-wrapper clearfix'>\n\n<style type=\"text\/css\" data-created_by=\"avia_inline_auto\" id=\"style-css-av-av_heading-5e9d42439c9d31d88f4bc6dc80ad70b2\">\n#top .av-special-heading.av-av_heading-5e9d42439c9d31d88f4bc6dc80ad70b2{\npadding-bottom:10px;\n}\nbody .av-special-heading.av-av_heading-5e9d42439c9d31d88f4bc6dc80ad70b2 .av-special-heading-tag .heading-char{\nfont-size:25px;\n}\n.av-special-heading.av-av_heading-5e9d42439c9d31d88f4bc6dc80ad70b2 .av-subheading{\nfont-size:15px;\n}\n<\/style>\n<div  class='av-special-heading av-av_heading-5e9d42439c9d31d88f4bc6dc80ad70b2 av-special-heading-h3  avia-builder-el-2  avia-builder-el-no-sibling '><h3 class='av-special-heading-tag'  itemprop=\"headline\"  >MathPad est une application de math\u00e9matiques avec un clavier math\u00e9matique sp\u00e9cialement con\u00e7ue , disponible pour Mac et iOS .<\/h3><div class=\"special-heading-border\"><div class=\"special-heading-inner-border\"><\/div><\/div><\/div>\n<\/div><\/div><\/div><!-- close content main div --><\/div><\/div><div id='after_section_1'  class='main_color av_default_container_wrap container_wrap sidebar_right'  ><div class='container av-section-cont-open' ><div class='template-page content  av-content-small alpha units'><div class='post-entry post-entry-type-page post-entry-7856'><div class='entry-content-wrapper clearfix'>\n<div  class='flex_column av-av_one_full-2a9015ff38129c418a3f2eafba3e9512 av_one_full  avia-builder-el-3  el_after_av_section  el_before_av_one_half  avia-builder-el-first  first flex_column_div  '     ><style type=\"text\/css\" data-created_by=\"avia_inline_auto\" id=\"style-css-av-av_heading-09f799b6abbf42f615c6637f3b435104\">\n#top .av-special-heading.av-av_heading-09f799b6abbf42f615c6637f3b435104{\npadding-bottom:10px;\n}\nbody .av-special-heading.av-av_heading-09f799b6abbf42f615c6637f3b435104 .av-special-heading-tag .heading-char{\nfont-size:25px;\n}\n.av-special-heading.av-av_heading-09f799b6abbf42f615c6637f3b435104 .av-subheading{\nfont-size:15px;\n}\n<\/style>\n<div  class='av-special-heading av-av_heading-09f799b6abbf42f615c6637f3b435104 av-special-heading-h3  avia-builder-el-4  avia-builder-el-no-sibling '><h3 class='av-special-heading-tag'  itemprop=\"headline\"  >Pour iOS<\/h3><div class=\"special-heading-border\"><div class=\"special-heading-inner-border\"><\/div><\/div><\/div><\/div>\n<div  class='flex_column av-av_one_half-2a9015ff38129c418a3f2eafba3e9512 av_one_half  avia-builder-el-5  el_after_av_one_full  avia-builder-el-last  first flex_column_div  column-top-margin'     ><style type=\"text\/css\" data-created_by=\"avia_inline_auto\" id=\"style-css-av-av_image-1b49d564c31c60191f2e4affa491f47a\">\n.avia-image-container.av-av_image-1b49d564c31c60191f2e4affa491f47a img.avia_image{\nbox-shadow:none;\n}\n.avia-image-container.av-av_image-1b49d564c31c60191f2e4affa491f47a .av-image-caption-overlay-center{\ncolor:#ffffff;\n}\n<\/style>\n<div  class='avia-image-container av-av_image-1b49d564c31c60191f2e4affa491f47a av-styling- av-img-linked avia-align-center  avia-builder-el-6  el_before_av_one_half  avia-builder-el-first '   itemprop=\"image\" itemscope=\"itemscope\" itemtype=\"https:\/\/schema.org\/ImageObject\" ><div class=\"avia-image-container-inner\"><div class=\"avia-image-overlay-wrap\"><a href=\"https:\/\/zurapps.com\/all\/index.php\/mathpad\/mathpad\/\" class='avia_image '  ><img decoding=\"async\" fetchpriority=\"high\" class='wp-image- avia-img-lazy-loading-not- avia_image ' src=\"https:\/\/zurapps.com\/all\/wp-content\/uploads\/2013\/06\/MathPad1-300x300.png\" alt='' title=''   itemprop=\"thumbnailUrl\"  \/><\/a><\/div><\/div><\/div><\/div>\n<div  class='flex_column av-av_one_half-52c89597409f646e66e7cc675a5d9b4a av_one_half  avia-builder-el-7  el_after_av_image  el_before_av_one_half  flex_column_div  column-top-margin'     ><style type=\"text\/css\" data-created_by=\"avia_inline_auto\" id=\"style-css-av-av_image-c95feaf9baf7db3399b6d603b32eb082\">\n.avia-image-container.av-av_image-c95feaf9baf7db3399b6d603b32eb082 img.avia_image{\nbox-shadow:none;\n}\n.avia-image-container.av-av_image-c95feaf9baf7db3399b6d603b32eb082 .av-image-caption-overlay-center{\ncolor:#ffffff;\n}\n<\/style>\n<div  class='avia-image-container av-av_image-c95feaf9baf7db3399b6d603b32eb082 av-styling- av-img-linked avia-align-center  avia-builder-el-8  avia-builder-el-no-sibling '   itemprop=\"image\" itemscope=\"itemscope\" itemtype=\"https:\/\/schema.org\/ImageObject\" ><div class=\"avia-image-container-inner\"><div class=\"avia-image-overlay-wrap\"><a href=\"https:\/\/zurapps.com\/all\/index.php\/mathpad\/mathpad\/\" class='avia_image '  aria-label='MathPadEDU'><img decoding=\"async\" fetchpriority=\"high\" class='wp-image-5480 avia-img-lazy-loading-not-5480 avia_image ' src=\"https:\/\/zurapps.com\/all\/wp-content\/uploads\/2013\/06\/MathPadEDU-300x300.png\" alt='MathPad EDU' title='MathPadEDU'  height=\"300\" width=\"300\"  itemprop=\"thumbnailUrl\" srcset=\"https:\/\/zurapps.com\/all\/wp-content\/uploads\/2013\/06\/MathPadEDU-300x300.png 300w, https:\/\/zurapps.com\/all\/wp-content\/uploads\/2013\/06\/MathPadEDU-80x80.png 80w, https:\/\/zurapps.com\/all\/wp-content\/uploads\/2013\/06\/MathPadEDU-36x36.png 36w, https:\/\/zurapps.com\/all\/wp-content\/uploads\/2013\/06\/MathPadEDU-180x180.png 180w, https:\/\/zurapps.com\/all\/wp-content\/uploads\/2013\/06\/MathPadEDU-120x120.png 120w, https:\/\/zurapps.com\/all\/wp-content\/uploads\/2013\/06\/MathPadEDU-450x450.png 450w, https:\/\/zurapps.com\/all\/wp-content\/uploads\/2013\/06\/MathPadEDU.png 1024w\" sizes=\"(max-width: 300px) 100vw, 300px\" \/><\/a><\/div><\/div><\/div><\/div>\n<div  class='flex_column av-av_one_half-2a9015ff38129c418a3f2eafba3e9512 av_one_half  avia-builder-el-9  el_after_av_one_half  el_before_av_one_half  first flex_column_div  column-top-margin'     ><section  class='av_textblock_section av-av_textblock-0366cc7376be6c9e82a3e9cc8987b64f '   itemscope=\"itemscope\" itemtype=\"https:\/\/schema.org\/CreativeWork\" ><div class='avia_textblock'  itemprop=\"text\" ><h5 style=\"font-family: Arial, Helvetica, sans-serif; font-size: 20px; text-align: left;\">MathPad<\/h5>\n<p><strong>ESSAYER AVANT D&#8217;ACHETER!<\/strong> &#8211; Appli GRATUITE qui comprend Achats In-App pour <strong>Souscription PREMIUM<\/strong> avec une p\u00e9riode d&#8217;essai gratuite d&#8217;un mois.<\/p>\n<\/div><\/section><br \/>\n<div  class='avia-button-wrap av-av_button-73e4b42d74de3fb8a10db84582940188-wrap avia-button-center  avia-builder-el-11  el_after_av_textblock  avia-builder-el-last '><a href='https:\/\/zurapps.com\/all\/?page_id=2996'  class='avia-button av-av_button-73e4b42d74de3fb8a10db84582940188 av-link-btn avia-icon_select-yes-left-icon avia-size-large avia-position-center avia-color-theme-color'  ><span class='avia_button_icon avia_button_icon_left' aria-hidden='true' data-av_icon='\ue85d' data-av_iconfont='entypo-fontello'><\/span><span class='avia_iconbox_title' >MathPad pour iOS<\/span><\/a><\/div><\/p><\/div>\n<div  class='flex_column av-av_one_half-52c89597409f646e66e7cc675a5d9b4a av_one_half  avia-builder-el-12  el_after_av_one_half  el_before_av_one_full  flex_column_div  column-top-margin'     ><section  class='av_textblock_section av-av_textblock-0366cc7376be6c9e82a3e9cc8987b64f '   itemscope=\"itemscope\" itemtype=\"https:\/\/schema.org\/CreativeWork\" ><div class='avia_textblock'  itemprop=\"text\" ><h5 style=\"font-family: Arial, Helvetica, sans-serif; font-size: 20px; text-align: left;\">MathPad EDU<\/h5>\n<p>Permet l\u2019acc\u00e8s perp\u00e9tuel aux capacit\u00e9s inclus dans la <strong>Souscription Premium<\/strong>\u00a0et ne comprend pas In-App Achats.<\/p>\n<\/div><\/section><br \/>\n<div  class='avia-button-wrap av-av_button-33e6bf5ff2dc561863fc0fad72fb13be-wrap avia-button-center  avia-builder-el-14  el_after_av_textblock  avia-builder-el-last '><a href=''  class='avia-button av-av_button-33e6bf5ff2dc561863fc0fad72fb13be av-link-btn avia-icon_select-yes-left-icon avia-size-large avia-position-center avia-color-theme-color'  ><span class='avia_button_icon avia_button_icon_left' aria-hidden='true' data-av_icon='\ue85d' data-av_iconfont='entypo-fontello'><\/span><span class='avia_iconbox_title' >MathPad EDU pour iOS<\/span><\/a><\/div><\/p><\/div><div  class='flex_column av-av_one_full-2a9015ff38129c418a3f2eafba3e9512 av_one_full  avia-builder-el-15  el_after_av_one_half  el_before_av_one_half  first flex_column_div  column-top-margin'     ><style type=\"text\/css\" data-created_by=\"avia_inline_auto\" id=\"style-css-av-av_heading-f984961a5e6e72d9efc821a575785853\">\n#top .av-special-heading.av-av_heading-f984961a5e6e72d9efc821a575785853{\npadding-bottom:10px;\n}\nbody .av-special-heading.av-av_heading-f984961a5e6e72d9efc821a575785853 .av-special-heading-tag .heading-char{\nfont-size:25px;\n}\n.av-special-heading.av-av_heading-f984961a5e6e72d9efc821a575785853 .av-subheading{\nfont-size:15px;\n}\n<\/style>\n<div  class='av-special-heading av-av_heading-f984961a5e6e72d9efc821a575785853 av-special-heading-h3  avia-builder-el-16  avia-builder-el-no-sibling '><h3 class='av-special-heading-tag'  itemprop=\"headline\"  >Pour macOS<\/h3><div class=\"special-heading-border\"><div class=\"special-heading-inner-border\"><\/div><\/div><\/div><\/div><\/p>\n<div  class='flex_column av-av_one_half-2a9015ff38129c418a3f2eafba3e9512 av_one_half  avia-builder-el-17  el_after_av_one_full  el_before_av_one_half  first flex_column_div  column-top-margin'     ><style type=\"text\/css\" data-created_by=\"avia_inline_auto\" id=\"style-css-av-av_image-e60421438d4782896f1c3cac6830a963\">\n.avia-image-container.av-av_image-e60421438d4782896f1c3cac6830a963 img.avia_image{\nbox-shadow:none;\n}\n.avia-image-container.av-av_image-e60421438d4782896f1c3cac6830a963 .av-image-caption-overlay-center{\ncolor:#ffffff;\n}\n<\/style>\n<div  class='avia-image-container av-av_image-e60421438d4782896f1c3cac6830a963 av-styling- av-img-linked avia-align-center  avia-builder-el-18  avia-builder-el-no-sibling '   itemprop=\"image\" itemscope=\"itemscope\" itemtype=\"https:\/\/schema.org\/ImageObject\" ><div class=\"avia-image-container-inner\"><div class=\"avia-image-overlay-wrap\"><a href=\"https:\/\/zurapps.com\/all\/index.php\/mathpad\/mathpad\/\" class='avia_image '  aria-label='mathpad_edu_icon_256x256-002'><img decoding=\"async\" fetchpriority=\"high\" class='wp-image-9183 avia-img-lazy-loading-not-9183 avia_image ' src=\"https:\/\/zurapps.com\/all\/wp-content\/uploads\/2014\/10\/mathpad_edu_icon_256x256-0021.png\" alt='mathpad_edu_icon_256x256-002' title='mathpad_edu_icon_256x256-002'  height=\"256\" width=\"256\"  itemprop=\"thumbnailUrl\" srcset=\"https:\/\/zurapps.com\/all\/wp-content\/uploads\/2014\/10\/mathpad_edu_icon_256x256-0021.png 256w, https:\/\/zurapps.com\/all\/wp-content\/uploads\/2014\/10\/mathpad_edu_icon_256x256-0021-80x80.png 80w, https:\/\/zurapps.com\/all\/wp-content\/uploads\/2014\/10\/mathpad_edu_icon_256x256-0021-36x36.png 36w, https:\/\/zurapps.com\/all\/wp-content\/uploads\/2014\/10\/mathpad_edu_icon_256x256-0021-180x180.png 180w, https:\/\/zurapps.com\/all\/wp-content\/uploads\/2014\/10\/mathpad_edu_icon_256x256-0021-120x120.png 120w\" sizes=\"(max-width: 256px) 100vw, 256px\" \/><\/a><\/div><\/div><\/div><\/div>\n<div  class='flex_column av-av_one_half-52c89597409f646e66e7cc675a5d9b4a av_one_half  avia-builder-el-19  el_after_av_one_half  el_before_av_one_half  flex_column_div  column-top-margin'     ><style type=\"text\/css\" data-created_by=\"avia_inline_auto\" id=\"style-css-av-av_image-e60421438d4782896f1c3cac6830a963\">\n.avia-image-container.av-av_image-e60421438d4782896f1c3cac6830a963 img.avia_image{\nbox-shadow:none;\n}\n.avia-image-container.av-av_image-e60421438d4782896f1c3cac6830a963 .av-image-caption-overlay-center{\ncolor:#ffffff;\n}\n<\/style>\n<div  class='avia-image-container av-av_image-e60421438d4782896f1c3cac6830a963 av-styling- av-img-linked avia-align-center  avia-builder-el-20  avia-builder-el-no-sibling '   itemprop=\"image\" itemscope=\"itemscope\" itemtype=\"https:\/\/schema.org\/ImageObject\" ><div class=\"avia-image-container-inner\"><div class=\"avia-image-overlay-wrap\"><a href=\"https:\/\/zurapps.com\/all\/index.php\/mathpad\/mathpad\/\" class='avia_image '  aria-label='mathpad_edu_icon_256x256-002'><img decoding=\"async\" fetchpriority=\"high\" class='wp-image-9183 avia-img-lazy-loading-not-9183 avia_image ' src=\"https:\/\/zurapps.com\/all\/wp-content\/uploads\/2014\/10\/mathpad_edu_icon_256x256-0021.png\" alt='mathpad_edu_icon_256x256-002' title='mathpad_edu_icon_256x256-002'  height=\"256\" width=\"256\"  itemprop=\"thumbnailUrl\" srcset=\"https:\/\/zurapps.com\/all\/wp-content\/uploads\/2014\/10\/mathpad_edu_icon_256x256-0021.png 256w, https:\/\/zurapps.com\/all\/wp-content\/uploads\/2014\/10\/mathpad_edu_icon_256x256-0021-80x80.png 80w, https:\/\/zurapps.com\/all\/wp-content\/uploads\/2014\/10\/mathpad_edu_icon_256x256-0021-36x36.png 36w, https:\/\/zurapps.com\/all\/wp-content\/uploads\/2014\/10\/mathpad_edu_icon_256x256-0021-180x180.png 180w, https:\/\/zurapps.com\/all\/wp-content\/uploads\/2014\/10\/mathpad_edu_icon_256x256-0021-120x120.png 120w\" sizes=\"(max-width: 256px) 100vw, 256px\" \/><\/a><\/div><\/div><\/div><\/div>\n<div  class='flex_column av-av_one_half-2a9015ff38129c418a3f2eafba3e9512 av_one_half  avia-builder-el-21  el_after_av_one_half  el_before_av_one_half  first flex_column_div  column-top-margin'     ><section  class='av_textblock_section av-av_textblock-0366cc7376be6c9e82a3e9cc8987b64f '   itemscope=\"itemscope\" itemtype=\"https:\/\/schema.org\/CreativeWork\" ><div class='avia_textblock'  itemprop=\"text\" ><h5 style=\"font-family: Arial, Helvetica, sans-serif; font-size: 20px; text-align: left;\">MathPad<\/h5>\n<p><strong>ESSAYER AVANT D&#8217;ACHETER!<\/strong> &#8211; Appli GRATUITE qui comprend Achats In-App pour <strong>Souscription PREMIUM<\/strong> avec une p\u00e9riode d&#8217;essai gratuite d&#8217;un mois.<\/p>\n<\/div><\/section><br \/>\n\n<style type=\"text\/css\" data-created_by=\"avia_inline_auto\" id=\"style-css-av-av_hr-c9ba6ccf0e28539cef079a4b419f7f68\">\n#top .hr.hr-invisible.av-av_hr-c9ba6ccf0e28539cef079a4b419f7f68{\nheight:25px;\n}\n<\/style>\n<div  class='hr av-av_hr-c9ba6ccf0e28539cef079a4b419f7f68 hr-invisible  avia-builder-el-23  el_after_av_textblock  el_before_av_button '><span class='hr-inner '><span class=\"hr-inner-style\"><\/span><\/span><\/div><br \/>\n<div  class='avia-button-wrap av-av_button-e5aef06ad4efc6e2d17a8f7049bf31fe-wrap avia-button-center  avia-builder-el-24  el_after_av_hr  avia-builder-el-last '><a href='https:\/\/zurapps.com\/all\/?page_id=7959'  class='avia-button av-av_button-e5aef06ad4efc6e2d17a8f7049bf31fe av-link-btn avia-icon_select-yes-left-icon avia-size-large avia-position-center avia-color-theme-color'  ><span class='avia_button_icon avia_button_icon_left' aria-hidden='true' data-av_icon='\ue85d' data-av_iconfont='entypo-fontello'><\/span><span class='avia_iconbox_title' >MathPad pour Mac<\/span><\/a><\/div><\/p><\/div>\n<div  class='flex_column av-av_one_half-52c89597409f646e66e7cc675a5d9b4a av_one_half  avia-builder-el-25  el_after_av_one_half  el_before_av_hr  flex_column_div  column-top-margin'     ><section  class='av_textblock_section av-av_textblock-0366cc7376be6c9e82a3e9cc8987b64f '   itemscope=\"itemscope\" itemtype=\"https:\/\/schema.org\/CreativeWork\" ><div class='avia_textblock'  itemprop=\"text\" ><h5 style=\"font-family: Arial, Helvetica, sans-serif; font-size: 20px; text-align: left;\">MathPad EDU<\/h5>\n<p>Permet l\u2019acc\u00e8s perp\u00e9tuel aux capacit\u00e9s inclus dans la <strong>Souscription Premium<\/strong>\u00a0et ne comprend pas In-App Achats.<\/p>\n<\/div><\/section><br \/>\n<div  class='avia-button-wrap av-av_button-3b6e1ed2bd3833f34d833bbf67e5a831-wrap avia-button-center  avia-builder-el-27  el_after_av_textblock  avia-builder-el-last '><a href='https:\/\/zurapps.com\/all\/?page_id=2996'  class='avia-button av-av_button-3b6e1ed2bd3833f34d833bbf67e5a831 av-link-btn avia-icon_select-yes-left-icon avia-size-large avia-position-center avia-color-theme-color'  ><span class='avia_button_icon avia_button_icon_left' aria-hidden='true' data-av_icon='\ue85d' data-av_iconfont='entypo-fontello'><\/span><span class='avia_iconbox_title' >MathPad EDU<\/span><\/a><\/div><\/p><\/div><div  class='hr av-av_hr-dcd2069817a0e3d34ae04cad8f3443c7 hr-default  avia-builder-el-28  el_after_av_one_half  el_before_av_hr '><span class='hr-inner '><span class=\"hr-inner-style\"><\/span><\/span><\/div><\/p>\n\n<style type=\"text\/css\" data-created_by=\"avia_inline_auto\" id=\"style-css-av-av_hr-a6de236e6c183bbbd700292deacd2b52\">\n#top .hr.hr-invisible.av-av_hr-a6de236e6c183bbbd700292deacd2b52{\nheight:20px;\n}\n<\/style>\n<div  class='hr av-av_hr-a6de236e6c183bbbd700292deacd2b52 hr-invisible  avia-builder-el-29  el_after_av_hr  el_before_av_one_full '><span class='hr-inner '><span class=\"hr-inner-style\"><\/span><\/span><\/div>\n<div  class='flex_column av-av_one_full-2a9015ff38129c418a3f2eafba3e9512 av_one_full  avia-builder-el-30  el_after_av_hr  avia-builder-el-last  first flex_column_div  '     ><div  class='avia-video av-av_video-f297008f719f25071d184119ebefa21b avia-video-16-9 av-no-preview-image avia-video-load-always av-lazyload-immediate av-lazyload-video-embed'  itemprop=\"video\" itemtype=\"https:\/\/schema.org\/VideoObject\"  data-original_url='https:\/\/www.youtube.com\/watch?v=SnJA9U_II6s'><script type='text\/html' class='av-video-tmpl'><div class='avia-iframe-wrap'><iframe loading=\"lazy\" width=\"1333\" height=\"1000\" src=\"https:\/\/www.youtube.com\/embed\/SnJA9U_II6s?feature=oembed&autoplay=0&loop=0&controls=1&mute=0\" frameborder=\"0\" allowfullscreen><\/iframe><\/div><\/script><div class='av-click-to-play-overlay'><div class=\"avia_playpause_icon\"><\/div><\/div><\/div><\/div>\n","protected":false},"excerpt":{"rendered":"","protected":false},"author":4,"featured_media":0,"parent":0,"menu_order":0,"comment_status":"open","ping_status":"open","template":"","meta":{"_monsterinsights_skip_tracking":false,"_monsterinsights_sitenote_active":false,"_monsterinsights_sitenote_note":"","_monsterinsights_sitenote_category":0,"footnotes":""},"_links":{"self":[{"href":"https:\/\/zurapps.com\/all\/index.php?rest_route=\/wp\/v2\/pages\/7856"}],"collection":[{"href":"https:\/\/zurapps.com\/all\/index.php?rest_route=\/wp\/v2\/pages"}],"about":[{"href":"https:\/\/zurapps.com\/all\/index.php?rest_route=\/wp\/v2\/types\/page"}],"author":[{"embeddable":true,"href":"https:\/\/zurapps.com\/all\/index.php?rest_route=\/wp\/v2\/users\/4"}],"replies":[{"embeddable":true,"href":"https:\/\/zurapps.com\/all\/index.php?rest_route=%2Fwp%2Fv2%2Fcomments&post=7856"}],"version-history":[{"count":18,"href":"https:\/\/zurapps.com\/all\/index.php?rest_route=\/wp\/v2\/pages\/7856\/revisions"}],"predecessor-version":[{"id":9590,"href":"https:\/\/zurapps.com\/all\/index.php?rest_route=\/wp\/v2\/pages\/7856\/revisions\/9590"}],"wp:attachment":[{"href":"https:\/\/zurapps.com\/all\/index.php?rest_route=%2Fwp%2Fv2%2Fmedia&parent=7856"}],"curies":[{"name":"wp","href":"https:\/\/api.w.org\/{rel}","templated":true}]}}