{"id":9335,"date":"2016-11-03T14:36:44","date_gmt":"2016-11-03T19:36:44","guid":{"rendered":"http:\/\/zurapps.com\/all\/?page_id=9335"},"modified":"2018-05-11T11:17:40","modified_gmt":"2018-05-11T15:17:40","slug":"mathpad-edu-para-mac","status":"publish","type":"page","link":"https:\/\/zurapps.com\/all\/?page_id=9335","title":{"rendered":"MathPad EDU para macOS"},"content":{"rendered":"<div id='layer_slider_1'  class='avia-layerslider main_color avia-shadow  avia-builder-el-0  el_before_av_section  avia-builder-el-first  container_wrap sidebar_right'  style='height: 251px; max-width: 940px; margin: 0 auto;'  ><\/div>\n\n<style type=\"text\/css\" data-created_by=\"avia_inline_auto\" id=\"style-css-av-av_section-6fb3c5cb687e78ce999e890aceb775a3\">\n.avia-section.av-av_section-6fb3c5cb687e78ce999e890aceb775a3{\nbackground-color:#dddddd;\nbackground-image:unset;\n}\n<\/style>\n<div id='av_section_1'  class='avia-section av-av_section-6fb3c5cb687e78ce999e890aceb775a3 main_color avia-section-default avia-no-shadow  avia-builder-el-1  el_after_av_layerslider  el_before_av_heading  avia-bg-style-scroll container_wrap sidebar_right'  ><div class='container av-section-cont-open' ><div class='template-page content  av-content-small alpha units'><div class='post-entry post-entry-type-page post-entry-9335'><div class='entry-content-wrapper clearfix'>\n<div  class='flex_column av-av_one_full-2a9015ff38129c418a3f2eafba3e9512 av_one_full  avia-builder-el-2  avia-builder-el-no-sibling  first flex_column_div  '     ><style type=\"text\/css\" data-created_by=\"avia_inline_auto\" id=\"style-css-av-av_heading-8204b607107b630527d5513d204a3015\">\n#top .av-special-heading.av-av_heading-8204b607107b630527d5513d204a3015{\npadding-bottom:10px;\n}\nbody .av-special-heading.av-av_heading-8204b607107b630527d5513d204a3015 .av-special-heading-tag .heading-char{\nfont-size:25px;\n}\n.av-special-heading.av-av_heading-8204b607107b630527d5513d204a3015 .av-subheading{\nfont-size:15px;\n}\n<\/style>\n<div  class='av-special-heading av-av_heading-8204b607107b630527d5513d204a3015 av-special-heading-h3  avia-builder-el-3  avia-builder-el-no-sibling '><h3 class='av-special-heading-tag'  itemprop=\"headline\"  >MathPad EDU te permite crear documentos con expresiones matem\u00e1ticas usando un teclado matem\u00e1tico dise\u00f1ado especialmente.<\/h3><div class=\"special-heading-border\"><div class=\"special-heading-inner-border\"><\/div><\/div><\/div><\/div>\n<\/div><\/div><\/div><!-- close content main div --><\/div><\/div><div id='after_section_1'  class='main_color av_default_container_wrap container_wrap sidebar_right'  ><div class='container av-section-cont-open' ><div class='template-page content  av-content-small alpha units'><div class='post-entry post-entry-type-page post-entry-9335'><div class='entry-content-wrapper clearfix'>\n\n<style type=\"text\/css\" data-created_by=\"avia_inline_auto\" id=\"style-css-av-av_heading-ada0630e95e46c0f1f90f2180fd88006\">\n#top .av-special-heading.av-av_heading-ada0630e95e46c0f1f90f2180fd88006{\npadding-bottom:10px;\n}\nbody .av-special-heading.av-av_heading-ada0630e95e46c0f1f90f2180fd88006 .av-special-heading-tag .heading-char{\nfont-size:25px;\n}\n.av-special-heading.av-av_heading-ada0630e95e46c0f1f90f2180fd88006 .av-subheading{\nfont-size:10px;\n}\n<\/style>\n<div  class='av-special-heading av-av_heading-ada0630e95e46c0f1f90f2180fd88006 av-special-heading-h1  avia-builder-el-4  el_after_av_section  avia-builder-el-no-sibling '><h1 class='av-special-heading-tag'  itemprop=\"headline\"  >MathPad EDU<\/h1><div class=\"special-heading-border\"><div class=\"special-heading-inner-border\"><\/div><\/div><\/div>\n<div  class='flex_column av-av_one_half-2a9015ff38129c418a3f2eafba3e9512 av_one_half first flex_column_div  '     ><style type=\"text\/css\" data-created_by=\"avia_inline_auto\" id=\"style-css-av-av_image-9e5e17795560e30ad9325be9491a48e9\">\n.avia-image-container.av-av_image-9e5e17795560e30ad9325be9491a48e9 img.avia_image{\nbox-shadow:none;\n}\n.avia-image-container.av-av_image-9e5e17795560e30ad9325be9491a48e9 .av-image-caption-overlay-center{\ncolor:#ffffff;\n}\n<\/style>\n<div  class='avia-image-container av-av_image-9e5e17795560e30ad9325be9491a48e9 av-styling- avia-align-center'   itemprop=\"image\" itemscope=\"itemscope\" itemtype=\"https:\/\/schema.org\/ImageObject\" ><div class=\"avia-image-container-inner\"><div class=\"avia-image-overlay-wrap\"><img decoding=\"async\" fetchpriority=\"high\" class='wp-image-9185 avia-img-lazy-loading-not-9185 avia_image ' src=\"https:\/\/zurapps.com\/all\/wp-content\/uploads\/2014\/10\/mathpad_edu_icon_256x256-0022.png\" alt='mathpad_edu_icon_256x256-002' title='mathpad_edu_icon_256x256-002'  height=\"256\" width=\"256\"  itemprop=\"thumbnailUrl\" srcset=\"https:\/\/zurapps.com\/all\/wp-content\/uploads\/2014\/10\/mathpad_edu_icon_256x256-0022.png 256w, https:\/\/zurapps.com\/all\/wp-content\/uploads\/2014\/10\/mathpad_edu_icon_256x256-0022-80x80.png 80w, https:\/\/zurapps.com\/all\/wp-content\/uploads\/2014\/10\/mathpad_edu_icon_256x256-0022-36x36.png 36w, https:\/\/zurapps.com\/all\/wp-content\/uploads\/2014\/10\/mathpad_edu_icon_256x256-0022-180x180.png 180w, https:\/\/zurapps.com\/all\/wp-content\/uploads\/2014\/10\/mathpad_edu_icon_256x256-0022-120x120.png 120w\" sizes=\"(max-width: 256px) 100vw, 256px\" \/><\/div><\/div><\/div><\/div>\n<div  class='flex_column av-av_one_half-52c89597409f646e66e7cc675a5d9b4a av_one_half flex_column_div  '     ><section  class='av_textblock_section av-av_textblock-0366cc7376be6c9e82a3e9cc8987b64f '   itemscope=\"itemscope\" itemtype=\"https:\/\/schema.org\/CreativeWork\" ><div class='avia_textblock'  itemprop=\"text\" ><h5 style=\"font-family: Arial, Helvetica, sans-serif; font-size: 20px; text-align: left;\">MathPad EDU<\/h5>\n<p>Permite el acceso perpetuo a las capacidades incluye con la <strong>Suscripci\u00f3n PREMIUM<\/strong>\u00a0y no incluye compras In-App.<\/p>\n<\/div><\/section><br \/>\n<div  class='hr av-av_hr-dcd2069817a0e3d34ae04cad8f3443c7 hr-default'><span class='hr-inner '><span class=\"hr-inner-style\"><\/span><\/span><\/div><br \/>\n<div  class='avia-button-wrap av-av_button-4bf0efcec7a405ae1851ea43ea487ff7-wrap avia-button-center '><a href='https:\/\/itunes.apple.com\/us\/app\/mathpad-edu\/id785425590?ls=1&amp;mt=12' class='avia-button av-av_button-4bf0efcec7a405ae1851ea43ea487ff7 av-link-btn avia-icon_select-no avia-size-large avia-position-center avia-color-silver' target=\"_blank\" rel=\"noopener noreferrer\"><span class='avia_iconbox_title' >MathPad EDU<\/span><\/a><\/div><br \/>\n\n<style type=\"text\/css\" data-created_by=\"avia_inline_auto\" id=\"style-css-av-av_image-b88cc4b03ff5d5a2cfde63a4b87d2ee2\">\n.avia-image-container.av-av_image-b88cc4b03ff5d5a2cfde63a4b87d2ee2 img.avia_image{\nbox-shadow:none;\n}\n.avia-image-container.av-av_image-b88cc4b03ff5d5a2cfde63a4b87d2ee2 .av-image-caption-overlay-center{\ncolor:#ffffff;\n}\n<\/style>\n<div  class='avia-image-container av-av_image-b88cc4b03ff5d5a2cfde63a4b87d2ee2 av-styling- av-img-linked avia-align-center'   itemprop=\"image\" itemscope=\"itemscope\" itemtype=\"https:\/\/schema.org\/ImageObject\" ><div class=\"avia-image-container-inner\"><div class=\"avia-image-overlay-wrap\"><a href=\"https:\/\/itunes.apple.com\/us\/app\/mathpad-edu\/id785425590?ls=1&amp;mt=12\" class='avia_image '  ><img decoding=\"async\" fetchpriority=\"high\" class='wp-image-5439 avia-img-lazy-loading-not-5439 avia_image ' src=\"https:\/\/zurapps.com\/all\/wp-content\/uploads\/2013\/06\/App_Store_Badge_SP.png\" alt='' title=''  height=\"60\" width=\"155\"  itemprop=\"thumbnailUrl\"  \/><\/a><\/div><\/div><\/div><\/p><\/div>\n<style type=\"text\/css\" data-created_by=\"avia_inline_auto\" id=\"style-css-av-av_hr-c9ba6ccf0e28539cef079a4b419f7f68\">\n#top .hr.hr-invisible.av-av_hr-c9ba6ccf0e28539cef079a4b419f7f68{\nheight:25px;\n}\n<\/style>\n<div  class='hr av-av_hr-c9ba6ccf0e28539cef079a4b419f7f68 hr-invisible'><span class='hr-inner '><span class=\"hr-inner-style\"><\/span><\/span><\/div><\/p>\n<div  class='flex_column av-av_one_half-2a9015ff38129c418a3f2eafba3e9512 av_one_half first flex_column_div  '     ><section  class='av_textblock_section av-av_textblock-0366cc7376be6c9e82a3e9cc8987b64f '   itemscope=\"itemscope\" itemtype=\"https:\/\/schema.org\/CreativeWork\" ><div class='avia_textblock'  itemprop=\"text\" ><p style=\"font-family: Arial, Helvetica, sans-serif; font-size: 16px; text-align: left;\"><strong>MathPad permite crear documentos que incluyen:<\/strong><\/p>\n<p style=\"font-family: Arial, Helvetica, sans-serif; font-size: 16px; text-align: left;\">\u2022 Expresiones matem\u00e1ticas que se dibujar, redimensionar y alinean autom\u00e1ticamente de acuerdo con su contenido<\/p>\n<p style=\"font-family: Arial, Helvetica, sans-serif; font-size: 16px; text-align: left;\">\u2022 Formas geom\u00e9tricas: c\u00edrculo, tri\u00e1ngulo equil\u00e1tero, tri\u00e1ngulo is\u00f3sceles, tri\u00e1ngulo rect\u00e1ngulo, tri\u00e1ngulo obtuso, tri\u00e1ngulo agudo, cuadrado, rect\u00e1ngulo<\/p>\n<p style=\"font-family: Arial, Helvetica, sans-serif; font-size: 16px; text-align: left;\">\u2022 Gr\u00e1ficos dibujados con color o espesor del l\u00ednea personalizado y opciones para colocar el eje en el centro o en cualquiera de las esquinas y para mostrar u ocultar garrapatas, flechas o extensiones<\/p>\n<p style=\"font-family: Arial, Helvetica, sans-serif; font-size: 16px; text-align: left;\">\u2022 Otros elementos: matrices, figuras con anotaciones editadles, im\u00e1genes, cuadros de texto y de texto<\/p>\n<\/div><\/section><\/div>\n<div  class='flex_column av-av_one_half-52c89597409f646e66e7cc675a5d9b4a av_one_half flex_column_div  '     ><section  class='av_textblock_section av-av_textblock-0366cc7376be6c9e82a3e9cc8987b64f '   itemscope=\"itemscope\" itemtype=\"https:\/\/schema.org\/CreativeWork\" ><div class='avia_textblock'  itemprop=\"text\" ><p style=\"font-family: Arial, Helvetica, sans-serif; font-size: 16px; text-align: left;\"><strong>Acciones Compartir para sus documentos:<\/strong><\/p>\n<p style=\"font-family: Arial, Helvetica, sans-serif; font-size: 16px; text-align: left;\">\u2022 Imprimir\/Enviar PDF con dise\u00f1o de p\u00e1gina para Tama\u00f1o Carta o Tama\u00f1o A4, modo Retrato o Paisaje y con las opciones Ajustar a la P\u00e1gina o Ajuste Autom\u00e1tico<\/p>\n<p style=\"font-family: Arial, Helvetica, sans-serif; font-size: 16px; text-align: left;\">\u2022 Compartir para enviar documento a otros usuarios MathPad o para usted mismo, para crear copias de seguridad<\/p>\n<p style=\"font-family: Arial, Helvetica, sans-serif; font-size: 16px; text-align: left;\">\u2022 Duplicar documento<\/p>\n<p style=\"font-family: Arial, Helvetica, sans-serif; font-size: 16px; text-align: left;\">\u2022 Enviar JPGs de todas expresiones del documento<\/p>\n<p style=\"font-family: Arial, Helvetica, sans-serif; font-size: 16px; text-align: left;\">\u2022 Copiar Imagen de expresi\u00f3n seleccionada o del documento completo al portapapeles iOS<\/p>\n<p style=\"font-family: Arial, Helvetica, sans-serif; font-size: 16px; text-align: left;\">\u2022 Guardar JPG de expresi\u00f3n seleccionada o del documento completo al Fototeca<\/p>\n<p style=\"font-family: Arial, Helvetica, sans-serif; font-size: 16px; text-align: left;\">\u2022 Exportar a iCloud<\/p>\n<\/div><\/section><\/div>\n\n<style type=\"text\/css\" data-created_by=\"avia_inline_auto\" id=\"style-css-av-av_hr-c9ba6ccf0e28539cef079a4b419f7f68\">\n#top .hr.hr-invisible.av-av_hr-c9ba6ccf0e28539cef079a4b419f7f68{\nheight:25px;\n}\n<\/style>\n<div  class='hr av-av_hr-c9ba6ccf0e28539cef079a4b419f7f68 hr-invisible'><span class='hr-inner '><span class=\"hr-inner-style\"><\/span><\/span><\/div>\n<div  class='flex_column av-av_three_fifth-2a9015ff38129c418a3f2eafba3e9512 av_three_fifth first flex_column_div  '     ><p>\n<style type=\"text\/css\" data-created_by=\"avia_inline_auto\" id=\"style-css-av-av_hr-c9ba6ccf0e28539cef079a4b419f7f68\">\n#top .hr.hr-invisible.av-av_hr-c9ba6ccf0e28539cef079a4b419f7f68{\nheight:25px;\n}\n<\/style>\n<div  class='hr av-av_hr-c9ba6ccf0e28539cef079a4b419f7f68 hr-invisible'><span class='hr-inner '><span class=\"hr-inner-style\"><\/span><\/span><\/div><br \/>\n\n<style type=\"text\/css\" data-created_by=\"avia_inline_auto\" id=\"style-css-av-av_image-36098c9695ff6fc9497f6e0c397f5f57\">\n.avia-image-container.av-av_image-36098c9695ff6fc9497f6e0c397f5f57 img.avia_image{\nbox-shadow:none;\n}\n.avia-image-container.av-av_image-36098c9695ff6fc9497f6e0c397f5f57 .av-image-caption-overlay-center{\ncolor:#ffffff;\n}\n<\/style>\n<div  class='avia-image-container av-av_image-36098c9695ff6fc9497f6e0c397f5f57 av-styling- avia-align-center'   itemprop=\"image\" itemscope=\"itemscope\" itemtype=\"https:\/\/schema.org\/ImageObject\" ><div class=\"avia-image-container-inner\"><div class=\"avia-image-overlay-wrap\"><img decoding=\"async\" fetchpriority=\"high\" class='wp-image-8398 avia-img-lazy-loading-not-8398 avia_image ' src=\"https:\/\/zurapps.com\/all\/wp-content\/uploads\/2014\/08\/MathPadMacShapes.png\" alt='' title='MathPadMacShapes'  height=\"460\" width=\"760\"  itemprop=\"thumbnailUrl\" srcset=\"https:\/\/zurapps.com\/all\/wp-content\/uploads\/2014\/08\/MathPadMacShapes.png 760w, https:\/\/zurapps.com\/all\/wp-content\/uploads\/2014\/08\/MathPadMacShapes-300x181.png 300w, https:\/\/zurapps.com\/all\/wp-content\/uploads\/2014\/08\/MathPadMacShapes-705x426.png 705w, https:\/\/zurapps.com\/all\/wp-content\/uploads\/2014\/08\/MathPadMacShapes-450x272.png 450w\" sizes=\"(max-width: 760px) 100vw, 760px\" \/><\/div><\/div><\/div><\/p><\/div>\n<div  class='flex_column av-av_two_fifth-52c89597409f646e66e7cc675a5d9b4a av_two_fifth flex_column_div  '     ><section  class='av_textblock_section av-av_textblock-0366cc7376be6c9e82a3e9cc8987b64f '   itemscope=\"itemscope\" itemtype=\"https:\/\/schema.org\/CreativeWork\" ><div class='avia_textblock'  itemprop=\"text\" ><p style=\"font-family: Arial, Helvetica, sans-serif; font-size: 16px; text-align: center;\">El <strong>teclado matem\u00e1tica<\/strong> te permite editar ecuaciones como nunca antes.<\/p>\n<p style=\"font-family: Arial, Helvetica, sans-serif; font-size: 16px; text-align: center;\">Cambiar el tama\u00f1o de la <strong>fuente o el color<\/strong> de cada expresi\u00f3n seleccionado.<\/p>\n<p style=\"font-family: Arial, Helvetica, sans-serif; font-size: 16px; text-align: center;\"><strong>El uso de iCloud<\/strong> para guardar y abrir sus archivos en otros dispositivos.<\/p>\n<p style=\"font-family: Arial, Helvetica, sans-serif; font-size: 16px; text-align: center;\"><strong>Imprimir o compartir<\/strong> los documentos en varios formatos.<\/p>\n<\/div><\/section><\/div>\n\n<style type=\"text\/css\" data-created_by=\"avia_inline_auto\" id=\"style-css-av-av_hr-c9ba6ccf0e28539cef079a4b419f7f68\">\n#top .hr.hr-invisible.av-av_hr-c9ba6ccf0e28539cef079a4b419f7f68{\nheight:25px;\n}\n<\/style>\n<div  class='hr av-av_hr-c9ba6ccf0e28539cef079a4b419f7f68 hr-invisible'><span class='hr-inner '><span class=\"hr-inner-style\"><\/span><\/span><\/div>\n<div  class='flex_column av-av_one_full-2a9015ff38129c418a3f2eafba3e9512 av_one_full first flex_column_div  '     ><section  class='av_textblock_section av-av_textblock-0366cc7376be6c9e82a3e9cc8987b64f '   itemscope=\"itemscope\" itemtype=\"https:\/\/schema.org\/CreativeWork\" ><div class='avia_textblock'  itemprop=\"text\" ><p style=\"font-family: Arial, Helvetica, sans-serif; font-size: 16px; text-align: left;\"><strong>MathPad EDU incluye:<\/strong><\/p>\n<p style=\"font-family: Arial, Helvetica, sans-serif; font-size: 16px; text-align: left;\">\u2022 Desbloquea los derechos de archivos a la B\u00f3veda ZurApps para exportar e importar documentos utilizando una clave privada<\/p>\n<p style=\"font-family: Arial, Helvetica, sans-serif; font-size: 16px; text-align: left;\">\u2022 Atribuye el acceso ilimitado para importar y exportar de documentos dentro de la Biblioteca ZurApps<\/p>\n<p style=\"font-family: Arial, Helvetica, sans-serif; font-size: 16px; text-align: left;\">\u2022 Activa las caracter\u00edsticas adicionales, tales como la creaci\u00f3n de documentos m\u00faltiples y varios modos de compartir los documentos<\/p>\n<\/div><\/section><\/div>\n<div  class='flex_column av-av_one_full-2a9015ff38129c418a3f2eafba3e9512 av_one_full first flex_column_div  '     ><div  class='avia-video av-av_video-d8862e486bf7de085f3def4c5a9aad5d avia-video-16-9 av-no-preview-image avia-video-load-always av-lazyload-immediate av-lazyload-video-embed'  itemprop=\"video\" itemtype=\"https:\/\/schema.org\/VideoObject\"  data-original_url='https:\/\/www.youtube.com\/watch?v=sE6rkiSWXsQ'><script type='text\/html' class='av-video-tmpl'><div class='avia-iframe-wrap'><iframe loading=\"lazy\" width=\"1333\" height=\"1000\" src=\"https:\/\/www.youtube.com\/embed\/sE6rkiSWXsQ?feature=oembed&autoplay=0&loop=0&controls=1&mute=0\" frameborder=\"0\" allowfullscreen><\/iframe><\/div><\/script><div class='av-click-to-play-overlay'><div class=\"avia_playpause_icon\"><\/div><\/div><\/div><\/div>\n","protected":false},"excerpt":{"rendered":"","protected":false},"author":4,"featured_media":0,"parent":8201,"menu_order":0,"comment_status":"closed","ping_status":"closed","template":"","meta":{"_monsterinsights_skip_tracking":false,"_monsterinsights_sitenote_active":false,"_monsterinsights_sitenote_note":"","_monsterinsights_sitenote_category":0,"footnotes":""},"_links":{"self":[{"href":"https:\/\/zurapps.com\/all\/index.php?rest_route=\/wp\/v2\/pages\/9335"}],"collection":[{"href":"https:\/\/zurapps.com\/all\/index.php?rest_route=\/wp\/v2\/pages"}],"about":[{"href":"https:\/\/zurapps.com\/all\/index.php?rest_route=\/wp\/v2\/types\/page"}],"author":[{"embeddable":true,"href":"https:\/\/zurapps.com\/all\/index.php?rest_route=\/wp\/v2\/users\/4"}],"replies":[{"embeddable":true,"href":"https:\/\/zurapps.com\/all\/index.php?rest_route=%2Fwp%2Fv2%2Fcomments&post=9335"}],"version-history":[{"count":9,"href":"https:\/\/zurapps.com\/all\/index.php?rest_route=\/wp\/v2\/pages\/9335\/revisions"}],"predecessor-version":[{"id":9774,"href":"https:\/\/zurapps.com\/all\/index.php?rest_route=\/wp\/v2\/pages\/9335\/revisions\/9774"}],"up":[{"embeddable":true,"href":"https:\/\/zurapps.com\/all\/index.php?rest_route=\/wp\/v2\/pages\/8201"}],"wp:attachment":[{"href":"https:\/\/zurapps.com\/all\/index.php?rest_route=%2Fwp%2Fv2%2Fmedia&parent=9335"}],"curies":[{"name":"wp","href":"https:\/\/api.w.org\/{rel}","templated":true}]}}