{"id":9337,"date":"2016-11-03T14:36:44","date_gmt":"2016-11-03T19:36:44","guid":{"rendered":"http:\/\/zurapps.com\/all\/?page_id=9337"},"modified":"2018-05-11T11:17:32","modified_gmt":"2018-05-11T15:17:32","slug":"mathpad-edu-pour-mac","status":"publish","type":"page","link":"https:\/\/zurapps.com\/all\/?page_id=9337","title":{"rendered":"MathPad EDU pour macOS"},"content":{"rendered":"<div id='layer_slider_1'  class='avia-layerslider main_color avia-shadow  avia-builder-el-0  el_before_av_section  avia-builder-el-first  container_wrap sidebar_right'  style='height: 251px; max-width: 940px; margin: 0 auto;'  ><\/div>\n\n<style type=\"text\/css\" data-created_by=\"avia_inline_auto\" id=\"style-css-av-av_section-6fb3c5cb687e78ce999e890aceb775a3\">\n.avia-section.av-av_section-6fb3c5cb687e78ce999e890aceb775a3{\nbackground-color:#dddddd;\nbackground-image:unset;\n}\n<\/style>\n<div id='av_section_1'  class='avia-section av-av_section-6fb3c5cb687e78ce999e890aceb775a3 main_color avia-section-default avia-no-shadow  avia-builder-el-1  el_after_av_layerslider  el_before_av_heading  avia-bg-style-scroll container_wrap sidebar_right'  ><div class='container av-section-cont-open' ><div class='template-page content  av-content-small alpha units'><div class='post-entry post-entry-type-page post-entry-9337'><div class='entry-content-wrapper clearfix'>\n<div  class='flex_column av-av_one_full-2a9015ff38129c418a3f2eafba3e9512 av_one_full  avia-builder-el-2  avia-builder-el-no-sibling  first flex_column_div  '     ><style type=\"text\/css\" data-created_by=\"avia_inline_auto\" id=\"style-css-av-av_heading-c136a5b4679ac5e531c3b5a69a5bb60c\">\n#top .av-special-heading.av-av_heading-c136a5b4679ac5e531c3b5a69a5bb60c{\npadding-bottom:10px;\n}\nbody .av-special-heading.av-av_heading-c136a5b4679ac5e531c3b5a69a5bb60c .av-special-heading-tag .heading-char{\nfont-size:25px;\n}\n.av-special-heading.av-av_heading-c136a5b4679ac5e531c3b5a69a5bb60c .av-subheading{\nfont-size:15px;\n}\n<\/style>\n<div  class='av-special-heading av-av_heading-c136a5b4679ac5e531c3b5a69a5bb60c av-special-heading-h3  avia-builder-el-3  avia-builder-el-no-sibling '><h3 class='av-special-heading-tag'  itemprop=\"headline\"  >MathPad EDU vous permet de cr\u00e9er des documents avec des expressions math\u00e9matiques en utilisant un clavier math\u00e9matique sp\u00e9cialement con\u00e7u .<\/h3><div class=\"special-heading-border\"><div class=\"special-heading-inner-border\"><\/div><\/div><\/div><\/div>\n<\/div><\/div><\/div><!-- close content main div --><\/div><\/div><div id='after_section_1'  class='main_color av_default_container_wrap container_wrap sidebar_right'  ><div class='container av-section-cont-open' ><div class='template-page content  av-content-small alpha units'><div class='post-entry post-entry-type-page post-entry-9337'><div class='entry-content-wrapper clearfix'>\n\n<style type=\"text\/css\" data-created_by=\"avia_inline_auto\" id=\"style-css-av-av_heading-ada0630e95e46c0f1f90f2180fd88006\">\n#top .av-special-heading.av-av_heading-ada0630e95e46c0f1f90f2180fd88006{\npadding-bottom:10px;\n}\nbody .av-special-heading.av-av_heading-ada0630e95e46c0f1f90f2180fd88006 .av-special-heading-tag .heading-char{\nfont-size:25px;\n}\n.av-special-heading.av-av_heading-ada0630e95e46c0f1f90f2180fd88006 .av-subheading{\nfont-size:10px;\n}\n<\/style>\n<div  class='av-special-heading av-av_heading-ada0630e95e46c0f1f90f2180fd88006 av-special-heading-h1  avia-builder-el-4  el_after_av_section  avia-builder-el-no-sibling '><h1 class='av-special-heading-tag'  itemprop=\"headline\"  >MathPad EDU<\/h1><div class=\"special-heading-border\"><div class=\"special-heading-inner-border\"><\/div><\/div><\/div>\n<div  class='flex_column av-av_one_half-2a9015ff38129c418a3f2eafba3e9512 av_one_half first flex_column_div  '     ><style type=\"text\/css\" data-created_by=\"avia_inline_auto\" id=\"style-css-av-av_image-3c47c73c05c323d2b550f7bd7e6646f9\">\n.avia-image-container.av-av_image-3c47c73c05c323d2b550f7bd7e6646f9 img.avia_image{\nbox-shadow:none;\n}\n.avia-image-container.av-av_image-3c47c73c05c323d2b550f7bd7e6646f9 .av-image-caption-overlay-center{\ncolor:#ffffff;\n}\n<\/style>\n<div  class='avia-image-container av-av_image-3c47c73c05c323d2b550f7bd7e6646f9 av-styling- avia-align-center'   itemprop=\"image\" itemscope=\"itemscope\" itemtype=\"https:\/\/schema.org\/ImageObject\" ><div class=\"avia-image-container-inner\"><div class=\"avia-image-overlay-wrap\"><img decoding=\"async\" fetchpriority=\"high\" class='wp-image-9183 avia-img-lazy-loading-not-9183 avia_image ' src=\"https:\/\/zurapps.com\/all\/wp-content\/uploads\/2014\/10\/mathpad_edu_icon_256x256-0021.png\" alt='mathpad_edu_icon_256x256-002' title='mathpad_edu_icon_256x256-002'  height=\"256\" width=\"256\"  itemprop=\"thumbnailUrl\" srcset=\"https:\/\/zurapps.com\/all\/wp-content\/uploads\/2014\/10\/mathpad_edu_icon_256x256-0021.png 256w, https:\/\/zurapps.com\/all\/wp-content\/uploads\/2014\/10\/mathpad_edu_icon_256x256-0021-80x80.png 80w, https:\/\/zurapps.com\/all\/wp-content\/uploads\/2014\/10\/mathpad_edu_icon_256x256-0021-36x36.png 36w, https:\/\/zurapps.com\/all\/wp-content\/uploads\/2014\/10\/mathpad_edu_icon_256x256-0021-180x180.png 180w, https:\/\/zurapps.com\/all\/wp-content\/uploads\/2014\/10\/mathpad_edu_icon_256x256-0021-120x120.png 120w\" sizes=\"(max-width: 256px) 100vw, 256px\" \/><\/div><\/div><\/div><\/div>\n<div  class='flex_column av-av_one_half-52c89597409f646e66e7cc675a5d9b4a av_one_half flex_column_div  '     ><section  class='av_textblock_section av-av_textblock-0366cc7376be6c9e82a3e9cc8987b64f '   itemscope=\"itemscope\" itemtype=\"https:\/\/schema.org\/CreativeWork\" ><div class='avia_textblock'  itemprop=\"text\" ><h5 style=\"font-family: Arial, Helvetica, sans-serif; font-size: 20px; text-align: left;\">MathPad EDU<\/h5>\n<p>Permet l\u2019acc\u00e8s perp\u00e9tuel aux capacit\u00e9s inclus dans la <strong>Souscription Premium<\/strong>\u00a0et ne comprend pas In-App Achats.<\/p>\n<\/div><\/section><br \/>\n<div  class='hr av-av_hr-dcd2069817a0e3d34ae04cad8f3443c7 hr-default'><span class='hr-inner '><span class=\"hr-inner-style\"><\/span><\/span><\/div><br \/>\n<div  class='avia-button-wrap av-av_button-4bf0efcec7a405ae1851ea43ea487ff7-wrap avia-button-center '><a href='https:\/\/itunes.apple.com\/us\/app\/mathpad-edu\/id785425590?ls=1&amp;mt=12' class='avia-button av-av_button-4bf0efcec7a405ae1851ea43ea487ff7 av-link-btn avia-icon_select-no avia-size-large avia-position-center avia-color-silver' target=\"_blank\" rel=\"noopener noreferrer\"><span class='avia_iconbox_title' >MathPad EDU<\/span><\/a><\/div><br \/>\n\n<style type=\"text\/css\" data-created_by=\"avia_inline_auto\" id=\"style-css-av-av_image-0e324213604250bcd30909956a0e800d\">\n.avia-image-container.av-av_image-0e324213604250bcd30909956a0e800d img.avia_image{\nbox-shadow:none;\n}\n.avia-image-container.av-av_image-0e324213604250bcd30909956a0e800d .av-image-caption-overlay-center{\ncolor:#ffffff;\n}\n<\/style>\n<div  class='avia-image-container av-av_image-0e324213604250bcd30909956a0e800d av-styling- av-img-linked avia-align-center'   itemprop=\"image\" itemscope=\"itemscope\" itemtype=\"https:\/\/schema.org\/ImageObject\" ><div class=\"avia-image-container-inner\"><div class=\"avia-image-overlay-wrap\"><a href=\"https:\/\/itunes.apple.com\/us\/app\/mathpad-edu\/id785425590?ls=1&amp;mt=12\" class='avia_image '  aria-label='Download in the App store'><img decoding=\"async\" fetchpriority=\"high\" class='wp-image-5441 avia-img-lazy-loading-not-5441 avia_image ' src=\"https:\/\/zurapps.com\/all\/wp-content\/uploads\/2013\/06\/App_Store_Badge_Fr.png\" alt='' title='Download in the App store'  height=\"60\" width=\"155\"  itemprop=\"thumbnailUrl\"  \/><\/a><\/div><\/div><\/div><\/p><\/div>\n<style type=\"text\/css\" data-created_by=\"avia_inline_auto\" id=\"style-css-av-av_hr-c9ba6ccf0e28539cef079a4b419f7f68\">\n#top .hr.hr-invisible.av-av_hr-c9ba6ccf0e28539cef079a4b419f7f68{\nheight:25px;\n}\n<\/style>\n<div  class='hr av-av_hr-c9ba6ccf0e28539cef079a4b419f7f68 hr-invisible'><span class='hr-inner '><span class=\"hr-inner-style\"><\/span><\/span><\/div><\/p>\n<div  class='flex_column av-av_one_half-2a9015ff38129c418a3f2eafba3e9512 av_one_half first flex_column_div  '     ><section  class='av_textblock_section av-av_textblock-0366cc7376be6c9e82a3e9cc8987b64f '   itemscope=\"itemscope\" itemtype=\"https:\/\/schema.org\/CreativeWork\" ><div class='avia_textblock'  itemprop=\"text\" ><p style=\"font-family: Arial, Helvetica, sans-serif; font-size: 16px; text-align: left;\"><strong>MathPad vous permet de cr\u00e9er des documents qui incluent:<\/strong><\/p>\n<p style=\"font-family: Arial, Helvetica, sans-serif; font-size: 16px; text-align: left;\">\u2022 Expressions math\u00e9matiques qui se dessinent, redimensionnent et rallient automatiquement selon leur contenu<\/p>\n<p style=\"font-family: Arial, Helvetica, sans-serif; font-size: 16px; text-align: left;\">\u2022 Formes g\u00e9om\u00e9triques: cercle, triangle \u00e9quilat\u00e9ral, triangle isoc\u00e8le, triangle, triangle obtus, triangle aigu, carr\u00e9, rectangle<\/p>\n<p style=\"font-family: Arial, Helvetica, sans-serif; font-size: 16px; text-align: left;\">\u2022 Graphiques dessin\u00e9s avec la couleur ou l&#8217;\u00e9paisseur de la ligne personnalis\u00e9e et des options pour placer l&#8217;axe dans le centre ou dans l&#8217;un des coins et pour afficher ou masquertiques, des fl\u00e8ches ou des extensions<\/p>\n<p style=\"font-family: Arial, Helvetica, sans-serif; font-size: 16px; text-align: left;\">\u2022 Autres \u00e9l\u00e9ments: matrices, des figures avec des notations, des images, du texte et des zones de texte modifiables<\/p>\n<\/div><\/section><\/div>\n<div  class='flex_column av-av_one_half-52c89597409f646e66e7cc675a5d9b4a av_one_half flex_column_div  '     ><section  class='av_textblock_section av-av_textblock-0366cc7376be6c9e82a3e9cc8987b64f '   itemscope=\"itemscope\" itemtype=\"https:\/\/schema.org\/CreativeWork\" ><div class='avia_textblock'  itemprop=\"text\" ><p style=\"font-family: Arial, Helvetica, sans-serif; font-size: 16px; text-align: left;\"><strong>Actions Partager pour vos documents:<\/strong><\/p>\n<p style=\"font-family: Arial, Helvetica, sans-serif; font-size: 16px; text-align: left;\">\u2022 Imprimer\/Envoyer PDF avec la mise en page pour Format lettre ou Format A4, Mode portrait ou Mode paysage<\/p>\n<p style=\"font-family: Arial, Helvetica, sans-serif; font-size: 16px; text-align: left;\">\u2022 Partager pour envoyer le document \u00e0 d&#8217;autres utilisateurs MathPad ou \u00e0 vous-m\u00eame, pour la sauvegarde<\/p>\n<p style=\"font-family: Arial, Helvetica, sans-serif; font-size: 16px; text-align: left;\">\u2022 Dupliquer le document<\/p>\n<p style=\"font-family: Arial, Helvetica, sans-serif; font-size: 16px; text-align: left;\">\u2022 Envoyer JPGs de toutes les expressions du document<\/p>\n<p style=\"font-family: Arial, Helvetica, sans-serif; font-size: 16px; text-align: left;\">\u2022 Copier l\u2019image de l&#8217;expression s\u00e9lectionn\u00e9e ou du document entier dans le presse papier<\/p>\n<p style=\"font-family: Arial, Helvetica, sans-serif; font-size: 16px; text-align: left;\">\u2022 Coller image du le presse papier iOS dans le document MathPad. La taille de l&#8217;image coll\u00e9e est automatiquement optimis\u00e9e.<\/p>\n<p style=\"font-family: Arial, Helvetica, sans-serif; font-size: 16px; text-align: left;\">\u2022 Sauver JPG de l&#8217;expression s\u00e9lectionn\u00e9e ou du document entier dans la Pellicule<\/p>\n<p style=\"font-family: Arial, Helvetica, sans-serif; font-size: 16px; text-align: left;\">\u2022 Exporter vers iCloud<\/p>\n<\/div><\/section><\/div>\n\n<style type=\"text\/css\" data-created_by=\"avia_inline_auto\" id=\"style-css-av-av_hr-c9ba6ccf0e28539cef079a4b419f7f68\">\n#top .hr.hr-invisible.av-av_hr-c9ba6ccf0e28539cef079a4b419f7f68{\nheight:25px;\n}\n<\/style>\n<div  class='hr av-av_hr-c9ba6ccf0e28539cef079a4b419f7f68 hr-invisible'><span class='hr-inner '><span class=\"hr-inner-style\"><\/span><\/span><\/div>\n<div  class='flex_column av-av_three_fifth-2a9015ff38129c418a3f2eafba3e9512 av_three_fifth first flex_column_div  '     ><p>\n<style type=\"text\/css\" data-created_by=\"avia_inline_auto\" id=\"style-css-av-av_hr-c9ba6ccf0e28539cef079a4b419f7f68\">\n#top .hr.hr-invisible.av-av_hr-c9ba6ccf0e28539cef079a4b419f7f68{\nheight:25px;\n}\n<\/style>\n<div  class='hr av-av_hr-c9ba6ccf0e28539cef079a4b419f7f68 hr-invisible'><span class='hr-inner '><span class=\"hr-inner-style\"><\/span><\/span><\/div><br \/>\n\n<style type=\"text\/css\" data-created_by=\"avia_inline_auto\" id=\"style-css-av-av_image-36098c9695ff6fc9497f6e0c397f5f57\">\n.avia-image-container.av-av_image-36098c9695ff6fc9497f6e0c397f5f57 img.avia_image{\nbox-shadow:none;\n}\n.avia-image-container.av-av_image-36098c9695ff6fc9497f6e0c397f5f57 .av-image-caption-overlay-center{\ncolor:#ffffff;\n}\n<\/style>\n<div  class='avia-image-container av-av_image-36098c9695ff6fc9497f6e0c397f5f57 av-styling- avia-align-center'   itemprop=\"image\" itemscope=\"itemscope\" itemtype=\"https:\/\/schema.org\/ImageObject\" ><div class=\"avia-image-container-inner\"><div class=\"avia-image-overlay-wrap\"><img decoding=\"async\" fetchpriority=\"high\" class='wp-image-8398 avia-img-lazy-loading-not-8398 avia_image ' src=\"https:\/\/zurapps.com\/all\/wp-content\/uploads\/2014\/08\/MathPadMacShapes.png\" alt='' title='MathPadMacShapes'  height=\"460\" width=\"760\"  itemprop=\"thumbnailUrl\" srcset=\"https:\/\/zurapps.com\/all\/wp-content\/uploads\/2014\/08\/MathPadMacShapes.png 760w, https:\/\/zurapps.com\/all\/wp-content\/uploads\/2014\/08\/MathPadMacShapes-300x181.png 300w, https:\/\/zurapps.com\/all\/wp-content\/uploads\/2014\/08\/MathPadMacShapes-705x426.png 705w, https:\/\/zurapps.com\/all\/wp-content\/uploads\/2014\/08\/MathPadMacShapes-450x272.png 450w\" sizes=\"(max-width: 760px) 100vw, 760px\" \/><\/div><\/div><\/div><\/p><\/div>\n<div  class='flex_column av-av_two_fifth-52c89597409f646e66e7cc675a5d9b4a av_two_fifth flex_column_div  '     ><section  class='av_textblock_section av-av_textblock-0366cc7376be6c9e82a3e9cc8987b64f '   itemscope=\"itemscope\" itemtype=\"https:\/\/schema.org\/CreativeWork\" ><div class='avia_textblock'  itemprop=\"text\" ><p style=\"font-family: Arial, Helvetica, sans-serif; font-size: 16px; text-align: center;\">Le clavier math\u00e9matique vous permet d&#8217;\u00e9diter <strong>des \u00e9quations<\/strong> comme jamais auparavant.<\/p>\n<p style=\"font-family: Arial, Helvetica, sans-serif; font-size: 16px; text-align: center;\">Modifier la taille de la police ou la couleur de chaque <strong>expression s\u00e9lectionn\u00e9e<\/strong>.<\/p>\n<p style=\"font-family: Arial, Helvetica, sans-serif; font-size: 16px; text-align: center;\">Utiliser <strong>iCloud<\/strong> pour enregistrer et ouvrir vos fichiers sur d&#8217;autres appareils.<\/p>\n<p style=\"font-family: Arial, Helvetica, sans-serif; font-size: 16px; text-align: center;\"><strong>Imprimer ou partager<\/strong> des documents dans plusieurs formats.<\/p>\n<\/div><\/section><\/div>\n\n<style type=\"text\/css\" data-created_by=\"avia_inline_auto\" id=\"style-css-av-av_hr-c9ba6ccf0e28539cef079a4b419f7f68\">\n#top .hr.hr-invisible.av-av_hr-c9ba6ccf0e28539cef079a4b419f7f68{\nheight:25px;\n}\n<\/style>\n<div  class='hr av-av_hr-c9ba6ccf0e28539cef079a4b419f7f68 hr-invisible'><span class='hr-inner '><span class=\"hr-inner-style\"><\/span><\/span><\/div>\n<div  class='flex_column av-av_one_full-2a9015ff38129c418a3f2eafba3e9512 av_one_full first flex_column_div  '     ><section  class='av_textblock_section av-av_textblock-0366cc7376be6c9e82a3e9cc8987b64f '   itemscope=\"itemscope\" itemtype=\"https:\/\/schema.org\/CreativeWork\" ><div class='avia_textblock'  itemprop=\"text\" ><p style=\"font-family: Arial, Helvetica, sans-serif; font-size: 16px; text-align: left;\"><strong>MathPad EDU:<\/strong><\/p>\n<p style=\"font-family: Arial, Helvetica, sans-serif; font-size: 16px; text-align: left;\">\u2022 D\u00e9verrouille les droits d\u2019archivage \u00e0 la Vo\u00fbte ZurApps afin d&#8217;exporter et d&#8217;importer des documents en utilisant une cl\u00e9 priv\u00e9e<\/p>\n<p style=\"font-family: Arial, Helvetica, sans-serif; font-size: 16px; text-align: left;\">\u2022 Attribue l&#8217;acc\u00e8s illimit\u00e9 pour importer et exporter des documents dans la Biblioth\u00e8que ZurApps<\/p>\n<p style=\"font-family: Arial, Helvetica, sans-serif; font-size: 16px; text-align: left;\">\u2022 Active les fonctionnalit\u00e9s suppl\u00e9mentaires telles que la cr\u00e9ation de documents multiples et plusieurs fa\u00e7ons de partager les documents<\/p>\n<\/div><\/section><\/div>\n\n<style type=\"text\/css\" data-created_by=\"avia_inline_auto\" id=\"style-css-av-av_hr-c9ba6ccf0e28539cef079a4b419f7f68\">\n#top .hr.hr-invisible.av-av_hr-c9ba6ccf0e28539cef079a4b419f7f68{\nheight:25px;\n}\n<\/style>\n<div  class='hr av-av_hr-c9ba6ccf0e28539cef079a4b419f7f68 hr-invisible'><span class='hr-inner '><span class=\"hr-inner-style\"><\/span><\/span><\/div>\n<div  class='flex_column av-av_one_full-2a9015ff38129c418a3f2eafba3e9512 av_one_full first flex_column_div  '     ><div  class='avia-video av-av_video-d8862e486bf7de085f3def4c5a9aad5d avia-video-16-9 av-no-preview-image avia-video-load-always av-lazyload-immediate av-lazyload-video-embed'  itemprop=\"video\" itemtype=\"https:\/\/schema.org\/VideoObject\"  data-original_url='https:\/\/www.youtube.com\/watch?v=sE6rkiSWXsQ'><script type='text\/html' class='av-video-tmpl'><div class='avia-iframe-wrap'><iframe loading=\"lazy\" width=\"1333\" height=\"1000\" src=\"https:\/\/www.youtube.com\/embed\/sE6rkiSWXsQ?feature=oembed&autoplay=0&loop=0&controls=1&mute=0\" frameborder=\"0\" allowfullscreen><\/iframe><\/div><\/script><div class='av-click-to-play-overlay'><div class=\"avia_playpause_icon\"><\/div><\/div><\/div><\/div>\n","protected":false},"excerpt":{"rendered":"","protected":false},"author":4,"featured_media":0,"parent":7856,"menu_order":0,"comment_status":"closed","ping_status":"closed","template":"","meta":{"_monsterinsights_skip_tracking":false,"_monsterinsights_sitenote_active":false,"_monsterinsights_sitenote_note":"","_monsterinsights_sitenote_category":0,"footnotes":""},"_links":{"self":[{"href":"https:\/\/zurapps.com\/all\/index.php?rest_route=\/wp\/v2\/pages\/9337"}],"collection":[{"href":"https:\/\/zurapps.com\/all\/index.php?rest_route=\/wp\/v2\/pages"}],"about":[{"href":"https:\/\/zurapps.com\/all\/index.php?rest_route=\/wp\/v2\/types\/page"}],"author":[{"embeddable":true,"href":"https:\/\/zurapps.com\/all\/index.php?rest_route=\/wp\/v2\/users\/4"}],"replies":[{"embeddable":true,"href":"https:\/\/zurapps.com\/all\/index.php?rest_route=%2Fwp%2Fv2%2Fcomments&post=9337"}],"version-history":[{"count":9,"href":"https:\/\/zurapps.com\/all\/index.php?rest_route=\/wp\/v2\/pages\/9337\/revisions"}],"predecessor-version":[{"id":9776,"href":"https:\/\/zurapps.com\/all\/index.php?rest_route=\/wp\/v2\/pages\/9337\/revisions\/9776"}],"up":[{"embeddable":true,"href":"https:\/\/zurapps.com\/all\/index.php?rest_route=\/wp\/v2\/pages\/7856"}],"wp:attachment":[{"href":"https:\/\/zurapps.com\/all\/index.php?rest_route=%2Fwp%2Fv2%2Fmedia&parent=9337"}],"curies":[{"name":"wp","href":"https:\/\/api.w.org\/{rel}","templated":true}]}}