{"id":9387,"date":"2016-12-29T11:09:39","date_gmt":"2016-12-29T16:09:39","guid":{"rendered":"http:\/\/zurapps.com\/all\/?page_id=9387"},"modified":"2018-05-11T11:08:47","modified_gmt":"2018-05-11T15:08:47","slug":"brain-practice","status":"publish","type":"page","link":"https:\/\/zurapps.com\/all\/?page_id=9387","title":{"rendered":"Brain Practice"},"content":{"rendered":"<div id='layer_slider_1'  class='avia-layerslider main_color avia-shadow  avia-builder-el-0  el_before_av_section  avia-builder-el-first  container_wrap sidebar_right'  style='height: 251px; max-width: 940px; margin: 0 auto;'  ><\/div>\n\n<style type=\"text\/css\" data-created_by=\"avia_inline_auto\" id=\"style-css-av-av_section-6fb3c5cb687e78ce999e890aceb775a3\">\n.avia-section.av-av_section-6fb3c5cb687e78ce999e890aceb775a3{\nbackground-color:#dddddd;\nbackground-image:unset;\n}\n<\/style>\n<div id='av_section_1'  class='avia-section av-av_section-6fb3c5cb687e78ce999e890aceb775a3 main_color avia-section-default avia-no-shadow  avia-builder-el-1  el_after_av_layerslider  el_before_av_three_fifth  avia-bg-style-scroll container_wrap sidebar_right'  ><div class='container av-section-cont-open' ><div class='template-page content  av-content-small alpha units'><div class='post-entry post-entry-type-page post-entry-9387'><div class='entry-content-wrapper clearfix'>\n\n<style type=\"text\/css\" data-created_by=\"avia_inline_auto\" id=\"style-css-av-av_heading-595e6f05d8c7a9b232ce163b827b5764\">\n#top .av-special-heading.av-av_heading-595e6f05d8c7a9b232ce163b827b5764{\npadding-bottom:10px;\n}\nbody .av-special-heading.av-av_heading-595e6f05d8c7a9b232ce163b827b5764 .av-special-heading-tag .heading-char{\nfont-size:25px;\n}\n.av-special-heading.av-av_heading-595e6f05d8c7a9b232ce163b827b5764 .av-subheading{\nfont-size:15px;\n}\n<\/style>\n<div  class='av-special-heading av-av_heading-595e6f05d8c7a9b232ce163b827b5764 av-special-heading-h3  avia-builder-el-2  avia-builder-el-no-sibling '><h3 class='av-special-heading-tag'  itemprop=\"headline\"  >Quelle est votre m\u00e9moire? \u00c0 quelle vitesse votre cerveau r\u00e9agit-il? Prenez le d\u00e9fi Brain Practice pour voir!<\/h3><div class=\"special-heading-border\"><div class=\"special-heading-inner-border\"><\/div><\/div><\/div>\n<\/div><\/div><\/div><!-- close content main div --><\/div><\/div><div id='after_section_1'  class='main_color av_default_container_wrap container_wrap sidebar_right'  ><div class='container av-section-cont-open' ><div class='template-page content  av-content-small alpha units'><div class='post-entry post-entry-type-page post-entry-9387'><div class='entry-content-wrapper clearfix'>\n<div  class='flex_column av-av_three_fifth-2a9015ff38129c418a3f2eafba3e9512 av_three_fifth  avia-builder-el-3  el_after_av_section  el_before_av_two_fifth  avia-builder-el-first  first flex_column_div  '     ><style type=\"text\/css\" data-created_by=\"avia_inline_auto\" id=\"style-css-av-av_image-d6507a83ec5c81eee3d95c62299eca59\">\n.avia-image-container.av-av_image-d6507a83ec5c81eee3d95c62299eca59 img.avia_image{\nbox-shadow:none;\n}\n.avia-image-container.av-av_image-d6507a83ec5c81eee3d95c62299eca59 .av-image-caption-overlay-center{\ncolor:#ffffff;\n}\n<\/style>\n<div  class='avia-image-container av-av_image-d6507a83ec5c81eee3d95c62299eca59 av-styling- avia-align-center  avia-builder-el-4  avia-builder-el-no-sibling '   itemprop=\"image\" itemscope=\"itemscope\" itemtype=\"https:\/\/schema.org\/ImageObject\" ><div class=\"avia-image-container-inner\"><div class=\"avia-image-overlay-wrap\"><img decoding=\"async\" fetchpriority=\"high\" class='wp-image-9370 avia-img-lazy-loading-not-9370 avia_image ' src=\"https:\/\/zurapps.com\/all\/wp-content\/uploads\/2016\/12\/Brain-Practice-300x300.png\" alt='' title='brain-practice'  height=\"300\" width=\"300\"  itemprop=\"thumbnailUrl\" srcset=\"https:\/\/zurapps.com\/all\/wp-content\/uploads\/2016\/12\/Brain-Practice-300x300.png 300w, https:\/\/zurapps.com\/all\/wp-content\/uploads\/2016\/12\/Brain-Practice-80x80.png 80w, https:\/\/zurapps.com\/all\/wp-content\/uploads\/2016\/12\/Brain-Practice-36x36.png 36w, https:\/\/zurapps.com\/all\/wp-content\/uploads\/2016\/12\/Brain-Practice-180x180.png 180w, https:\/\/zurapps.com\/all\/wp-content\/uploads\/2016\/12\/Brain-Practice-120x120.png 120w, https:\/\/zurapps.com\/all\/wp-content\/uploads\/2016\/12\/Brain-Practice.png 340w\" sizes=\"(max-width: 300px) 100vw, 300px\" \/><\/div><\/div><\/div><\/div>\n<div  class='flex_column av-av_two_fifth-52c89597409f646e66e7cc675a5d9b4a av_two_fifth  avia-builder-el-5  el_after_av_three_fifth  el_before_av_hr  flex_column_div  '     ><p><div  class='avia-button-wrap av-av_button-96430d54ec194d73bad6bad6e97c5364-wrap avia-button-center  avia-builder-el-6  el_before_av_textblock  avia-builder-el-first '><a href='https:\/\/itunes.apple.com\/us\/app\/brain-practice\/id1128470878?ls=1&amp;mt=8' class='avia-button av-av_button-96430d54ec194d73bad6bad6e97c5364 av-link-btn avia-icon_select-no avia-size-large avia-position-center avia-color-theme-color' target=\"_blank\" rel=\"noopener noreferrer\"><span class='avia_iconbox_title' >Brain Practice - iOS<\/span><\/a><\/div><br \/>\n<section  class='av_textblock_section av-av_textblock-0366cc7376be6c9e82a3e9cc8987b64f '   itemscope=\"itemscope\" itemtype=\"https:\/\/schema.org\/CreativeWork\" ><div class='avia_textblock'  itemprop=\"text\" ><p style=\"text-align: center;\"><a href=\"https:\/\/itunes.apple.com\/us\/app\/brain-practice\/id1128470878?ls=1&amp;mt=8\"><img loading=\"lazy\" decoding=\"async\" class=\"alignnone wp-image-5441 size-full\" src=\"https:\/\/zurapps.com\/all\/wp-content\/uploads\/2013\/06\/App_Store_Badge_Fr.png\" alt=\"Download in the App store\" width=\"155\" height=\"60\" \/><\/a><\/p>\n<\/div><\/section><br \/>\n<div  class='avia-button-wrap av-av_button-ba7789a28495d1461f1fc82864852308-wrap avia-button-center  avia-builder-el-8  el_after_av_textblock  el_before_av_textblock '><a href='https:\/\/itunes.apple.com\/us\/app\/brain-practice\/id1148667944?ls=1&amp;mt=12' class='avia-button av-av_button-ba7789a28495d1461f1fc82864852308 av-link-btn avia-icon_select-no avia-size-large avia-position-center avia-color-theme-color' target=\"_blank\" rel=\"noopener noreferrer\"><span class='avia_iconbox_title' >Brain Practice - macOS<\/span><\/a><\/div><br \/>\n<section  class='av_textblock_section av-av_textblock-0366cc7376be6c9e82a3e9cc8987b64f '   itemscope=\"itemscope\" itemtype=\"https:\/\/schema.org\/CreativeWork\" ><div class='avia_textblock'  itemprop=\"text\" ><p style=\"text-align: center;\"><a href=\"https:\/\/itunes.apple.com\/us\/app\/brain-practice\/id1148667944?ls=1&amp;mt=12\"><img loading=\"lazy\" decoding=\"async\" class=\"alignnone wp-image-5441 size-full\" src=\"https:\/\/zurapps.com\/all\/wp-content\/uploads\/2013\/06\/App_Store_Badge_Fr.png\" alt=\"Download in the App store\" width=\"155\" height=\"60\" \/><\/a><\/p>\n<\/div><\/section><\/p><\/div><div  class='hr av-av_hr-dcd2069817a0e3d34ae04cad8f3443c7 hr-default  avia-builder-el-10  el_after_av_two_fifth  el_before_av_one_half '><span class='hr-inner '><span class=\"hr-inner-style\"><\/span><\/span><\/div><\/p>\n<div  class='flex_column av-av_one_half-2a9015ff38129c418a3f2eafba3e9512 av_one_half  avia-builder-el-11  el_after_av_hr  el_before_av_one_half  first flex_column_div  '     ><section  class='av_textblock_section av-av_textblock-0366cc7376be6c9e82a3e9cc8987b64f '   itemscope=\"itemscope\" itemtype=\"https:\/\/schema.org\/CreativeWork\" ><div class='avia_textblock'  itemprop=\"text\" ><p style=\"font-family: Arial, Helvetica, sans-serif; font-size: 14px; text-align: left;\"><strong>Brain Practice<\/strong> est un jeu pour toute la famille, adapt\u00e9 aux joueurs de tout \u00e2ge, de 6 \u00e0 100!<\/p>\n<\/div><\/section><br \/>\n<section  class='av_textblock_section av-av_textblock-0366cc7376be6c9e82a3e9cc8987b64f '   itemscope=\"itemscope\" itemtype=\"https:\/\/schema.org\/CreativeWork\" ><div class='avia_textblock'  itemprop=\"text\" ><ul>\n<li style=\"font-family: Arial, Helvetica, sans-serif; font-size: 14px; text-align: left;\">Jeu classique de m\u00e9moire<\/li>\n<\/ul>\n<ul>\n<li style=\"font-family: Arial, Helvetica, sans-serif; font-size: 14px; text-align: left;\">Course contre la montre pour battre votre propre score<\/li>\n<\/ul>\n<ul>\n<li style=\"font-family: Arial, Helvetica, sans-serif; font-size: 14px; text-align: left;\">Diff\u00e9rents niveaux de difficult\u00e9 \u00e0 choisir<\/li>\n<\/ul>\n<ul>\n<li style=\"font-family: Arial, Helvetica, sans-serif; font-size: 14px; text-align: left;\">Un assortiment de collections donne au jeu des d\u00e9fis suppl\u00e9mentaires<\/li>\n<\/ul>\n<\/div><\/section><\/p><\/div>\n<div  class='flex_column av-av_one_half-52c89597409f646e66e7cc675a5d9b4a av_one_half  avia-builder-el-14  el_after_av_one_half  el_before_av_two_fifth  flex_column_div  '     ><p>\n<style type=\"text\/css\" data-created_by=\"avia_inline_auto\" id=\"style-css-av-av_hr-0688d0b0b6ed2f8b057db7a8270206df\">\n#top .hr.hr-invisible.av-av_hr-0688d0b0b6ed2f8b057db7a8270206df{\nheight:50px;\n}\n<\/style>\n<div  class='hr av-av_hr-0688d0b0b6ed2f8b057db7a8270206df hr-invisible  avia-builder-el-15  el_before_av_image  avia-builder-el-first '><span class='hr-inner '><span class=\"hr-inner-style\"><\/span><\/span><\/div><br \/>\n\n<style type=\"text\/css\" data-created_by=\"avia_inline_auto\" id=\"style-css-av-av_image-4bb0415b09bf31f2b77ee93d34d2aa03\">\n.avia-image-container.av-av_image-4bb0415b09bf31f2b77ee93d34d2aa03 img.avia_image{\nbox-shadow:none;\n}\n.avia-image-container.av-av_image-4bb0415b09bf31f2b77ee93d34d2aa03 .av-image-caption-overlay-center{\ncolor:#ffffff;\n}\n<\/style>\n<div  class='avia-image-container av-av_image-4bb0415b09bf31f2b77ee93d34d2aa03 av-styling- avia-align-center  avia-builder-el-16  el_after_av_hr  avia-builder-el-last '   itemprop=\"image\" itemscope=\"itemscope\" itemtype=\"https:\/\/schema.org\/ImageObject\" ><div class=\"avia-image-container-inner\"><div class=\"avia-image-overlay-wrap\"><img decoding=\"async\" fetchpriority=\"high\" class='wp-image-9380 avia-img-lazy-loading-not-9380 avia_image ' src=\"https:\/\/zurapps.com\/all\/wp-content\/uploads\/2016\/12\/Brain-Practice-Mac.png\" alt='' title='brain-practice-mac'  height=\"351\" width=\"600\"  itemprop=\"thumbnailUrl\" srcset=\"https:\/\/zurapps.com\/all\/wp-content\/uploads\/2016\/12\/Brain-Practice-Mac.png 600w, https:\/\/zurapps.com\/all\/wp-content\/uploads\/2016\/12\/Brain-Practice-Mac-300x176.png 300w, https:\/\/zurapps.com\/all\/wp-content\/uploads\/2016\/12\/Brain-Practice-Mac-450x263.png 450w\" sizes=\"(max-width: 600px) 100vw, 600px\" \/><\/div><\/div><\/div><\/p><\/div>\n<div  class='flex_column av-av_two_fifth-2a9015ff38129c418a3f2eafba3e9512 av_two_fifth  avia-builder-el-17  el_after_av_one_half  el_before_av_three_fifth  first flex_column_div  column-top-margin'     ><p>\n<style type=\"text\/css\" data-created_by=\"avia_inline_auto\" id=\"style-css-av-av_image-25f0ae88e6c2976074c6a240da794ffc\">\n.avia-image-container.av-av_image-25f0ae88e6c2976074c6a240da794ffc img.avia_image{\nbox-shadow:none;\n}\n.avia-image-container.av-av_image-25f0ae88e6c2976074c6a240da794ffc .av-image-caption-overlay-center{\ncolor:#ffffff;\n}\n<\/style>\n<div  class='avia-image-container av-av_image-25f0ae88e6c2976074c6a240da794ffc av-styling- avia-align-center  avia-builder-el-18  el_before_av_hr  avia-builder-el-first '   itemprop=\"image\" itemscope=\"itemscope\" itemtype=\"https:\/\/schema.org\/ImageObject\" ><div class=\"avia-image-container-inner\"><div class=\"avia-image-overlay-wrap\"><img decoding=\"async\" fetchpriority=\"high\" class='wp-image-9372 avia-img-lazy-loading-not-9372 avia_image ' src=\"https:\/\/zurapps.com\/all\/wp-content\/uploads\/2016\/12\/BrainPractice2iPhone6-2.jpg\" alt='' title='brain-practice-iphone'  height=\"450\" width=\"600\"  itemprop=\"thumbnailUrl\" srcset=\"https:\/\/zurapps.com\/all\/wp-content\/uploads\/2016\/12\/BrainPractice2iPhone6-2.jpg 600w, https:\/\/zurapps.com\/all\/wp-content\/uploads\/2016\/12\/BrainPractice2iPhone6-2-300x225.jpg 300w, https:\/\/zurapps.com\/all\/wp-content\/uploads\/2016\/12\/BrainPractice2iPhone6-2-450x338.jpg 450w\" sizes=\"(max-width: 600px) 100vw, 600px\" \/><\/div><\/div><\/div><br \/>\n\n<style type=\"text\/css\" data-created_by=\"avia_inline_auto\" id=\"style-css-av-av_hr-c9ba6ccf0e28539cef079a4b419f7f68\">\n#top .hr.hr-invisible.av-av_hr-c9ba6ccf0e28539cef079a4b419f7f68{\nheight:25px;\n}\n<\/style>\n<div  class='hr av-av_hr-c9ba6ccf0e28539cef079a4b419f7f68 hr-invisible  avia-builder-el-19  el_after_av_image  el_before_av_image '><span class='hr-inner '><span class=\"hr-inner-style\"><\/span><\/span><\/div><br \/>\n\n<style type=\"text\/css\" data-created_by=\"avia_inline_auto\" id=\"style-css-av-av_image-f1cadd744ce7a3ab0002da745665a3cc\">\n.avia-image-container.av-av_image-f1cadd744ce7a3ab0002da745665a3cc img.avia_image{\nbox-shadow:none;\n}\n.avia-image-container.av-av_image-f1cadd744ce7a3ab0002da745665a3cc .av-image-caption-overlay-center{\ncolor:#ffffff;\n}\n<\/style>\n<div  class='avia-image-container av-av_image-f1cadd744ce7a3ab0002da745665a3cc av-styling- avia-align-center  avia-builder-el-20  el_after_av_hr  avia-builder-el-last '   itemprop=\"image\" itemscope=\"itemscope\" itemtype=\"https:\/\/schema.org\/ImageObject\" ><div class=\"avia-image-container-inner\"><div class=\"avia-image-overlay-wrap\"><img decoding=\"async\" fetchpriority=\"high\" class='wp-image-9373 avia-img-lazy-loading-not-9373 avia_image ' src=\"https:\/\/zurapps.com\/all\/wp-content\/uploads\/2016\/12\/BrainPractice2iPhone6-3.jpg\" alt='' title='brain-practice-iphone-two-screens'  height=\"450\" width=\"600\"  itemprop=\"thumbnailUrl\" srcset=\"https:\/\/zurapps.com\/all\/wp-content\/uploads\/2016\/12\/BrainPractice2iPhone6-3.jpg 600w, https:\/\/zurapps.com\/all\/wp-content\/uploads\/2016\/12\/BrainPractice2iPhone6-3-300x225.jpg 300w, https:\/\/zurapps.com\/all\/wp-content\/uploads\/2016\/12\/BrainPractice2iPhone6-3-450x338.jpg 450w\" sizes=\"(max-width: 600px) 100vw, 600px\" \/><\/div><\/div><\/div><\/p><\/div>\n<div  class='flex_column av-av_three_fifth-52c89597409f646e66e7cc675a5d9b4a av_three_fifth  avia-builder-el-21  el_after_av_two_fifth  avia-builder-el-last  flex_column_div  column-top-margin'     ><p>\n<style type=\"text\/css\" data-created_by=\"avia_inline_auto\" id=\"style-css-av-av_hr-bd84104f09c397338597807ab31c6aca\">\n#top .hr.hr-invisible.av-av_hr-bd84104f09c397338597807ab31c6aca{\nheight:15px;\n}\n<\/style>\n<div  class='hr av-av_hr-bd84104f09c397338597807ab31c6aca hr-invisible  avia-builder-el-22  el_before_av_textblock  avia-builder-el-first '><span class='hr-inner '><span class=\"hr-inner-style\"><\/span><\/span><\/div><br \/>\n<section  class='av_textblock_section av-av_textblock-0366cc7376be6c9e82a3e9cc8987b64f '   itemscope=\"itemscope\" itemtype=\"https:\/\/schema.org\/CreativeWork\" ><div class='avia_textblock'  itemprop=\"text\" ><p style=\"font-family: Arial, Helvetica, sans-serif; font-size: 14px; text-align: left;\"><strong>Brain Practice\u00a0<\/strong>est un jeu de m\u00e9moire amusant qui vous aidera \u00e0 am\u00e9liorer votre m\u00e9moire \u00e0 court terme. Former votre cerveau gr\u00e2ce \u00e0 une <strong>vari\u00e9t\u00e9 de cartes et de collections<\/strong>, la course contre la montre pour effacer le pont.<\/p>\n<p style=\"font-family: Arial, Helvetica, sans-serif; font-size: 14px; text-align: left;\">Pour jouer, il suffit de retourner les deux cartes &#8211; si vous cr\u00e9ez une paire, les cartes sont effac\u00e9es. Sinon, vous devrez vous rappeler ce que vous avez vu et o\u00f9. Plus vite vous effacez le tableau, plus vous gagnez de points.<\/p>\n<p style=\"font-family: Arial, Helvetica, sans-serif; font-size: 14px; text-align: left;\">L&#8217;excitation suppl\u00e9mentaire peut \u00eatre ajout\u00e9e avec <strong>l&#8217;abonnement facultatif PREMIUM<\/strong> qui:<\/p>\n<p style=\"font-family: Arial, Helvetica, sans-serif; font-size: 14px; text-align: left;\">\u2022 D\u00e9bloque de nouvelles collections chaque mois, y compris des niveaux de difficult\u00e9 plus \u00e9lev\u00e9s<\/p>\n<p style=\"font-family: Arial, Helvetica, sans-serif; font-size: 14px; text-align: left;\">\u2022 Active la possibilit\u00e9 de partager un jeu, vous permettant de d\u00e9fier vos amis de jouer exactement la m\u00eame<\/p>\n<\/div><\/section><\/p><\/div>\n","protected":false},"excerpt":{"rendered":"","protected":false},"author":4,"featured_media":0,"parent":2198,"menu_order":0,"comment_status":"closed","ping_status":"closed","template":"","meta":{"_monsterinsights_skip_tracking":false,"_monsterinsights_sitenote_active":false,"_monsterinsights_sitenote_note":"","_monsterinsights_sitenote_category":0,"footnotes":""},"_links":{"self":[{"href":"https:\/\/zurapps.com\/all\/index.php?rest_route=\/wp\/v2\/pages\/9387"}],"collection":[{"href":"https:\/\/zurapps.com\/all\/index.php?rest_route=\/wp\/v2\/pages"}],"about":[{"href":"https:\/\/zurapps.com\/all\/index.php?rest_route=\/wp\/v2\/types\/page"}],"author":[{"embeddable":true,"href":"https:\/\/zurapps.com\/all\/index.php?rest_route=\/wp\/v2\/users\/4"}],"replies":[{"embeddable":true,"href":"https:\/\/zurapps.com\/all\/index.php?rest_route=%2Fwp%2Fv2%2Fcomments&post=9387"}],"version-history":[{"count":10,"href":"https:\/\/zurapps.com\/all\/index.php?rest_route=\/wp\/v2\/pages\/9387\/revisions"}],"predecessor-version":[{"id":9953,"href":"https:\/\/zurapps.com\/all\/index.php?rest_route=\/wp\/v2\/pages\/9387\/revisions\/9953"}],"up":[{"embeddable":true,"href":"https:\/\/zurapps.com\/all\/index.php?rest_route=\/wp\/v2\/pages\/2198"}],"wp:attachment":[{"href":"https:\/\/zurapps.com\/all\/index.php?rest_route=%2Fwp%2Fv2%2Fmedia&parent=9387"}],"curies":[{"name":"wp","href":"https:\/\/api.w.org\/{rel}","templated":true}]}}