{"id":9482,"date":"2017-01-06T16:57:22","date_gmt":"2017-01-06T21:57:22","guid":{"rendered":"http:\/\/zurapps.com\/all\/?page_id=9482"},"modified":"2021-05-18T15:11:15","modified_gmt":"2021-05-18T19:11:15","slug":"123s-abcs","status":"publish","type":"page","link":"https:\/\/zurapps.com\/all\/?page_id=9482","title":{"rendered":"123s &#038; ABCs"},"content":{"rendered":"<div id='layer_slider_1'  class='avia-layerslider main_color avia-shadow  avia-builder-el-0  el_before_av_two_fifth  avia-builder-el-first  container_wrap sidebar_right'  style='height: 251px;'  ><\/div><div id='after_layer_slider_1'  class='main_color av_default_container_wrap container_wrap sidebar_right'  ><div class='container av-section-cont-open' ><div class='template-page content  av-content-small alpha units'><div class='post-entry post-entry-type-page post-entry-9482'><div class='entry-content-wrapper clearfix'>\n<div  class='flex_column av-av_two_fifth-2a9015ff38129c418a3f2eafba3e9512 av_two_fifth  avia-builder-el-1  el_after_av_layerslider  el_before_av_three_fifth  avia-builder-el-first  first flex_column_div  '     ><style type=\"text\/css\" data-created_by=\"avia_inline_auto\" id=\"style-css-av-av_image-9cc0a0c3d9ec46b22801e581573aca35\">\n.avia-image-container.av-av_image-9cc0a0c3d9ec46b22801e581573aca35 img.avia_image{\nbox-shadow:none;\n}\n.avia-image-container.av-av_image-9cc0a0c3d9ec46b22801e581573aca35 .av-image-caption-overlay-center{\ncolor:#ffffff;\n}\n<\/style>\n<div  class='avia-image-container av-av_image-9cc0a0c3d9ec46b22801e581573aca35 av-styling- avia-align-center  avia-builder-el-2  avia-builder-el-no-sibling '   itemprop=\"image\" itemscope=\"itemscope\" itemtype=\"https:\/\/schema.org\/ImageObject\" ><div class=\"avia-image-container-inner\"><div class=\"avia-image-overlay-wrap\"><img decoding=\"async\" fetchpriority=\"high\" class='wp-image-10636 avia-img-lazy-loading-not-10636 avia_image ' src=\"https:\/\/zurapps.com\/all\/wp-content\/uploads\/2021\/05\/Untitled-design-8-1-300x300.png\" alt='123s &amp; ABCs' title='123s &amp; ABCs icon'  height=\"300\" width=\"300\"  itemprop=\"thumbnailUrl\" srcset=\"https:\/\/zurapps.com\/all\/wp-content\/uploads\/2021\/05\/Untitled-design-8-1-300x300.png 300w, https:\/\/zurapps.com\/all\/wp-content\/uploads\/2021\/05\/Untitled-design-8-1-80x80.png 80w, https:\/\/zurapps.com\/all\/wp-content\/uploads\/2021\/05\/Untitled-design-8-1-768x768.png 768w, https:\/\/zurapps.com\/all\/wp-content\/uploads\/2021\/05\/Untitled-design-8-1-1030x1030.png 1030w, https:\/\/zurapps.com\/all\/wp-content\/uploads\/2021\/05\/Untitled-design-8-1-36x36.png 36w, https:\/\/zurapps.com\/all\/wp-content\/uploads\/2021\/05\/Untitled-design-8-1-180x180.png 180w, https:\/\/zurapps.com\/all\/wp-content\/uploads\/2021\/05\/Untitled-design-8-1-1500x1500.png 1500w, https:\/\/zurapps.com\/all\/wp-content\/uploads\/2021\/05\/Untitled-design-8-1-705x705.png 705w, https:\/\/zurapps.com\/all\/wp-content\/uploads\/2021\/05\/Untitled-design-8-1-120x120.png 120w, https:\/\/zurapps.com\/all\/wp-content\/uploads\/2021\/05\/Untitled-design-8-1-450x450.png 450w, https:\/\/zurapps.com\/all\/wp-content\/uploads\/2021\/05\/Untitled-design-8-1.png 2048w\" sizes=\"(max-width: 300px) 100vw, 300px\" \/><\/div><\/div><\/div><\/div><div  class='flex_column av-av_three_fifth-52c89597409f646e66e7cc675a5d9b4a av_three_fifth  avia-builder-el-3  el_after_av_two_fifth  el_before_av_hr  flex_column_div  '     ><p>\n<style type=\"text\/css\" data-created_by=\"avia_inline_auto\" id=\"style-css-av-av_hr-78ec26b004535f95b26085cbb1d9b6be\">\n#top .hr.hr-invisible.av-av_hr-78ec26b004535f95b26085cbb1d9b6be{\nheight:5px;\n}\n<\/style>\n<div  class='hr av-av_hr-78ec26b004535f95b26085cbb1d9b6be hr-invisible  avia-builder-el-4  el_before_av_textblock  avia-builder-el-first '><span class='hr-inner '><span class=\"hr-inner-style\"><\/span><\/span><\/div><br \/>\n<section  class='av_textblock_section av-av_textblock-0366cc7376be6c9e82a3e9cc8987b64f '   itemscope=\"itemscope\" itemtype=\"https:\/\/schema.org\/CreativeWork\" ><div class='avia_textblock'  itemprop=\"text\" ><p style=\"font-family: Arial, Helvetica, sans-serif; font-size: 16px; text-align: center;\"><span style=\"font-size: 20px;\">L\u2019appli \u00e9ducative <strong>123s &amp; ABCs<\/strong> est une fa\u00e7on amusante, facile et interactive de pr\u00e9senter les nombres de 1 \u00e0 20 ainsi que l\u2019alphabet aux enfants en bas \u00e2ge.<\/span><\/p>\n<\/div><\/section><br \/>\n\n<style type=\"text\/css\" data-created_by=\"avia_inline_auto\" id=\"style-css-av-av_hr-9790d9c7d398eecd63f69e79da9ee3d1\">\n#top .hr.hr-invisible.av-av_hr-9790d9c7d398eecd63f69e79da9ee3d1{\nheight:2px;\n}\n<\/style>\n<div  class='hr av-av_hr-9790d9c7d398eecd63f69e79da9ee3d1 hr-invisible  avia-builder-el-6  el_after_av_textblock  el_before_av_textblock '><span class='hr-inner '><span class=\"hr-inner-style\"><\/span><\/span><\/div><br \/>\n<section  class='av_textblock_section av-av_textblock-0366cc7376be6c9e82a3e9cc8987b64f '   itemscope=\"itemscope\" itemtype=\"https:\/\/schema.org\/CreativeWork\" ><div class='avia_textblock'  itemprop=\"text\" ><p style=\"font-family: Arial, Helvetica, sans-serif; font-size: 22px; text-align: center;\"><span style=\"font-size: 22px;\"><strong>123s &amp; ABCs<\/strong>\u00a0est une application \u00e9ducative disponible en anglais, fran\u00e7ais et espagnol pour les enfants d&#8217;\u00e2ge pr\u00e9scolaire.<\/span><\/p>\n<\/div><\/section><\/p><\/div><\/p>\n\n<style type=\"text\/css\" data-created_by=\"avia_inline_auto\" id=\"style-css-av-av_hr-bd84104f09c397338597807ab31c6aca\">\n#top .hr.hr-invisible.av-av_hr-bd84104f09c397338597807ab31c6aca{\nheight:15px;\n}\n<\/style>\n<div  class='hr av-av_hr-bd84104f09c397338597807ab31c6aca hr-invisible  avia-builder-el-8  el_after_av_three_fifth  el_before_av_one_half '><span class='hr-inner '><span class=\"hr-inner-style\"><\/span><\/span><\/div>\n<div  class='flex_column av-av_one_half-2a9015ff38129c418a3f2eafba3e9512 av_one_half  avia-builder-el-9  el_after_av_hr  el_before_av_one_half  first flex_column_div  '     ><p><div  class='avia-button-wrap av-av_button-11f96b90f8b0877d7f53ff918d102918-wrap avia-button-center  avia-builder-el-10  el_before_av_image  avia-builder-el-first '><a href='https:\/\/itunes.apple.com\/us\/app\/123s-abcs\/id1132136428?ls=1&amp;mt=8'  class='avia-button av-av_button-11f96b90f8b0877d7f53ff918d102918 av-link-btn avia-icon_select-no avia-size-large avia-position-center avia-color-theme-color'  ><span class='avia_iconbox_title' >123s &amp; ABCs - iOS<\/span><\/a><\/div><br \/>\n\n<style type=\"text\/css\" data-created_by=\"avia_inline_auto\" id=\"style-css-av-av_image-76d55b4d8d27f7e46cc82b2e19322e43\">\n.avia-image-container.av-av_image-76d55b4d8d27f7e46cc82b2e19322e43 img.avia_image{\nbox-shadow:none;\n}\n.avia-image-container.av-av_image-76d55b4d8d27f7e46cc82b2e19322e43 .av-image-caption-overlay-center{\ncolor:#ffffff;\n}\n<\/style>\n<div  class='avia-image-container av-av_image-76d55b4d8d27f7e46cc82b2e19322e43 av-styling- av-img-linked avia-align-center  avia-builder-el-11  el_after_av_button  avia-builder-el-last '   itemprop=\"image\" itemscope=\"itemscope\" itemtype=\"https:\/\/schema.org\/ImageObject\" ><div class=\"avia-image-container-inner\"><div class=\"avia-image-overlay-wrap\"><a href=\"https:\/\/itunes.apple.com\/us\/app\/123s-abcs\/id1132136428?ls=1&amp;mt=8\" class='avia_image '  aria-label='Download in the App store'><img decoding=\"async\" fetchpriority=\"high\" class='wp-image-5441 avia-img-lazy-loading-not-5441 avia_image ' src=\"https:\/\/zurapps.com\/all\/wp-content\/uploads\/2013\/06\/App_Store_Badge_Fr.png\" alt='' title='Download in the App store'  height=\"60\" width=\"155\"  itemprop=\"thumbnailUrl\"  \/><\/a><\/div><\/div><\/div><\/p><\/div>\n<div  class='flex_column av-av_one_half-52c89597409f646e66e7cc675a5d9b4a av_one_half  avia-builder-el-12  el_after_av_one_half  el_before_av_one_full  flex_column_div  '     ><p><div  class='avia-button-wrap av-av_button-0a955a408297cb2140335e1402215542-wrap avia-button-center  avia-builder-el-13  el_before_av_image  avia-builder-el-first '><a href='https:\/\/itunes.apple.com\/us\/app\/123s-abcs\/id1203475504?ls=1&amp;mt=12'  class='avia-button av-av_button-0a955a408297cb2140335e1402215542 av-link-btn avia-icon_select-no avia-size-large avia-position-center avia-color-theme-color'  ><span class='avia_iconbox_title' >123s &amp; ABCs - macOS<\/span><\/a><\/div><br \/>\n\n<style type=\"text\/css\" data-created_by=\"avia_inline_auto\" id=\"style-css-av-av_image-222f51b5f3f33974da256679ca3bd072\">\n.avia-image-container.av-av_image-222f51b5f3f33974da256679ca3bd072 img.avia_image{\nbox-shadow:none;\n}\n.avia-image-container.av-av_image-222f51b5f3f33974da256679ca3bd072 .av-image-caption-overlay-center{\ncolor:#ffffff;\n}\n<\/style>\n<div  class='avia-image-container av-av_image-222f51b5f3f33974da256679ca3bd072 av-styling- av-img-linked avia-align-center  avia-builder-el-14  el_after_av_button  avia-builder-el-last '   itemprop=\"image\" itemscope=\"itemscope\" itemtype=\"https:\/\/schema.org\/ImageObject\" ><div class=\"avia-image-container-inner\"><div class=\"avia-image-overlay-wrap\"><a href=\"https:\/\/itunes.apple.com\/us\/app\/123s-abcs\/id1203475504?ls=1&amp;mt=12\" class='avia_image '  aria-label='Download in the App store'><img decoding=\"async\" fetchpriority=\"high\" class='wp-image-5441 avia-img-lazy-loading-not-5441 avia_image ' src=\"https:\/\/zurapps.com\/all\/wp-content\/uploads\/2013\/06\/App_Store_Badge_Fr.png\" alt='' title='Download in the App store'  height=\"60\" width=\"155\"  itemprop=\"thumbnailUrl\"  \/><\/a><\/div><\/div><\/div><\/p><\/div>\n<div  class='flex_column av-av_one_full-2a9015ff38129c418a3f2eafba3e9512 av_one_full  avia-builder-el-15  el_after_av_one_half  el_before_av_one_full  first flex_column_div  column-top-margin'     ><style type=\"text\/css\" data-created_by=\"avia_inline_auto\" id=\"style-css-av-av_heading-6cd8c0f2b8a83e81a648237a7175a6c1\">\n#top .av-special-heading.av-av_heading-6cd8c0f2b8a83e81a648237a7175a6c1{\npadding-bottom:0;\n}\nbody .av-special-heading.av-av_heading-6cd8c0f2b8a83e81a648237a7175a6c1 .av-special-heading-tag .heading-char{\nfont-size:25px;\n}\n.av-special-heading.av-av_heading-6cd8c0f2b8a83e81a648237a7175a6c1 .av-subheading{\nfont-size:15px;\n}\n<\/style>\n<div  class='av-special-heading av-av_heading-6cd8c0f2b8a83e81a648237a7175a6c1 av-special-heading-h2  avia-builder-el-16  avia-builder-el-no-sibling '><h2 class='av-special-heading-tag'  itemprop=\"headline\"  >123s <span class='special_amp'>&amp;<\/span> ABCs est\u00e1 disponible para iOS, macOS y tvOS.<\/h2><div class=\"special-heading-border\"><div class=\"special-heading-inner-border\"><\/div><\/div><\/div><\/div>\n<div  class='flex_column av-av_one_full-2a9015ff38129c418a3f2eafba3e9512 av_one_full  avia-builder-el-17  el_after_av_one_full  el_before_av_one_full  first flex_column_div  column-top-margin'     ><section  class='av_textblock_section av-av_textblock-0366cc7376be6c9e82a3e9cc8987b64f '   itemscope=\"itemscope\" itemtype=\"https:\/\/schema.org\/CreativeWork\" ><div class='avia_textblock'  itemprop=\"text\" ><p style=\"font-family: Arial, Helvetica, sans-serif; font-size: 16px; text-align: left;\">Faites glisser les pages montrant <strong>les chiffres ou les lettres<\/strong> <strong>avec les images correspondantes<\/strong> et suivez pendant que l&#8217;app fait la lecture \u00e0 votre enfant.<\/p>\n<p style=\"font-family: Arial, Helvetica, sans-serif; font-size: 16px; text-align: left;\"><strong>Amusez-vous avec votre enfant<\/strong> et faites correspondre les chiffres ou les lettres avec des images.<\/p>\n<p style=\"font-family: Arial, Helvetica, sans-serif; font-size: 16px; text-align: left;\">Les jeux de <strong>123s &amp; ABCs<\/strong> motivent et donnent des commentaires qui <strong>suscitent l&#8217;enthousiasme et maintiennent l&#8217;int\u00e9r\u00eat<\/strong> de votre enfant. Des \u00e9toiles amusantes et mignonnes apparaissent dans les modes de jeu affichant des \u00e9motions diff\u00e9rentes en fonction de la r\u00e9ponse.<\/p>\n<p style=\"font-family: Arial, Helvetica, sans-serif; font-size: 16px; text-align: left;\"><strong>123s &amp; ABCs<\/strong> permet un apprentissage cibl\u00e9. Les parents et les \u00e9ducateurs peuvent s\u00e9lectionner des num\u00e9ros et des lettres <strong>sp\u00e9cifiques<\/strong> \u00e0 utiliser dans l&#8217;application.<\/p>\n<\/div><\/section><\/div>\n<div  class='flex_column av-av_one_full-2a9015ff38129c418a3f2eafba3e9512 av_one_full  avia-builder-el-19  el_after_av_one_full  el_before_av_three_fifth  first flex_column_div  column-top-margin'     ><style type=\"text\/css\" data-created_by=\"avia_inline_auto\" id=\"style-css-av-av_heading-d86a4367df0551e05beef11f84d63f4c\">\n#top .av-special-heading.av-av_heading-d86a4367df0551e05beef11f84d63f4c{\npadding-bottom:0;\n}\nbody .av-special-heading.av-av_heading-d86a4367df0551e05beef11f84d63f4c .av-special-heading-tag .heading-char{\nfont-size:25px;\n}\n.av-special-heading.av-av_heading-d86a4367df0551e05beef11f84d63f4c .av-subheading{\nfont-size:15px;\n}\n<\/style>\n<div  class='av-special-heading av-av_heading-d86a4367df0551e05beef11f84d63f4c av-special-heading-h2  avia-builder-el-20  avia-builder-el-no-sibling '><h2 class='av-special-heading-tag'  itemprop=\"headline\"  >123s et ABCs offre quatre modes de jeu:<\/h2><div class=\"special-heading-border\"><div class=\"special-heading-inner-border\"><\/div><\/div><\/div><\/div>\n<div  class='flex_column av-av_three_fifth-2a9015ff38129c418a3f2eafba3e9512 av_three_fifth  avia-builder-el-21  el_after_av_one_full  el_before_av_two_fifth  first flex_column_div  column-top-margin'     ><section  class='av_textblock_section av-av_textblock-0366cc7376be6c9e82a3e9cc8987b64f '   itemscope=\"itemscope\" itemtype=\"https:\/\/schema.org\/CreativeWork\" ><div class='avia_textblock'  itemprop=\"text\" ><p style=\"font-family: Arial, Helvetica, sans-serif; text-align: center;\"><span style=\"font-size: 16px;\">Le mode <strong>Apprendre Num\u00e9ros<\/strong> affichera des augmentations num\u00e9riques de 1 \u00e0 20, avec une image montrant un nombre correspondant d&#8217;oiseaux, de chiots ou de bateaux.<\/span><\/p>\n<p style=\"font-family: Arial, Helvetica, sans-serif; text-align: center;\"><span style=\"font-size: 16px;\">Le mode <strong>Learn Letters<\/strong> affiche les lettres alphab\u00e9tiquement, ainsi qu&#8217;une image d&#8217;un objet commen\u00e7ant par cette lettre.<\/span><\/p>\n<\/div><\/section><\/div>\n<div  class='flex_column av-av_two_fifth-52c89597409f646e66e7cc675a5d9b4a av_two_fifth  avia-builder-el-23  el_after_av_three_fifth  el_before_av_hr  flex_column_div  column-top-margin'     ><style type=\"text\/css\" data-created_by=\"avia_inline_auto\" id=\"style-css-av-av_image-2a0cacff2c1798a184bdd56420db6fc4\">\n.avia-image-container.av-av_image-2a0cacff2c1798a184bdd56420db6fc4 img.avia_image{\nbox-shadow:none;\n}\n.avia-image-container.av-av_image-2a0cacff2c1798a184bdd56420db6fc4 .av-image-caption-overlay-center{\ncolor:#ffffff;\n}\n<\/style>\n<div  class='avia-image-container av-av_image-2a0cacff2c1798a184bdd56420db6fc4 av-styling- avia-align-center  avia-builder-el-24  avia-builder-el-no-sibling '   itemprop=\"image\" itemscope=\"itemscope\" itemtype=\"https:\/\/schema.org\/ImageObject\" ><div class=\"avia-image-container-inner\"><div class=\"avia-image-overlay-wrap\"><img decoding=\"async\" fetchpriority=\"high\" class='wp-image-9539 avia-img-lazy-loading-not-9539 avia_image ' src=\"https:\/\/zurapps.com\/all\/wp-content\/uploads\/2017\/01\/iPhone123sABCs2phones1A2-300x225.png\" alt='' title='iPhone123sABCs2phones1A'  height=\"225\" width=\"300\"  itemprop=\"thumbnailUrl\" srcset=\"https:\/\/zurapps.com\/all\/wp-content\/uploads\/2017\/01\/iPhone123sABCs2phones1A2-300x225.png 300w, https:\/\/zurapps.com\/all\/wp-content\/uploads\/2017\/01\/iPhone123sABCs2phones1A2-450x338.png 450w, https:\/\/zurapps.com\/all\/wp-content\/uploads\/2017\/01\/iPhone123sABCs2phones1A2.png 600w\" sizes=\"(max-width: 300px) 100vw, 300px\" \/><\/div><\/div><\/div><\/div>\n\n<style type=\"text\/css\" data-created_by=\"avia_inline_auto\" id=\"style-css-av-av_hr-0688d0b0b6ed2f8b057db7a8270206df\">\n#top .hr.hr-invisible.av-av_hr-0688d0b0b6ed2f8b057db7a8270206df{\nheight:50px;\n}\n<\/style>\n<div  class='hr av-av_hr-0688d0b0b6ed2f8b057db7a8270206df hr-invisible  avia-builder-el-25  el_after_av_two_fifth  el_before_av_two_fifth '><span class='hr-inner '><span class=\"hr-inner-style\"><\/span><\/span><\/div>\n<div  class='flex_column av-av_two_fifth-2a9015ff38129c418a3f2eafba3e9512 av_two_fifth  avia-builder-el-26  el_after_av_hr  el_before_av_three_fifth  first flex_column_div  '     ><style type=\"text\/css\" data-created_by=\"avia_inline_auto\" id=\"style-css-av-av_image-297009be0bbe4ba046702ac26ba470e1\">\n.avia-image-container.av-av_image-297009be0bbe4ba046702ac26ba470e1 img.avia_image{\nbox-shadow:none;\n}\n.avia-image-container.av-av_image-297009be0bbe4ba046702ac26ba470e1 .av-image-caption-overlay-center{\ncolor:#ffffff;\n}\n<\/style>\n<div  class='avia-image-container av-av_image-297009be0bbe4ba046702ac26ba470e1 av-styling- avia-align-center  avia-builder-el-27  avia-builder-el-no-sibling '   itemprop=\"image\" itemscope=\"itemscope\" itemtype=\"https:\/\/schema.org\/ImageObject\" ><div class=\"avia-image-container-inner\"><div class=\"avia-image-overlay-wrap\"><img decoding=\"async\" fetchpriority=\"high\" class='wp-image-9541 avia-img-lazy-loading-not-9541 avia_image ' src=\"https:\/\/zurapps.com\/all\/wp-content\/uploads\/2017\/01\/iPad123sABCsMenu2-231x300.png\" alt='' title='iPad123sABCsMenu'  height=\"300\" width=\"231\"  itemprop=\"thumbnailUrl\" srcset=\"https:\/\/zurapps.com\/all\/wp-content\/uploads\/2017\/01\/iPad123sABCsMenu2-231x300.png 231w, https:\/\/zurapps.com\/all\/wp-content\/uploads\/2017\/01\/iPad123sABCsMenu2.png 439w\" sizes=\"(max-width: 231px) 100vw, 231px\" \/><\/div><\/div><\/div><\/div>\n<div  class='flex_column av-av_three_fifth-52c89597409f646e66e7cc675a5d9b4a av_three_fifth  avia-builder-el-28  el_after_av_two_fifth  el_before_av_hr  flex_column_div  '     ><p>\n<style type=\"text\/css\" data-created_by=\"avia_inline_auto\" id=\"style-css-av-av_hr-0688d0b0b6ed2f8b057db7a8270206df\">\n#top .hr.hr-invisible.av-av_hr-0688d0b0b6ed2f8b057db7a8270206df{\nheight:50px;\n}\n<\/style>\n<div  class='hr av-av_hr-0688d0b0b6ed2f8b057db7a8270206df hr-invisible  avia-builder-el-29  el_before_av_textblock  avia-builder-el-first '><span class='hr-inner '><span class=\"hr-inner-style\"><\/span><\/span><\/div><br \/>\n<section  class='av_textblock_section av-av_textblock-0366cc7376be6c9e82a3e9cc8987b64f '   itemscope=\"itemscope\" itemtype=\"https:\/\/schema.org\/CreativeWork\" ><div class='avia_textblock'  itemprop=\"text\" ><p style=\"font-family: Arial, Helvetica, sans-serif; text-align: center;\"><span style=\"font-size: 16px;\">Le mode <strong>Match Numbers<\/strong> vous permettra de faire correspondre le nombre avec l&#8217;image montrant le m\u00eame nombre d&#8217;oiseaux, de chiots ou de bateaux.<\/span><\/p>\n<p style=\"font-family: Arial, Helvetica, sans-serif; text-align: center;\"><span style=\"font-size: 16px;\">Le mode <strong>Match Letters<\/strong> vous permet de faire correspondre la lettre avec l&#8217;image de l&#8217;objet qui commence par la lettre sp\u00e9cifi\u00e9e.<\/span><\/p>\n<\/div><\/section><\/p><\/div>\n\n<style type=\"text\/css\" data-created_by=\"avia_inline_auto\" id=\"style-css-av-av_hr-0688d0b0b6ed2f8b057db7a8270206df\">\n#top .hr.hr-invisible.av-av_hr-0688d0b0b6ed2f8b057db7a8270206df{\nheight:50px;\n}\n<\/style>\n<div  class='hr av-av_hr-0688d0b0b6ed2f8b057db7a8270206df hr-invisible  avia-builder-el-31  el_after_av_three_fifth  el_before_av_one_half '><span class='hr-inner '><span class=\"hr-inner-style\"><\/span><\/span><\/div>\n<div  class='flex_column av-av_one_half-2a9015ff38129c418a3f2eafba3e9512 av_one_half  avia-builder-el-32  el_after_av_hr  el_before_av_one_half  first flex_column_div  '     ><section  class='av_textblock_section av-av_textblock-0366cc7376be6c9e82a3e9cc8987b64f '   itemscope=\"itemscope\" itemtype=\"https:\/\/schema.org\/CreativeWork\" ><div class='avia_textblock'  itemprop=\"text\" ><p style=\"font-family: Arial, Helvetica, sans-serif; text-align: center;\"><span style=\"font-size: 20px;\"><strong>123s &amp; ABCs<\/strong> est parfait pour les jeunes enfants!<\/span><\/p>\n<p style=\"font-family: Arial, Helvetica, sans-serif; text-align: center;\"><span style=\"font-size: 20px;\">Utilisez <strong>123s &amp; ABCs<\/strong> pour aider \u00e0 enseigner vos enfants d&#8217;\u00e2ge pr\u00e9scolaire en associant diff\u00e9rents num\u00e9ros et lettres avec des images correspondantes.<\/span><\/p>\n<\/div><\/section><br \/>\n<section  class='av_textblock_section av-av_textblock-0366cc7376be6c9e82a3e9cc8987b64f '   itemscope=\"itemscope\" itemtype=\"https:\/\/schema.org\/CreativeWork\" ><div class='avia_textblock'  itemprop=\"text\" ><p style=\"font-family: Arial, Helvetica, sans-serif; font-size: 22px; text-align: center;\">Vos questions doivent-elles encore \u00eatre r\u00e9pondues?<\/p>\n<p style=\"font-family: Arial, Helvetica, sans-serif; font-size: 22px; text-align: center;\">Consultez notre <a title=\"Help Page\" href=\"https:\/\/zurapps.com\/all\/index.php\/questions-fr\/aide\/\">Page d&#8217;Aide<\/a>!<\/p>\n<\/div><\/section><\/p><\/div>\n<div  class='flex_column av-av_one_half-52c89597409f646e66e7cc675a5d9b4a av_one_half  avia-builder-el-35  el_after_av_one_half  avia-builder-el-last  flex_column_div  '     ><style type=\"text\/css\" data-created_by=\"avia_inline_auto\" id=\"style-css-av-av_image-88c0d238b4632a3329014f75d99c2d63\">\n.avia-image-container.av-av_image-88c0d238b4632a3329014f75d99c2d63 img.avia_image{\nbox-shadow:none;\n}\n.avia-image-container.av-av_image-88c0d238b4632a3329014f75d99c2d63 .av-image-caption-overlay-center{\ncolor:#ffffff;\n}\n<\/style>\n<div  class='avia-image-container av-av_image-88c0d238b4632a3329014f75d99c2d63 av-styling- avia-align-center  avia-builder-el-36  avia-builder-el-no-sibling '   itemprop=\"image\" itemscope=\"itemscope\" itemtype=\"https:\/\/schema.org\/ImageObject\" ><div class=\"avia-image-container-inner\"><div class=\"avia-image-overlay-wrap\"><img decoding=\"async\" fetchpriority=\"high\" class='wp-image-9513 avia-img-lazy-loading-not-9513 avia_image ' src=\"https:\/\/zurapps.com\/all\/wp-content\/uploads\/2017\/01\/At-What-Age-Can-Kids-Use-iPads1-200x300.jpg\" alt='' title='at-what-age-can-kids-use-ipads'  height=\"300\" width=\"200\"  itemprop=\"thumbnailUrl\" srcset=\"https:\/\/zurapps.com\/all\/wp-content\/uploads\/2017\/01\/At-What-Age-Can-Kids-Use-iPads1-200x300.jpg 200w, https:\/\/zurapps.com\/all\/wp-content\/uploads\/2017\/01\/At-What-Age-Can-Kids-Use-iPads1.jpg 260w\" sizes=\"(max-width: 200px) 100vw, 200px\" \/><\/div><\/div><\/div><\/div>\n","protected":false},"excerpt":{"rendered":"","protected":false},"author":4,"featured_media":0,"parent":2179,"menu_order":0,"comment_status":"closed","ping_status":"closed","template":"","meta":{"_monsterinsights_skip_tracking":false,"_monsterinsights_sitenote_active":false,"_monsterinsights_sitenote_note":"","_monsterinsights_sitenote_category":0,"footnotes":""},"_links":{"self":[{"href":"https:\/\/zurapps.com\/all\/index.php?rest_route=\/wp\/v2\/pages\/9482"}],"collection":[{"href":"https:\/\/zurapps.com\/all\/index.php?rest_route=\/wp\/v2\/pages"}],"about":[{"href":"https:\/\/zurapps.com\/all\/index.php?rest_route=\/wp\/v2\/types\/page"}],"author":[{"embeddable":true,"href":"https:\/\/zurapps.com\/all\/index.php?rest_route=\/wp\/v2\/users\/4"}],"replies":[{"embeddable":true,"href":"https:\/\/zurapps.com\/all\/index.php?rest_route=%2Fwp%2Fv2%2Fcomments&post=9482"}],"version-history":[{"count":21,"href":"https:\/\/zurapps.com\/all\/index.php?rest_route=\/wp\/v2\/pages\/9482\/revisions"}],"predecessor-version":[{"id":10650,"href":"https:\/\/zurapps.com\/all\/index.php?rest_route=\/wp\/v2\/pages\/9482\/revisions\/10650"}],"up":[{"embeddable":true,"href":"https:\/\/zurapps.com\/all\/index.php?rest_route=\/wp\/v2\/pages\/2179"}],"wp:attachment":[{"href":"https:\/\/zurapps.com\/all\/index.php?rest_route=%2Fwp%2Fv2%2Fmedia&parent=9482"}],"curies":[{"name":"wp","href":"https:\/\/api.w.org\/{rel}","templated":true}]}}