{"id":9488,"date":"2017-01-06T16:57:22","date_gmt":"2017-01-06T21:57:22","guid":{"rendered":"http:\/\/zurapps.com\/all\/?page_id=9488"},"modified":"2021-05-18T15:04:56","modified_gmt":"2021-05-18T19:04:56","slug":"123s-abcs","status":"publish","type":"page","link":"https:\/\/zurapps.com\/all\/?page_id=9488","title":{"rendered":"123s &#038; ABCs"},"content":{"rendered":"<div id='layer_slider_1'  class='avia-layerslider main_color avia-shadow  avia-builder-el-0  el_before_av_two_fifth  avia-builder-el-first  container_wrap sidebar_right'  style='height: 251px;'  ><\/div><div id='after_layer_slider_1'  class='main_color av_default_container_wrap container_wrap sidebar_right'  ><div class='container av-section-cont-open' ><div class='template-page content  av-content-small alpha units'><div class='post-entry post-entry-type-page post-entry-9488'><div class='entry-content-wrapper clearfix'>\n<div  class='flex_column av-av_two_fifth-2a9015ff38129c418a3f2eafba3e9512 av_two_fifth  avia-builder-el-1  el_after_av_layerslider  el_before_av_three_fifth  avia-builder-el-first  first flex_column_div  '     ><style type=\"text\/css\" data-created_by=\"avia_inline_auto\" id=\"style-css-av-av_image-3d860d33b0b9561f80473daf3c72beb1\">\n.avia-image-container.av-av_image-3d860d33b0b9561f80473daf3c72beb1 img.avia_image{\nbox-shadow:none;\n}\n.avia-image-container.av-av_image-3d860d33b0b9561f80473daf3c72beb1 .av-image-caption-overlay-center{\ncolor:#ffffff;\n}\n<\/style>\n<div  class='avia-image-container av-av_image-3d860d33b0b9561f80473daf3c72beb1 av-styling- avia-align-center  avia-builder-el-2  avia-builder-el-no-sibling '   itemprop=\"image\" itemscope=\"itemscope\" itemtype=\"https:\/\/schema.org\/ImageObject\" ><div class=\"avia-image-container-inner\"><div class=\"avia-image-overlay-wrap\"><img decoding=\"async\" fetchpriority=\"high\" class='wp-image-10640 avia-img-lazy-loading-not-10640 avia_image ' src=\"https:\/\/zurapps.com\/all\/wp-content\/uploads\/2021\/05\/Untitled-design-8-2-300x300.png\" alt='123s &amp; ABCs' title='123s &amp; ABCs icon'  height=\"300\" width=\"300\"  itemprop=\"thumbnailUrl\" srcset=\"https:\/\/zurapps.com\/all\/wp-content\/uploads\/2021\/05\/Untitled-design-8-2-300x300.png 300w, https:\/\/zurapps.com\/all\/wp-content\/uploads\/2021\/05\/Untitled-design-8-2-80x80.png 80w, https:\/\/zurapps.com\/all\/wp-content\/uploads\/2021\/05\/Untitled-design-8-2-768x768.png 768w, https:\/\/zurapps.com\/all\/wp-content\/uploads\/2021\/05\/Untitled-design-8-2-1030x1030.png 1030w, https:\/\/zurapps.com\/all\/wp-content\/uploads\/2021\/05\/Untitled-design-8-2-36x36.png 36w, https:\/\/zurapps.com\/all\/wp-content\/uploads\/2021\/05\/Untitled-design-8-2-180x180.png 180w, https:\/\/zurapps.com\/all\/wp-content\/uploads\/2021\/05\/Untitled-design-8-2-1500x1500.png 1500w, https:\/\/zurapps.com\/all\/wp-content\/uploads\/2021\/05\/Untitled-design-8-2-705x705.png 705w, https:\/\/zurapps.com\/all\/wp-content\/uploads\/2021\/05\/Untitled-design-8-2-120x120.png 120w, https:\/\/zurapps.com\/all\/wp-content\/uploads\/2021\/05\/Untitled-design-8-2-450x450.png 450w, https:\/\/zurapps.com\/all\/wp-content\/uploads\/2021\/05\/Untitled-design-8-2.png 2048w\" sizes=\"(max-width: 300px) 100vw, 300px\" \/><\/div><\/div><\/div><\/div><div  class='flex_column av-av_three_fifth-52c89597409f646e66e7cc675a5d9b4a av_three_fifth  avia-builder-el-3  el_after_av_two_fifth  el_before_av_hr  flex_column_div  '     ><p>\n<style type=\"text\/css\" data-created_by=\"avia_inline_auto\" id=\"style-css-av-av_hr-bd84104f09c397338597807ab31c6aca\">\n#top .hr.hr-invisible.av-av_hr-bd84104f09c397338597807ab31c6aca{\nheight:15px;\n}\n<\/style>\n<div  class='hr av-av_hr-bd84104f09c397338597807ab31c6aca hr-invisible  avia-builder-el-4  el_before_av_textblock  avia-builder-el-first '><span class='hr-inner '><span class=\"hr-inner-style\"><\/span><\/span><\/div><br \/>\n<section  class='av_textblock_section av-av_textblock-0366cc7376be6c9e82a3e9cc8987b64f '   itemscope=\"itemscope\" itemtype=\"https:\/\/schema.org\/CreativeWork\" ><div class='avia_textblock'  itemprop=\"text\" ><p style=\"font-family: Arial, Helvetica, sans-serif; font-size: 16px; text-align: center;\"><span style=\"font-size: 22px;\">La aplicaci\u00f3n educativa <strong>123s &amp; ABCs<\/strong> es una manera divertida, f\u00e1cil e interactiva de introducir los n\u00fameros del 1 al 20 y las letras del alfabeto a los ni\u00f1os a una edad temprana.<\/span><\/p>\n<\/div><\/section><br \/>\n\n<style type=\"text\/css\" data-created_by=\"avia_inline_auto\" id=\"style-css-av-av_hr-ee2847e2e025ce3d30801259a03f9fd4\">\n#top .hr.hr-invisible.av-av_hr-ee2847e2e025ce3d30801259a03f9fd4{\nheight:10px;\n}\n<\/style>\n<div  class='hr av-av_hr-ee2847e2e025ce3d30801259a03f9fd4 hr-invisible  avia-builder-el-6  el_after_av_textblock  el_before_av_textblock '><span class='hr-inner '><span class=\"hr-inner-style\"><\/span><\/span><\/div><br \/>\n<section  class='av_textblock_section av-av_textblock-0366cc7376be6c9e82a3e9cc8987b64f '   itemscope=\"itemscope\" itemtype=\"https:\/\/schema.org\/CreativeWork\" ><div class='avia_textblock'  itemprop=\"text\" ><p style=\"font-family: Arial, Helvetica, sans-serif; font-size: 22px; text-align: center;\"><span style=\"font-size: 22px;\"><strong>123s &amp; ABCs<\/strong>\u00a0es una aplicaci\u00f3n educativa disponible en ingl\u00e9s, franc\u00e9s y espa\u00f1ol para ni\u00f1os de edad preescolar.<\/span><\/p>\n<\/div><\/section><\/p><\/div><\/p>\n\n<style type=\"text\/css\" data-created_by=\"avia_inline_auto\" id=\"style-css-av-av_hr-c9ba6ccf0e28539cef079a4b419f7f68\">\n#top .hr.hr-invisible.av-av_hr-c9ba6ccf0e28539cef079a4b419f7f68{\nheight:25px;\n}\n<\/style>\n<div  class='hr av-av_hr-c9ba6ccf0e28539cef079a4b419f7f68 hr-invisible  avia-builder-el-8  el_after_av_three_fifth  el_before_av_one_half '><span class='hr-inner '><span class=\"hr-inner-style\"><\/span><\/span><\/div>\n<div  class='flex_column av-av_one_half-2a9015ff38129c418a3f2eafba3e9512 av_one_half  avia-builder-el-9  el_after_av_hr  el_before_av_one_half  first flex_column_div  '     ><p><div  class='avia-button-wrap av-av_button-11f96b90f8b0877d7f53ff918d102918-wrap avia-button-center  avia-builder-el-10  el_before_av_image  avia-builder-el-first '><a href='https:\/\/itunes.apple.com\/us\/app\/123s-abcs\/id1132136428?ls=1&amp;mt=8'  class='avia-button av-av_button-11f96b90f8b0877d7f53ff918d102918 av-link-btn avia-icon_select-no avia-size-large avia-position-center avia-color-theme-color'  ><span class='avia_iconbox_title' >123s &amp; ABCs - iOS<\/span><\/a><\/div><br \/>\n\n<style type=\"text\/css\" data-created_by=\"avia_inline_auto\" id=\"style-css-av-av_image-d88aaabef9cf418d3356c0ddfbbc0cf1\">\n.avia-image-container.av-av_image-d88aaabef9cf418d3356c0ddfbbc0cf1 img.avia_image{\nbox-shadow:none;\n}\n.avia-image-container.av-av_image-d88aaabef9cf418d3356c0ddfbbc0cf1 .av-image-caption-overlay-center{\ncolor:#ffffff;\n}\n<\/style>\n<div  class='avia-image-container av-av_image-d88aaabef9cf418d3356c0ddfbbc0cf1 av-styling- av-img-linked avia-align-center  avia-builder-el-11  el_after_av_button  avia-builder-el-last '   itemprop=\"image\" itemscope=\"itemscope\" itemtype=\"https:\/\/schema.org\/ImageObject\" ><div class=\"avia-image-container-inner\"><div class=\"avia-image-overlay-wrap\"><a href=\"https:\/\/itunes.apple.com\/us\/app\/123s-abcs\/id1132136428?ls=1&amp;mt=8\" class='avia_image '  ><img decoding=\"async\" fetchpriority=\"high\" class='wp-image-5439 avia-img-lazy-loading-not-5439 avia_image ' src=\"https:\/\/zurapps.com\/all\/wp-content\/uploads\/2013\/06\/App_Store_Badge_SP.png\" alt='' title=''  height=\"60\" width=\"155\"  itemprop=\"thumbnailUrl\"  \/><\/a><\/div><\/div><\/div><\/p><\/div>\n<div  class='flex_column av-av_one_half-52c89597409f646e66e7cc675a5d9b4a av_one_half  avia-builder-el-12  el_after_av_one_half  el_before_av_one_full  flex_column_div  '     ><p><div  class='avia-button-wrap av-av_button-0a955a408297cb2140335e1402215542-wrap avia-button-center  avia-builder-el-13  el_before_av_image  avia-builder-el-first '><a href='https:\/\/itunes.apple.com\/us\/app\/123s-abcs\/id1203475504?ls=1&amp;mt=12'  class='avia-button av-av_button-0a955a408297cb2140335e1402215542 av-link-btn avia-icon_select-no avia-size-large avia-position-center avia-color-theme-color'  ><span class='avia_iconbox_title' >123s &amp; ABCs - macOS<\/span><\/a><\/div><br \/>\n\n<style type=\"text\/css\" data-created_by=\"avia_inline_auto\" id=\"style-css-av-av_image-899119ee67a68c15aafd0033b6fa9009\">\n.avia-image-container.av-av_image-899119ee67a68c15aafd0033b6fa9009 img.avia_image{\nbox-shadow:none;\n}\n.avia-image-container.av-av_image-899119ee67a68c15aafd0033b6fa9009 .av-image-caption-overlay-center{\ncolor:#ffffff;\n}\n<\/style>\n<div  class='avia-image-container av-av_image-899119ee67a68c15aafd0033b6fa9009 av-styling- av-img-linked avia-align-center  avia-builder-el-14  el_after_av_button  avia-builder-el-last '   itemprop=\"image\" itemscope=\"itemscope\" itemtype=\"https:\/\/schema.org\/ImageObject\" ><div class=\"avia-image-container-inner\"><div class=\"avia-image-overlay-wrap\"><a href=\"https:\/\/itunes.apple.com\/us\/app\/123s-abcs\/id1203475504?ls=1&amp;mt=12\" class='avia_image '  ><img decoding=\"async\" fetchpriority=\"high\" class='wp-image-5439 avia-img-lazy-loading-not-5439 avia_image ' src=\"https:\/\/zurapps.com\/all\/wp-content\/uploads\/2013\/06\/App_Store_Badge_SP.png\" alt='' title=''  height=\"60\" width=\"155\"  itemprop=\"thumbnailUrl\"  \/><\/a><\/div><\/div><\/div><\/p><\/div>\n<div  class='flex_column av-av_one_full-2a9015ff38129c418a3f2eafba3e9512 av_one_full  avia-builder-el-15  el_after_av_one_half  el_before_av_one_full  first flex_column_div  column-top-margin'     ><p>\n<style type=\"text\/css\" data-created_by=\"avia_inline_auto\" id=\"style-css-av-av_heading-068635c4d41ad3131934c65e160aeef8\">\n#top .av-special-heading.av-av_heading-068635c4d41ad3131934c65e160aeef8{\npadding-bottom:10px;\n}\nbody .av-special-heading.av-av_heading-068635c4d41ad3131934c65e160aeef8 .av-special-heading-tag .heading-char{\nfont-size:25px;\n}\n.av-special-heading.av-av_heading-068635c4d41ad3131934c65e160aeef8 .av-subheading{\nfont-size:15px;\n}\n<\/style>\n<div  class='av-special-heading av-av_heading-068635c4d41ad3131934c65e160aeef8 av-special-heading-h2  avia-builder-el-16  el_before_av_textblock  avia-builder-el-first '><h2 class='av-special-heading-tag'  itemprop=\"headline\"  > 123s <span class='special_amp'>&amp;<\/span> ABCs est\u00e1 disponible para iOS, macOS y tvOS.<\/h2><div class=\"special-heading-border\"><div class=\"special-heading-inner-border\"><\/div><\/div><\/div><br \/>\n<section  class='av_textblock_section av-av_textblock-0366cc7376be6c9e82a3e9cc8987b64f '   itemscope=\"itemscope\" itemtype=\"https:\/\/schema.org\/CreativeWork\" ><div class='avia_textblock'  itemprop=\"text\" ><p style=\"font-family: Arial, Helvetica, sans-serif; font-size: 16px; text-align: left;\">Desliza las p\u00e1ginas que muestran <strong>n\u00fameros o letras<\/strong> <strong>con las im\u00e1genes correspondientes<\/strong> y sigue a lo largo de la aplicaci\u00f3n lee a su hijo.<\/p>\n<p style=\"font-family: Arial, Helvetica, sans-serif; font-size: 16px; text-align: left;\"><strong>Divertirse con su hijo y haga<\/strong> coincidir n\u00fameros o letras con las im\u00e1genes correspondientes.<\/p>\n<p style=\"font-family: Arial, Helvetica, sans-serif; font-size: 16px; text-align: left;\">Los juegos en <strong>123s &amp; ABCs<\/strong> motivan y dan retroalimentaci\u00f3n <strong>positiva y negativa<\/strong> que agrega entusiasmo y mantiene el inter\u00e9s de su hijo. Estrellas lindas y divertidas aparecen en los modos de juego mostrando <strong>diferentes emociones<\/strong> en funci\u00f3n de la respuesta.<\/p>\n<p style=\"font-family: Arial, Helvetica, sans-serif; font-size: 16px; text-align: left;\"><strong>123s &amp; ABCs<\/strong> permite un aprendizaje selectivo. Los padres y educadores pueden <strong>seleccionar n\u00fameros<\/strong> y letras espec\u00edficos que se utilizar\u00e1n en la aplicaci\u00f3n.<\/p>\n<\/div><\/section><\/p><\/div>\n<div  class='flex_column av-av_one_full-2a9015ff38129c418a3f2eafba3e9512 av_one_full  avia-builder-el-18  el_after_av_one_full  el_before_av_three_fifth  first flex_column_div  column-top-margin'     ><style type=\"text\/css\" data-created_by=\"avia_inline_auto\" id=\"style-css-av-av_heading-d7cda15e83db42368f97bc16bbca83e9\">\n#top .av-special-heading.av-av_heading-d7cda15e83db42368f97bc16bbca83e9{\npadding-bottom:0;\n}\nbody .av-special-heading.av-av_heading-d7cda15e83db42368f97bc16bbca83e9 .av-special-heading-tag .heading-char{\nfont-size:25px;\n}\n.av-special-heading.av-av_heading-d7cda15e83db42368f97bc16bbca83e9 .av-subheading{\nfont-size:15px;\n}\n<\/style>\n<div  class='av-special-heading av-av_heading-d7cda15e83db42368f97bc16bbca83e9 av-special-heading-h2  avia-builder-el-19  avia-builder-el-no-sibling '><h2 class='av-special-heading-tag'  itemprop=\"headline\"  > 123s <span class='special_amp'>&amp;<\/span> ABCs ofrece cuatro modos de juego:<\/h2><div class=\"special-heading-border\"><div class=\"special-heading-inner-border\"><\/div><\/div><\/div><\/div>\n<div  class='flex_column av-av_three_fifth-2a9015ff38129c418a3f2eafba3e9512 av_three_fifth  avia-builder-el-20  el_after_av_one_full  el_before_av_two_fifth  first flex_column_div  column-top-margin'     ><section  class='av_textblock_section av-av_textblock-0366cc7376be6c9e82a3e9cc8987b64f '   itemscope=\"itemscope\" itemtype=\"https:\/\/schema.org\/CreativeWork\" ><div class='avia_textblock'  itemprop=\"text\" ><p style=\"font-family: Arial, Helvetica, sans-serif; text-align: center;\"><span style=\"font-size: 16px;\">El modo <strong>Match N\u00fameros<\/strong> le har\u00e1 coincidir el n\u00famero con la imagen que muestre el mismo n\u00famero de aves, cachorros o barcos.<\/span><\/p>\n<p style=\"font-family: Arial, Helvetica, sans-serif; text-align: center;\"><span style=\"font-size: 16px;\">El modo <strong>Match Letters<\/strong> le har\u00e1 coincidir la letra con la imagen del objeto que comienza con la letra especificada.<\/span><\/p>\n<\/div><\/section><\/div>\n<div  class='flex_column av-av_two_fifth-52c89597409f646e66e7cc675a5d9b4a av_two_fifth  avia-builder-el-22  el_after_av_three_fifth  el_before_av_hr  flex_column_div  column-top-margin'     ><style type=\"text\/css\" data-created_by=\"avia_inline_auto\" id=\"style-css-av-av_image-633cb24d74ecf3aaccba3ffbeee4fd7f\">\n.avia-image-container.av-av_image-633cb24d74ecf3aaccba3ffbeee4fd7f img.avia_image{\nbox-shadow:none;\n}\n.avia-image-container.av-av_image-633cb24d74ecf3aaccba3ffbeee4fd7f .av-image-caption-overlay-center{\ncolor:#ffffff;\n}\n<\/style>\n<div  class='avia-image-container av-av_image-633cb24d74ecf3aaccba3ffbeee4fd7f av-styling- avia-align-center  avia-builder-el-23  avia-builder-el-no-sibling '   itemprop=\"image\" itemscope=\"itemscope\" itemtype=\"https:\/\/schema.org\/ImageObject\" ><div class=\"avia-image-container-inner\"><div class=\"avia-image-overlay-wrap\"><img decoding=\"async\" fetchpriority=\"high\" class='wp-image-9536 avia-img-lazy-loading-not-9536 avia_image ' src=\"https:\/\/zurapps.com\/all\/wp-content\/uploads\/2017\/01\/iPhone123sABCs2phones1A1-300x225.png\" alt='' title='iPhone123sABCs2phones1A'  height=\"225\" width=\"300\"  itemprop=\"thumbnailUrl\" srcset=\"https:\/\/zurapps.com\/all\/wp-content\/uploads\/2017\/01\/iPhone123sABCs2phones1A1-300x225.png 300w, https:\/\/zurapps.com\/all\/wp-content\/uploads\/2017\/01\/iPhone123sABCs2phones1A1-450x338.png 450w, https:\/\/zurapps.com\/all\/wp-content\/uploads\/2017\/01\/iPhone123sABCs2phones1A1.png 600w\" sizes=\"(max-width: 300px) 100vw, 300px\" \/><\/div><\/div><\/div><\/div>\n\n<style type=\"text\/css\" data-created_by=\"avia_inline_auto\" id=\"style-css-av-av_hr-0688d0b0b6ed2f8b057db7a8270206df\">\n#top .hr.hr-invisible.av-av_hr-0688d0b0b6ed2f8b057db7a8270206df{\nheight:50px;\n}\n<\/style>\n<div  class='hr av-av_hr-0688d0b0b6ed2f8b057db7a8270206df hr-invisible  avia-builder-el-24  el_after_av_two_fifth  el_before_av_two_fifth '><span class='hr-inner '><span class=\"hr-inner-style\"><\/span><\/span><\/div>\n<div  class='flex_column av-av_two_fifth-2a9015ff38129c418a3f2eafba3e9512 av_two_fifth  avia-builder-el-25  el_after_av_hr  el_before_av_three_fifth  first flex_column_div  '     ><style type=\"text\/css\" data-created_by=\"avia_inline_auto\" id=\"style-css-av-av_image-55c26a7c9f87ad83ef6d7b44259e3bc7\">\n.avia-image-container.av-av_image-55c26a7c9f87ad83ef6d7b44259e3bc7 img.avia_image{\nbox-shadow:none;\n}\n.avia-image-container.av-av_image-55c26a7c9f87ad83ef6d7b44259e3bc7 .av-image-caption-overlay-center{\ncolor:#ffffff;\n}\n<\/style>\n<div  class='avia-image-container av-av_image-55c26a7c9f87ad83ef6d7b44259e3bc7 av-styling- avia-align-center  avia-builder-el-26  avia-builder-el-no-sibling '   itemprop=\"image\" itemscope=\"itemscope\" itemtype=\"https:\/\/schema.org\/ImageObject\" ><div class=\"avia-image-container-inner\"><div class=\"avia-image-overlay-wrap\"><img decoding=\"async\" fetchpriority=\"high\" class='wp-image-9537 avia-img-lazy-loading-not-9537 avia_image ' src=\"https:\/\/zurapps.com\/all\/wp-content\/uploads\/2017\/01\/iPad123sABCsMenu1-231x300.png\" alt='' title='iPad123sABCsMenu'  height=\"300\" width=\"231\"  itemprop=\"thumbnailUrl\" srcset=\"https:\/\/zurapps.com\/all\/wp-content\/uploads\/2017\/01\/iPad123sABCsMenu1-231x300.png 231w, https:\/\/zurapps.com\/all\/wp-content\/uploads\/2017\/01\/iPad123sABCsMenu1.png 439w\" sizes=\"(max-width: 231px) 100vw, 231px\" \/><\/div><\/div><\/div><\/div>\n<div  class='flex_column av-av_three_fifth-52c89597409f646e66e7cc675a5d9b4a av_three_fifth  avia-builder-el-27  el_after_av_two_fifth  el_before_av_hr  flex_column_div  '     ><p>\n<style type=\"text\/css\" data-created_by=\"avia_inline_auto\" id=\"style-css-av-av_hr-0688d0b0b6ed2f8b057db7a8270206df\">\n#top .hr.hr-invisible.av-av_hr-0688d0b0b6ed2f8b057db7a8270206df{\nheight:50px;\n}\n<\/style>\n<div  class='hr av-av_hr-0688d0b0b6ed2f8b057db7a8270206df hr-invisible  avia-builder-el-28  el_before_av_textblock  avia-builder-el-first '><span class='hr-inner '><span class=\"hr-inner-style\"><\/span><\/span><\/div><br \/>\n<section  class='av_textblock_section av-av_textblock-0366cc7376be6c9e82a3e9cc8987b64f '   itemscope=\"itemscope\" itemtype=\"https:\/\/schema.org\/CreativeWork\" ><div class='avia_textblock'  itemprop=\"text\" ><p style=\"font-family: Arial, Helvetica, sans-serif; text-align: center;\"><span style=\"font-size: 16px;\">El modo <strong>Match N\u00fameros<\/strong> le har\u00e1 coincidir el n\u00famero con la imagen que muestre el mismo n\u00famero de aves, cachorros o barcos.<\/span><\/p>\n<p style=\"font-family: Arial, Helvetica, sans-serif; text-align: center;\"><span style=\"font-size: 16px;\">El modo <strong>Match Letters<\/strong> le har\u00e1 coincidir la letra con la imagen del objeto que comienza con la letra especificada.<\/span><\/p>\n<\/div><\/section><\/p><\/div>\n\n<style type=\"text\/css\" data-created_by=\"avia_inline_auto\" id=\"style-css-av-av_hr-0688d0b0b6ed2f8b057db7a8270206df\">\n#top .hr.hr-invisible.av-av_hr-0688d0b0b6ed2f8b057db7a8270206df{\nheight:50px;\n}\n<\/style>\n<div  class='hr av-av_hr-0688d0b0b6ed2f8b057db7a8270206df hr-invisible  avia-builder-el-30  el_after_av_three_fifth  el_before_av_one_half '><span class='hr-inner '><span class=\"hr-inner-style\"><\/span><\/span><\/div>\n<div  class='flex_column av-av_one_half-2a9015ff38129c418a3f2eafba3e9512 av_one_half  avia-builder-el-31  el_after_av_hr  el_before_av_one_half  first flex_column_div  '     ><section  class='av_textblock_section av-av_textblock-0366cc7376be6c9e82a3e9cc8987b64f '   itemscope=\"itemscope\" itemtype=\"https:\/\/schema.org\/CreativeWork\" ><div class='avia_textblock'  itemprop=\"text\" ><p style=\"font-family: Arial, Helvetica, sans-serif; text-align: center;\"><span style=\"font-size: 22px;\"><strong>123s &amp; ABCs<\/strong> es genial para ni\u00f1os peque\u00f1os!<\/span><\/p>\n<p style=\"font-family: Arial, Helvetica, sans-serif; text-align: center;\"><span style=\"font-size: 22px;\">Utilice <strong>123s &amp; ABCs<\/strong>\u00a0para ayudar a ense\u00f1ar a sus ni\u00f1os en edad preescolar asociando n\u00fameros y letras diferentes con las im\u00e1genes correspondientes.<\/span><\/p>\n<\/div><\/section><br \/>\n<section  class='av_textblock_section av-av_textblock-0366cc7376be6c9e82a3e9cc8987b64f '   itemscope=\"itemscope\" itemtype=\"https:\/\/schema.org\/CreativeWork\" ><div class='avia_textblock'  itemprop=\"text\" ><p style=\"font-family: Arial, Helvetica, sans-serif; font-size: 22px; text-align: center;\">\u00bfSus preguntas todav\u00eda necesitan contestar?<\/p>\n<p style=\"font-family: Arial, Helvetica, sans-serif; font-size: 22px; text-align: center;\">\u00a1Visite nuestra <a title=\"Help Page\" href=\"https:\/\/zurapps.com\/all\/index.php\/preguntas\/ayudar\/\">p\u00e1gina de ayuda<\/a>!<\/p>\n<\/div><\/section><\/p><\/div>\n<div  class='flex_column av-av_one_half-52c89597409f646e66e7cc675a5d9b4a av_one_half  avia-builder-el-34  el_after_av_one_half  avia-builder-el-last  flex_column_div  '     ><style type=\"text\/css\" data-created_by=\"avia_inline_auto\" id=\"style-css-av-av_image-467d09f99ae83e8182f1f4d4b7d39e0a\">\n.avia-image-container.av-av_image-467d09f99ae83e8182f1f4d4b7d39e0a img.avia_image{\nbox-shadow:none;\n}\n.avia-image-container.av-av_image-467d09f99ae83e8182f1f4d4b7d39e0a .av-image-caption-overlay-center{\ncolor:#ffffff;\n}\n<\/style>\n<div  class='avia-image-container av-av_image-467d09f99ae83e8182f1f4d4b7d39e0a av-styling- avia-align-center  avia-builder-el-35  avia-builder-el-no-sibling '   itemprop=\"image\" itemscope=\"itemscope\" itemtype=\"https:\/\/schema.org\/ImageObject\" ><div class=\"avia-image-container-inner\"><div class=\"avia-image-overlay-wrap\"><img decoding=\"async\" fetchpriority=\"high\" class='wp-image-9510 avia-img-lazy-loading-not-9510 avia_image ' src=\"https:\/\/zurapps.com\/all\/wp-content\/uploads\/2017\/01\/At-What-Age-Can-Kids-Use-iPads-200x300.jpg\" alt='' title='at-what-age-can-kids-use-ipads'  height=\"300\" width=\"200\"  itemprop=\"thumbnailUrl\" srcset=\"https:\/\/zurapps.com\/all\/wp-content\/uploads\/2017\/01\/At-What-Age-Can-Kids-Use-iPads-200x300.jpg 200w, https:\/\/zurapps.com\/all\/wp-content\/uploads\/2017\/01\/At-What-Age-Can-Kids-Use-iPads.jpg 260w\" sizes=\"(max-width: 200px) 100vw, 200px\" \/><\/div><\/div><\/div><\/div>\n","protected":false},"excerpt":{"rendered":"","protected":false},"author":4,"featured_media":0,"parent":2182,"menu_order":0,"comment_status":"closed","ping_status":"closed","template":"","meta":{"_monsterinsights_skip_tracking":false,"_monsterinsights_sitenote_active":false,"_monsterinsights_sitenote_note":"","_monsterinsights_sitenote_category":0,"footnotes":""},"_links":{"self":[{"href":"https:\/\/zurapps.com\/all\/index.php?rest_route=\/wp\/v2\/pages\/9488"}],"collection":[{"href":"https:\/\/zurapps.com\/all\/index.php?rest_route=\/wp\/v2\/pages"}],"about":[{"href":"https:\/\/zurapps.com\/all\/index.php?rest_route=\/wp\/v2\/types\/page"}],"author":[{"embeddable":true,"href":"https:\/\/zurapps.com\/all\/index.php?rest_route=\/wp\/v2\/users\/4"}],"replies":[{"embeddable":true,"href":"https:\/\/zurapps.com\/all\/index.php?rest_route=%2Fwp%2Fv2%2Fcomments&post=9488"}],"version-history":[{"count":20,"href":"https:\/\/zurapps.com\/all\/index.php?rest_route=\/wp\/v2\/pages\/9488\/revisions"}],"predecessor-version":[{"id":10645,"href":"https:\/\/zurapps.com\/all\/index.php?rest_route=\/wp\/v2\/pages\/9488\/revisions\/10645"}],"up":[{"embeddable":true,"href":"https:\/\/zurapps.com\/all\/index.php?rest_route=\/wp\/v2\/pages\/2182"}],"wp:attachment":[{"href":"https:\/\/zurapps.com\/all\/index.php?rest_route=%2Fwp%2Fv2%2Fmedia&parent=9488"}],"curies":[{"name":"wp","href":"https:\/\/api.w.org\/{rel}","templated":true}]}}